{"id":305,"date":"2018-05-24T12:09:42","date_gmt":"2018-05-24T12:09:42","guid":{"rendered":"http:\/\/sites.ipleiria.pt\/maiocriativo\/?page_id=305"},"modified":"2018-05-28T11:54:04","modified_gmt":"2018-05-28T11:54:04","slug":"23-maio","status":"publish","type":"page","link":"https:\/\/sites.ipleiria.pt\/maiocriativo\/23-maio\/","title":{"rendered":"23 maio"},"content":{"rendered":"<p><em><strong>Al\u00e9m do f\u00edsico: reflex\u00e3o sobre as barreiras \u00e0 participa\u00e7\u00e3o cultural<\/strong><\/em><\/p>\n<p>Convidada: Maria Vlachou &#8211; Associa\u00e7\u00e3o Acesso Cultura<\/p>\n<p><img loading=\"lazy\" decoding=\"async\" class=\"aligncenter size-full wp-image-306\" src=\"http:\/\/sites.ipleiria.pt\/maiocriativo\/files\/2018\/05\/wew.jpg\" alt=\"\" width=\"1971\" height=\"1512\" srcset=\"https:\/\/sites.ipleiria.pt\/maiocriativo\/files\/2018\/05\/wew.jpg 1971w, https:\/\/sites.ipleiria.pt\/maiocriativo\/files\/2018\/05\/wew-300x230.jpg 300w, https:\/\/sites.ipleiria.pt\/maiocriativo\/files\/2018\/05\/wew-768x589.jpg 768w, https:\/\/sites.ipleiria.pt\/maiocriativo\/files\/2018\/05\/wew-1024x786.jpg 1024w\" sizes=\"auto, (max-width: 1971px) 100vw, 1971px\" \/><span style=\"color: #191919;font-family: Calibri;font-size: small\">\u00a9 Catarina Varanda &#8211; Centro de Recursos Multim\u00e9dia<\/span><\/p>\n","protected":false},"excerpt":{"rendered":"<p>Al\u00e9m do f\u00edsico: reflex\u00e3o sobre as barreiras \u00e0 participa\u00e7\u00e3o cultural Convidada: Maria Vlachou &#8211; Associa\u00e7\u00e3o Acesso Cultura \u00a9 Catarina Varanda &#8211; Centro de Recursos Multim\u00e9dia<\/p>\n","protected":false},"author":2694,"featured_media":0,"parent":0,"menu_order":0,"comment_status":"closed","ping_status":"closed","template":"full-width-page.php","meta":{"footnotes":""},"class_list":["post-305","page","type-page","status-publish","hentry"],"_links":{"self":[{"href":"https:\/\/sites.ipleiria.pt\/maiocriativo\/wp-json\/wp\/v2\/pages\/305","targetHints":{"allow":["GET"]}}],"collection":[{"href":"https:\/\/sites.ipleiria.pt\/maiocriativo\/wp-json\/wp\/v2\/pages"}],"about":[{"href":"https:\/\/sites.ipleiria.pt\/maiocriativo\/wp-json\/wp\/v2\/types\/page"}],"author":[{"embeddable":true,"href":"https:\/\/sites.ipleiria.pt\/maiocriativo\/wp-json\/wp\/v2\/users\/2694"}],"replies":[{"embeddable":true,"href":"https:\/\/sites.ipleiria.pt\/maiocriativo\/wp-json\/wp\/v2\/comments?post=305"}],"version-history":[{"count":2,"href":"https:\/\/sites.ipleiria.pt\/maiocriativo\/wp-json\/wp\/v2\/pages\/305\/revisions"}],"predecessor-version":[{"id":363,"href":"https:\/\/sites.ipleiria.pt\/maiocriativo\/wp-json\/wp\/v2\/pages\/305\/revisions\/363"}],"wp:attachment":[{"href":"https:\/\/sites.ipleiria.pt\/maiocriativo\/wp-json\/wp\/v2\/media?parent=305"}],"curies":[{"name":"wp","href":"https:\/\/api.w.org\/{rel}","templated":true}]}}