{"id":328,"date":"2018-05-25T14:14:16","date_gmt":"2018-05-25T14:14:16","guid":{"rendered":"http:\/\/sites.ipleiria.pt\/maiocriativo\/?page_id=328"},"modified":"2018-05-25T14:14:16","modified_gmt":"2018-05-25T14:14:16","slug":"11-maio","status":"publish","type":"page","link":"https:\/\/sites.ipleiria.pt\/maiocriativo\/11-maio\/","title":{"rendered":"11 maio"},"content":{"rendered":"<p><em><strong>Conquist&#8217;Arte<\/strong><\/em><\/p>\n<p>Dinamiza\u00e7\u00e3o dos estudantes do 2\u00ba ano de Educa\u00e7\u00e3o B\u00e1sica<\/p>\n<p>Participa\u00e7\u00e3o das crian\u00e7as do 1\u00ba CEB\u00a0&#8211; EB1 de Vale Sumo e EB1 de Casal de Malta<\/p>\n<p><img loading=\"lazy\" decoding=\"async\" class=\"alignleft size-full wp-image-246\" src=\"http:\/\/sites.ipleiria.pt\/maiocriativo\/files\/2018\/05\/2.jpg\" alt=\"\" width=\"608\" height=\"803\" srcset=\"https:\/\/sites.ipleiria.pt\/maiocriativo\/files\/2018\/05\/2.jpg 608w, https:\/\/sites.ipleiria.pt\/maiocriativo\/files\/2018\/05\/2-227x300.jpg 227w\" sizes=\"auto, (max-width: 608px) 100vw, 608px\" \/> <img loading=\"lazy\" decoding=\"async\" class=\"alignleft size-full wp-image-245\" src=\"http:\/\/sites.ipleiria.pt\/maiocriativo\/files\/2018\/05\/1.jpg\" alt=\"\" width=\"626\" height=\"595\" srcset=\"https:\/\/sites.ipleiria.pt\/maiocriativo\/files\/2018\/05\/1.jpg 626w, https:\/\/sites.ipleiria.pt\/maiocriativo\/files\/2018\/05\/1-300x285.jpg 300w\" sizes=\"auto, (max-width: 626px) 100vw, 626px\" \/><img loading=\"lazy\" decoding=\"async\" class=\"alignleft size-large wp-image-321\" src=\"http:\/\/sites.ipleiria.pt\/maiocriativo\/files\/2018\/05\/FullSizeRender7244-1024x798.jpg\" alt=\"\" width=\"650\" height=\"507\" srcset=\"https:\/\/sites.ipleiria.pt\/maiocriativo\/files\/2018\/05\/FullSizeRender7244-1024x798.jpg 1024w, https:\/\/sites.ipleiria.pt\/maiocriativo\/files\/2018\/05\/FullSizeRender7244-300x234.jpg 300w, https:\/\/sites.ipleiria.pt\/maiocriativo\/files\/2018\/05\/FullSizeRender7244-768x599.jpg 768w\" sizes=\"auto, (max-width: 650px) 100vw, 650px\" \/><\/p>\n","protected":false},"excerpt":{"rendered":"<p>Conquist&#8217;Arte Dinamiza\u00e7\u00e3o dos estudantes do 2\u00ba ano de Educa\u00e7\u00e3o B\u00e1sica Participa\u00e7\u00e3o das crian\u00e7as do 1\u00ba CEB\u00a0&#8211; EB1 de Vale Sumo e EB1 de Casal de Malta<\/p>\n","protected":false},"author":2694,"featured_media":0,"parent":0,"menu_order":0,"comment_status":"closed","ping_status":"closed","template":"full-width-page.php","meta":{"footnotes":""},"class_list":["post-328","page","type-page","status-publish","hentry"],"_links":{"self":[{"href":"https:\/\/sites.ipleiria.pt\/maiocriativo\/wp-json\/wp\/v2\/pages\/328","targetHints":{"allow":["GET"]}}],"collection":[{"href":"https:\/\/sites.ipleiria.pt\/maiocriativo\/wp-json\/wp\/v2\/pages"}],"about":[{"href":"https:\/\/sites.ipleiria.pt\/maiocriativo\/wp-json\/wp\/v2\/types\/page"}],"author":[{"embeddable":true,"href":"https:\/\/sites.ipleiria.pt\/maiocriativo\/wp-json\/wp\/v2\/users\/2694"}],"replies":[{"embeddable":true,"href":"https:\/\/sites.ipleiria.pt\/maiocriativo\/wp-json\/wp\/v2\/comments?post=328"}],"version-history":[{"count":1,"href":"https:\/\/sites.ipleiria.pt\/maiocriativo\/wp-json\/wp\/v2\/pages\/328\/revisions"}],"predecessor-version":[{"id":330,"href":"https:\/\/sites.ipleiria.pt\/maiocriativo\/wp-json\/wp\/v2\/pages\/328\/revisions\/330"}],"wp:attachment":[{"href":"https:\/\/sites.ipleiria.pt\/maiocriativo\/wp-json\/wp\/v2\/media?parent=328"}],"curies":[{"name":"wp","href":"https:\/\/api.w.org\/{rel}","templated":true}]}}