{"id":34,"date":"2018-04-19T17:15:07","date_gmt":"2018-04-19T17:15:07","guid":{"rendered":"http:\/\/sites.ipleiria.pt\/maiocriativo\/?page_id=34"},"modified":"2018-05-11T14:35:52","modified_gmt":"2018-05-11T14:35:52","slug":"performances","status":"publish","type":"page","link":"https:\/\/sites.ipleiria.pt\/maiocriativo\/performances\/","title":{"rendered":"Performances"},"content":{"rendered":"<table border=\"1\">\n<tbody>\n<tr>\n<td style=\"text-align: center\"><strong>dia<\/strong><\/td>\n<td style=\"text-align: center\"><strong>hora<\/strong><\/td>\n<td style=\"text-align: center\"><strong>atividades<\/strong><\/td>\n<\/tr>\n<tr>\n<td style=\"text-align: center\">15<br \/>\n(3\u00aafeira)<\/td>\n<td style=\"text-align: center\">18:30<\/td>\n<td><strong>Quem disse que eu n\u00e3o posso sambar?<\/strong><br \/>\n<strong>Dinamiza\u00e7\u00e3o:<\/strong>\u00a0Marina Takuya e Enne Marx (Estudantes de Mestrado de Interven\u00e7\u00e3o e Anima\u00e7\u00e3o Art\u00edsticas)<br \/>\n<em><br \/>\n<\/em><strong style=\"font-family: inherit;font-size: inherit\">Sala: <\/strong><em>em atualiza\u00e7\u00e3o<\/em>\u00a0<span style=\"font-family: inherit;font-size: inherit\"><br \/>\n<\/span><span style=\"font-family: inherit;font-size: inherit\"><em>Entrada livre<\/em><\/span><\/td>\n<\/tr>\n<tr>\n<td style=\"text-align: center\">18<br \/>\n(6\u00aafeira)<\/td>\n<td style=\"text-align: center\">21:30<\/td>\n<td><strong>Hist\u00f3rias ao luar<\/strong><br \/>\n<strong>Dinamiza\u00e7\u00e3o:<\/strong>\u00a0Associa\u00e7\u00e3o Casa da \u00c1rvore<br \/>\n<em><br \/>\n<\/em><strong style=\"font-family: inherit;font-size: inherit\">Sala: <\/strong>Jardim de entrada<br \/>\n<span style=\"font-family: inherit;font-size: inherit\"><strong>P\u00fablico:<\/strong> Pais e crian\u00e7as<br \/>\n<\/span><span style=\"font-family: inherit;font-size: inherit\"><em>Entrada livre<\/em><\/span><\/td>\n<\/tr>\n<tr>\n<td>\n<p style=\"text-align: center\">28<br \/>\n(2\u00aafeira)<\/p>\n<\/td>\n<td style=\"text-align: center\">15:00 &#8211; 15:30<\/p>\n<p>&nbsp;<\/p>\n<p>&nbsp;<\/p>\n<p>19:00<\/p>\n<p>&nbsp;<\/p>\n<p>&nbsp;<\/td>\n<td><strong>M\u00fasica: Ritmo Criativo<\/strong><br \/>\n<strong>Dinamiza\u00e7\u00e3o:<\/strong> Estudantes de Interven\u00e7\u00e3o Sociocultural e Desportiva<br \/>\n<strong style=\"font-family: inherit;font-size: inherit\">Sala: <\/strong><span style=\"font-family: inherit;font-size: inherit\">Audit\u00f3rio 1 \/ \u00c1trio<\/span><br \/>\n<em><span style=\"font-family: inherit;font-size: inherit\">Entrada livre<br \/>\n<\/span><\/em><em><span style=\"font-family: inherit;font-size: inherit\"><br \/>\n<\/span><\/em><strong><span style=\"font-family: inherit;font-size: inherit\">Dan\u00e7a: S\u00f3 Mulher<\/span><\/strong><em><em><span style=\"font-family: inherit;font-size: inherit\"><br \/>\n<strong>Dinamiza\u00e7\u00e3o:<\/strong> Mestrandas de Interven\u00e7\u00e3o e Anima\u00e7\u00e3o Art\u00edsticas<br \/>\n<\/span><\/em><\/em><strong style=\"font-family: inherit;font-size: inherit\">Sala: <\/strong>Audit\u00f3rio 1 \/ \u00c1trio<br \/>\nEntrada livre<\/td>\n<\/tr>\n<\/tbody>\n<\/table>\n","protected":false},"excerpt":{"rendered":"<p>dia hora atividades 15 (3\u00aafeira) 18:30 Quem disse que eu n\u00e3o posso sambar? Dinamiza\u00e7\u00e3o:\u00a0Marina Takuya e Enne Marx (Estudantes de Mestrado de Interven\u00e7\u00e3o e Anima\u00e7\u00e3o Art\u00edsticas) Sala: em atualiza\u00e7\u00e3o\u00a0 Entrada livre 18 (6\u00aafeira) 21:30 Hist\u00f3rias ao luar Dinamiza\u00e7\u00e3o:\u00a0Associa\u00e7\u00e3o Casa da&hellip;  <\/p>\n<p class=\"more-link\"><a href=\"https:\/\/sites.ipleiria.pt\/maiocriativo\/performances\/\">Continue reading <span class=\"meta-nav\">&rarr;<\/span><\/a><\/p>\n","protected":false},"author":102,"featured_media":0,"parent":0,"menu_order":2,"comment_status":"closed","ping_status":"closed","template":"full-width-page.php","meta":{"footnotes":""},"class_list":["post-34","page","type-page","status-publish","hentry"],"_links":{"self":[{"href":"https:\/\/sites.ipleiria.pt\/maiocriativo\/wp-json\/wp\/v2\/pages\/34","targetHints":{"allow":["GET"]}}],"collection":[{"href":"https:\/\/sites.ipleiria.pt\/maiocriativo\/wp-json\/wp\/v2\/pages"}],"about":[{"href":"https:\/\/sites.ipleiria.pt\/maiocriativo\/wp-json\/wp\/v2\/types\/page"}],"author":[{"embeddable":true,"href":"https:\/\/sites.ipleiria.pt\/maiocriativo\/wp-json\/wp\/v2\/users\/102"}],"replies":[{"embeddable":true,"href":"https:\/\/sites.ipleiria.pt\/maiocriativo\/wp-json\/wp\/v2\/comments?post=34"}],"version-history":[{"count":19,"href":"https:\/\/sites.ipleiria.pt\/maiocriativo\/wp-json\/wp\/v2\/pages\/34\/revisions"}],"predecessor-version":[{"id":190,"href":"https:\/\/sites.ipleiria.pt\/maiocriativo\/wp-json\/wp\/v2\/pages\/34\/revisions\/190"}],"wp:attachment":[{"href":"https:\/\/sites.ipleiria.pt\/maiocriativo\/wp-json\/wp\/v2\/media?parent=34"}],"curies":[{"name":"wp","href":"https:\/\/api.w.org\/{rel}","templated":true}]}}