{"id":342,"date":"2018-05-25T14:45:52","date_gmt":"2018-05-25T14:45:52","guid":{"rendered":"http:\/\/sites.ipleiria.pt\/maiocriativo\/?page_id=342"},"modified":"2018-05-28T11:55:31","modified_gmt":"2018-05-28T11:55:31","slug":"25-maio","status":"publish","type":"page","link":"https:\/\/sites.ipleiria.pt\/maiocriativo\/25-maio\/","title":{"rendered":"25 maio"},"content":{"rendered":"<p><strong>Cri(a\u00e7\u00e3o) um salto para o mundo<\/strong><br \/>\nDinamizado pelos Estudantes do TeSP Interven\u00e7\u00e3o em Espa\u00e7os Educativos<\/p>\n<p>Participantes: Pr\u00e9-Escolar<\/p>\n<p><img loading=\"lazy\" decoding=\"async\" class=\"alignleft size-full wp-image-346\" src=\"http:\/\/sites.ipleiria.pt\/maiocriativo\/files\/2018\/05\/1-4.jpg\" alt=\"\" width=\"5940\" height=\"4200\" srcset=\"https:\/\/sites.ipleiria.pt\/maiocriativo\/files\/2018\/05\/1-4.jpg 5940w, https:\/\/sites.ipleiria.pt\/maiocriativo\/files\/2018\/05\/1-4-300x212.jpg 300w, https:\/\/sites.ipleiria.pt\/maiocriativo\/files\/2018\/05\/1-4-768x543.jpg 768w, https:\/\/sites.ipleiria.pt\/maiocriativo\/files\/2018\/05\/1-4-1024x724.jpg 1024w\" sizes=\"auto, (max-width: 5940px) 100vw, 5940px\" \/><\/p>\n<p><span style=\"color: #191919;font-family: Calibri;font-size: small\">\u00a9 Catarina Varanda &#8211; Centro de Recursos Multim\u00e9dia<\/span><\/p>\n","protected":false},"excerpt":{"rendered":"<p>Cri(a\u00e7\u00e3o) um salto para o mundo Dinamizado pelos Estudantes do TeSP Interven\u00e7\u00e3o em Espa\u00e7os Educativos Participantes: Pr\u00e9-Escolar \u00a9 Catarina Varanda &#8211; Centro de Recursos Multim\u00e9dia<\/p>\n","protected":false},"author":2694,"featured_media":0,"parent":0,"menu_order":0,"comment_status":"closed","ping_status":"closed","template":"full-width-page.php","meta":{"footnotes":""},"class_list":["post-342","page","type-page","status-publish","hentry"],"_links":{"self":[{"href":"https:\/\/sites.ipleiria.pt\/maiocriativo\/wp-json\/wp\/v2\/pages\/342","targetHints":{"allow":["GET"]}}],"collection":[{"href":"https:\/\/sites.ipleiria.pt\/maiocriativo\/wp-json\/wp\/v2\/pages"}],"about":[{"href":"https:\/\/sites.ipleiria.pt\/maiocriativo\/wp-json\/wp\/v2\/types\/page"}],"author":[{"embeddable":true,"href":"https:\/\/sites.ipleiria.pt\/maiocriativo\/wp-json\/wp\/v2\/users\/2694"}],"replies":[{"embeddable":true,"href":"https:\/\/sites.ipleiria.pt\/maiocriativo\/wp-json\/wp\/v2\/comments?post=342"}],"version-history":[{"count":6,"href":"https:\/\/sites.ipleiria.pt\/maiocriativo\/wp-json\/wp\/v2\/pages\/342\/revisions"}],"predecessor-version":[{"id":365,"href":"https:\/\/sites.ipleiria.pt\/maiocriativo\/wp-json\/wp\/v2\/pages\/342\/revisions\/365"}],"wp:attachment":[{"href":"https:\/\/sites.ipleiria.pt\/maiocriativo\/wp-json\/wp\/v2\/media?parent=342"}],"curies":[{"name":"wp","href":"https:\/\/api.w.org\/{rel}","templated":true}]}}