{"id":36,"date":"2018-04-19T17:15:21","date_gmt":"2018-04-19T17:15:21","guid":{"rendered":"http:\/\/sites.ipleiria.pt\/maiocriativo\/?page_id=36"},"modified":"2018-05-11T22:32:29","modified_gmt":"2018-05-11T22:32:29","slug":"workshops","status":"publish","type":"page","link":"https:\/\/sites.ipleiria.pt\/maiocriativo\/workshops\/","title":{"rendered":"Ateliers"},"content":{"rendered":"<p>&nbsp;<\/p>\n<table border=\"1\">\n<tbody>\n<tr>\n<td style=\"text-align: center;\"><strong>dia<\/strong><\/td>\n<td style=\"text-align: center;\"><strong>hora<\/strong><\/td>\n<td style=\"text-align: center;\"><strong>atividades<\/strong><\/td>\n<\/tr>\n<tr>\n<td>\n<p style=\"text-align: center;\">02<br \/>\n(4\u00aafeira)<\/p>\n<\/td>\n<td style=\"text-align: center;\">09:00 &#8211; 11:00<\/td>\n<td><strong>O que h\u00e1 por detr\u00e1s do nariz?<\/strong><br \/>\n<strong>Dinamiza\u00e7\u00e3o:<\/strong> Enne Beserra<br \/>\n<em><em><em><em>Estudante do Mestrado de Interven\u00e7\u00e3o e Anima\u00e7\u00e3o Art\u00edsticas<br \/>\n<\/em><\/em><\/em><\/em><strong style=\"font-family: inherit; font-size: inherit;\">Local: <\/strong>sala 0.19<br \/>\n<strong>Inscri\u00e7\u00f5es:<\/strong>\u00a0<em>em atualiza\u00e7\u00e3o<\/em>\u00a0<em>(at\u00e9 25 inscritos)<\/em><\/td>\n<\/tr>\n<tr>\n<td style=\"text-align: center;\">02<br \/>\n(4\u00aafeira)<\/td>\n<td style=\"text-align: center;\">14:00 &#8211; 16:00<\/td>\n<td><strong>O que h\u00e1 por detr\u00e1s do nariz?<\/strong><br \/>\n<strong>Dinamiza\u00e7\u00e3o:<\/strong> Enne Beserra<br \/>\n<em><em><em><em>Estudante do Mestrado de Interven\u00e7\u00e3o e Anima\u00e7\u00e3o Art\u00edsticas<br \/>\n<\/em><\/em><\/em><\/em><strong style=\"font-family: inherit; font-size: inherit;\">Local: <\/strong>sala 0.33<span style=\"font-family: inherit; font-size: inherit;\"><br \/>\n<\/span><strong>Inscri\u00e7\u00f5es:<\/strong>\u00a0<em>em atualiza\u00e7\u00e3o<\/em>\u00a0<em>(at\u00e9 25 inscritos)<\/em><\/td>\n<\/tr>\n<tr>\n<td style=\"text-align: center;\">09<br \/>\n(4\u00aafeira)<\/td>\n<td style=\"text-align: center;\">09:00 &#8211; 11:00<\/p>\n<p>&nbsp;<\/td>\n<td><strong>Light Painting<\/strong><br \/>\n<strong>Convidado:<\/strong> Toni Palmeira<br \/>\n<em><em><em><em>Instituto Portugu\u00eas do Desporto e da Juventude<br \/>\n<\/em><\/em><\/em><\/em><strong style=\"font-family: inherit; font-size: inherit;\">Local: <\/strong>Audit\u00f3rio 1<span style=\"font-family: inherit; font-size: inherit;\"><br \/>\n<\/span><strong>Inscri\u00e7\u00f5es:<\/strong>\u00a0<a href=\"https:\/\/docs.google.com\/forms\/d\/e\/1FAIpQLSel_6ApC3mrhTy1xZfcGGkXevkrcr3MbWGwYlAwjKPYh_dJqg\/viewform?usp=sf_link\" target=\"_blank\" rel=\"noopener\">aqui<\/a> <em>(at\u00e9 25 inscritos)<\/em><\/td>\n<\/tr>\n<tr>\n<td style=\"text-align: center;\">09<br \/>\n(4\u00aafeira)<\/td>\n<td style=\"text-align: center;\">14:00 &#8211; 16:00<\/p>\n<p>&nbsp;<\/td>\n<td><strong>Light Painting<\/strong><br \/>\n<strong>Convidado:<\/strong> Toni Palmeira<br \/>\n<em><em><em><em>Instituto Portugu\u00eas do Desporto e da Juventude<br \/>\n<\/em><\/em><\/em><\/em><strong style=\"font-family: inherit; font-size: inherit;\">Local: <\/strong>Audit\u00f3rio 1<span style=\"font-family: inherit; font-size: inherit;\"><br \/>\n<\/span><strong>Inscri\u00e7\u00f5es:<\/strong>\u00a0<a href=\"https:\/\/docs.google.com\/forms\/d\/e\/1FAIpQLSel_6ApC3mrhTy1xZfcGGkXevkrcr3MbWGwYlAwjKPYh_dJqg\/viewform?usp=sf_link\" target=\"_blank\" rel=\"noopener\">aqui<\/a> <em>(at\u00e9 25 inscritos)<\/em><\/td>\n<\/tr>\n<tr>\n<td style=\"text-align: center;\">10<br \/>\n(5\u00aafeira)<\/td>\n<td style=\"text-align: center;\">18:30 &#8211; 20:00<\/td>\n<td><strong>Medita\u00e7\u00e3o Criativa<\/strong><br \/>\n<strong>Dinamiza\u00e7\u00e3o:<\/strong>\u00a0Ana Vala \u2014 Estudantes do Mestradode Interven\u00e7\u00e3o e Anima\u00e7\u00e3o Art\u00edsticas<br \/>\n<em><br \/>\n<\/em><strong style=\"font-family: inherit; font-size: inherit;\">Local: <\/strong>sala 0.33<span style=\"font-family: inherit; font-size: inherit;\"><span style=\"font-family: inherit; font-size: inherit;\"><br \/>\n<\/span><\/span><span style=\"font-family: inherit; font-size: inherit;\"><strong>Inscri\u00e7\u00f5es:\u00a0<\/strong><a href=\"https:\/\/docs.google.com\/forms\/d\/e\/1FAIpQLSexHwnzL9cSeScIngvg6-Eiwxa0BddSrYUt2hqaQv4DerUdkg\/viewform\" target=\"_blank\" rel=\"noopener\">aqui\u00a0<\/a><\/span><em>(at\u00e9 25 inscritos)<\/em><\/td>\n<\/tr>\n<tr>\n<td style=\"text-align: center;\">11<br \/>\n(6\u00aafeira)<\/td>\n<td style=\"text-align: center;\">09:00 &#8211; 11:00<\/td>\n<td><strong>Conquist\u00b4Arte<\/strong><br \/>\n<strong>Dinamiza\u00e7\u00e3o:<\/strong> Estudantes do 2\u00ba ano de Educa\u00e7\u00e3o B\u00e1sica<br \/>\n<em><br \/>\n<\/em><strong style=\"font-family: inherit; font-size: inherit;\">Local: <\/strong>sala 0.11<span style=\"font-family: inherit; font-size: inherit;\"><br \/>\n<\/span><span style=\"font-family: inherit; font-size: inherit;\"><strong>P\u00fablico:<\/strong> Crian\u00e7as do 1\u00ba CEB<\/span><\/td>\n<\/tr>\n<tr>\n<td style=\"text-align: center;\">11<br \/>\n(6\u00aafeira)<\/td>\n<td style=\"text-align: center;\">14:30 &#8211; 17:00<\/td>\n<td><strong>Conquist\u00b4Arte<\/strong><br \/>\n<strong>Dinamiza\u00e7\u00e3o:<\/strong> Estudantes do 2\u00ba ano de Educa\u00e7\u00e3o B\u00e1sica<br \/>\n<em><br \/>\n<\/em><strong style=\"font-family: inherit; font-size: inherit;\">Local: <\/strong>sala 0.11<span style=\"font-family: inherit; font-size: inherit;\"><br \/>\n<\/span><span style=\"font-family: inherit; font-size: inherit;\"><strong>P\u00fablico:<\/strong> Crian\u00e7as do 1\u00ba CEB<\/span><\/td>\n<\/tr>\n<tr>\n<td style=\"text-align: center;\">15<br \/>\n(3\u00aafeira)<\/td>\n<td>\n<p style=\"text-align: center;\">09:30 &#8211; 10:30<\/p>\n<p style=\"text-align: center;\">\n<\/td>\n<td><strong><em>Lengalengas<\/em><\/strong><br \/>\n<strong>Dinamiza\u00e7\u00e3o:<\/strong> Estudantes do 3\u00ba ano de Educa\u00e7\u00e3o B\u00e1sica<br \/>\n<em><br \/>\n<\/em><strong style=\"font-family: inherit; font-size: inherit;\">Local: <\/strong>sala 0.11\u00a0<span style=\"font-family: inherit; font-size: inherit;\"><br \/>\n<\/span><span style=\"font-family: inherit; font-size: inherit;\"><strong>P\u00fablico:<\/strong> Escolas do 1\u00ba e 2\u00ba CEB e Pr\u00e9-escolar<\/span><\/td>\n<\/tr>\n<tr>\n<td style=\"text-align: center;\">15<br \/>\n(3\u00aafeira)<\/td>\n<td>\n<p style=\"text-align: center;\">11:00 &#8211; 12:30<\/p>\n<\/td>\n<td><strong><em>Lengalengas<\/em><\/strong><br \/>\n<strong>Dinamiza\u00e7\u00e3o:<\/strong> Estudantes do 3\u00ba ano de Educa\u00e7\u00e3o B\u00e1sica<br \/>\n<em><br \/>\n<\/em><strong style=\"font-family: inherit; font-size: inherit;\">Local: <\/strong>sala 0.33<span style=\"font-family: inherit; font-size: inherit;\"><br \/>\n<\/span><span style=\"font-family: inherit; font-size: inherit;\"><strong>P\u00fablico:<\/strong> Escolas do 1\u00ba e 2\u00ba CEB e Pr\u00e9-escolar<\/span><\/td>\n<\/tr>\n<tr>\n<td style=\"text-align: center;\">18<br \/>\n(6\u00aafeira)<\/td>\n<td style=\"text-align: center;\">10:00 &#8211; 11:30<\/td>\n<td><strong>Deixa a tua marca criativa\u2026<\/strong><br \/>\n<strong>Dinamiza\u00e7\u00e3o:<\/strong> L\u00facia Lopes e Guida Henriques &#8211; Estudantes do Mestrado de Interven\u00e7\u00e3o e Anima\u00e7\u00e3o Art\u00edsticas<br \/>\n<em><br \/>\n<\/em><strong style=\"font-family: inherit; font-size: inherit;\">Local: <\/strong>sala 0.11<span style=\"font-family: inherit; font-size: inherit;\"><br \/>\n<\/span><span style=\"font-family: inherit; font-size: inherit;\"><strong>P\u00fablico:<\/strong> Escolas do 1\u00ba e 2\u00ba CEB e Pr\u00e9-escolar<\/span><\/td>\n<\/tr>\n<tr>\n<td style=\"text-align: center;\">18<br \/>\n(6\u00aafeira)<\/td>\n<td style=\"text-align: center;\">21:00<\/td>\n<td><strong>Hist\u00f3ria ao Luar<\/strong><br \/>\n<strong>Dinamiza\u00e7\u00e3o:\u00a0<\/strong>Associa\u00e7\u00e3o Casa da \u00c1rvore<\/p>\n<p><strong style=\"font-family: inherit; font-size: inherit;\">Local: <\/strong>Jardim da entrada<span style=\"font-family: inherit; font-size: inherit;\"><br \/>\n<\/span><span style=\"font-family: inherit; font-size: inherit;\"><span style=\"font-family: inherit; font-size: inherit;\"><strong>P\u00fablico:<\/strong> <\/span><\/span><span style=\"font-family: inherit; font-size: inherit;\">Pais e crian\u00e7as<\/span><\/td>\n<\/tr>\n<tr>\n<td style=\"text-align: center;\">21<br \/>\n(2\u00aafeira)<\/td>\n<td style=\"text-align: center;\">10:00 &#8211; 11:30<\/p>\n<p>e<\/p>\n<p>14:30 &#8211; 16:30<\/td>\n<td><strong>Express\u00e3o Dram\u00e1tica<\/strong><br \/>\n<strong>Dinamiza\u00e7\u00e3o:<\/strong> Estudantes do 1\u00ba ano de Educa\u00e7\u00e3o B\u00e1sica<br \/>\n<em><br \/>\n<\/em><strong style=\"font-family: inherit; font-size: inherit;\">Local: <\/strong>sala.33<span style=\"font-family: inherit; font-size: inherit;\"><br \/>\n<\/span><span style=\"font-family: inherit; font-size: inherit;\"><strong>P\u00fablico:<\/strong> Escolas do 1\u00ba e 2\u00ba CEB e Pr\u00e9-escolar<\/span><\/td>\n<\/tr>\n<tr>\n<td style=\"text-align: center;\">25<br \/>\n(6\u00aafeira)<\/td>\n<td style=\"text-align: center;\">10:00 &#8211; 11:00<\/td>\n<td><strong>Cri(a\u00e7\u00e3o) um salto para o mundo<\/strong><br \/>\n<strong>Dinamiza\u00e7\u00e3o:<\/strong> Estudantes do TeSP Interven\u00e7\u00e3o em Espa\u00e7os Educativos<br \/>\n<em><br \/>\n<\/em><strong style=\"font-family: inherit; font-size: inherit;\">Local: <\/strong>?<span style=\"font-family: inherit; font-size: inherit;\"><br \/>\n<\/span><span style=\"font-family: inherit; font-size: inherit;\"><strong>P\u00fablico:<\/strong> Crian\u00e7as de Jardim de Inf\u00e2ncia\/Pr\u00e9-escolar<\/span><\/td>\n<\/tr>\n<tr>\n<td style=\"text-align: center;\">29<br \/>\n(3\u00aafeira)<\/td>\n<td>\n<p style=\"text-align: center;\">09:00 &#8211; 10:30<\/p>\n<p style=\"text-align: center;\">\n<\/td>\n<td><strong><em>Lengalengas<\/em><\/strong><br \/>\n<strong>Dinamiza\u00e7\u00e3o:<\/strong> Estudantes do 3\u00ba ano de Educa\u00e7\u00e3o B\u00e1sica<br \/>\n<em><br \/>\n<\/em><strong style=\"font-family: inherit; font-size: inherit;\">Local: <\/strong>sala.11<span style=\"font-family: inherit; font-size: inherit;\"><br \/>\n<\/span><span style=\"font-family: inherit; font-size: inherit;\"><strong>P\u00fablico:<\/strong> Escolas do 1\u00ba e 2\u00ba CEB e Pr\u00e9-escolar<\/span><\/td>\n<\/tr>\n<tr>\n<td style=\"text-align: center;\">29<br \/>\n(3\u00aafeira)<\/td>\n<td>\n<p style=\"text-align: center;\">11:00 &#8211; 12:30<\/p>\n<\/td>\n<td><strong><em>Lengalengas<\/em><\/strong><br \/>\n<strong>Dinamiza\u00e7\u00e3o:<\/strong> Estudantes do 3\u00ba ano de Educa\u00e7\u00e3o B\u00e1sica<br \/>\n<em><br \/>\n<\/em><strong style=\"font-family: inherit; font-size: inherit;\">Local: <\/strong>sala.33<span style=\"font-family: inherit; font-size: inherit;\"><br \/>\n<\/span><span style=\"font-family: inherit; font-size: inherit;\"><strong>P\u00fablico:<\/strong> Escolas do 1\u00ba e 2\u00ba CEB e Pr\u00e9-escolar<\/span><\/td>\n<\/tr>\n<\/tbody>\n<\/table>\n","protected":false},"excerpt":{"rendered":"<p>&nbsp; dia hora atividades 02 (4\u00aafeira) 09:00 &#8211; 11:00 O que h\u00e1 por detr\u00e1s do nariz? Dinamiza\u00e7\u00e3o: Enne Beserra Estudante do Mestrado de Interven\u00e7\u00e3o e Anima\u00e7\u00e3o Art\u00edsticas Local: sala 0.19 Inscri\u00e7\u00f5es:\u00a0em atualiza\u00e7\u00e3o\u00a0(at\u00e9 25 inscritos) 02 (4\u00aafeira) 14:00 &#8211; 16:00 O&hellip;  <\/p>\n<p class=\"more-link\"><a href=\"https:\/\/sites.ipleiria.pt\/maiocriativo\/workshops\/\">Continue reading <span class=\"meta-nav\">&rarr;<\/span><\/a><\/p>\n","protected":false},"author":102,"featured_media":0,"parent":0,"menu_order":3,"comment_status":"closed","ping_status":"closed","template":"full-width-page.php","meta":{"footnotes":""},"class_list":["post-36","page","type-page","status-publish","hentry"],"_links":{"self":[{"href":"https:\/\/sites.ipleiria.pt\/maiocriativo\/wp-json\/wp\/v2\/pages\/36","targetHints":{"allow":["GET"]}}],"collection":[{"href":"https:\/\/sites.ipleiria.pt\/maiocriativo\/wp-json\/wp\/v2\/pages"}],"about":[{"href":"https:\/\/sites.ipleiria.pt\/maiocriativo\/wp-json\/wp\/v2\/types\/page"}],"author":[{"embeddable":true,"href":"https:\/\/sites.ipleiria.pt\/maiocriativo\/wp-json\/wp\/v2\/users\/102"}],"replies":[{"embeddable":true,"href":"https:\/\/sites.ipleiria.pt\/maiocriativo\/wp-json\/wp\/v2\/comments?post=36"}],"version-history":[{"count":38,"href":"https:\/\/sites.ipleiria.pt\/maiocriativo\/wp-json\/wp\/v2\/pages\/36\/revisions"}],"predecessor-version":[{"id":228,"href":"https:\/\/sites.ipleiria.pt\/maiocriativo\/wp-json\/wp\/v2\/pages\/36\/revisions\/228"}],"wp:attachment":[{"href":"https:\/\/sites.ipleiria.pt\/maiocriativo\/wp-json\/wp\/v2\/media?parent=36"}],"curies":[{"name":"wp","href":"https:\/\/api.w.org\/{rel}","templated":true}]}}