{"id":397,"date":"2018-06-01T14:09:00","date_gmt":"2018-06-01T14:09:00","guid":{"rendered":"http:\/\/sites.ipleiria.pt\/maiocriativo\/?page_id=397"},"modified":"2018-06-11T11:17:32","modified_gmt":"2018-06-11T11:17:32","slug":"29-maio","status":"publish","type":"page","link":"https:\/\/sites.ipleiria.pt\/maiocriativo\/29-maio\/","title":{"rendered":"29 maio"},"content":{"rendered":"<p><strong>Lengalengas<\/strong><\/p>\n<p>Dinamiza\u00e7\u00e3o: Estudantes do 3\u00ba ano de Educa\u00e7\u00e3o B\u00e1sico<\/p>\n<p>Participantes: Escola Regueira de Pontes e Col\u00e9gio Nossa Senhora de F\u00e1tima<\/p>\n<p><img loading=\"lazy\" decoding=\"async\" class=\"alignleft size-full wp-image-398\" src=\"http:\/\/sites.ipleiria.pt\/maiocriativo\/files\/2018\/06\/1.jpg\" alt=\"\" width=\"1988\" height=\"1405\" srcset=\"https:\/\/sites.ipleiria.pt\/maiocriativo\/files\/2018\/06\/1.jpg 1988w, https:\/\/sites.ipleiria.pt\/maiocriativo\/files\/2018\/06\/1-300x212.jpg 300w, https:\/\/sites.ipleiria.pt\/maiocriativo\/files\/2018\/06\/1-768x543.jpg 768w, https:\/\/sites.ipleiria.pt\/maiocriativo\/files\/2018\/06\/1-1024x724.jpg 1024w\" sizes=\"auto, (max-width: 1988px) 100vw, 1988px\" \/> <img loading=\"lazy\" decoding=\"async\" class=\"alignleft size-full wp-image-399\" src=\"http:\/\/sites.ipleiria.pt\/maiocriativo\/files\/2018\/06\/2.jpg\" alt=\"\" width=\"1914\" height=\"657\" srcset=\"https:\/\/sites.ipleiria.pt\/maiocriativo\/files\/2018\/06\/2.jpg 1914w, https:\/\/sites.ipleiria.pt\/maiocriativo\/files\/2018\/06\/2-300x103.jpg 300w, https:\/\/sites.ipleiria.pt\/maiocriativo\/files\/2018\/06\/2-768x264.jpg 768w, https:\/\/sites.ipleiria.pt\/maiocriativo\/files\/2018\/06\/2-1024x351.jpg 1024w\" sizes=\"auto, (max-width: 1914px) 100vw, 1914px\" \/><\/p>\n<h6>\u00a9 Catarina Varanda \u2013 Centro de Recursos Multim\u00e9dia<\/h6>\n<p>&nbsp;<\/p>\n<p><strong>Medita\u00e7\u00e3o Criativa<\/strong><\/p>\n<p>Dinamizado por Ana Vala &#8211; estudante no Mestrado em Anima\u00e7\u00e3o e Interven\u00e7\u00e3o Art\u00edsticas<\/p>\n<p><img loading=\"lazy\" decoding=\"async\" class=\"alignleft size-full wp-image-424\" src=\"http:\/\/sites.ipleiria.pt\/maiocriativo\/files\/2018\/06\/Untitled-1.jpg\" alt=\"\" width=\"4127\" height=\"3150\" srcset=\"https:\/\/sites.ipleiria.pt\/maiocriativo\/files\/2018\/06\/Untitled-1.jpg 4127w, https:\/\/sites.ipleiria.pt\/maiocriativo\/files\/2018\/06\/Untitled-1-300x229.jpg 300w, https:\/\/sites.ipleiria.pt\/maiocriativo\/files\/2018\/06\/Untitled-1-768x586.jpg 768w, https:\/\/sites.ipleiria.pt\/maiocriativo\/files\/2018\/06\/Untitled-1-1024x782.jpg 1024w\" sizes=\"auto, (max-width: 4127px) 100vw, 4127px\" \/><\/p>\n<h6>\u00a9 Cristiana Confraria \u2013 estudante do Mestrado de Anima\u00e7\u00e3o e Interven\u00e7\u00e3o Art\u00edsticas<\/h6>\n","protected":false},"excerpt":{"rendered":"<p>Lengalengas Dinamiza\u00e7\u00e3o: Estudantes do 3\u00ba ano de Educa\u00e7\u00e3o B\u00e1sico Participantes: Escola Regueira de Pontes e Col\u00e9gio Nossa Senhora de F\u00e1tima \u00a9 Catarina Varanda \u2013 Centro de Recursos Multim\u00e9dia &nbsp; Medita\u00e7\u00e3o Criativa Dinamizado por Ana Vala &#8211; estudante no Mestrado em&hellip;  <\/p>\n<p class=\"more-link\"><a href=\"https:\/\/sites.ipleiria.pt\/maiocriativo\/29-maio\/\">Continue reading <span class=\"meta-nav\">&rarr;<\/span><\/a><\/p>\n","protected":false},"author":2694,"featured_media":0,"parent":0,"menu_order":0,"comment_status":"closed","ping_status":"closed","template":"full-width-page.php","meta":{"footnotes":""},"class_list":["post-397","page","type-page","status-publish","hentry"],"_links":{"self":[{"href":"https:\/\/sites.ipleiria.pt\/maiocriativo\/wp-json\/wp\/v2\/pages\/397","targetHints":{"allow":["GET"]}}],"collection":[{"href":"https:\/\/sites.ipleiria.pt\/maiocriativo\/wp-json\/wp\/v2\/pages"}],"about":[{"href":"https:\/\/sites.ipleiria.pt\/maiocriativo\/wp-json\/wp\/v2\/types\/page"}],"author":[{"embeddable":true,"href":"https:\/\/sites.ipleiria.pt\/maiocriativo\/wp-json\/wp\/v2\/users\/2694"}],"replies":[{"embeddable":true,"href":"https:\/\/sites.ipleiria.pt\/maiocriativo\/wp-json\/wp\/v2\/comments?post=397"}],"version-history":[{"count":11,"href":"https:\/\/sites.ipleiria.pt\/maiocriativo\/wp-json\/wp\/v2\/pages\/397\/revisions"}],"predecessor-version":[{"id":425,"href":"https:\/\/sites.ipleiria.pt\/maiocriativo\/wp-json\/wp\/v2\/pages\/397\/revisions\/425"}],"wp:attachment":[{"href":"https:\/\/sites.ipleiria.pt\/maiocriativo\/wp-json\/wp\/v2\/media?parent=397"}],"curies":[{"name":"wp","href":"https:\/\/api.w.org\/{rel}","templated":true}]}}