{"id":413,"date":"2018-06-11T11:31:40","date_gmt":"2018-06-11T11:31:40","guid":{"rendered":"http:\/\/sites.ipleiria.pt\/maiocriativo\/?page_id=413"},"modified":"2018-06-11T11:34:27","modified_gmt":"2018-06-11T11:34:27","slug":"26-maio","status":"publish","type":"page","link":"https:\/\/sites.ipleiria.pt\/maiocriativo\/26-maio\/","title":{"rendered":"26 maio"},"content":{"rendered":"<p><strong>Investir na Capacidade<\/strong><\/p>\n<p><img loading=\"lazy\" decoding=\"async\" class=\"alignleft size-full wp-image-428\" src=\"http:\/\/sites.ipleiria.pt\/maiocriativo\/files\/2018\/06\/1-2.jpg\" alt=\"\" width=\"4455\" height=\"2994\" srcset=\"https:\/\/sites.ipleiria.pt\/maiocriativo\/files\/2018\/06\/1-2.jpg 4455w, https:\/\/sites.ipleiria.pt\/maiocriativo\/files\/2018\/06\/1-2-300x202.jpg 300w, https:\/\/sites.ipleiria.pt\/maiocriativo\/files\/2018\/06\/1-2-768x516.jpg 768w, https:\/\/sites.ipleiria.pt\/maiocriativo\/files\/2018\/06\/1-2-1024x688.jpg 1024w\" sizes=\"auto, (max-width: 4455px) 100vw, 4455px\" \/> <img loading=\"lazy\" decoding=\"async\" class=\"alignleft size-full wp-image-429\" src=\"http:\/\/sites.ipleiria.pt\/maiocriativo\/files\/2018\/06\/2-2.jpg\" alt=\"\" width=\"4455\" height=\"1678\" srcset=\"https:\/\/sites.ipleiria.pt\/maiocriativo\/files\/2018\/06\/2-2.jpg 4455w, https:\/\/sites.ipleiria.pt\/maiocriativo\/files\/2018\/06\/2-2-300x113.jpg 300w, https:\/\/sites.ipleiria.pt\/maiocriativo\/files\/2018\/06\/2-2-768x289.jpg 768w, https:\/\/sites.ipleiria.pt\/maiocriativo\/files\/2018\/06\/2-2-1024x386.jpg 1024w\" sizes=\"auto, (max-width: 4455px) 100vw, 4455px\" \/><\/p>\n<h6><\/h6>\n<h6><\/h6>\n<h6><strong>\u00a9\u00a0Marta baptista e Diana S\u00e1 Rolo \u2013 Estudantes do Mestrado de Interven\u00e7\u00e3o e Anima\u00e7\u00e3o Art\u00edsticas<\/strong><\/h6>\n<p>&nbsp;<\/p>\n","protected":false},"excerpt":{"rendered":"<p>Investir na Capacidade \u00a9\u00a0Marta baptista e Diana S\u00e1 Rolo \u2013 Estudantes do Mestrado de Interven\u00e7\u00e3o e Anima\u00e7\u00e3o Art\u00edsticas &nbsp;<\/p>\n","protected":false},"author":2694,"featured_media":0,"parent":0,"menu_order":0,"comment_status":"closed","ping_status":"closed","template":"full-width-page.php","meta":{"footnotes":""},"class_list":["post-413","page","type-page","status-publish","hentry"],"_links":{"self":[{"href":"https:\/\/sites.ipleiria.pt\/maiocriativo\/wp-json\/wp\/v2\/pages\/413","targetHints":{"allow":["GET"]}}],"collection":[{"href":"https:\/\/sites.ipleiria.pt\/maiocriativo\/wp-json\/wp\/v2\/pages"}],"about":[{"href":"https:\/\/sites.ipleiria.pt\/maiocriativo\/wp-json\/wp\/v2\/types\/page"}],"author":[{"embeddable":true,"href":"https:\/\/sites.ipleiria.pt\/maiocriativo\/wp-json\/wp\/v2\/users\/2694"}],"replies":[{"embeddable":true,"href":"https:\/\/sites.ipleiria.pt\/maiocriativo\/wp-json\/wp\/v2\/comments?post=413"}],"version-history":[{"count":3,"href":"https:\/\/sites.ipleiria.pt\/maiocriativo\/wp-json\/wp\/v2\/pages\/413\/revisions"}],"predecessor-version":[{"id":433,"href":"https:\/\/sites.ipleiria.pt\/maiocriativo\/wp-json\/wp\/v2\/pages\/413\/revisions\/433"}],"wp:attachment":[{"href":"https:\/\/sites.ipleiria.pt\/maiocriativo\/wp-json\/wp\/v2\/media?parent=413"}],"curies":[{"name":"wp","href":"https:\/\/api.w.org\/{rel}","templated":true}]}}