{"id":42,"date":"2018-04-19T17:16:59","date_gmt":"2018-04-19T17:16:59","guid":{"rendered":"http:\/\/sites.ipleiria.pt\/maiocriativo\/?page_id=42"},"modified":"2018-05-11T14:38:52","modified_gmt":"2018-05-11T14:38:52","slug":"talks-conferencias-mesas-redondas","status":"publish","type":"page","link":"https:\/\/sites.ipleiria.pt\/maiocriativo\/talks-conferencias-mesas-redondas\/","title":{"rendered":"Talks\/Mesas Redondas"},"content":{"rendered":"<table border=\"1\">\n<tbody>\n<tr>\n<td style=\"text-align: center\"><strong>dia<\/strong><\/td>\n<td style=\"text-align: center\"><strong>hora<\/strong><\/td>\n<td style=\"text-align: center\"><strong>atividades<\/strong><\/td>\n<\/tr>\n<tr>\n<td>\n<p style=\"text-align: center\">07<br \/>\n(2\u00aafeira)<\/p>\n<\/td>\n<td style=\"text-align: center\">18:30 &#8211; 20:30<\/td>\n<td><strong>Artes e Investiga\u00e7\u00e3o &#8211; Partilha de processos de interven\u00e7\u00e3o<\/strong><br \/>\n<strong>Dinamiza\u00e7\u00e3o:<\/strong> Estudantes do 2\u00ba ano do Mestrado de Interven\u00e7\u00e3o e Anima\u00e7\u00e3o Art\u00edsticas<strong style=\"font-family: inherit;font-size: inherit\">Sala: <\/strong>1.9<\/td>\n<\/tr>\n<tr>\n<td style=\"text-align: center\">28<br \/>\n(2\u00aafeira)<\/td>\n<td style=\"text-align: center\">15:30<\/td>\n<td><strong>Cultura, Redes e Pol\u00edtica<\/strong><br \/>\n<strong>Convidados:<\/strong><\/p>\n<p><span style=\"font-family: inherit;font-size: inherit;line-height: 1.5\">Guilherme Garrido &#8211; <em><strong>Festival <\/strong><\/em><\/span><strong><em style=\"font-family: inherit;font-size: inherit;line-height: 1.5\">A Porta<\/em><\/strong><span style=\"font-family: inherit;font-size: inherit;line-height: 1.5\"> &#8211; Leiria<\/span><\/p>\n<p>Enne Max Beserra &#8211; Palha\u00e7o- <em><strong>Doutores da Alegria<\/strong> &#8211; <\/em>Brasil<\/p>\n<p>Jo\u00e3o Naz\u00e1rio \u2013 <strong><em>Jornal de Leiria<\/em><\/strong><\/p>\n<p>Jos\u00e9 Gil &#8211; <strong><em>S.A. Marionetas<\/em><\/strong> &#8211; Alcoba\u00e7a<\/p>\n<p><em><br \/>\n<\/em><strong style=\"font-family: inherit;font-size: inherit\">Sala: <\/strong>Audit\u00f3rio 1<span style=\"font-family: inherit;font-size: inherit\"><span style=\"font-family: inherit;font-size: inherit\"><br \/>\n<\/span><\/span><span style=\"font-family: inherit;font-size: inherit\"><em>Entrada livre<\/em><br \/>\n<\/span><\/td>\n<\/tr>\n<\/tbody>\n<\/table>\n","protected":false},"excerpt":{"rendered":"<p>dia hora atividades 07 (2\u00aafeira) 18:30 &#8211; 20:30 Artes e Investiga\u00e7\u00e3o &#8211; Partilha de processos de interven\u00e7\u00e3o Dinamiza\u00e7\u00e3o: Estudantes do 2\u00ba ano do Mestrado de Interven\u00e7\u00e3o e Anima\u00e7\u00e3o Art\u00edsticasSala: 1.9 28 (2\u00aafeira) 15:30 Cultura, Redes e Pol\u00edtica Convidados: Guilherme Garrido&hellip;  <\/p>\n<p class=\"more-link\"><a href=\"https:\/\/sites.ipleiria.pt\/maiocriativo\/talks-conferencias-mesas-redondas\/\">Continue reading <span class=\"meta-nav\">&rarr;<\/span><\/a><\/p>\n","protected":false},"author":102,"featured_media":0,"parent":0,"menu_order":0,"comment_status":"closed","ping_status":"closed","template":"full-width-page.php","meta":{"footnotes":""},"class_list":["post-42","page","type-page","status-publish","hentry"],"_links":{"self":[{"href":"https:\/\/sites.ipleiria.pt\/maiocriativo\/wp-json\/wp\/v2\/pages\/42","targetHints":{"allow":["GET"]}}],"collection":[{"href":"https:\/\/sites.ipleiria.pt\/maiocriativo\/wp-json\/wp\/v2\/pages"}],"about":[{"href":"https:\/\/sites.ipleiria.pt\/maiocriativo\/wp-json\/wp\/v2\/types\/page"}],"author":[{"embeddable":true,"href":"https:\/\/sites.ipleiria.pt\/maiocriativo\/wp-json\/wp\/v2\/users\/102"}],"replies":[{"embeddable":true,"href":"https:\/\/sites.ipleiria.pt\/maiocriativo\/wp-json\/wp\/v2\/comments?post=42"}],"version-history":[{"count":12,"href":"https:\/\/sites.ipleiria.pt\/maiocriativo\/wp-json\/wp\/v2\/pages\/42\/revisions"}],"predecessor-version":[{"id":192,"href":"https:\/\/sites.ipleiria.pt\/maiocriativo\/wp-json\/wp\/v2\/pages\/42\/revisions\/192"}],"wp:attachment":[{"href":"https:\/\/sites.ipleiria.pt\/maiocriativo\/wp-json\/wp\/v2\/media?parent=42"}],"curies":[{"name":"wp","href":"https:\/\/api.w.org\/{rel}","templated":true}]}}