{"id":544,"date":"2019-04-24T22:58:44","date_gmt":"2019-04-24T22:58:44","guid":{"rendered":"http:\/\/sites.ipleiria.pt\/maiocriativo\/?page_id=544"},"modified":"2019-05-30T12:54:50","modified_gmt":"2019-05-30T12:54:50","slug":"2019-3","status":"publish","type":"page","link":"https:\/\/sites.ipleiria.pt\/maiocriativo\/2019-3\/","title":{"rendered":"2019"},"content":{"rendered":"\n<table class=\"wp-block-table\"><tbody><tr><td><strong>dia<\/strong><\/td><td><strong>hora<\/strong><\/td><td><strong>atividades<\/strong><\/td><\/tr><tr><td> 07<br>(3\u00aafeira) <\/td><td>09:00 &#8211; 11:00<\/td><td><strong>Prov\u00e9rbios<\/strong><br><strong>Dinamiza\u00e7\u00e3o:<\/strong> Estudantes do 3\u00ba ano de Educa\u00e7\u00e3o B\u00e1sica<em><br><\/em><strong>Local: <\/strong>sala 0.33<br><strong>P\u00fablico:&nbsp;<\/strong>crian\u00e7as do 1\u00ba CEB<\/td><\/tr><tr><td>07<br>(3\u00aafeira)<\/td><td>14:00 &#8211; 16:00<\/td><td><strong>Prov\u00e9rbios<\/strong><br><strong>Dinamiza\u00e7\u00e3o:<\/strong> Estudantes do 3\u00ba ano de Educa\u00e7\u00e3o B\u00e1sica<em><br><\/em><strong>Local: <\/strong>sala 0.33<br><strong>P\u00fablico:<\/strong>&nbsp;crian\u00e7as do 1\u00ba CEB e JI<\/td><\/tr><tr><td>08<br>(4\u00aafeira)<\/td><td>10:00 &#8211; 12:00 &nbsp; &nbsp; <\/td><td><strong>Express\u00e3o Dram\u00e1tica<\/strong><br><strong>Dinamiza\u00e7\u00e3o:<\/strong> Ana Pinto e J\u00e9ssica Pais &#8211; Estudantes do 1\u00ba ano Mestrado de Interven\u00e7\u00e3o e Anima\u00e7\u00e3o Art\u00edsticas<em><br><\/em><strong>Local: <\/strong>0.33<br><strong>P\u00fablico:<\/strong>&nbsp;Estudantes do secund\u00e1rio<\/td><\/tr><tr><td>14<br>(3\u00aafeira)<\/td><td>09:00 &#8211; 11:00 &nbsp; &nbsp; <\/td><td><strong>Prov\u00e9rbios<\/strong><br><strong>Dinamiza\u00e7\u00e3o:<\/strong> Estudantes do 3\u00ba ano de Educa\u00e7\u00e3o B\u00e1sica<br><strong>Local:<\/strong> sala 0.33<br><strong>P\u00fablico: <\/strong>crian\u00e7as do 1\u00ba CEB e JI<\/td><\/tr><tr><td>14<br>(3\u00aafeira)<\/td><td>13:00 &#8211; 15:00<\/td><td><strong>Paisagens sonoras<\/strong><br><strong>Dinamiza\u00e7\u00e3o:<\/strong>\u00a0Sara Peseiro, L\u00e9nia Neves, Ana Pinto e Isabel Ferreira &#8211; Estudantes do 1\u00ba ano Mestrado de Interven\u00e7\u00e3o e Anima\u00e7\u00e3o Art\u00edsticas<br><strong>Local: <\/strong>sala 0.19<br><strong>P\u00fablico:\u00a0<\/strong>Estudantes de Educa\u00e7\u00e3o Social<\/td><\/tr><tr><td>14<br>(3\u00aafeira)<\/td><td>14:00 &#8211; 16:00<\/td><td><strong>Prov\u00e9rbios<\/strong><br><strong>Dinamiza\u00e7\u00e3o:<\/strong> Estudantes do 3\u00ba ano de Educa\u00e7\u00e3o B\u00e1sica<br><strong>Local:<\/strong> sala 0.33<br><strong>P\u00fablico:<\/strong> Crian\u00e7as do 1\u00ba CEB e JI<\/td><\/tr><tr><td>15<br>(4\u00aafeira)<\/td><td>11:00 &#8211; 13:00<\/td><td><strong>Paisagens sonoras<\/strong><br><strong>Dinamiza\u00e7\u00e3o:<\/strong> Sara Pereiro, L\u00e9nia Neves, Ana Pinto e Isabel Ferreira &#8211; Estudantes do 1\u00ba ano Mestrado de Interven\u00e7\u00e3o e Anima\u00e7\u00e3o Art\u00edsticas<br><strong>Local:<\/strong> sala 0.4<br><strong>P\u00fablico:<\/strong> Estudantes de Educa\u00e7\u00e3o Social<\/td><\/tr><tr><td>21<br>(3\u00aafeira)<\/td><td>10:00 &#8211; 12:00 &nbsp; <\/td><td><strong><em>O Mundo vais percorrer e as (es)culturas conhecer<\/em><\/strong><br><strong>Dinamiza\u00e7\u00e3o:<\/strong> Estudantes do 1\u00ba ano do TeSP Interven\u00e7\u00e3o em Espa\u00e7o Educativos<br><strong>Local: <\/strong>&nbsp;Pavilh\u00e3o, 7 salas e 1 sala de trabalho no Bloco D<br><strong>P\u00fablico:<\/strong> Escolas do 1\u00ba e 2\u00ba CEB<\/td><\/tr><tr><td>23<br>(5\u00aafeira)<\/td><td> <\/td><td><strong>O passado no presente<\/strong><br><strong>Dinamiza\u00e7\u00e3o:<\/strong> Estudantes do 1\u00ba ano do TeSP Interven\u00e7\u00e3o Sociocultural e Desportiva<br><strong>Local: <\/strong>Espa\u00e7o exterior<br><strong>P\u00fablico:<\/strong> Estudantes do TeSP Interven\u00e7\u00e3o em Espa\u00e7o Educativos<\/td><\/tr><tr><td>23<br>(5\u00aafeira)<\/td><td><\/td><td><strong>O passado no presente <br>Dinamiza\u00e7\u00e3o:<\/strong> Estudantes do 1\u00ba ano do TeSP Interven\u00e7\u00e3o Sociocultural e Desportiva<br><strong>Local:<\/strong> Espa\u00e7o exterior<br><strong>P\u00fablico:<\/strong> Seniores Programa <em>Viver Ativo<\/em><\/td><\/tr><tr><td>24<br>(6\u00aafeira)<\/td><td>09:30 &#8211; 12:00<\/td><td><strong>Oficina de Teatro de Sombras<\/strong><br><strong>Dinamiza\u00e7\u00e3o:&nbsp;<\/strong>Estudantes do 1\u00ba ano de Educa\u00e7\u00e3o B\u00e1sica &nbsp; <br><strong>Local: <\/strong>sala 0.33<br><strong>P\u00fablico:<\/strong> Crian\u00e7as do 1\u00ba CEB <\/td><\/tr><tr><td>27<br>(2\u00aafeira)<\/td><td>09:30 &#8211; 11h30<\/td><td><strong>Oficina de Teatro de Sombras<\/strong><br><strong>Dinamiza\u00e7\u00e3o:<\/strong> Estudantes do 1\u00ba ano de Educa\u00e7\u00e3o B\u00e1sica   <br><strong>Local:<\/strong> sala 0.33<br><strong>P\u00fablico:<\/strong> Crian\u00e7as do 1\u00ba CEB <\/td><\/tr><tr><td>28<br>(3\u00aafeira)<\/td><td>09:00 &#8211; 11:00<\/td><td><strong>Prov\u00e9rbios<\/strong><br><strong>Dinamiza\u00e7\u00e3o:<\/strong> Estudantes do 3\u00ba ano de Educa\u00e7\u00e3o B\u00e1sica<br><strong>Local:<\/strong> sala 0.33<br><strong>P\u00fablico:<\/strong> Crian\u00e7as do 1\u00ba CEB e JI<\/td><\/tr><tr><td>28<br>(3\u00aafeira)<\/td><td> 14:00 &#8211; 16:00 &nbsp; <\/td><td><strong>Prov\u00e9rbios<\/strong><br><strong>Dinamiza\u00e7\u00e3o:<\/strong> Estudantes do 3\u00ba ano de Educa\u00e7\u00e3o B\u00e1sica<br><strong>Local:<\/strong> sala 0.33<br><strong>P\u00fablico:<\/strong> Crian\u00e7as do 1\u00ba CEB e JI<\/td><\/tr><tr><td>30<br>(5\u00aafeira)<\/td><td>10:00 <\/td><td><strong>Constru\u00e7\u00e3o de fantoches com pauzinho<em>s<\/em><\/strong><br><strong>Dinamiza\u00e7\u00e3o:<\/strong> Estudantes do 3\u00ba ano de Educa\u00e7\u00e3o B\u00e1sica e do Secund\u00e1rio<br><strong>Local: <\/strong>jardins da ESECS<br><strong>P\u00fablico:<\/strong> Crian\u00e7as do 1\u00ba CEB e JI<\/td><\/tr><tr><td>30<br> (5\u00aafeira)<\/td><td>10:00 &#8211; 12:00<\/td><td><strong>Ilustra\u00e7\u00e3o &#8211;<\/strong> Rui Pedro Louren\u00e7o<br><strong>Dinamiza\u00e7\u00e3o:<\/strong> Sara Peseiro e \u00c2ngela Fraz\u00e3o &#8211; Estudantes do 1\u00ba ano Mestrado de Interven\u00e7\u00e3o e Anima\u00e7\u00e3o Art\u00edsticas<br><strong>Local:<\/strong>sala 0.4 e jardins da ESECS<br><strong>P\u00fablico: <\/strong>Crian\u00e7as do pr\u00e9-escolar<\/td><\/tr><\/tbody><\/table>\n\n\n\n<p><\/p>\n","protected":false},"excerpt":{"rendered":"<p>dia hora atividades 07(3\u00aafeira) 09:00 &#8211; 11:00 Prov\u00e9rbiosDinamiza\u00e7\u00e3o: Estudantes do 3\u00ba ano de Educa\u00e7\u00e3o B\u00e1sicaLocal: sala 0.33P\u00fablico:&nbsp;crian\u00e7as do 1\u00ba CEB 07(3\u00aafeira) 14:00 &#8211; 16:00 Prov\u00e9rbiosDinamiza\u00e7\u00e3o: Estudantes do 3\u00ba ano de Educa\u00e7\u00e3o B\u00e1sicaLocal: sala 0.33P\u00fablico:&nbsp;crian\u00e7as do 1\u00ba CEB e JI 08(4\u00aafeira)&hellip;  <\/p>\n<p class=\"more-link\"><a href=\"https:\/\/sites.ipleiria.pt\/maiocriativo\/2019-3\/\">Continue reading <span class=\"meta-nav\">&rarr;<\/span><\/a><\/p>\n","protected":false},"author":2694,"featured_media":0,"parent":0,"menu_order":0,"comment_status":"closed","ping_status":"closed","template":"full-width-page.php","meta":{"footnotes":""},"class_list":["post-544","page","type-page","status-publish","hentry"],"_links":{"self":[{"href":"https:\/\/sites.ipleiria.pt\/maiocriativo\/wp-json\/wp\/v2\/pages\/544","targetHints":{"allow":["GET"]}}],"collection":[{"href":"https:\/\/sites.ipleiria.pt\/maiocriativo\/wp-json\/wp\/v2\/pages"}],"about":[{"href":"https:\/\/sites.ipleiria.pt\/maiocriativo\/wp-json\/wp\/v2\/types\/page"}],"author":[{"embeddable":true,"href":"https:\/\/sites.ipleiria.pt\/maiocriativo\/wp-json\/wp\/v2\/users\/2694"}],"replies":[{"embeddable":true,"href":"https:\/\/sites.ipleiria.pt\/maiocriativo\/wp-json\/wp\/v2\/comments?post=544"}],"version-history":[{"count":6,"href":"https:\/\/sites.ipleiria.pt\/maiocriativo\/wp-json\/wp\/v2\/pages\/544\/revisions"}],"predecessor-version":[{"id":901,"href":"https:\/\/sites.ipleiria.pt\/maiocriativo\/wp-json\/wp\/v2\/pages\/544\/revisions\/901"}],"wp:attachment":[{"href":"https:\/\/sites.ipleiria.pt\/maiocriativo\/wp-json\/wp\/v2\/media?parent=544"}],"curies":[{"name":"wp","href":"https:\/\/api.w.org\/{rel}","templated":true}]}}