{"id":547,"date":"2019-04-24T23:08:35","date_gmt":"2019-04-24T23:08:35","guid":{"rendered":"http:\/\/sites.ipleiria.pt\/maiocriativo\/?page_id=547"},"modified":"2019-07-05T14:18:50","modified_gmt":"2019-07-05T14:18:50","slug":"2019-4","status":"publish","type":"page","link":"https:\/\/sites.ipleiria.pt\/maiocriativo\/2019-4\/","title":{"rendered":"2019"},"content":{"rendered":"\n<p><strong>Exposi\u00e7\u00e3o UC Laborat\u00f3rio de Artes Pl\u00e1sticas<\/strong> (1\u00ba ano do Mestrado em Interven\u00e7\u00e3o e Anima\u00e7\u00e3o Art\u00edsticas) \u2013 espalhada por v\u00e1rios cantos da ESECS <\/p>\n\n\n\n<figure class=\"wp-block-image\"><img loading=\"lazy\" decoding=\"async\" width=\"1024\" height=\"683\" src=\"http:\/\/sites.ipleiria.pt\/maiocriativo\/files\/2019\/05\/IMG_4502-6-1024x683.jpg\" alt=\"\" class=\"wp-image-662\" srcset=\"https:\/\/sites.ipleiria.pt\/maiocriativo\/files\/2019\/05\/IMG_4502-6-1024x683.jpg 1024w, https:\/\/sites.ipleiria.pt\/maiocriativo\/files\/2019\/05\/IMG_4502-6-300x200.jpg 300w, https:\/\/sites.ipleiria.pt\/maiocriativo\/files\/2019\/05\/IMG_4502-6-768x512.jpg 768w\" sizes=\"auto, (max-width: 1024px) 100vw, 1024px\" \/><\/figure>\n\n\n\n<pre class=\"wp-block-preformatted\">\u00a9Sara Peseiro - aluna do Mestrado em Interven\u00e7\u00e3o e Anima\u00e7\u00e3o Art\u00edsticas<br><\/pre>\n\n\n\n<div style=\"height:100px\" aria-hidden=\"true\" class=\"wp-block-spacer\"><\/div>\n\n\n\n<p><strong>Exposi\u00e7\u00e3o UC Express\u00e3o Pl\u00e1stica <\/strong>(2\u00baano Educa\u00e7\u00e3o B\u00e1sica)<strong> e Oficina de Artes Pl\u00e1sticas <\/strong>(2\u00ba ano TeSP Interven\u00e7\u00e3o Sociocultural e Desportiva) \u2013 parede do corredor da Biblioteca <\/p>\n\n\n\n<figure class=\"wp-block-image\"><img loading=\"lazy\" decoding=\"async\" width=\"1024\" height=\"683\" src=\"http:\/\/sites.ipleiria.pt\/maiocriativo\/files\/2019\/05\/IMG_4514-1024x683.jpg\" alt=\"\" class=\"wp-image-642\" srcset=\"https:\/\/sites.ipleiria.pt\/maiocriativo\/files\/2019\/05\/IMG_4514-1024x683.jpg 1024w, https:\/\/sites.ipleiria.pt\/maiocriativo\/files\/2019\/05\/IMG_4514-300x200.jpg 300w, https:\/\/sites.ipleiria.pt\/maiocriativo\/files\/2019\/05\/IMG_4514-768x512.jpg 768w\" sizes=\"auto, (max-width: 1024px) 100vw, 1024px\" \/><\/figure>\n\n\n\n<figure class=\"wp-block-image\"><img loading=\"lazy\" decoding=\"async\" width=\"1024\" height=\"683\" src=\"http:\/\/sites.ipleiria.pt\/maiocriativo\/files\/2019\/05\/IMG_4508-1024x683.jpg\" alt=\"\" class=\"wp-image-639\" srcset=\"https:\/\/sites.ipleiria.pt\/maiocriativo\/files\/2019\/05\/IMG_4508-1024x683.jpg 1024w, https:\/\/sites.ipleiria.pt\/maiocriativo\/files\/2019\/05\/IMG_4508-300x200.jpg 300w, https:\/\/sites.ipleiria.pt\/maiocriativo\/files\/2019\/05\/IMG_4508-768x512.jpg 768w\" sizes=\"auto, (max-width: 1024px) 100vw, 1024px\" \/><\/figure>\n\n\n\n<pre class=\"wp-block-preformatted\">\u00a9Sara Peseiro - aluna do Mestrado em Interven\u00e7\u00e3o e Anima\u00e7\u00e3o Art\u00edsticas<br><\/pre>\n\n\n\n<div style=\"height:100px\" aria-hidden=\"true\" class=\"wp-block-spacer\"><\/div>\n\n\n\n<p><strong>Exposi\u00e7\u00e3o dos 60+<\/strong> &#8211; No \u00c1trio <\/p>\n\n\n\n<figure class=\"wp-block-image\"><img loading=\"lazy\" decoding=\"async\" width=\"1024\" height=\"683\" src=\"http:\/\/sites.ipleiria.pt\/maiocriativo\/files\/2019\/05\/IMG_4524-1024x683.jpg\" alt=\"\" class=\"wp-image-634\" srcset=\"https:\/\/sites.ipleiria.pt\/maiocriativo\/files\/2019\/05\/IMG_4524-1024x683.jpg 1024w, https:\/\/sites.ipleiria.pt\/maiocriativo\/files\/2019\/05\/IMG_4524-300x200.jpg 300w, https:\/\/sites.ipleiria.pt\/maiocriativo\/files\/2019\/05\/IMG_4524-768x512.jpg 768w\" sizes=\"auto, (max-width: 1024px) 100vw, 1024px\" \/><\/figure>\n\n\n\n<pre class=\"wp-block-preformatted\">\u00a9Sara Peseiro - aluna do Mestrado em Interven\u00e7\u00e3o e Anima\u00e7\u00e3o Art\u00edsticas<\/pre>\n\n\n\n<div style=\"height:100px\" aria-hidden=\"true\" class=\"wp-block-spacer\"><\/div>\n\n\n\n<p>Exposi\u00e7\u00e3o de Fotografia \u2013 <em><strong>Reflexos do ser<\/strong><\/em> &#8211; Laborat\u00f3rio de Fotografia e V\u00eddeo (1\u00ba ano do Mestrado em Interven\u00e7\u00e3o e Anima\u00e7\u00e3o Art\u00edsticas) \u2013 Edif\u00edcio B<\/p>\n\n\n\n<figure class=\"wp-block-image\"><img loading=\"lazy\" decoding=\"async\" width=\"1024\" height=\"683\" src=\"http:\/\/sites.ipleiria.pt\/maiocriativo\/files\/2019\/05\/IMG_4474-1024x683.jpg\" alt=\"\" class=\"wp-image-655\" srcset=\"https:\/\/sites.ipleiria.pt\/maiocriativo\/files\/2019\/05\/IMG_4474-1024x683.jpg 1024w, https:\/\/sites.ipleiria.pt\/maiocriativo\/files\/2019\/05\/IMG_4474-300x200.jpg 300w, https:\/\/sites.ipleiria.pt\/maiocriativo\/files\/2019\/05\/IMG_4474-768x512.jpg 768w\" sizes=\"auto, (max-width: 1024px) 100vw, 1024px\" \/><\/figure>\n\n\n\n<figure class=\"wp-block-image\"><img loading=\"lazy\" decoding=\"async\" width=\"1024\" height=\"683\" src=\"http:\/\/sites.ipleiria.pt\/maiocriativo\/files\/2019\/05\/IMG_4465-1024x683.jpg\" alt=\"\" class=\"wp-image-653\" srcset=\"https:\/\/sites.ipleiria.pt\/maiocriativo\/files\/2019\/05\/IMG_4465-1024x683.jpg 1024w, https:\/\/sites.ipleiria.pt\/maiocriativo\/files\/2019\/05\/IMG_4465-300x200.jpg 300w, https:\/\/sites.ipleiria.pt\/maiocriativo\/files\/2019\/05\/IMG_4465-768x512.jpg 768w\" sizes=\"auto, (max-width: 1024px) 100vw, 1024px\" \/><\/figure>\n\n\n\n<figure class=\"wp-block-image\"><img loading=\"lazy\" decoding=\"async\" width=\"1024\" height=\"683\" src=\"http:\/\/sites.ipleiria.pt\/maiocriativo\/files\/2019\/05\/IMG_4477-1024x683.jpg\" alt=\"\" class=\"wp-image-656\" srcset=\"https:\/\/sites.ipleiria.pt\/maiocriativo\/files\/2019\/05\/IMG_4477-1024x683.jpg 1024w, https:\/\/sites.ipleiria.pt\/maiocriativo\/files\/2019\/05\/IMG_4477-300x200.jpg 300w, https:\/\/sites.ipleiria.pt\/maiocriativo\/files\/2019\/05\/IMG_4477-768x512.jpg 768w\" sizes=\"auto, (max-width: 1024px) 100vw, 1024px\" \/><\/figure>\n\n\n\n<pre class=\"wp-block-preformatted\">\u00a9Sara Peseiro - aluna do Mestrado em Interven\u00e7\u00e3o e Anima\u00e7\u00e3o Art\u00edsticas<\/pre>\n\n\n\n<div style=\"height:100px\" aria-hidden=\"true\" class=\"wp-block-spacer\"><\/div>\n\n\n\n<p>Registo fotogr\u00e1fico de situa\u00e7\u00f5es vivenciadas a partir do prov\u00e9rbio<em> <strong>Quem canta seus males espanta<\/strong><\/em><strong>\u2026<\/strong> UC Express\u00f5es Integradas (3\u00ba ano Educa\u00e7\u00e3o B\u00e1sica) \u2013 sala 0.33<\/p>\n\n\n\n<figure class=\"wp-block-image\"><img loading=\"lazy\" decoding=\"async\" width=\"712\" height=\"1024\" src=\"http:\/\/sites.ipleiria.pt\/maiocriativo\/files\/2019\/05\/IMG_6232-1-712x1024.jpg\" alt=\"\" class=\"wp-image-674\" srcset=\"https:\/\/sites.ipleiria.pt\/maiocriativo\/files\/2019\/05\/IMG_6232-1-712x1024.jpg 712w, https:\/\/sites.ipleiria.pt\/maiocriativo\/files\/2019\/05\/IMG_6232-1-209x300.jpg 209w, https:\/\/sites.ipleiria.pt\/maiocriativo\/files\/2019\/05\/IMG_6232-1-768x1104.jpg 768w\" sizes=\"auto, (max-width: 712px) 100vw, 712px\" \/><\/figure>\n\n\n\n<pre class=\"wp-block-preformatted\">\u00a9 Catarina Varanda \u2013 Centro de Recursos Multim\u00e9dia\n\n<\/pre>\n\n\n\n<p><strong>.<\/strong><\/p>\n\n\n\n<p><strong>Instala\u00e7\u00f5es:<\/strong><\/p>\n\n\n\n<p><strong>Jo\u00e3o e o P\u00e9 de Feij\u00e3o<\/strong> &#8211; Percursos Sensoriais &#8211; UC Laborat\u00f3rio de Processos Criativos (estudantes do 1\u00ba ano do Mestrado em Interven\u00e7\u00e3o e Anima\u00e7\u00e3o Art\u00edsticas) Escadas do \u00c1trio<\/p>\n\n\n\n<figure class=\"wp-block-image\"><img loading=\"lazy\" decoding=\"async\" width=\"1024\" height=\"683\" src=\"http:\/\/sites.ipleiria.pt\/maiocriativo\/files\/2019\/05\/IMG_4490-1024x683.jpg\" alt=\"\" class=\"wp-image-623\" srcset=\"https:\/\/sites.ipleiria.pt\/maiocriativo\/files\/2019\/05\/IMG_4490-1024x683.jpg 1024w, https:\/\/sites.ipleiria.pt\/maiocriativo\/files\/2019\/05\/IMG_4490-300x200.jpg 300w, https:\/\/sites.ipleiria.pt\/maiocriativo\/files\/2019\/05\/IMG_4490-768x512.jpg 768w\" sizes=\"auto, (max-width: 1024px) 100vw, 1024px\" \/><\/figure>\n\n\n\n<figure class=\"wp-block-image\"><img loading=\"lazy\" decoding=\"async\" width=\"1024\" height=\"683\" src=\"http:\/\/sites.ipleiria.pt\/maiocriativo\/files\/2019\/05\/IMG_4493-1024x683.jpg\" alt=\"\" class=\"wp-image-625\" srcset=\"https:\/\/sites.ipleiria.pt\/maiocriativo\/files\/2019\/05\/IMG_4493-1024x683.jpg 1024w, https:\/\/sites.ipleiria.pt\/maiocriativo\/files\/2019\/05\/IMG_4493-300x200.jpg 300w, https:\/\/sites.ipleiria.pt\/maiocriativo\/files\/2019\/05\/IMG_4493-768x512.jpg 768w\" sizes=\"auto, (max-width: 1024px) 100vw, 1024px\" \/><figcaption><br><\/figcaption><\/figure>\n\n\n\n<figure class=\"wp-block-image\"><img loading=\"lazy\" decoding=\"async\" width=\"1024\" height=\"683\" src=\"http:\/\/sites.ipleiria.pt\/maiocriativo\/files\/2019\/05\/IMG_4499-1024x683.jpg\" alt=\"\" class=\"wp-image-631\" srcset=\"https:\/\/sites.ipleiria.pt\/maiocriativo\/files\/2019\/05\/IMG_4499-1024x683.jpg 1024w, https:\/\/sites.ipleiria.pt\/maiocriativo\/files\/2019\/05\/IMG_4499-300x200.jpg 300w, https:\/\/sites.ipleiria.pt\/maiocriativo\/files\/2019\/05\/IMG_4499-768x512.jpg 768w\" sizes=\"auto, (max-width: 1024px) 100vw, 1024px\" \/><\/figure>\n\n\n\n<figure class=\"wp-block-image\"><img loading=\"lazy\" decoding=\"async\" width=\"1024\" height=\"683\" src=\"http:\/\/sites.ipleiria.pt\/maiocriativo\/files\/2019\/05\/IMG_4495-1024x683.jpg\" alt=\"\" class=\"wp-image-630\" srcset=\"https:\/\/sites.ipleiria.pt\/maiocriativo\/files\/2019\/05\/IMG_4495-1024x683.jpg 1024w, https:\/\/sites.ipleiria.pt\/maiocriativo\/files\/2019\/05\/IMG_4495-300x200.jpg 300w, https:\/\/sites.ipleiria.pt\/maiocriativo\/files\/2019\/05\/IMG_4495-768x512.jpg 768w\" sizes=\"auto, (max-width: 1024px) 100vw, 1024px\" \/><\/figure>\n\n\n\n<pre class=\"wp-block-preformatted\">\u00a9Sara Peseiro - aluna do Mestrado em Interven\u00e7\u00e3o e Anima\u00e7\u00e3o Art\u00edsticas<\/pre>\n\n\n\n<div style=\"height:100px\" aria-hidden=\"true\" class=\"wp-block-spacer\"><\/div>\n\n\n\n<p><strong>\u00abMarca-te\u00bb <\/strong>&#8211; (Ana e L\u00e9nia Neves, estudantes do 1\u00ba ano do Mestrado em Interven\u00e7\u00e3o e Anima\u00e7\u00e3o Art\u00edsticas) \u2013 Junto aos Servi\u00e7os Acad\u00e9micos<\/p>\n\n\n\n<figure class=\"wp-block-image\"><img loading=\"lazy\" decoding=\"async\" width=\"1024\" height=\"677\" src=\"http:\/\/sites.ipleiria.pt\/maiocriativo\/files\/2019\/05\/IMG_6267-1-1024x677.jpg\" alt=\"\" class=\"wp-image-670\" srcset=\"https:\/\/sites.ipleiria.pt\/maiocriativo\/files\/2019\/05\/IMG_6267-1-1024x677.jpg 1024w, https:\/\/sites.ipleiria.pt\/maiocriativo\/files\/2019\/05\/IMG_6267-1-300x198.jpg 300w, https:\/\/sites.ipleiria.pt\/maiocriativo\/files\/2019\/05\/IMG_6267-1-768x507.jpg 768w\" sizes=\"auto, (max-width: 1024px) 100vw, 1024px\" \/><\/figure>\n\n\n\n<figure class=\"wp-block-image\"><img loading=\"lazy\" decoding=\"async\" width=\"1024\" height=\"605\" src=\"http:\/\/sites.ipleiria.pt\/maiocriativo\/files\/2019\/05\/IMG_6259-1-1024x605.jpg\" alt=\"\" class=\"wp-image-668\" srcset=\"https:\/\/sites.ipleiria.pt\/maiocriativo\/files\/2019\/05\/IMG_6259-1-1024x605.jpg 1024w, https:\/\/sites.ipleiria.pt\/maiocriativo\/files\/2019\/05\/IMG_6259-1-300x177.jpg 300w, https:\/\/sites.ipleiria.pt\/maiocriativo\/files\/2019\/05\/IMG_6259-1-768x454.jpg 768w\" sizes=\"auto, (max-width: 1024px) 100vw, 1024px\" \/><\/figure>\n\n\n\n<pre class=\"wp-block-preformatted\">\u00a9 Catarina Varanda \u2013 Centro de Recursos Multim\u00e9dia\n\n<\/pre>\n","protected":false},"excerpt":{"rendered":"<p>Exposi\u00e7\u00e3o UC Laborat\u00f3rio de Artes Pl\u00e1sticas (1\u00ba ano do Mestrado em Interven\u00e7\u00e3o e Anima\u00e7\u00e3o Art\u00edsticas) \u2013 espalhada por v\u00e1rios cantos da ESECS \u00a9Sara Peseiro &#8211; aluna do Mestrado em Interven\u00e7\u00e3o e Anima\u00e7\u00e3o Art\u00edsticas Exposi\u00e7\u00e3o UC Express\u00e3o Pl\u00e1stica (2\u00baano Educa\u00e7\u00e3o B\u00e1sica)&hellip;  <\/p>\n<p class=\"more-link\"><a href=\"https:\/\/sites.ipleiria.pt\/maiocriativo\/2019-4\/\">Continue reading <span class=\"meta-nav\">&rarr;<\/span><\/a><\/p>\n","protected":false},"author":2694,"featured_media":0,"parent":0,"menu_order":0,"comment_status":"closed","ping_status":"closed","template":"","meta":{"footnotes":""},"class_list":["post-547","page","type-page","status-publish","hentry"],"_links":{"self":[{"href":"https:\/\/sites.ipleiria.pt\/maiocriativo\/wp-json\/wp\/v2\/pages\/547","targetHints":{"allow":["GET"]}}],"collection":[{"href":"https:\/\/sites.ipleiria.pt\/maiocriativo\/wp-json\/wp\/v2\/pages"}],"about":[{"href":"https:\/\/sites.ipleiria.pt\/maiocriativo\/wp-json\/wp\/v2\/types\/page"}],"author":[{"embeddable":true,"href":"https:\/\/sites.ipleiria.pt\/maiocriativo\/wp-json\/wp\/v2\/users\/2694"}],"replies":[{"embeddable":true,"href":"https:\/\/sites.ipleiria.pt\/maiocriativo\/wp-json\/wp\/v2\/comments?post=547"}],"version-history":[{"count":24,"href":"https:\/\/sites.ipleiria.pt\/maiocriativo\/wp-json\/wp\/v2\/pages\/547\/revisions"}],"predecessor-version":[{"id":1023,"href":"https:\/\/sites.ipleiria.pt\/maiocriativo\/wp-json\/wp\/v2\/pages\/547\/revisions\/1023"}],"wp:attachment":[{"href":"https:\/\/sites.ipleiria.pt\/maiocriativo\/wp-json\/wp\/v2\/media?parent=547"}],"curies":[{"name":"wp","href":"https:\/\/api.w.org\/{rel}","templated":true}]}}