{"id":555,"date":"2019-05-01T15:40:10","date_gmt":"2019-05-01T15:40:10","guid":{"rendered":"http:\/\/sites.ipleiria.pt\/maiocriativo\/?page_id=555"},"modified":"2019-05-05T17:46:09","modified_gmt":"2019-05-05T17:46:09","slug":"2019-5","status":"publish","type":"page","link":"https:\/\/sites.ipleiria.pt\/maiocriativo\/2019-5\/","title":{"rendered":"2019"},"content":{"rendered":"\n<table class=\"wp-block-table\"><tbody><tr><td><strong>dia<\/strong><\/td><td><strong>hora<\/strong><\/td><td><strong>atividades<\/strong><\/td><\/tr><tr><td>27<br>(2\u00aafeira)<\/td><td>14:00 &#8211; 15:00<\/td><td><strong>Jo\u00e3o e as sementes musicais<br>O caminho musical<br>A televis\u00e3o<\/strong><br><strong>Dinamiza\u00e7\u00e3o:<\/strong>&nbsp;Estudantes do 3\u00ba ano de Educa\u00e7\u00e3o B\u00e1sica<br><strong>P\u00fablico:<\/strong> crian\u00e7as do 1\u00ba CEB<br><strong>Sala:<\/strong> 0.4&nbsp;<br><\/td><\/tr><tr><td>29<br>(4\u00aafeira)<\/td><td>10:00 &#8211; 11:00<br><br>14:00 &#8211; 15:00<\/td><td><strong>&#8220;O dia em que os l\u00e1pis desistiram\u2026&#8221; <\/strong>interpreta\u00e7\u00e3o da obra liter\u00e1ria de Drew Daywalt<br><strong>Dinamiza\u00e7\u00e3o:<\/strong>\u00a0Estudantes do 2\u00ba ano de Educa\u00e7\u00e3o B\u00e1sica<br><strong>Sala: <\/strong>Audit\u00f3rio 1 (10h) e Audit\u00f3rio 2 (14h)<br><strong>P\u00fablico:<\/strong> crian\u00e7as 1\u00ba CEB e JI<br><\/td><\/tr><tr><td> 30<br>(5\u00aafeira) <\/td><td>12:00 &#8211; 12:30 &nbsp; &nbsp; <\/td><td><strong>Dan\u00e7a Criativa<\/strong><br><strong>Dinamiza\u00e7\u00e3o:<\/strong> Estudantes do IPL 60+ e convidados da Universidade S\u00e9nior dos Pousos<br><strong>Sala:<\/strong>\u00c1trio<br><\/td><\/tr><\/tbody><\/table>\n","protected":false},"excerpt":{"rendered":"<p>dia hora atividades 27(2\u00aafeira) 14:00 &#8211; 15:00 Jo\u00e3o e as sementes musicaisO caminho musicalA televis\u00e3oDinamiza\u00e7\u00e3o:&nbsp;Estudantes do 3\u00ba ano de Educa\u00e7\u00e3o B\u00e1sicaP\u00fablico: crian\u00e7as do 1\u00ba CEBSala: 0.4&nbsp; 29(4\u00aafeira) 10:00 &#8211; 11:00 14:00 &#8211; 15:00 &#8220;O dia em que os l\u00e1pis desistiram\u2026&#8221;&hellip;  <\/p>\n<p class=\"more-link\"><a href=\"https:\/\/sites.ipleiria.pt\/maiocriativo\/2019-5\/\">Continue reading <span class=\"meta-nav\">&rarr;<\/span><\/a><\/p>\n","protected":false},"author":2694,"featured_media":0,"parent":0,"menu_order":0,"comment_status":"closed","ping_status":"closed","template":"full-width-page.php","meta":{"footnotes":""},"class_list":["post-555","page","type-page","status-publish","hentry"],"_links":{"self":[{"href":"https:\/\/sites.ipleiria.pt\/maiocriativo\/wp-json\/wp\/v2\/pages\/555","targetHints":{"allow":["GET"]}}],"collection":[{"href":"https:\/\/sites.ipleiria.pt\/maiocriativo\/wp-json\/wp\/v2\/pages"}],"about":[{"href":"https:\/\/sites.ipleiria.pt\/maiocriativo\/wp-json\/wp\/v2\/types\/page"}],"author":[{"embeddable":true,"href":"https:\/\/sites.ipleiria.pt\/maiocriativo\/wp-json\/wp\/v2\/users\/2694"}],"replies":[{"embeddable":true,"href":"https:\/\/sites.ipleiria.pt\/maiocriativo\/wp-json\/wp\/v2\/comments?post=555"}],"version-history":[{"count":4,"href":"https:\/\/sites.ipleiria.pt\/maiocriativo\/wp-json\/wp\/v2\/pages\/555\/revisions"}],"predecessor-version":[{"id":573,"href":"https:\/\/sites.ipleiria.pt\/maiocriativo\/wp-json\/wp\/v2\/pages\/555\/revisions\/573"}],"wp:attachment":[{"href":"https:\/\/sites.ipleiria.pt\/maiocriativo\/wp-json\/wp\/v2\/media?parent=555"}],"curies":[{"name":"wp","href":"https:\/\/api.w.org\/{rel}","templated":true}]}}