{"id":567,"date":"2019-05-01T16:03:34","date_gmt":"2019-05-01T16:03:34","guid":{"rendered":"http:\/\/sites.ipleiria.pt\/maiocriativo\/?page_id=567"},"modified":"2019-05-01T16:04:10","modified_gmt":"2019-05-01T16:04:10","slug":"2019-7","status":"publish","type":"page","link":"https:\/\/sites.ipleiria.pt\/maiocriativo\/2019-7\/","title":{"rendered":"2019"},"content":{"rendered":"\n<table class=\"wp-block-table\"><tbody><tr><td><strong>dia<\/strong><\/td><td><strong>hora<\/strong><\/td><td><strong>atividades<\/strong><\/td><\/tr><tr><td> 14<br>(3\u00aafeira) <\/td><td>18:00- 20:00<\/td><td><strong>Conversas com hist\u00f3ria &#8211; da Escola do Magist\u00e9rio \u00e0 Escola Superior de Educa\u00e7\u00e3o: experi\u00eancias e percursos na 1\u00aa pessoa<\/strong><br><strong>Convidado:<\/strong> Justino Magalh\u00e3es, IE &#8211; UL<br><strong>Sala: <\/strong>Audit\u00f3rio 1<br><strong>P\u00fablico:<\/strong> Docentes, estudantes e comunidade<\/td><\/tr><tr><td>29<br>(4\u00aafeira)<\/td><td>15:30 &#8211; 18:00<\/td><td><strong>Anima\u00e7\u00e3o leitora<\/strong><br><strong>Dinamizadores:<\/strong> &nbsp; Estudantes do Mestrado em Interven\u00e7\u00e3o e Anima\u00e7\u00e3o Art\u00edsticas <br><strong>Oradores:<\/strong> C\u00e1tia Guarda e Lu\u00edsa Matias (C\u00e2mara Municipal de Leiria); T\u00e2nia Lopes Bail\u00e3o (escritora\/ ilustradora); Rita Marques (Casa Museu Jo\u00e3o Soares); Patr\u00edcia Martins (Escola dos Marrazes)<br><strong>P\u00fablico:<\/strong> Estudantes da ESECS<br><strong>Sala: <\/strong>Audit\u00f3rio 1 <\/td><\/tr><\/tbody><\/table>\n\n\n\n<p><\/p>\n","protected":false},"excerpt":{"rendered":"<p>dia hora atividades 14(3\u00aafeira) 18:00- 20:00 Conversas com hist\u00f3ria &#8211; da Escola do Magist\u00e9rio \u00e0 Escola Superior de Educa\u00e7\u00e3o: experi\u00eancias e percursos na 1\u00aa pessoaConvidado: Justino Magalh\u00e3es, IE &#8211; ULSala: Audit\u00f3rio 1P\u00fablico: Docentes, estudantes e comunidade 29(4\u00aafeira) 15:30 &#8211; 18:00&hellip;  <\/p>\n<p class=\"more-link\"><a href=\"https:\/\/sites.ipleiria.pt\/maiocriativo\/2019-7\/\">Continue reading <span class=\"meta-nav\">&rarr;<\/span><\/a><\/p>\n","protected":false},"author":2694,"featured_media":0,"parent":0,"menu_order":0,"comment_status":"closed","ping_status":"closed","template":"full-width-page.php","meta":{"footnotes":""},"class_list":["post-567","page","type-page","status-publish","hentry"],"_links":{"self":[{"href":"https:\/\/sites.ipleiria.pt\/maiocriativo\/wp-json\/wp\/v2\/pages\/567","targetHints":{"allow":["GET"]}}],"collection":[{"href":"https:\/\/sites.ipleiria.pt\/maiocriativo\/wp-json\/wp\/v2\/pages"}],"about":[{"href":"https:\/\/sites.ipleiria.pt\/maiocriativo\/wp-json\/wp\/v2\/types\/page"}],"author":[{"embeddable":true,"href":"https:\/\/sites.ipleiria.pt\/maiocriativo\/wp-json\/wp\/v2\/users\/2694"}],"replies":[{"embeddable":true,"href":"https:\/\/sites.ipleiria.pt\/maiocriativo\/wp-json\/wp\/v2\/comments?post=567"}],"version-history":[{"count":2,"href":"https:\/\/sites.ipleiria.pt\/maiocriativo\/wp-json\/wp\/v2\/pages\/567\/revisions"}],"predecessor-version":[{"id":570,"href":"https:\/\/sites.ipleiria.pt\/maiocriativo\/wp-json\/wp\/v2\/pages\/567\/revisions\/570"}],"wp:attachment":[{"href":"https:\/\/sites.ipleiria.pt\/maiocriativo\/wp-json\/wp\/v2\/media?parent=567"}],"curies":[{"name":"wp","href":"https:\/\/api.w.org\/{rel}","templated":true}]}}