{"id":57,"date":"2018-04-20T16:44:04","date_gmt":"2018-04-20T16:44:04","guid":{"rendered":"http:\/\/sites.ipleiria.pt\/maiocriativo\/?page_id=57"},"modified":"2018-05-24T15:29:37","modified_gmt":"2018-05-24T15:29:37","slug":"exposicoes-permanentes","status":"publish","type":"page","link":"https:\/\/sites.ipleiria.pt\/maiocriativo\/exposicoes-permanentes\/","title":{"rendered":"Exposi\u00e7\u00f5es"},"content":{"rendered":"<p><strong>Exposi\u00e7\u00f5es permanentes durante todo o m\u00eas de maio<\/strong><\/p>\n<ul>\n<li><em>Rostos do MIAA<\/em> \u2013 Mestrado Interven\u00e7\u00e3o e anima\u00e7\u00e3o Art\u00edsticas &#8211; (Espa\u00e7o \u2013 paredes brancas ao lado do Aud. 1)<img loading=\"lazy\" decoding=\"async\" class=\"aligncenter size-full wp-image-300\" src=\"http:\/\/sites.ipleiria.pt\/maiocriativo\/files\/2018\/05\/expo2.jpg\" alt=\"\" width=\"2138\" height=\"1512\" srcset=\"https:\/\/sites.ipleiria.pt\/maiocriativo\/files\/2018\/05\/expo2.jpg 2138w, https:\/\/sites.ipleiria.pt\/maiocriativo\/files\/2018\/05\/expo2-300x212.jpg 300w, https:\/\/sites.ipleiria.pt\/maiocriativo\/files\/2018\/05\/expo2-768x543.jpg 768w, https:\/\/sites.ipleiria.pt\/maiocriativo\/files\/2018\/05\/expo2-1024x724.jpg 1024w\" sizes=\"auto, (max-width: 2138px) 100vw, 2138px\" \/><\/li>\n<li><em>Reciclarte<\/em> \u2013 Educa\u00e7\u00e3o B\u00e1sica \u2013 2\u00ba ano &#8211; (Espa\u00e7o &#8211; ao lado da sala 0.19)<img loading=\"lazy\" decoding=\"async\" class=\"aligncenter size-full wp-image-301\" src=\"http:\/\/sites.ipleiria.pt\/maiocriativo\/files\/2018\/05\/expo3.jpg\" alt=\"\" width=\"2138\" height=\"1512\" srcset=\"https:\/\/sites.ipleiria.pt\/maiocriativo\/files\/2018\/05\/expo3.jpg 2138w, https:\/\/sites.ipleiria.pt\/maiocriativo\/files\/2018\/05\/expo3-300x212.jpg 300w, https:\/\/sites.ipleiria.pt\/maiocriativo\/files\/2018\/05\/expo3-768x543.jpg 768w, https:\/\/sites.ipleiria.pt\/maiocriativo\/files\/2018\/05\/expo3-1024x724.jpg 1024w\" sizes=\"auto, (max-width: 2138px) 100vw, 2138px\" \/><\/li>\n<li><em>Gravuras Cegas<\/em> \u2013 Mestrado em Comunica\u00e7\u00e3o Acess\u00edvel &#8211;\u00a0 (Espa\u00e7o \u2013 vitrines 1\u00ba andar, Edif\u00edcio A)<\/li>\n<li><em>Ilustrilha<\/em> \u2013 TeSP em Ilustra\u00e7\u00e3o e Produ\u00e7\u00e3o Gr\u00e1fica \/ESAD (Espa\u00e7o \u2013 vitrines 1\u00ba andar, Edif\u00edcio A)<img loading=\"lazy\" decoding=\"async\" class=\"aligncenter size-full wp-image-299\" src=\"http:\/\/sites.ipleiria.pt\/maiocriativo\/files\/2018\/05\/expo.jpg\" alt=\"\" width=\"1947\" height=\"1581\" srcset=\"https:\/\/sites.ipleiria.pt\/maiocriativo\/files\/2018\/05\/expo.jpg 1947w, https:\/\/sites.ipleiria.pt\/maiocriativo\/files\/2018\/05\/expo-300x244.jpg 300w, https:\/\/sites.ipleiria.pt\/maiocriativo\/files\/2018\/05\/expo-768x624.jpg 768w, https:\/\/sites.ipleiria.pt\/maiocriativo\/files\/2018\/05\/expo-1024x832.jpg 1024w\" sizes=\"auto, (max-width: 1947px) 100vw, 1947px\" \/><\/li>\n<li><em>Ilus\u00e3o da Realidade<\/em> \u2013 Mestrado Interven\u00e7\u00e3o e Anima\u00e7\u00e3o Art\u00edsticas &#8211; Fotografia \u2013\u00a0 (Espa\u00e7o \u2013 escadas Edif\u00edcio B)<img loading=\"lazy\" decoding=\"async\" class=\"aligncenter size-full wp-image-302\" src=\"http:\/\/sites.ipleiria.pt\/maiocriativo\/files\/2018\/05\/expo4.jpg\" alt=\"\" width=\"2138\" height=\"1512\" srcset=\"https:\/\/sites.ipleiria.pt\/maiocriativo\/files\/2018\/05\/expo4.jpg 2138w, https:\/\/sites.ipleiria.pt\/maiocriativo\/files\/2018\/05\/expo4-300x212.jpg 300w, https:\/\/sites.ipleiria.pt\/maiocriativo\/files\/2018\/05\/expo4-768x543.jpg 768w, https:\/\/sites.ipleiria.pt\/maiocriativo\/files\/2018\/05\/expo4-1024x724.jpg 1024w\" sizes=\"auto, (max-width: 2138px) 100vw, 2138px\" \/><\/li>\n<li><em>Lengalengas<\/em> \u2013 Curso de Educa\u00e7\u00e3o B\u00e1sica &#8211; 3\u00ba ano &#8211;\u00a0 (Sala 0.33)<\/li>\n<li><em>PeterMiaa<\/em> &#8211; Mestrado Interven\u00e7\u00e3o e Anima\u00e7\u00e3o Art\u00edsticas &#8211; (Espa\u00e7o &#8211; corredor da Biblioteca)<img loading=\"lazy\" decoding=\"async\" class=\"aligncenter size-full wp-image-303\" src=\"http:\/\/sites.ipleiria.pt\/maiocriativo\/files\/2018\/05\/expo5.jpg\" alt=\"\" width=\"2138\" height=\"1512\" srcset=\"https:\/\/sites.ipleiria.pt\/maiocriativo\/files\/2018\/05\/expo5.jpg 2138w, https:\/\/sites.ipleiria.pt\/maiocriativo\/files\/2018\/05\/expo5-300x212.jpg 300w, https:\/\/sites.ipleiria.pt\/maiocriativo\/files\/2018\/05\/expo5-768x543.jpg 768w, https:\/\/sites.ipleiria.pt\/maiocriativo\/files\/2018\/05\/expo5-1024x724.jpg 1024w\" sizes=\"auto, (max-width: 2138px) 100vw, 2138px\" \/><\/li>\n<li><em>Cadavre Exquis<\/em> &#8211; Educa\u00e7\u00e3o B\u00e1sica &#8211; 2\u00ba ano &#8211; (Espa\u00e7o &#8211; escadas Edif\u00edcio B)<\/li>\n<\/ul>\n","protected":false},"excerpt":{"rendered":"<p>Exposi\u00e7\u00f5es permanentes durante todo o m\u00eas de maio Rostos do MIAA \u2013 Mestrado Interven\u00e7\u00e3o e anima\u00e7\u00e3o Art\u00edsticas &#8211; (Espa\u00e7o \u2013 paredes brancas ao lado do Aud. 1) Reciclarte \u2013 Educa\u00e7\u00e3o B\u00e1sica \u2013 2\u00ba ano &#8211; (Espa\u00e7o &#8211; ao lado da&hellip;  <\/p>\n<p class=\"more-link\"><a href=\"https:\/\/sites.ipleiria.pt\/maiocriativo\/exposicoes-permanentes\/\">Continue reading <span class=\"meta-nav\">&rarr;<\/span><\/a><\/p>\n","protected":false},"author":102,"featured_media":0,"parent":0,"menu_order":0,"comment_status":"closed","ping_status":"closed","template":"full-width-page.php","meta":{"footnotes":""},"class_list":["post-57","page","type-page","status-publish","hentry"],"_links":{"self":[{"href":"https:\/\/sites.ipleiria.pt\/maiocriativo\/wp-json\/wp\/v2\/pages\/57","targetHints":{"allow":["GET"]}}],"collection":[{"href":"https:\/\/sites.ipleiria.pt\/maiocriativo\/wp-json\/wp\/v2\/pages"}],"about":[{"href":"https:\/\/sites.ipleiria.pt\/maiocriativo\/wp-json\/wp\/v2\/types\/page"}],"author":[{"embeddable":true,"href":"https:\/\/sites.ipleiria.pt\/maiocriativo\/wp-json\/wp\/v2\/users\/102"}],"replies":[{"embeddable":true,"href":"https:\/\/sites.ipleiria.pt\/maiocriativo\/wp-json\/wp\/v2\/comments?post=57"}],"version-history":[{"count":9,"href":"https:\/\/sites.ipleiria.pt\/maiocriativo\/wp-json\/wp\/v2\/pages\/57\/revisions"}],"predecessor-version":[{"id":310,"href":"https:\/\/sites.ipleiria.pt\/maiocriativo\/wp-json\/wp\/v2\/pages\/57\/revisions\/310"}],"wp:attachment":[{"href":"https:\/\/sites.ipleiria.pt\/maiocriativo\/wp-json\/wp\/v2\/media?parent=57"}],"curies":[{"name":"wp","href":"https:\/\/api.w.org\/{rel}","templated":true}]}}