{"id":575,"date":"2019-05-09T13:47:58","date_gmt":"2019-05-09T13:47:58","guid":{"rendered":"http:\/\/sites.ipleiria.pt\/maiocriativo\/?page_id=575"},"modified":"2019-05-15T15:22:31","modified_gmt":"2019-05-15T15:22:31","slug":"8-de-maio","status":"publish","type":"page","link":"https:\/\/sites.ipleiria.pt\/maiocriativo\/8-de-maio\/","title":{"rendered":"8 maio"},"content":{"rendered":"\n<p><strong>Express\u00e3o Dram\u00e1tica<\/strong><\/p>\n\n\n\n<p><strong>Dinamiza\u00e7\u00e3o:<\/strong>&nbsp;Ana Pinto e J\u00e9ssica Pais \u2013 Estudantes do 1\u00ba ano Mestrado de Interven\u00e7\u00e3o e Anima\u00e7\u00e3o Art\u00edsticas <\/p>\n\n\n\n<ul class=\"wp-block-gallery columns-2 wp-block-gallery-1 is-layout-flex wp-block-gallery-is-layout-flex\"><li class=\"blocks-gallery-item\"><figure><img loading=\"lazy\" decoding=\"async\" width=\"1024\" height=\"683\" src=\"https:\/\/sites.ipleiria.pt\/maiocriativo\/files\/2019\/05\/IMG_6102-2-1024x683.jpg\" alt=\"\" data-id=\"605\" data-link=\"https:\/\/sites.ipleiria.pt\/maiocriativo\/8-de-maio\/img_6102-3\/\" class=\"wp-image-605\" srcset=\"https:\/\/sites.ipleiria.pt\/maiocriativo\/files\/2019\/05\/IMG_6102-2-1024x683.jpg 1024w, https:\/\/sites.ipleiria.pt\/maiocriativo\/files\/2019\/05\/IMG_6102-2-300x200.jpg 300w, https:\/\/sites.ipleiria.pt\/maiocriativo\/files\/2019\/05\/IMG_6102-2-768x512.jpg 768w\" sizes=\"auto, (max-width: 1024px) 100vw, 1024px\" \/><\/figure><\/li><li class=\"blocks-gallery-item\"><figure><img loading=\"lazy\" decoding=\"async\" width=\"1024\" height=\"683\" src=\"https:\/\/sites.ipleiria.pt\/maiocriativo\/files\/2019\/05\/IMG_6109-2-1024x683.jpg\" alt=\"\" data-id=\"606\" data-link=\"https:\/\/sites.ipleiria.pt\/maiocriativo\/8-de-maio\/img_6109-3\/\" class=\"wp-image-606\" srcset=\"https:\/\/sites.ipleiria.pt\/maiocriativo\/files\/2019\/05\/IMG_6109-2-1024x683.jpg 1024w, https:\/\/sites.ipleiria.pt\/maiocriativo\/files\/2019\/05\/IMG_6109-2-300x200.jpg 300w, https:\/\/sites.ipleiria.pt\/maiocriativo\/files\/2019\/05\/IMG_6109-2-768x512.jpg 768w\" sizes=\"auto, (max-width: 1024px) 100vw, 1024px\" \/><\/figure><\/li><li class=\"blocks-gallery-item\"><figure><img loading=\"lazy\" decoding=\"async\" width=\"1024\" height=\"683\" src=\"https:\/\/sites.ipleiria.pt\/maiocriativo\/files\/2019\/05\/IMG_6120-1-1024x683.jpg\" alt=\"\" data-id=\"607\" data-link=\"https:\/\/sites.ipleiria.pt\/maiocriativo\/8-de-maio\/img_6120-2\/\" class=\"wp-image-607\" srcset=\"https:\/\/sites.ipleiria.pt\/maiocriativo\/files\/2019\/05\/IMG_6120-1-1024x683.jpg 1024w, https:\/\/sites.ipleiria.pt\/maiocriativo\/files\/2019\/05\/IMG_6120-1-300x200.jpg 300w, https:\/\/sites.ipleiria.pt\/maiocriativo\/files\/2019\/05\/IMG_6120-1-768x512.jpg 768w\" sizes=\"auto, (max-width: 1024px) 100vw, 1024px\" \/><\/figure><\/li><li class=\"blocks-gallery-item\"><figure><img loading=\"lazy\" decoding=\"async\" width=\"1024\" height=\"683\" src=\"https:\/\/sites.ipleiria.pt\/maiocriativo\/files\/2019\/05\/IMG_6124-1-1024x683.jpg\" alt=\"\" data-id=\"608\" data-link=\"https:\/\/sites.ipleiria.pt\/maiocriativo\/8-de-maio\/img_6124-2\/\" class=\"wp-image-608\" srcset=\"https:\/\/sites.ipleiria.pt\/maiocriativo\/files\/2019\/05\/IMG_6124-1-1024x683.jpg 1024w, https:\/\/sites.ipleiria.pt\/maiocriativo\/files\/2019\/05\/IMG_6124-1-300x200.jpg 300w, https:\/\/sites.ipleiria.pt\/maiocriativo\/files\/2019\/05\/IMG_6124-1-768x512.jpg 768w\" sizes=\"auto, (max-width: 1024px) 100vw, 1024px\" \/><\/figure><\/li><li class=\"blocks-gallery-item\"><figure><img loading=\"lazy\" decoding=\"async\" width=\"1024\" height=\"683\" src=\"https:\/\/sites.ipleiria.pt\/maiocriativo\/files\/2019\/05\/IMG_6125-1-1024x683.jpg\" alt=\"\" data-id=\"609\" data-link=\"https:\/\/sites.ipleiria.pt\/maiocriativo\/8-de-maio\/img_6125-2\/\" class=\"wp-image-609\" srcset=\"https:\/\/sites.ipleiria.pt\/maiocriativo\/files\/2019\/05\/IMG_6125-1-1024x683.jpg 1024w, https:\/\/sites.ipleiria.pt\/maiocriativo\/files\/2019\/05\/IMG_6125-1-300x200.jpg 300w, https:\/\/sites.ipleiria.pt\/maiocriativo\/files\/2019\/05\/IMG_6125-1-768x512.jpg 768w\" sizes=\"auto, (max-width: 1024px) 100vw, 1024px\" \/><\/figure><\/li><li class=\"blocks-gallery-item\"><figure><img loading=\"lazy\" decoding=\"async\" width=\"1024\" height=\"683\" src=\"https:\/\/sites.ipleiria.pt\/maiocriativo\/files\/2019\/05\/IMG_6131-1-1024x683.jpg\" alt=\"\" data-id=\"610\" data-link=\"https:\/\/sites.ipleiria.pt\/maiocriativo\/8-de-maio\/img_6131-2\/\" class=\"wp-image-610\" srcset=\"https:\/\/sites.ipleiria.pt\/maiocriativo\/files\/2019\/05\/IMG_6131-1-1024x683.jpg 1024w, https:\/\/sites.ipleiria.pt\/maiocriativo\/files\/2019\/05\/IMG_6131-1-300x200.jpg 300w, https:\/\/sites.ipleiria.pt\/maiocriativo\/files\/2019\/05\/IMG_6131-1-768x512.jpg 768w\" sizes=\"auto, (max-width: 1024px) 100vw, 1024px\" \/><\/figure><\/li><li class=\"blocks-gallery-item\"><figure><img loading=\"lazy\" decoding=\"async\" width=\"1024\" height=\"683\" src=\"https:\/\/sites.ipleiria.pt\/maiocriativo\/files\/2019\/05\/IMG_6134-1-1024x683.jpg\" alt=\"\" data-id=\"611\" data-link=\"https:\/\/sites.ipleiria.pt\/maiocriativo\/8-de-maio\/img_6134-2\/\" class=\"wp-image-611\" srcset=\"https:\/\/sites.ipleiria.pt\/maiocriativo\/files\/2019\/05\/IMG_6134-1-1024x683.jpg 1024w, https:\/\/sites.ipleiria.pt\/maiocriativo\/files\/2019\/05\/IMG_6134-1-300x200.jpg 300w, https:\/\/sites.ipleiria.pt\/maiocriativo\/files\/2019\/05\/IMG_6134-1-768x512.jpg 768w\" sizes=\"auto, (max-width: 1024px) 100vw, 1024px\" \/><\/figure><\/li><li class=\"blocks-gallery-item\"><figure><img loading=\"lazy\" decoding=\"async\" width=\"1024\" height=\"683\" src=\"https:\/\/sites.ipleiria.pt\/maiocriativo\/files\/2019\/05\/IMG_6172-1-1024x683.jpg\" alt=\"\" data-id=\"612\" data-link=\"https:\/\/sites.ipleiria.pt\/maiocriativo\/8-de-maio\/img_6172-2\/\" class=\"wp-image-612\" srcset=\"https:\/\/sites.ipleiria.pt\/maiocriativo\/files\/2019\/05\/IMG_6172-1-1024x683.jpg 1024w, https:\/\/sites.ipleiria.pt\/maiocriativo\/files\/2019\/05\/IMG_6172-1-300x200.jpg 300w, https:\/\/sites.ipleiria.pt\/maiocriativo\/files\/2019\/05\/IMG_6172-1-768x512.jpg 768w\" sizes=\"auto, (max-width: 1024px) 100vw, 1024px\" \/><\/figure><\/li><\/ul>\n\n\n\n<pre class=\"wp-block-preformatted\"> \u00a9 Catarina Varanda \u2013 Centro de Recursos Multim\u00e9dia <\/pre>\n\n\n\n<p><\/p>\n\n\n\n<p><\/p>\n\n\n\n<p><strong><em>.<\/em><\/strong><\/p>\n\n\n\n<p><\/p>\n\n\n\n<p><strong><em>Photovoice <\/em>em contextos de interven\u00e7\u00e3o<\/strong><br><strong>Convidada:<\/strong>&nbsp;Rosalinda Chaves <\/p>\n\n\n\n<ul class=\"wp-block-gallery columns-2 wp-block-gallery-2 is-layout-flex wp-block-gallery-is-layout-flex\"><li class=\"blocks-gallery-item\"><figure><img loading=\"lazy\" decoding=\"async\" width=\"1024\" height=\"680\" src=\"https:\/\/sites.ipleiria.pt\/maiocriativo\/files\/2019\/05\/DSC_0143-1024x680.jpg\" alt=\"\" data-id=\"614\" data-link=\"https:\/\/sites.ipleiria.pt\/maiocriativo\/8-de-maio\/dsc_0143\/\" class=\"wp-image-614\" srcset=\"https:\/\/sites.ipleiria.pt\/maiocriativo\/files\/2019\/05\/DSC_0143-1024x680.jpg 1024w, https:\/\/sites.ipleiria.pt\/maiocriativo\/files\/2019\/05\/DSC_0143-300x199.jpg 300w, https:\/\/sites.ipleiria.pt\/maiocriativo\/files\/2019\/05\/DSC_0143-768x510.jpg 768w\" sizes=\"auto, (max-width: 1024px) 100vw, 1024px\" \/><\/figure><\/li><li class=\"blocks-gallery-item\"><figure><img loading=\"lazy\" decoding=\"async\" width=\"1024\" height=\"680\" src=\"https:\/\/sites.ipleiria.pt\/maiocriativo\/files\/2019\/05\/DSC_0146-1024x680.jpg\" alt=\"\" data-id=\"615\" data-link=\"https:\/\/sites.ipleiria.pt\/maiocriativo\/8-de-maio\/dsc_0146\/\" class=\"wp-image-615\" srcset=\"https:\/\/sites.ipleiria.pt\/maiocriativo\/files\/2019\/05\/DSC_0146-1024x680.jpg 1024w, https:\/\/sites.ipleiria.pt\/maiocriativo\/files\/2019\/05\/DSC_0146-300x199.jpg 300w, https:\/\/sites.ipleiria.pt\/maiocriativo\/files\/2019\/05\/DSC_0146-768x510.jpg 768w\" sizes=\"auto, (max-width: 1024px) 100vw, 1024px\" \/><\/figure><\/li><\/ul>\n\n\n\n<pre class=\"wp-block-preformatted\"> \u00a9 Catarina Varanda \u2013 Centro de Recursos Multim\u00e9dia <\/pre>\n","protected":false},"excerpt":{"rendered":"<p>Express\u00e3o Dram\u00e1tica Dinamiza\u00e7\u00e3o:&nbsp;Ana Pinto e J\u00e9ssica Pais \u2013 Estudantes do 1\u00ba ano Mestrado de Interven\u00e7\u00e3o e Anima\u00e7\u00e3o Art\u00edsticas \u00a9 Catarina Varanda \u2013 Centro de Recursos Multim\u00e9dia . Photovoice em contextos de interven\u00e7\u00e3oConvidada:&nbsp;Rosalinda Chaves \u00a9 Catarina Varanda \u2013 Centro de Recursos&hellip;  <\/p>\n<p class=\"more-link\"><a href=\"https:\/\/sites.ipleiria.pt\/maiocriativo\/8-de-maio\/\">Continue reading <span class=\"meta-nav\">&rarr;<\/span><\/a><\/p>\n","protected":false},"author":2694,"featured_media":0,"parent":0,"menu_order":0,"comment_status":"closed","ping_status":"closed","template":"full-width-page.php","meta":{"footnotes":""},"class_list":["post-575","page","type-page","status-publish","hentry"],"_links":{"self":[{"href":"https:\/\/sites.ipleiria.pt\/maiocriativo\/wp-json\/wp\/v2\/pages\/575","targetHints":{"allow":["GET"]}}],"collection":[{"href":"https:\/\/sites.ipleiria.pt\/maiocriativo\/wp-json\/wp\/v2\/pages"}],"about":[{"href":"https:\/\/sites.ipleiria.pt\/maiocriativo\/wp-json\/wp\/v2\/types\/page"}],"author":[{"embeddable":true,"href":"https:\/\/sites.ipleiria.pt\/maiocriativo\/wp-json\/wp\/v2\/users\/2694"}],"replies":[{"embeddable":true,"href":"https:\/\/sites.ipleiria.pt\/maiocriativo\/wp-json\/wp\/v2\/comments?post=575"}],"version-history":[{"count":15,"href":"https:\/\/sites.ipleiria.pt\/maiocriativo\/wp-json\/wp\/v2\/pages\/575\/revisions"}],"predecessor-version":[{"id":706,"href":"https:\/\/sites.ipleiria.pt\/maiocriativo\/wp-json\/wp\/v2\/pages\/575\/revisions\/706"}],"wp:attachment":[{"href":"https:\/\/sites.ipleiria.pt\/maiocriativo\/wp-json\/wp\/v2\/media?parent=575"}],"curies":[{"name":"wp","href":"https:\/\/api.w.org\/{rel}","templated":true}]}}