{"id":6,"date":"2018-04-19T09:30:20","date_gmt":"2018-04-19T09:30:20","guid":{"rendered":"http:\/\/sites.ipleiria.pt\/maiocriativo\/?page_id=6"},"modified":"2018-05-11T14:35:37","modified_gmt":"2018-05-11T14:35:37","slug":"pag-01","status":"publish","type":"page","link":"https:\/\/sites.ipleiria.pt\/maiocriativo\/pag-01\/","title":{"rendered":"Aulas Abertas"},"content":{"rendered":"<table border=\"1\">\n<tbody>\n<tr>\n<td style=\"text-align: center\"><strong>dia<\/strong><\/td>\n<td style=\"text-align: center\"><strong>hora<\/strong><\/td>\n<td style=\"text-align: center\"><strong>atividades<\/strong><\/td>\n<\/tr>\n<tr>\n<td>\n<p style=\"text-align: center\">02<br \/>\n(4\u00aafeira)<\/p>\n<\/td>\n<td style=\"text-align: center\">18:30 &#8211; 20:30<\/td>\n<td><strong>A cria\u00e7\u00e3o teatral e a constru\u00e7\u00e3o de rela\u00e7\u00f5es \u2013 da recusa ao envolvimento<\/strong><br \/>\n<strong>Convidada:<\/strong> Dina Gabriel \u2013 Educadora de Inf\u00e2ncia e Mestre em Interven\u00e7\u00e3o e Anima\u00e7\u00e3o Art\u00edsticas<strong>A m\u00fasica enquanto ferramenta de interven\u00e7\u00e3o<\/strong><br \/>\n<strong>Convidada:<\/strong> Joana Gon\u00e7alves \u2013 Animadora Cultural na SAMP e Mestre em Interven\u00e7\u00e3o e Anima\u00e7\u00e3o Art\u00edsticas<br \/>\n<em><em><br \/>\n<\/em><\/em><strong style=\"font-family: inherit;font-size: inherit\">Sala: <\/strong>1.8<span style=\"font-family: inherit;font-size: inherit\"><br \/>\n<\/span><em><span style=\"font-family: inherit;font-size: inherit\">Entrada livre<\/span><\/em><\/td>\n<\/tr>\n<tr>\n<td style=\"text-align: center\">03<br \/>\n(5\u00aafeira)<\/td>\n<td style=\"text-align: center\">10:30 &#8211; 12:30<\/td>\n<td><strong>S. A. Marionetas \u2013 20 anos a trabalhar para o boneco<\/strong><br \/>\n<strong>Convidados:<\/strong> S. A. Marionetas \u2013 Jos\u00e9 Gil e Sofia Vinagre<br \/>\n<em><br \/>\n<\/em><strong style=\"font-family: inherit;font-size: inherit\">Sala: <\/strong>Audit\u00f3rio 1<span style=\"font-family: inherit;font-size: inherit\"><br \/>\n<\/span><span style=\"font-family: inherit;font-size: inherit\"><span style=\"font-family: inherit;font-size: inherit\"><strong>P\u00fablico: <\/strong>Estudantes de ISD, IEE, Mestrados de Ensino, outros<br \/>\n<\/span><\/span><span style=\"font-family: inherit;font-size: inherit\"><em>Entrada livre<\/em><br \/>\n<\/span><\/td>\n<\/tr>\n<tr>\n<td style=\"text-align: center\">10<br \/>\n(5\u00aafeira)<\/td>\n<td style=\"text-align: center\">10:00 \u2013 11:30<\/td>\n<td><strong>Stop Motion: Imagens em Movimento<\/strong><br \/>\n<strong>Dinamiza\u00e7\u00e3o:<\/strong> Estudantes de Interven\u00e7\u00e3o Sociocultural e Desportiva (ISD)<br \/>\n<em><br \/>\n<\/em><strong style=\"font-family: inherit;font-size: inherit\">Sala: <\/strong>Audit\u00f3rio 1<span style=\"font-family: inherit;font-size: inherit\"><br \/>\n<\/span><span style=\"font-family: inherit;font-size: inherit\"><em>Entrada livre<\/em><\/span><\/td>\n<\/tr>\n<tr>\n<td style=\"text-align: center\">16<br \/>\n(4\u00aafeira)<\/td>\n<td style=\"text-align: center\">18:30 &#8211; 20:30<\/td>\n<td><strong>As linguagens art\u00edsticas na inclus\u00e3o social<\/strong><br \/>\n<strong>Convidado:<\/strong> Lisete Cordeiro \u2013 Presidente da InPulsar<br \/>\n<em><br \/>\n<\/em><strong style=\"font-family: inherit;font-size: inherit\">Sala: <\/strong>1.8<span style=\"font-family: inherit;font-size: inherit\"><br \/>\n<\/span><span style=\"font-family: inherit;font-size: inherit\"><em>Entrada livre<\/em><\/span><\/td>\n<\/tr>\n<tr>\n<td style=\"text-align: center\">23<br \/>\n(4\u00aafeira)<\/td>\n<td style=\"text-align: center\">10:00 &#8211; 16:00<\/td>\n<td><strong>Al\u00e9m do f\u00edsico: reflex\u00e3o sobre as barreiras \u00e0 participa\u00e7\u00e3o cultural\u201d<\/strong><br \/>\n<strong>Convidado:<\/strong> Maria Vlachou \u2013 Associa\u00e7\u00e3o Acesso Cultura<br \/>\n<em><br \/>\n<\/em><strong style=\"font-family: inherit;font-size: inherit\">Sala: <\/strong>Audit\u00f3rio 1<span style=\"font-family: inherit;font-size: inherit\"><br \/>\n<\/span><span style=\"font-family: inherit;font-size: inherit\"><span style=\"font-family: inherit;font-size: inherit\"><strong>P\u00fablico:<\/strong> Estudantes da ESECS e outros<br \/>\n<\/span><\/span><span style=\"font-family: inherit;font-size: inherit\"><em>Entrada livre<\/em><br \/>\n<\/span><\/td>\n<\/tr>\n<\/tbody>\n<\/table>\n","protected":false},"excerpt":{"rendered":"<p>dia hora atividades 02 (4\u00aafeira) 18:30 &#8211; 20:30 A cria\u00e7\u00e3o teatral e a constru\u00e7\u00e3o de rela\u00e7\u00f5es \u2013 da recusa ao envolvimento Convidada: Dina Gabriel \u2013 Educadora de Inf\u00e2ncia e Mestre em Interven\u00e7\u00e3o e Anima\u00e7\u00e3o Art\u00edsticasA m\u00fasica enquanto ferramenta de interven\u00e7\u00e3o&hellip;  <\/p>\n<p class=\"more-link\"><a href=\"https:\/\/sites.ipleiria.pt\/maiocriativo\/pag-01\/\">Continue reading <span class=\"meta-nav\">&rarr;<\/span><\/a><\/p>\n","protected":false},"author":102,"featured_media":0,"parent":0,"menu_order":1,"comment_status":"closed","ping_status":"closed","template":"full-width-page.php","meta":{"footnotes":""},"class_list":["post-6","page","type-page","status-publish","hentry"],"_links":{"self":[{"href":"https:\/\/sites.ipleiria.pt\/maiocriativo\/wp-json\/wp\/v2\/pages\/6","targetHints":{"allow":["GET"]}}],"collection":[{"href":"https:\/\/sites.ipleiria.pt\/maiocriativo\/wp-json\/wp\/v2\/pages"}],"about":[{"href":"https:\/\/sites.ipleiria.pt\/maiocriativo\/wp-json\/wp\/v2\/types\/page"}],"author":[{"embeddable":true,"href":"https:\/\/sites.ipleiria.pt\/maiocriativo\/wp-json\/wp\/v2\/users\/102"}],"replies":[{"embeddable":true,"href":"https:\/\/sites.ipleiria.pt\/maiocriativo\/wp-json\/wp\/v2\/comments?post=6"}],"version-history":[{"count":28,"href":"https:\/\/sites.ipleiria.pt\/maiocriativo\/wp-json\/wp\/v2\/pages\/6\/revisions"}],"predecessor-version":[{"id":189,"href":"https:\/\/sites.ipleiria.pt\/maiocriativo\/wp-json\/wp\/v2\/pages\/6\/revisions\/189"}],"wp:attachment":[{"href":"https:\/\/sites.ipleiria.pt\/maiocriativo\/wp-json\/wp\/v2\/media?parent=6"}],"curies":[{"name":"wp","href":"https:\/\/api.w.org\/{rel}","templated":true}]}}