{"id":681,"date":"2019-05-15T15:16:44","date_gmt":"2019-05-15T15:16:44","guid":{"rendered":"http:\/\/sites.ipleiria.pt\/maiocriativo\/?page_id=681"},"modified":"2019-05-15T15:28:27","modified_gmt":"2019-05-15T15:28:27","slug":"14-maio","status":"publish","type":"page","link":"https:\/\/sites.ipleiria.pt\/maiocriativo\/14-maio\/","title":{"rendered":"14 maio"},"content":{"rendered":"\n<p><strong>Prov\u00e9rbios<\/strong><br><strong>Dinamiza\u00e7\u00e3o:<\/strong>&nbsp;Estudantes do 3\u00ba ano de Educa\u00e7\u00e3o B\u00e1sica\n\n<\/p>\n\n\n\n<ul class=\"wp-block-gallery columns-2 is-cropped wp-block-gallery-1 is-layout-flex wp-block-gallery-is-layout-flex\"><li class=\"blocks-gallery-item\"><figure><img loading=\"lazy\" decoding=\"async\" width=\"1024\" height=\"680\" src=\"https:\/\/sites.ipleiria.pt\/maiocriativo\/files\/2019\/05\/DSC_0017-1-1024x680.jpg\" alt=\"\" data-id=\"715\" data-link=\"https:\/\/sites.ipleiria.pt\/maiocriativo\/14-maio\/dsc_0017-2\/\" class=\"wp-image-715\" srcset=\"https:\/\/sites.ipleiria.pt\/maiocriativo\/files\/2019\/05\/DSC_0017-1-1024x680.jpg 1024w, https:\/\/sites.ipleiria.pt\/maiocriativo\/files\/2019\/05\/DSC_0017-1-300x199.jpg 300w, https:\/\/sites.ipleiria.pt\/maiocriativo\/files\/2019\/05\/DSC_0017-1-768x510.jpg 768w\" sizes=\"auto, (max-width: 1024px) 100vw, 1024px\" \/><\/figure><\/li><li class=\"blocks-gallery-item\"><figure><img loading=\"lazy\" decoding=\"async\" width=\"1024\" height=\"680\" src=\"https:\/\/sites.ipleiria.pt\/maiocriativo\/files\/2019\/05\/DSC_0019-1-1024x680.jpg\" alt=\"\" data-id=\"716\" data-link=\"https:\/\/sites.ipleiria.pt\/maiocriativo\/14-maio\/dsc_0019-2\/\" class=\"wp-image-716\" srcset=\"https:\/\/sites.ipleiria.pt\/maiocriativo\/files\/2019\/05\/DSC_0019-1-1024x680.jpg 1024w, https:\/\/sites.ipleiria.pt\/maiocriativo\/files\/2019\/05\/DSC_0019-1-300x199.jpg 300w, https:\/\/sites.ipleiria.pt\/maiocriativo\/files\/2019\/05\/DSC_0019-1-768x510.jpg 768w\" sizes=\"auto, (max-width: 1024px) 100vw, 1024px\" \/><\/figure><\/li><li class=\"blocks-gallery-item\"><figure><img loading=\"lazy\" decoding=\"async\" width=\"1024\" height=\"680\" src=\"https:\/\/sites.ipleiria.pt\/maiocriativo\/files\/2019\/05\/DSC_0021-1-1024x680.jpg\" alt=\"\" data-id=\"717\" data-link=\"https:\/\/sites.ipleiria.pt\/maiocriativo\/14-maio\/dsc_0021-2\/\" class=\"wp-image-717\" srcset=\"https:\/\/sites.ipleiria.pt\/maiocriativo\/files\/2019\/05\/DSC_0021-1-1024x680.jpg 1024w, https:\/\/sites.ipleiria.pt\/maiocriativo\/files\/2019\/05\/DSC_0021-1-300x199.jpg 300w, https:\/\/sites.ipleiria.pt\/maiocriativo\/files\/2019\/05\/DSC_0021-1-768x510.jpg 768w\" sizes=\"auto, (max-width: 1024px) 100vw, 1024px\" \/><\/figure><\/li><li class=\"blocks-gallery-item\"><figure><img loading=\"lazy\" decoding=\"async\" width=\"1024\" height=\"680\" src=\"https:\/\/sites.ipleiria.pt\/maiocriativo\/files\/2019\/05\/DSC_0022-1-1024x680.jpg\" alt=\"\" data-id=\"718\" data-link=\"https:\/\/sites.ipleiria.pt\/maiocriativo\/14-maio\/dsc_0022-2\/\" class=\"wp-image-718\" srcset=\"https:\/\/sites.ipleiria.pt\/maiocriativo\/files\/2019\/05\/DSC_0022-1-1024x680.jpg 1024w, https:\/\/sites.ipleiria.pt\/maiocriativo\/files\/2019\/05\/DSC_0022-1-300x199.jpg 300w, https:\/\/sites.ipleiria.pt\/maiocriativo\/files\/2019\/05\/DSC_0022-1-768x510.jpg 768w\" sizes=\"auto, (max-width: 1024px) 100vw, 1024px\" \/><\/figure><\/li><li class=\"blocks-gallery-item\"><figure><img loading=\"lazy\" decoding=\"async\" width=\"1024\" height=\"680\" src=\"https:\/\/sites.ipleiria.pt\/maiocriativo\/files\/2019\/05\/DSC_0024-1-1024x680.jpg\" alt=\"\" data-id=\"719\" data-link=\"https:\/\/sites.ipleiria.pt\/maiocriativo\/14-maio\/dsc_0024-2\/\" class=\"wp-image-719\" srcset=\"https:\/\/sites.ipleiria.pt\/maiocriativo\/files\/2019\/05\/DSC_0024-1-1024x680.jpg 1024w, https:\/\/sites.ipleiria.pt\/maiocriativo\/files\/2019\/05\/DSC_0024-1-300x199.jpg 300w, https:\/\/sites.ipleiria.pt\/maiocriativo\/files\/2019\/05\/DSC_0024-1-768x510.jpg 768w\" sizes=\"auto, (max-width: 1024px) 100vw, 1024px\" \/><\/figure><\/li><li class=\"blocks-gallery-item\"><figure><img loading=\"lazy\" decoding=\"async\" width=\"1024\" height=\"680\" src=\"https:\/\/sites.ipleiria.pt\/maiocriativo\/files\/2019\/05\/DSC_0027-1-1024x680.jpg\" alt=\"\" data-id=\"720\" data-link=\"https:\/\/sites.ipleiria.pt\/maiocriativo\/14-maio\/dsc_0027-2\/\" class=\"wp-image-720\" srcset=\"https:\/\/sites.ipleiria.pt\/maiocriativo\/files\/2019\/05\/DSC_0027-1-1024x680.jpg 1024w, https:\/\/sites.ipleiria.pt\/maiocriativo\/files\/2019\/05\/DSC_0027-1-300x199.jpg 300w, https:\/\/sites.ipleiria.pt\/maiocriativo\/files\/2019\/05\/DSC_0027-1-768x510.jpg 768w\" sizes=\"auto, (max-width: 1024px) 100vw, 1024px\" \/><\/figure><\/li><li class=\"blocks-gallery-item\"><figure><img loading=\"lazy\" decoding=\"async\" width=\"1024\" height=\"680\" src=\"https:\/\/sites.ipleiria.pt\/maiocriativo\/files\/2019\/05\/DSC_0032-1-1024x680.jpg\" alt=\"\" data-id=\"721\" data-link=\"https:\/\/sites.ipleiria.pt\/maiocriativo\/14-maio\/dsc_0032-2\/\" class=\"wp-image-721\" srcset=\"https:\/\/sites.ipleiria.pt\/maiocriativo\/files\/2019\/05\/DSC_0032-1-1024x680.jpg 1024w, https:\/\/sites.ipleiria.pt\/maiocriativo\/files\/2019\/05\/DSC_0032-1-300x199.jpg 300w, https:\/\/sites.ipleiria.pt\/maiocriativo\/files\/2019\/05\/DSC_0032-1-768x510.jpg 768w\" sizes=\"auto, (max-width: 1024px) 100vw, 1024px\" \/><\/figure><\/li><\/ul>\n\n\n\n<ul class=\"wp-block-gallery columns-0 is-cropped wp-block-gallery-2 is-layout-flex wp-block-gallery-is-layout-flex\"><\/ul>\n\n\n\n<pre class=\"wp-block-preformatted\"> \u00a9 Catarina Varanda \u2013 Centro de Recursos Multim\u00e9dia <br><br><\/pre>\n\n\n\n<div style=\"height:100px\" aria-hidden=\"true\" class=\"wp-block-spacer\"><\/div>\n\n\n\n<p><strong>Paisagens sonoras<\/strong><br><strong>Dinamiza\u00e7\u00e3o:<\/strong>\u00a0Sara Pereiro, L\u00e9nia Neves, Ana Pinto e Isabel Ferreira \u2013 Estudantes do 1\u00ba ano Mestrado de Interven\u00e7\u00e3o e Anima\u00e7\u00e3o Art\u00edsticas <\/p>\n\n\n\n<ul class=\"wp-block-gallery columns-2 is-cropped wp-block-gallery-3 is-layout-flex wp-block-gallery-is-layout-flex\"><li class=\"blocks-gallery-item\"><figure><img loading=\"lazy\" decoding=\"async\" width=\"1024\" height=\"680\" src=\"https:\/\/sites.ipleiria.pt\/maiocriativo\/files\/2019\/05\/DSC_0001-1-1024x680.jpg\" alt=\"\" data-id=\"723\" data-link=\"https:\/\/sites.ipleiria.pt\/maiocriativo\/14-maio\/dsc_0001-3\/\" class=\"wp-image-723\" srcset=\"https:\/\/sites.ipleiria.pt\/maiocriativo\/files\/2019\/05\/DSC_0001-1-1024x680.jpg 1024w, https:\/\/sites.ipleiria.pt\/maiocriativo\/files\/2019\/05\/DSC_0001-1-300x199.jpg 300w, https:\/\/sites.ipleiria.pt\/maiocriativo\/files\/2019\/05\/DSC_0001-1-768x510.jpg 768w\" sizes=\"auto, (max-width: 1024px) 100vw, 1024px\" \/><\/figure><\/li><li class=\"blocks-gallery-item\"><figure><img loading=\"lazy\" decoding=\"async\" width=\"1024\" height=\"680\" src=\"https:\/\/sites.ipleiria.pt\/maiocriativo\/files\/2019\/05\/DSC_0003-1-1024x680.jpg\" alt=\"\" data-id=\"724\" data-link=\"https:\/\/sites.ipleiria.pt\/maiocriativo\/14-maio\/dsc_0003-3\/\" class=\"wp-image-724\" srcset=\"https:\/\/sites.ipleiria.pt\/maiocriativo\/files\/2019\/05\/DSC_0003-1-1024x680.jpg 1024w, https:\/\/sites.ipleiria.pt\/maiocriativo\/files\/2019\/05\/DSC_0003-1-300x199.jpg 300w, https:\/\/sites.ipleiria.pt\/maiocriativo\/files\/2019\/05\/DSC_0003-1-768x510.jpg 768w\" sizes=\"auto, (max-width: 1024px) 100vw, 1024px\" \/><\/figure><\/li><li class=\"blocks-gallery-item\"><figure><img loading=\"lazy\" decoding=\"async\" width=\"1024\" height=\"680\" src=\"https:\/\/sites.ipleiria.pt\/maiocriativo\/files\/2019\/05\/DSC_0004-1-1024x680.jpg\" alt=\"\" data-id=\"725\" data-link=\"https:\/\/sites.ipleiria.pt\/maiocriativo\/14-maio\/dsc_0004-2\/\" class=\"wp-image-725\" srcset=\"https:\/\/sites.ipleiria.pt\/maiocriativo\/files\/2019\/05\/DSC_0004-1-1024x680.jpg 1024w, https:\/\/sites.ipleiria.pt\/maiocriativo\/files\/2019\/05\/DSC_0004-1-300x199.jpg 300w, https:\/\/sites.ipleiria.pt\/maiocriativo\/files\/2019\/05\/DSC_0004-1-768x510.jpg 768w\" sizes=\"auto, (max-width: 1024px) 100vw, 1024px\" \/><\/figure><\/li><li class=\"blocks-gallery-item\"><figure><img loading=\"lazy\" decoding=\"async\" width=\"1024\" height=\"680\" src=\"https:\/\/sites.ipleiria.pt\/maiocriativo\/files\/2019\/05\/DSC_0006-1-1024x680.jpg\" alt=\"\" data-id=\"726\" data-link=\"https:\/\/sites.ipleiria.pt\/maiocriativo\/14-maio\/dsc_0006-2\/\" class=\"wp-image-726\" srcset=\"https:\/\/sites.ipleiria.pt\/maiocriativo\/files\/2019\/05\/DSC_0006-1-1024x680.jpg 1024w, https:\/\/sites.ipleiria.pt\/maiocriativo\/files\/2019\/05\/DSC_0006-1-300x199.jpg 300w, https:\/\/sites.ipleiria.pt\/maiocriativo\/files\/2019\/05\/DSC_0006-1-768x510.jpg 768w\" sizes=\"auto, (max-width: 1024px) 100vw, 1024px\" \/><\/figure><\/li><li class=\"blocks-gallery-item\"><figure><img loading=\"lazy\" decoding=\"async\" width=\"1024\" height=\"680\" src=\"https:\/\/sites.ipleiria.pt\/maiocriativo\/files\/2019\/05\/DSC_0007-1-1024x680.jpg\" alt=\"\" data-id=\"727\" data-link=\"https:\/\/sites.ipleiria.pt\/maiocriativo\/14-maio\/dsc_0007-2\/\" class=\"wp-image-727\" srcset=\"https:\/\/sites.ipleiria.pt\/maiocriativo\/files\/2019\/05\/DSC_0007-1-1024x680.jpg 1024w, https:\/\/sites.ipleiria.pt\/maiocriativo\/files\/2019\/05\/DSC_0007-1-300x199.jpg 300w, https:\/\/sites.ipleiria.pt\/maiocriativo\/files\/2019\/05\/DSC_0007-1-768x510.jpg 768w\" sizes=\"auto, (max-width: 1024px) 100vw, 1024px\" \/><\/figure><\/li><li class=\"blocks-gallery-item\"><figure><img loading=\"lazy\" decoding=\"async\" width=\"1024\" height=\"680\" src=\"https:\/\/sites.ipleiria.pt\/maiocriativo\/files\/2019\/05\/DSC_0009-1-1024x680.jpg\" alt=\"\" data-id=\"728\" data-link=\"https:\/\/sites.ipleiria.pt\/maiocriativo\/14-maio\/dsc_0009-2\/\" class=\"wp-image-728\" srcset=\"https:\/\/sites.ipleiria.pt\/maiocriativo\/files\/2019\/05\/DSC_0009-1-1024x680.jpg 1024w, https:\/\/sites.ipleiria.pt\/maiocriativo\/files\/2019\/05\/DSC_0009-1-300x199.jpg 300w, https:\/\/sites.ipleiria.pt\/maiocriativo\/files\/2019\/05\/DSC_0009-1-768x510.jpg 768w\" sizes=\"auto, (max-width: 1024px) 100vw, 1024px\" \/><\/figure><\/li><li class=\"blocks-gallery-item\"><figure><img loading=\"lazy\" decoding=\"async\" width=\"1024\" height=\"680\" src=\"https:\/\/sites.ipleiria.pt\/maiocriativo\/files\/2019\/05\/DSC_0011-1-1024x680.jpg\" alt=\"\" data-id=\"729\" data-link=\"https:\/\/sites.ipleiria.pt\/maiocriativo\/14-maio\/dsc_0011-2\/\" class=\"wp-image-729\" srcset=\"https:\/\/sites.ipleiria.pt\/maiocriativo\/files\/2019\/05\/DSC_0011-1-1024x680.jpg 1024w, https:\/\/sites.ipleiria.pt\/maiocriativo\/files\/2019\/05\/DSC_0011-1-300x199.jpg 300w, https:\/\/sites.ipleiria.pt\/maiocriativo\/files\/2019\/05\/DSC_0011-1-768x510.jpg 768w\" sizes=\"auto, (max-width: 1024px) 100vw, 1024px\" \/><\/figure><\/li><li class=\"blocks-gallery-item\"><figure><img loading=\"lazy\" decoding=\"async\" width=\"1024\" height=\"680\" src=\"https:\/\/sites.ipleiria.pt\/maiocriativo\/files\/2019\/05\/DSC_0012-1-1024x680.jpg\" alt=\"\" data-id=\"730\" data-link=\"https:\/\/sites.ipleiria.pt\/maiocriativo\/14-maio\/dsc_0012-2\/\" class=\"wp-image-730\" srcset=\"https:\/\/sites.ipleiria.pt\/maiocriativo\/files\/2019\/05\/DSC_0012-1-1024x680.jpg 1024w, https:\/\/sites.ipleiria.pt\/maiocriativo\/files\/2019\/05\/DSC_0012-1-300x199.jpg 300w, https:\/\/sites.ipleiria.pt\/maiocriativo\/files\/2019\/05\/DSC_0012-1-768x510.jpg 768w\" sizes=\"auto, (max-width: 1024px) 100vw, 1024px\" \/><\/figure><\/li><li class=\"blocks-gallery-item\"><figure><img loading=\"lazy\" decoding=\"async\" width=\"1024\" height=\"680\" src=\"https:\/\/sites.ipleiria.pt\/maiocriativo\/files\/2019\/05\/DSC_0015-1-1024x680.jpg\" alt=\"\" data-id=\"731\" data-link=\"https:\/\/sites.ipleiria.pt\/maiocriativo\/14-maio\/dsc_0015-3\/\" class=\"wp-image-731\" srcset=\"https:\/\/sites.ipleiria.pt\/maiocriativo\/files\/2019\/05\/DSC_0015-1-1024x680.jpg 1024w, https:\/\/sites.ipleiria.pt\/maiocriativo\/files\/2019\/05\/DSC_0015-1-300x199.jpg 300w, https:\/\/sites.ipleiria.pt\/maiocriativo\/files\/2019\/05\/DSC_0015-1-768x510.jpg 768w\" sizes=\"auto, (max-width: 1024px) 100vw, 1024px\" \/><\/figure><\/li><\/ul>\n\n\n\n<pre class=\"wp-block-preformatted\"> \u00a9 Catarina Varanda \u2013 Centro de Recursos Multim\u00e9dia <\/pre>\n\n\n\n<div style=\"height:100px\" aria-hidden=\"true\" class=\"wp-block-spacer\"><\/div>\n\n\n\n<p><strong>Conversas com hist\u00f3ria \u2013 da Escola do Magist\u00e9rio \u00e0 Escola Superior de Educa\u00e7\u00e3o: experi\u00eancias e percursos na 1\u00aa pessoa<\/strong><\/p>\n\n\n\n<ul class=\"wp-block-gallery columns-2 is-cropped wp-block-gallery-4 is-layout-flex wp-block-gallery-is-layout-flex\"><li class=\"blocks-gallery-item\"><figure><img loading=\"lazy\" decoding=\"async\" width=\"1024\" height=\"680\" src=\"https:\/\/sites.ipleiria.pt\/maiocriativo\/files\/2019\/05\/DSC_0035-1-1024x680.jpg\" alt=\"\" data-id=\"699\" data-link=\"https:\/\/sites.ipleiria.pt\/maiocriativo\/14-maio\/dsc_0035-2\/\" class=\"wp-image-699\" srcset=\"https:\/\/sites.ipleiria.pt\/maiocriativo\/files\/2019\/05\/DSC_0035-1-1024x680.jpg 1024w, https:\/\/sites.ipleiria.pt\/maiocriativo\/files\/2019\/05\/DSC_0035-1-300x199.jpg 300w, https:\/\/sites.ipleiria.pt\/maiocriativo\/files\/2019\/05\/DSC_0035-1-768x510.jpg 768w\" sizes=\"auto, (max-width: 1024px) 100vw, 1024px\" \/><\/figure><\/li><li class=\"blocks-gallery-item\"><figure><img loading=\"lazy\" decoding=\"async\" width=\"1024\" height=\"680\" src=\"https:\/\/sites.ipleiria.pt\/maiocriativo\/files\/2019\/05\/DSC_0036-1-1024x680.jpg\" alt=\"\" data-id=\"700\" data-link=\"https:\/\/sites.ipleiria.pt\/maiocriativo\/14-maio\/dsc_0036-2\/\" class=\"wp-image-700\" srcset=\"https:\/\/sites.ipleiria.pt\/maiocriativo\/files\/2019\/05\/DSC_0036-1-1024x680.jpg 1024w, https:\/\/sites.ipleiria.pt\/maiocriativo\/files\/2019\/05\/DSC_0036-1-300x199.jpg 300w, https:\/\/sites.ipleiria.pt\/maiocriativo\/files\/2019\/05\/DSC_0036-1-768x510.jpg 768w\" sizes=\"auto, (max-width: 1024px) 100vw, 1024px\" \/><\/figure><\/li><li class=\"blocks-gallery-item\"><figure><img loading=\"lazy\" decoding=\"async\" width=\"1024\" height=\"680\" src=\"https:\/\/sites.ipleiria.pt\/maiocriativo\/files\/2019\/05\/DSC_0039-2-1024x680.jpg\" alt=\"\" data-id=\"703\" data-link=\"https:\/\/sites.ipleiria.pt\/maiocriativo\/14-maio\/dsc_0039-3\/\" class=\"wp-image-703\" srcset=\"https:\/\/sites.ipleiria.pt\/maiocriativo\/files\/2019\/05\/DSC_0039-2-1024x680.jpg 1024w, https:\/\/sites.ipleiria.pt\/maiocriativo\/files\/2019\/05\/DSC_0039-2-300x199.jpg 300w, https:\/\/sites.ipleiria.pt\/maiocriativo\/files\/2019\/05\/DSC_0039-2-768x510.jpg 768w\" sizes=\"auto, (max-width: 1024px) 100vw, 1024px\" \/><\/figure><\/li><\/ul>\n\n\n\n<pre class=\"wp-block-preformatted\"> \u00a9 Catarina Varanda \u2013 Centro de Recursos Multim\u00e9dia <\/pre>\n","protected":false},"excerpt":{"rendered":"<p>Prov\u00e9rbiosDinamiza\u00e7\u00e3o:&nbsp;Estudantes do 3\u00ba ano de Educa\u00e7\u00e3o B\u00e1sica \u00a9 Catarina Varanda \u2013 Centro de Recursos Multim\u00e9dia Paisagens sonorasDinamiza\u00e7\u00e3o:\u00a0Sara Pereiro, L\u00e9nia Neves, Ana Pinto e Isabel Ferreira \u2013 Estudantes do 1\u00ba ano Mestrado de Interven\u00e7\u00e3o e Anima\u00e7\u00e3o Art\u00edsticas \u00a9 Catarina Varanda \u2013&hellip;  <\/p>\n<p class=\"more-link\"><a href=\"https:\/\/sites.ipleiria.pt\/maiocriativo\/14-maio\/\">Continue reading <span class=\"meta-nav\">&rarr;<\/span><\/a><\/p>\n","protected":false},"author":2694,"featured_media":0,"parent":0,"menu_order":0,"comment_status":"closed","ping_status":"closed","template":"full-width-page.php","meta":{"footnotes":""},"class_list":["post-681","page","type-page","status-publish","hentry"],"_links":{"self":[{"href":"https:\/\/sites.ipleiria.pt\/maiocriativo\/wp-json\/wp\/v2\/pages\/681","targetHints":{"allow":["GET"]}}],"collection":[{"href":"https:\/\/sites.ipleiria.pt\/maiocriativo\/wp-json\/wp\/v2\/pages"}],"about":[{"href":"https:\/\/sites.ipleiria.pt\/maiocriativo\/wp-json\/wp\/v2\/types\/page"}],"author":[{"embeddable":true,"href":"https:\/\/sites.ipleiria.pt\/maiocriativo\/wp-json\/wp\/v2\/users\/2694"}],"replies":[{"embeddable":true,"href":"https:\/\/sites.ipleiria.pt\/maiocriativo\/wp-json\/wp\/v2\/comments?post=681"}],"version-history":[{"count":7,"href":"https:\/\/sites.ipleiria.pt\/maiocriativo\/wp-json\/wp\/v2\/pages\/681\/revisions"}],"predecessor-version":[{"id":732,"href":"https:\/\/sites.ipleiria.pt\/maiocriativo\/wp-json\/wp\/v2\/pages\/681\/revisions\/732"}],"wp:attachment":[{"href":"https:\/\/sites.ipleiria.pt\/maiocriativo\/wp-json\/wp\/v2\/media?parent=681"}],"curies":[{"name":"wp","href":"https:\/\/api.w.org\/{rel}","templated":true}]}}