{"id":792,"date":"2019-05-29T13:48:03","date_gmt":"2019-05-29T13:48:03","guid":{"rendered":"http:\/\/sites.ipleiria.pt\/maiocriativo\/?page_id=792"},"modified":"2019-05-31T16:49:37","modified_gmt":"2019-05-31T16:49:37","slug":"29-maio-2","status":"publish","type":"page","link":"https:\/\/sites.ipleiria.pt\/maiocriativo\/29-maio-2\/","title":{"rendered":"29 maio"},"content":{"rendered":"\n<p><strong>\u201cO dia em que os l\u00e1pis desistiram\u2026\u201d&nbsp;<\/strong>interpreta\u00e7\u00e3o da obra liter\u00e1ria de Drew Daywalt<br><strong>Dinamiza\u00e7\u00e3o:<\/strong>&nbsp;Estudantes do 2\u00ba ano de Educa\u00e7\u00e3o B\u00e1sica <\/p>\n\n\n\n<ul class=\"wp-block-gallery columns-2 wp-block-gallery-1 is-layout-flex wp-block-gallery-is-layout-flex\"><li class=\"blocks-gallery-item\"><figure><img loading=\"lazy\" decoding=\"async\" width=\"1024\" height=\"680\" src=\"https:\/\/sites.ipleiria.pt\/maiocriativo\/files\/2019\/05\/DSC_0222-1024x680.jpg\" alt=\"\" data-id=\"793\" data-link=\"https:\/\/sites.ipleiria.pt\/maiocriativo\/?attachment_id=793\" class=\"wp-image-793\" srcset=\"https:\/\/sites.ipleiria.pt\/maiocriativo\/files\/2019\/05\/DSC_0222-1024x680.jpg 1024w, https:\/\/sites.ipleiria.pt\/maiocriativo\/files\/2019\/05\/DSC_0222-300x199.jpg 300w, https:\/\/sites.ipleiria.pt\/maiocriativo\/files\/2019\/05\/DSC_0222-768x510.jpg 768w\" sizes=\"auto, (max-width: 1024px) 100vw, 1024px\" \/><\/figure><\/li><li class=\"blocks-gallery-item\"><figure><img loading=\"lazy\" decoding=\"async\" width=\"1024\" height=\"680\" src=\"https:\/\/sites.ipleiria.pt\/maiocriativo\/files\/2019\/05\/DSC_0225-1024x680.jpg\" alt=\"\" data-id=\"794\" data-link=\"https:\/\/sites.ipleiria.pt\/maiocriativo\/?attachment_id=794\" class=\"wp-image-794\" srcset=\"https:\/\/sites.ipleiria.pt\/maiocriativo\/files\/2019\/05\/DSC_0225-1024x680.jpg 1024w, https:\/\/sites.ipleiria.pt\/maiocriativo\/files\/2019\/05\/DSC_0225-300x199.jpg 300w, https:\/\/sites.ipleiria.pt\/maiocriativo\/files\/2019\/05\/DSC_0225-768x510.jpg 768w\" sizes=\"auto, (max-width: 1024px) 100vw, 1024px\" \/><\/figure><\/li><li class=\"blocks-gallery-item\"><figure><img loading=\"lazy\" decoding=\"async\" width=\"1024\" height=\"701\" src=\"https:\/\/sites.ipleiria.pt\/maiocriativo\/files\/2019\/05\/DSC_0231-1024x701.jpg\" alt=\"\" data-id=\"795\" data-link=\"https:\/\/sites.ipleiria.pt\/maiocriativo\/?attachment_id=795\" class=\"wp-image-795\" srcset=\"https:\/\/sites.ipleiria.pt\/maiocriativo\/files\/2019\/05\/DSC_0231-1024x701.jpg 1024w, https:\/\/sites.ipleiria.pt\/maiocriativo\/files\/2019\/05\/DSC_0231-300x206.jpg 300w, https:\/\/sites.ipleiria.pt\/maiocriativo\/files\/2019\/05\/DSC_0231-768x526.jpg 768w\" sizes=\"auto, (max-width: 1024px) 100vw, 1024px\" \/><\/figure><\/li><li class=\"blocks-gallery-item\"><figure><img loading=\"lazy\" decoding=\"async\" width=\"1024\" height=\"639\" src=\"https:\/\/sites.ipleiria.pt\/maiocriativo\/files\/2019\/05\/DSC_0233-1024x639.jpg\" alt=\"\" data-id=\"796\" data-link=\"https:\/\/sites.ipleiria.pt\/maiocriativo\/?attachment_id=796\" class=\"wp-image-796\" srcset=\"https:\/\/sites.ipleiria.pt\/maiocriativo\/files\/2019\/05\/DSC_0233-1024x639.jpg 1024w, https:\/\/sites.ipleiria.pt\/maiocriativo\/files\/2019\/05\/DSC_0233-300x187.jpg 300w, https:\/\/sites.ipleiria.pt\/maiocriativo\/files\/2019\/05\/DSC_0233-768x479.jpg 768w\" sizes=\"auto, (max-width: 1024px) 100vw, 1024px\" \/><\/figure><\/li><li class=\"blocks-gallery-item\"><figure><img loading=\"lazy\" decoding=\"async\" width=\"1024\" height=\"680\" src=\"https:\/\/sites.ipleiria.pt\/maiocriativo\/files\/2019\/05\/DSC_0235-1024x680.jpg\" alt=\"\" data-id=\"797\" data-link=\"https:\/\/sites.ipleiria.pt\/maiocriativo\/?attachment_id=797\" class=\"wp-image-797\" srcset=\"https:\/\/sites.ipleiria.pt\/maiocriativo\/files\/2019\/05\/DSC_0235-1024x680.jpg 1024w, https:\/\/sites.ipleiria.pt\/maiocriativo\/files\/2019\/05\/DSC_0235-300x199.jpg 300w, https:\/\/sites.ipleiria.pt\/maiocriativo\/files\/2019\/05\/DSC_0235-768x510.jpg 768w\" sizes=\"auto, (max-width: 1024px) 100vw, 1024px\" \/><\/figure><\/li><li class=\"blocks-gallery-item\"><figure><img loading=\"lazy\" decoding=\"async\" width=\"1024\" height=\"680\" src=\"https:\/\/sites.ipleiria.pt\/maiocriativo\/files\/2019\/05\/DSC_0237-1024x680.jpg\" alt=\"\" data-id=\"798\" data-link=\"https:\/\/sites.ipleiria.pt\/maiocriativo\/?attachment_id=798\" class=\"wp-image-798\" srcset=\"https:\/\/sites.ipleiria.pt\/maiocriativo\/files\/2019\/05\/DSC_0237-1024x680.jpg 1024w, https:\/\/sites.ipleiria.pt\/maiocriativo\/files\/2019\/05\/DSC_0237-300x199.jpg 300w, https:\/\/sites.ipleiria.pt\/maiocriativo\/files\/2019\/05\/DSC_0237-768x510.jpg 768w\" sizes=\"auto, (max-width: 1024px) 100vw, 1024px\" \/><\/figure><\/li><li class=\"blocks-gallery-item\"><figure><img loading=\"lazy\" decoding=\"async\" width=\"1024\" height=\"510\" src=\"https:\/\/sites.ipleiria.pt\/maiocriativo\/files\/2019\/05\/DSC_0239-1024x510.jpg\" alt=\"\" data-id=\"799\" data-link=\"https:\/\/sites.ipleiria.pt\/maiocriativo\/?attachment_id=799\" class=\"wp-image-799\" srcset=\"https:\/\/sites.ipleiria.pt\/maiocriativo\/files\/2019\/05\/DSC_0239-1024x510.jpg 1024w, https:\/\/sites.ipleiria.pt\/maiocriativo\/files\/2019\/05\/DSC_0239-300x149.jpg 300w, https:\/\/sites.ipleiria.pt\/maiocriativo\/files\/2019\/05\/DSC_0239-768x382.jpg 768w\" sizes=\"auto, (max-width: 1024px) 100vw, 1024px\" \/><\/figure><\/li><li class=\"blocks-gallery-item\"><figure><img loading=\"lazy\" decoding=\"async\" width=\"1024\" height=\"597\" src=\"https:\/\/sites.ipleiria.pt\/maiocriativo\/files\/2019\/05\/DSC_0247-1024x597.jpg\" alt=\"\" data-id=\"800\" data-link=\"https:\/\/sites.ipleiria.pt\/maiocriativo\/?attachment_id=800\" class=\"wp-image-800\" srcset=\"https:\/\/sites.ipleiria.pt\/maiocriativo\/files\/2019\/05\/DSC_0247-1024x597.jpg 1024w, https:\/\/sites.ipleiria.pt\/maiocriativo\/files\/2019\/05\/DSC_0247-300x175.jpg 300w, https:\/\/sites.ipleiria.pt\/maiocriativo\/files\/2019\/05\/DSC_0247-768x448.jpg 768w\" sizes=\"auto, (max-width: 1024px) 100vw, 1024px\" \/><\/figure><\/li><li class=\"blocks-gallery-item\"><figure><img loading=\"lazy\" decoding=\"async\" width=\"1024\" height=\"680\" src=\"https:\/\/sites.ipleiria.pt\/maiocriativo\/files\/2019\/05\/DSC_0251-1024x680.jpg\" alt=\"\" data-id=\"801\" data-link=\"https:\/\/sites.ipleiria.pt\/maiocriativo\/?attachment_id=801\" class=\"wp-image-801\" srcset=\"https:\/\/sites.ipleiria.pt\/maiocriativo\/files\/2019\/05\/DSC_0251-1024x680.jpg 1024w, https:\/\/sites.ipleiria.pt\/maiocriativo\/files\/2019\/05\/DSC_0251-300x199.jpg 300w, https:\/\/sites.ipleiria.pt\/maiocriativo\/files\/2019\/05\/DSC_0251-768x510.jpg 768w\" sizes=\"auto, (max-width: 1024px) 100vw, 1024px\" \/><\/figure><\/li><li class=\"blocks-gallery-item\"><figure><img loading=\"lazy\" decoding=\"async\" width=\"1024\" height=\"680\" src=\"https:\/\/sites.ipleiria.pt\/maiocriativo\/files\/2019\/05\/DSC_0254-1024x680.jpg\" alt=\"\" data-id=\"802\" data-link=\"https:\/\/sites.ipleiria.pt\/maiocriativo\/?attachment_id=802\" class=\"wp-image-802\" srcset=\"https:\/\/sites.ipleiria.pt\/maiocriativo\/files\/2019\/05\/DSC_0254-1024x680.jpg 1024w, https:\/\/sites.ipleiria.pt\/maiocriativo\/files\/2019\/05\/DSC_0254-300x199.jpg 300w, https:\/\/sites.ipleiria.pt\/maiocriativo\/files\/2019\/05\/DSC_0254-768x510.jpg 768w\" sizes=\"auto, (max-width: 1024px) 100vw, 1024px\" \/><\/figure><\/li><li class=\"blocks-gallery-item\"><figure><img loading=\"lazy\" decoding=\"async\" width=\"1024\" height=\"680\" src=\"https:\/\/sites.ipleiria.pt\/maiocriativo\/files\/2019\/05\/DSC_0261-1024x680.jpg\" alt=\"\" data-id=\"803\" data-link=\"https:\/\/sites.ipleiria.pt\/maiocriativo\/?attachment_id=803\" class=\"wp-image-803\" srcset=\"https:\/\/sites.ipleiria.pt\/maiocriativo\/files\/2019\/05\/DSC_0261-1024x680.jpg 1024w, https:\/\/sites.ipleiria.pt\/maiocriativo\/files\/2019\/05\/DSC_0261-300x199.jpg 300w, https:\/\/sites.ipleiria.pt\/maiocriativo\/files\/2019\/05\/DSC_0261-768x510.jpg 768w\" sizes=\"auto, (max-width: 1024px) 100vw, 1024px\" \/><\/figure><\/li><li class=\"blocks-gallery-item\"><figure><img loading=\"lazy\" decoding=\"async\" width=\"1024\" height=\"560\" src=\"https:\/\/sites.ipleiria.pt\/maiocriativo\/files\/2019\/05\/DSC_0268-1024x560.jpg\" alt=\"\" data-id=\"805\" data-link=\"https:\/\/sites.ipleiria.pt\/maiocriativo\/?attachment_id=805\" class=\"wp-image-805\" srcset=\"https:\/\/sites.ipleiria.pt\/maiocriativo\/files\/2019\/05\/DSC_0268-1024x560.jpg 1024w, https:\/\/sites.ipleiria.pt\/maiocriativo\/files\/2019\/05\/DSC_0268-300x164.jpg 300w, https:\/\/sites.ipleiria.pt\/maiocriativo\/files\/2019\/05\/DSC_0268-768x420.jpg 768w\" sizes=\"auto, (max-width: 1024px) 100vw, 1024px\" \/><\/figure><\/li><li class=\"blocks-gallery-item\"><figure><img loading=\"lazy\" decoding=\"async\" width=\"1024\" height=\"680\" src=\"https:\/\/sites.ipleiria.pt\/maiocriativo\/files\/2019\/05\/DSC_0276-1024x680.jpg\" alt=\"\" data-id=\"806\" data-link=\"https:\/\/sites.ipleiria.pt\/maiocriativo\/?attachment_id=806\" class=\"wp-image-806\" srcset=\"https:\/\/sites.ipleiria.pt\/maiocriativo\/files\/2019\/05\/DSC_0276-1024x680.jpg 1024w, https:\/\/sites.ipleiria.pt\/maiocriativo\/files\/2019\/05\/DSC_0276-300x199.jpg 300w, https:\/\/sites.ipleiria.pt\/maiocriativo\/files\/2019\/05\/DSC_0276-768x510.jpg 768w\" sizes=\"auto, (max-width: 1024px) 100vw, 1024px\" \/><\/figure><\/li><\/ul>\n\n\n\n<pre class=\"wp-block-preformatted\">\u00a9 Catarina Varanda \u2013 Centro de Recursos Multim\u00e9dia <\/pre>\n\n\n\n<div style=\"height:100px\" aria-hidden=\"true\" class=\"wp-block-spacer\"><\/div>\n\n\n\n<p><strong>Anima\u00e7\u00e3o leitora<\/strong><br><strong>Dinamizadores:<\/strong>&nbsp;&nbsp; Estudantes do Mestrado em Interven\u00e7\u00e3o e Anima\u00e7\u00e3o Art\u00edsticas&nbsp;<br><strong>Oradores:<\/strong>&nbsp;C\u00e1tia Guarda e Lu\u00edsa Matias (C\u00e2mara Municipal de Leiria); T\u00e2nia Lopes Bail\u00e3o (escritora\/ ilustradora); Rita Marques (Casa Museu Jo\u00e3o Soares); Patr\u00edcia Martins (Escola dos Marrazes) \n\n<\/p>\n\n\n\n<ul class=\"wp-block-gallery columns-2 wp-block-gallery-2 is-layout-flex wp-block-gallery-is-layout-flex\"><li class=\"blocks-gallery-item\"><figure><img loading=\"lazy\" decoding=\"async\" width=\"1024\" height=\"680\" src=\"http:\/\/sites.ipleiria.pt\/maiocriativo\/files\/2019\/05\/DSC_0002-4-1024x680.jpg\" alt=\"\" data-id=\"948\" data-link=\"http:\/\/sites.ipleiria.pt\/maiocriativo\/29-maio-3\/dsc_0002-4\/\" class=\"wp-image-948\" srcset=\"https:\/\/sites.ipleiria.pt\/maiocriativo\/files\/2019\/05\/DSC_0002-4-1024x680.jpg 1024w, https:\/\/sites.ipleiria.pt\/maiocriativo\/files\/2019\/05\/DSC_0002-4-300x199.jpg 300w, https:\/\/sites.ipleiria.pt\/maiocriativo\/files\/2019\/05\/DSC_0002-4-768x510.jpg 768w\" sizes=\"auto, (max-width: 1024px) 100vw, 1024px\" \/><\/figure><\/li><li class=\"blocks-gallery-item\"><figure><img loading=\"lazy\" decoding=\"async\" width=\"1024\" height=\"680\" src=\"http:\/\/sites.ipleiria.pt\/maiocriativo\/files\/2019\/05\/DSC_0023-3-1024x680.jpg\" alt=\"\" data-id=\"946\" data-link=\"http:\/\/sites.ipleiria.pt\/maiocriativo\/29-maio-3\/dsc_0023-3\/\" class=\"wp-image-946\" srcset=\"https:\/\/sites.ipleiria.pt\/maiocriativo\/files\/2019\/05\/DSC_0023-3-1024x680.jpg 1024w, https:\/\/sites.ipleiria.pt\/maiocriativo\/files\/2019\/05\/DSC_0023-3-300x199.jpg 300w, https:\/\/sites.ipleiria.pt\/maiocriativo\/files\/2019\/05\/DSC_0023-3-768x510.jpg 768w\" sizes=\"auto, (max-width: 1024px) 100vw, 1024px\" \/><\/figure><\/li><li class=\"blocks-gallery-item\"><figure><img loading=\"lazy\" decoding=\"async\" width=\"1024\" height=\"680\" src=\"http:\/\/sites.ipleiria.pt\/maiocriativo\/files\/2019\/05\/DSC_0021-5-1024x680.jpg\" alt=\"\" data-id=\"944\" data-link=\"http:\/\/sites.ipleiria.pt\/maiocriativo\/29-maio-3\/dsc_0021-5\/\" class=\"wp-image-944\" srcset=\"https:\/\/sites.ipleiria.pt\/maiocriativo\/files\/2019\/05\/DSC_0021-5-1024x680.jpg 1024w, https:\/\/sites.ipleiria.pt\/maiocriativo\/files\/2019\/05\/DSC_0021-5-300x199.jpg 300w, https:\/\/sites.ipleiria.pt\/maiocriativo\/files\/2019\/05\/DSC_0021-5-768x510.jpg 768w\" sizes=\"auto, (max-width: 1024px) 100vw, 1024px\" \/><\/figure><\/li><li class=\"blocks-gallery-item\"><figure><img loading=\"lazy\" decoding=\"async\" width=\"1024\" height=\"680\" src=\"http:\/\/sites.ipleiria.pt\/maiocriativo\/files\/2019\/05\/DSC_0019-5-1024x680.jpg\" alt=\"\" data-id=\"943\" data-link=\"http:\/\/sites.ipleiria.pt\/maiocriativo\/29-maio-3\/dsc_0019-5\/\" class=\"wp-image-943\" srcset=\"https:\/\/sites.ipleiria.pt\/maiocriativo\/files\/2019\/05\/DSC_0019-5-1024x680.jpg 1024w, https:\/\/sites.ipleiria.pt\/maiocriativo\/files\/2019\/05\/DSC_0019-5-300x199.jpg 300w, https:\/\/sites.ipleiria.pt\/maiocriativo\/files\/2019\/05\/DSC_0019-5-768x510.jpg 768w\" sizes=\"auto, (max-width: 1024px) 100vw, 1024px\" \/><\/figure><\/li><li class=\"blocks-gallery-item\"><figure><img loading=\"lazy\" decoding=\"async\" width=\"1024\" height=\"680\" src=\"http:\/\/sites.ipleiria.pt\/maiocriativo\/files\/2019\/05\/DSC_0018-5-1024x680.jpg\" alt=\"\" data-id=\"941\" data-link=\"http:\/\/sites.ipleiria.pt\/maiocriativo\/29-maio-3\/dsc_0018-5\/\" class=\"wp-image-941\" srcset=\"https:\/\/sites.ipleiria.pt\/maiocriativo\/files\/2019\/05\/DSC_0018-5-1024x680.jpg 1024w, https:\/\/sites.ipleiria.pt\/maiocriativo\/files\/2019\/05\/DSC_0018-5-300x199.jpg 300w, https:\/\/sites.ipleiria.pt\/maiocriativo\/files\/2019\/05\/DSC_0018-5-768x510.jpg 768w\" sizes=\"auto, (max-width: 1024px) 100vw, 1024px\" \/><\/figure><\/li><li class=\"blocks-gallery-item\"><figure><img loading=\"lazy\" decoding=\"async\" width=\"1024\" height=\"680\" src=\"http:\/\/sites.ipleiria.pt\/maiocriativo\/files\/2019\/05\/DSC_0016-1-1024x680.jpg\" alt=\"\" data-id=\"939\" data-link=\"http:\/\/sites.ipleiria.pt\/maiocriativo\/29-maio-3\/dsc_0016-1\/\" class=\"wp-image-939\" srcset=\"https:\/\/sites.ipleiria.pt\/maiocriativo\/files\/2019\/05\/DSC_0016-1-1024x680.jpg 1024w, https:\/\/sites.ipleiria.pt\/maiocriativo\/files\/2019\/05\/DSC_0016-1-300x199.jpg 300w, https:\/\/sites.ipleiria.pt\/maiocriativo\/files\/2019\/05\/DSC_0016-1-768x510.jpg 768w\" sizes=\"auto, (max-width: 1024px) 100vw, 1024px\" \/><\/figure><\/li><li class=\"blocks-gallery-item\"><figure><img loading=\"lazy\" decoding=\"async\" width=\"1024\" height=\"680\" src=\"http:\/\/sites.ipleiria.pt\/maiocriativo\/files\/2019\/05\/DSC_0014-3-1024x680.jpg\" alt=\"\" data-id=\"938\" data-link=\"http:\/\/sites.ipleiria.pt\/maiocriativo\/29-maio-3\/dsc_0014-3\/\" class=\"wp-image-938\" srcset=\"https:\/\/sites.ipleiria.pt\/maiocriativo\/files\/2019\/05\/DSC_0014-3-1024x680.jpg 1024w, https:\/\/sites.ipleiria.pt\/maiocriativo\/files\/2019\/05\/DSC_0014-3-300x199.jpg 300w, https:\/\/sites.ipleiria.pt\/maiocriativo\/files\/2019\/05\/DSC_0014-3-768x510.jpg 768w\" sizes=\"auto, (max-width: 1024px) 100vw, 1024px\" \/><\/figure><\/li><li class=\"blocks-gallery-item\"><figure><img loading=\"lazy\" decoding=\"async\" width=\"1024\" height=\"680\" src=\"http:\/\/sites.ipleiria.pt\/maiocriativo\/files\/2019\/05\/DSC_0010-1-1024x680.jpg\" alt=\"\" data-id=\"936\" data-link=\"http:\/\/sites.ipleiria.pt\/maiocriativo\/29-maio-3\/dsc_0010-1\/\" class=\"wp-image-936\" srcset=\"https:\/\/sites.ipleiria.pt\/maiocriativo\/files\/2019\/05\/DSC_0010-1-1024x680.jpg 1024w, https:\/\/sites.ipleiria.pt\/maiocriativo\/files\/2019\/05\/DSC_0010-1-300x199.jpg 300w, https:\/\/sites.ipleiria.pt\/maiocriativo\/files\/2019\/05\/DSC_0010-1-768x510.jpg 768w\" sizes=\"auto, (max-width: 1024px) 100vw, 1024px\" \/><\/figure><\/li><li class=\"blocks-gallery-item\"><figure><img loading=\"lazy\" decoding=\"async\" width=\"1024\" height=\"680\" src=\"http:\/\/sites.ipleiria.pt\/maiocriativo\/files\/2019\/05\/DSC_0007-5-1024x680.jpg\" alt=\"\" data-id=\"935\" data-link=\"http:\/\/sites.ipleiria.pt\/maiocriativo\/29-maio-3\/dsc_0007-5\/\" class=\"wp-image-935\" srcset=\"https:\/\/sites.ipleiria.pt\/maiocriativo\/files\/2019\/05\/DSC_0007-5-1024x680.jpg 1024w, https:\/\/sites.ipleiria.pt\/maiocriativo\/files\/2019\/05\/DSC_0007-5-300x199.jpg 300w, https:\/\/sites.ipleiria.pt\/maiocriativo\/files\/2019\/05\/DSC_0007-5-768x510.jpg 768w\" sizes=\"auto, (max-width: 1024px) 100vw, 1024px\" \/><\/figure><\/li><li class=\"blocks-gallery-item\"><figure><img loading=\"lazy\" decoding=\"async\" width=\"1024\" height=\"680\" src=\"http:\/\/sites.ipleiria.pt\/maiocriativo\/files\/2019\/05\/DSC_0003-5-1024x680.jpg\" alt=\"\" data-id=\"934\" data-link=\"http:\/\/sites.ipleiria.pt\/maiocriativo\/29-maio-3\/dsc_0003-5\/\" class=\"wp-image-934\" srcset=\"https:\/\/sites.ipleiria.pt\/maiocriativo\/files\/2019\/05\/DSC_0003-5-1024x680.jpg 1024w, https:\/\/sites.ipleiria.pt\/maiocriativo\/files\/2019\/05\/DSC_0003-5-300x199.jpg 300w, https:\/\/sites.ipleiria.pt\/maiocriativo\/files\/2019\/05\/DSC_0003-5-768x510.jpg 768w\" sizes=\"auto, (max-width: 1024px) 100vw, 1024px\" \/><\/figure><\/li><\/ul>\n\n\n\n<pre class=\"wp-block-preformatted\">\u00a9 Catarina Varanda \u2013 Centro de Recursos Multim\u00e9dia<\/pre>\n","protected":false},"excerpt":{"rendered":"<p>\u201cO dia em que os l\u00e1pis desistiram\u2026\u201d&nbsp;interpreta\u00e7\u00e3o da obra liter\u00e1ria de Drew DaywaltDinamiza\u00e7\u00e3o:&nbsp;Estudantes do 2\u00ba ano de Educa\u00e7\u00e3o B\u00e1sica \u00a9 Catarina Varanda \u2013 Centro de Recursos Multim\u00e9dia Anima\u00e7\u00e3o leitoraDinamizadores:&nbsp;&nbsp; Estudantes do Mestrado em Interven\u00e7\u00e3o e Anima\u00e7\u00e3o Art\u00edsticas&nbsp;Oradores:&nbsp;C\u00e1tia Guarda e Lu\u00edsa&hellip;  <\/p>\n<p class=\"more-link\"><a href=\"https:\/\/sites.ipleiria.pt\/maiocriativo\/29-maio-2\/\">Continue reading <span class=\"meta-nav\">&rarr;<\/span><\/a><\/p>\n","protected":false},"author":2694,"featured_media":0,"parent":0,"menu_order":0,"comment_status":"closed","ping_status":"closed","template":"full-width-page.php","meta":{"footnotes":""},"class_list":["post-792","page","type-page","status-publish","hentry"],"_links":{"self":[{"href":"https:\/\/sites.ipleiria.pt\/maiocriativo\/wp-json\/wp\/v2\/pages\/792","targetHints":{"allow":["GET"]}}],"collection":[{"href":"https:\/\/sites.ipleiria.pt\/maiocriativo\/wp-json\/wp\/v2\/pages"}],"about":[{"href":"https:\/\/sites.ipleiria.pt\/maiocriativo\/wp-json\/wp\/v2\/types\/page"}],"author":[{"embeddable":true,"href":"https:\/\/sites.ipleiria.pt\/maiocriativo\/wp-json\/wp\/v2\/users\/2694"}],"replies":[{"embeddable":true,"href":"https:\/\/sites.ipleiria.pt\/maiocriativo\/wp-json\/wp\/v2\/comments?post=792"}],"version-history":[{"count":3,"href":"https:\/\/sites.ipleiria.pt\/maiocriativo\/wp-json\/wp\/v2\/pages\/792\/revisions"}],"predecessor-version":[{"id":1004,"href":"https:\/\/sites.ipleiria.pt\/maiocriativo\/wp-json\/wp\/v2\/pages\/792\/revisions\/1004"}],"wp:attachment":[{"href":"https:\/\/sites.ipleiria.pt\/maiocriativo\/wp-json\/wp\/v2\/media?parent=792"}],"curies":[{"name":"wp","href":"https:\/\/api.w.org\/{rel}","templated":true}]}}