{"id":810,"date":"2019-05-29T13:57:10","date_gmt":"2019-05-29T13:57:10","guid":{"rendered":"http:\/\/sites.ipleiria.pt\/maiocriativo\/?page_id=810"},"modified":"2019-05-31T17:00:17","modified_gmt":"2019-05-31T17:00:17","slug":"28-maio-2","status":"publish","type":"page","link":"https:\/\/sites.ipleiria.pt\/maiocriativo\/28-maio-2\/","title":{"rendered":"28 maio"},"content":{"rendered":"\n<p><strong>Prov\u00e9rbios<\/strong><br><strong>Dinamiza\u00e7\u00e3o:<\/strong>&nbsp;Estudantes do 3\u00ba ano de Educa\u00e7\u00e3o B\u00e1sica <\/p>\n\n\n\n<ul class=\"wp-block-gallery columns-2 wp-block-gallery-1 is-layout-flex wp-block-gallery-is-layout-flex\"><li class=\"blocks-gallery-item\"><figure><img loading=\"lazy\" decoding=\"async\" width=\"1024\" height=\"680\" src=\"https:\/\/sites.ipleiria.pt\/maiocriativo\/files\/2019\/05\/DSC_0001-4-1024x680.jpg\" alt=\"\" data-id=\"828\" data-link=\"https:\/\/sites.ipleiria.pt\/maiocriativo\/28-maio-2\/dsc_0001-4-2\/\" class=\"wp-image-828\" srcset=\"https:\/\/sites.ipleiria.pt\/maiocriativo\/files\/2019\/05\/DSC_0001-4-1024x680.jpg 1024w, https:\/\/sites.ipleiria.pt\/maiocriativo\/files\/2019\/05\/DSC_0001-4-300x199.jpg 300w, https:\/\/sites.ipleiria.pt\/maiocriativo\/files\/2019\/05\/DSC_0001-4-768x510.jpg 768w\" sizes=\"auto, (max-width: 1024px) 100vw, 1024px\" \/><\/figure><\/li><li class=\"blocks-gallery-item\"><figure><img loading=\"lazy\" decoding=\"async\" width=\"1024\" height=\"680\" src=\"https:\/\/sites.ipleiria.pt\/maiocriativo\/files\/2019\/05\/DSC_0007-3-1024x680.jpg\" alt=\"\" data-id=\"829\" data-link=\"https:\/\/sites.ipleiria.pt\/maiocriativo\/28-maio-2\/dsc_0007-3\/\" class=\"wp-image-829\" srcset=\"https:\/\/sites.ipleiria.pt\/maiocriativo\/files\/2019\/05\/DSC_0007-3-1024x680.jpg 1024w, https:\/\/sites.ipleiria.pt\/maiocriativo\/files\/2019\/05\/DSC_0007-3-300x199.jpg 300w, https:\/\/sites.ipleiria.pt\/maiocriativo\/files\/2019\/05\/DSC_0007-3-768x510.jpg 768w\" sizes=\"auto, (max-width: 1024px) 100vw, 1024px\" \/><\/figure><\/li><li class=\"blocks-gallery-item\"><figure><img loading=\"lazy\" decoding=\"async\" width=\"1024\" height=\"680\" src=\"https:\/\/sites.ipleiria.pt\/maiocriativo\/files\/2019\/05\/DSC_0009-5-1024x680.jpg\" alt=\"\" data-id=\"830\" data-link=\"https:\/\/sites.ipleiria.pt\/maiocriativo\/28-maio-2\/dsc_0009-5\/\" class=\"wp-image-830\" srcset=\"https:\/\/sites.ipleiria.pt\/maiocriativo\/files\/2019\/05\/DSC_0009-5-1024x680.jpg 1024w, https:\/\/sites.ipleiria.pt\/maiocriativo\/files\/2019\/05\/DSC_0009-5-300x199.jpg 300w, https:\/\/sites.ipleiria.pt\/maiocriativo\/files\/2019\/05\/DSC_0009-5-768x510.jpg 768w\" sizes=\"auto, (max-width: 1024px) 100vw, 1024px\" \/><\/figure><\/li><li class=\"blocks-gallery-item\"><figure><img loading=\"lazy\" decoding=\"async\" width=\"1024\" height=\"680\" src=\"https:\/\/sites.ipleiria.pt\/maiocriativo\/files\/2019\/05\/DSC_0011-3-1024x680.jpg\" alt=\"\" data-id=\"831\" data-link=\"https:\/\/sites.ipleiria.pt\/maiocriativo\/28-maio-2\/dsc_0011-3\/\" class=\"wp-image-831\" srcset=\"https:\/\/sites.ipleiria.pt\/maiocriativo\/files\/2019\/05\/DSC_0011-3-1024x680.jpg 1024w, https:\/\/sites.ipleiria.pt\/maiocriativo\/files\/2019\/05\/DSC_0011-3-300x199.jpg 300w, https:\/\/sites.ipleiria.pt\/maiocriativo\/files\/2019\/05\/DSC_0011-3-768x510.jpg 768w\" sizes=\"auto, (max-width: 1024px) 100vw, 1024px\" \/><\/figure><\/li><li class=\"blocks-gallery-item\"><figure><img loading=\"lazy\" decoding=\"async\" width=\"1024\" height=\"680\" src=\"https:\/\/sites.ipleiria.pt\/maiocriativo\/files\/2019\/05\/DSC_0013-1-1024x680.jpg\" alt=\"\" data-id=\"832\" data-link=\"https:\/\/sites.ipleiria.pt\/maiocriativo\/28-maio-2\/dsc_0013-1\/\" class=\"wp-image-832\" srcset=\"https:\/\/sites.ipleiria.pt\/maiocriativo\/files\/2019\/05\/DSC_0013-1-1024x680.jpg 1024w, https:\/\/sites.ipleiria.pt\/maiocriativo\/files\/2019\/05\/DSC_0013-1-300x199.jpg 300w, https:\/\/sites.ipleiria.pt\/maiocriativo\/files\/2019\/05\/DSC_0013-1-768x510.jpg 768w\" sizes=\"auto, (max-width: 1024px) 100vw, 1024px\" \/><\/figure><\/li><li class=\"blocks-gallery-item\"><figure><img loading=\"lazy\" decoding=\"async\" width=\"1024\" height=\"680\" src=\"https:\/\/sites.ipleiria.pt\/maiocriativo\/files\/2019\/05\/DSC_0021-3-1024x680.jpg\" alt=\"\" data-id=\"834\" data-link=\"https:\/\/sites.ipleiria.pt\/maiocriativo\/28-maio-2\/dsc_0021-3\/\" class=\"wp-image-834\" srcset=\"https:\/\/sites.ipleiria.pt\/maiocriativo\/files\/2019\/05\/DSC_0021-3-1024x680.jpg 1024w, https:\/\/sites.ipleiria.pt\/maiocriativo\/files\/2019\/05\/DSC_0021-3-300x199.jpg 300w, https:\/\/sites.ipleiria.pt\/maiocriativo\/files\/2019\/05\/DSC_0021-3-768x510.jpg 768w\" sizes=\"auto, (max-width: 1024px) 100vw, 1024px\" \/><\/figure><\/li><li class=\"blocks-gallery-item\"><figure><img loading=\"lazy\" decoding=\"async\" width=\"680\" height=\"1024\" src=\"https:\/\/sites.ipleiria.pt\/maiocriativo\/files\/2019\/05\/DSC_0022-3-680x1024.jpg\" alt=\"\" data-id=\"835\" data-link=\"https:\/\/sites.ipleiria.pt\/maiocriativo\/28-maio-2\/dsc_0022-3\/\" class=\"wp-image-835\" srcset=\"https:\/\/sites.ipleiria.pt\/maiocriativo\/files\/2019\/05\/DSC_0022-3-680x1024.jpg 680w, https:\/\/sites.ipleiria.pt\/maiocriativo\/files\/2019\/05\/DSC_0022-3-199x300.jpg 199w, https:\/\/sites.ipleiria.pt\/maiocriativo\/files\/2019\/05\/DSC_0022-3-768x1156.jpg 768w\" sizes=\"auto, (max-width: 680px) 100vw, 680px\" \/><\/figure><\/li><li class=\"blocks-gallery-item\"><figure><img loading=\"lazy\" decoding=\"async\" width=\"1024\" height=\"680\" src=\"https:\/\/sites.ipleiria.pt\/maiocriativo\/files\/2019\/05\/DSC_0024-3-1024x680.jpg\" alt=\"\" data-id=\"836\" data-link=\"https:\/\/sites.ipleiria.pt\/maiocriativo\/28-maio-2\/dsc_0024-3\/\" class=\"wp-image-836\" srcset=\"https:\/\/sites.ipleiria.pt\/maiocriativo\/files\/2019\/05\/DSC_0024-3-1024x680.jpg 1024w, https:\/\/sites.ipleiria.pt\/maiocriativo\/files\/2019\/05\/DSC_0024-3-300x199.jpg 300w, https:\/\/sites.ipleiria.pt\/maiocriativo\/files\/2019\/05\/DSC_0024-3-768x510.jpg 768w\" sizes=\"auto, (max-width: 1024px) 100vw, 1024px\" \/><\/figure><\/li><li class=\"blocks-gallery-item\"><figure><img loading=\"lazy\" decoding=\"async\" width=\"1024\" height=\"680\" src=\"https:\/\/sites.ipleiria.pt\/maiocriativo\/files\/2019\/05\/DSC_0028-1-1024x680.jpg\" alt=\"\" data-id=\"837\" data-link=\"https:\/\/sites.ipleiria.pt\/maiocriativo\/28-maio-2\/dsc_0028-1\/\" class=\"wp-image-837\" srcset=\"https:\/\/sites.ipleiria.pt\/maiocriativo\/files\/2019\/05\/DSC_0028-1-1024x680.jpg 1024w, https:\/\/sites.ipleiria.pt\/maiocriativo\/files\/2019\/05\/DSC_0028-1-300x199.jpg 300w, https:\/\/sites.ipleiria.pt\/maiocriativo\/files\/2019\/05\/DSC_0028-1-768x510.jpg 768w\" sizes=\"auto, (max-width: 1024px) 100vw, 1024px\" \/><\/figure><\/li><li class=\"blocks-gallery-item\"><figure><img loading=\"lazy\" decoding=\"async\" width=\"1024\" height=\"680\" src=\"https:\/\/sites.ipleiria.pt\/maiocriativo\/files\/2019\/05\/DSC_0034-3-1024x680.jpg\" alt=\"\" data-id=\"838\" data-link=\"https:\/\/sites.ipleiria.pt\/maiocriativo\/28-maio-2\/dsc_0034-3\/\" class=\"wp-image-838\" srcset=\"https:\/\/sites.ipleiria.pt\/maiocriativo\/files\/2019\/05\/DSC_0034-3-1024x680.jpg 1024w, https:\/\/sites.ipleiria.pt\/maiocriativo\/files\/2019\/05\/DSC_0034-3-300x199.jpg 300w, https:\/\/sites.ipleiria.pt\/maiocriativo\/files\/2019\/05\/DSC_0034-3-768x510.jpg 768w\" sizes=\"auto, (max-width: 1024px) 100vw, 1024px\" \/><\/figure><\/li><li class=\"blocks-gallery-item\"><figure><img loading=\"lazy\" decoding=\"async\" width=\"1024\" height=\"680\" src=\"https:\/\/sites.ipleiria.pt\/maiocriativo\/files\/2019\/05\/DSC_0039-5-1024x680.jpg\" alt=\"\" data-id=\"839\" data-link=\"https:\/\/sites.ipleiria.pt\/maiocriativo\/28-maio-2\/dsc_0039-5\/\" class=\"wp-image-839\" srcset=\"https:\/\/sites.ipleiria.pt\/maiocriativo\/files\/2019\/05\/DSC_0039-5-1024x680.jpg 1024w, https:\/\/sites.ipleiria.pt\/maiocriativo\/files\/2019\/05\/DSC_0039-5-300x199.jpg 300w, https:\/\/sites.ipleiria.pt\/maiocriativo\/files\/2019\/05\/DSC_0039-5-768x510.jpg 768w\" sizes=\"auto, (max-width: 1024px) 100vw, 1024px\" \/><\/figure><\/li><\/ul>\n\n\n\n<pre class=\"wp-block-preformatted\">\u00a9 Catarina Varanda \u2013 Centro de Recursos Multim\u00e9dia<\/pre>\n\n\n\n<div style=\"height:100px\" aria-hidden=\"true\" class=\"wp-block-spacer\"><\/div>\n\n\n\n<ul class=\"wp-block-gallery columns-2 wp-block-gallery-2 is-layout-flex wp-block-gallery-is-layout-flex\"><li class=\"blocks-gallery-item\"><figure><img loading=\"lazy\" decoding=\"async\" width=\"1024\" height=\"768\" src=\"https:\/\/sites.ipleiria.pt\/maiocriativo\/files\/2019\/05\/IMG_20190528_101144_resized_20190530_033512038-1024x768.jpg\" alt=\"\" data-id=\"1006\" data-link=\"https:\/\/sites.ipleiria.pt\/maiocriativo\/28-maio-2\/img_20190528_101144_resized_20190530_033512038\/\" class=\"wp-image-1006\" srcset=\"https:\/\/sites.ipleiria.pt\/maiocriativo\/files\/2019\/05\/IMG_20190528_101144_resized_20190530_033512038-1024x768.jpg 1024w, https:\/\/sites.ipleiria.pt\/maiocriativo\/files\/2019\/05\/IMG_20190528_101144_resized_20190530_033512038-300x225.jpg 300w, https:\/\/sites.ipleiria.pt\/maiocriativo\/files\/2019\/05\/IMG_20190528_101144_resized_20190530_033512038-768x576.jpg 768w\" sizes=\"auto, (max-width: 1024px) 100vw, 1024px\" \/><\/figure><\/li><li class=\"blocks-gallery-item\"><figure><img loading=\"lazy\" decoding=\"async\" width=\"1024\" height=\"768\" src=\"https:\/\/sites.ipleiria.pt\/maiocriativo\/files\/2019\/05\/IMG_20190528_101414_resized_20190530_033046830-1024x768.jpg\" alt=\"\" data-id=\"1007\" data-link=\"https:\/\/sites.ipleiria.pt\/maiocriativo\/28-maio-2\/img_20190528_101414_resized_20190530_033046830\/\" class=\"wp-image-1007\" srcset=\"https:\/\/sites.ipleiria.pt\/maiocriativo\/files\/2019\/05\/IMG_20190528_101414_resized_20190530_033046830-1024x768.jpg 1024w, https:\/\/sites.ipleiria.pt\/maiocriativo\/files\/2019\/05\/IMG_20190528_101414_resized_20190530_033046830-300x225.jpg 300w, https:\/\/sites.ipleiria.pt\/maiocriativo\/files\/2019\/05\/IMG_20190528_101414_resized_20190530_033046830-768x576.jpg 768w\" sizes=\"auto, (max-width: 1024px) 100vw, 1024px\" \/><\/figure><\/li><li class=\"blocks-gallery-item\"><figure><img loading=\"lazy\" decoding=\"async\" width=\"768\" height=\"1024\" src=\"https:\/\/sites.ipleiria.pt\/maiocriativo\/files\/2019\/05\/IMG_20190528_105616_resized_20190530_032607297-768x1024.jpg\" alt=\"\" data-id=\"1008\" data-link=\"https:\/\/sites.ipleiria.pt\/maiocriativo\/28-maio-2\/img_20190528_105616_resized_20190530_032607297\/\" class=\"wp-image-1008\" srcset=\"https:\/\/sites.ipleiria.pt\/maiocriativo\/files\/2019\/05\/IMG_20190528_105616_resized_20190530_032607297-768x1024.jpg 768w, https:\/\/sites.ipleiria.pt\/maiocriativo\/files\/2019\/05\/IMG_20190528_105616_resized_20190530_032607297-225x300.jpg 225w, https:\/\/sites.ipleiria.pt\/maiocriativo\/files\/2019\/05\/IMG_20190528_105616_resized_20190530_032607297.jpg 1728w\" sizes=\"auto, (max-width: 768px) 100vw, 768px\" \/><\/figure><\/li><li class=\"blocks-gallery-item\"><figure><img loading=\"lazy\" decoding=\"async\" width=\"1024\" height=\"768\" src=\"https:\/\/sites.ipleiria.pt\/maiocriativo\/files\/2019\/05\/IMG_20190528_105729_resized_20190530_032332741-1024x768.jpg\" alt=\"\" data-id=\"1012\" data-link=\"https:\/\/sites.ipleiria.pt\/maiocriativo\/28-maio-2\/img_20190528_105729_resized_20190530_032332741\/\" class=\"wp-image-1012\" srcset=\"https:\/\/sites.ipleiria.pt\/maiocriativo\/files\/2019\/05\/IMG_20190528_105729_resized_20190530_032332741-1024x768.jpg 1024w, https:\/\/sites.ipleiria.pt\/maiocriativo\/files\/2019\/05\/IMG_20190528_105729_resized_20190530_032332741-300x225.jpg 300w, https:\/\/sites.ipleiria.pt\/maiocriativo\/files\/2019\/05\/IMG_20190528_105729_resized_20190530_032332741-768x576.jpg 768w\" sizes=\"auto, (max-width: 1024px) 100vw, 1024px\" \/><\/figure><\/li><li class=\"blocks-gallery-item\"><figure><img loading=\"lazy\" decoding=\"async\" width=\"1024\" height=\"768\" src=\"https:\/\/sites.ipleiria.pt\/maiocriativo\/files\/2019\/05\/IMG_20190528_105632_resized_20190530_032606607-1-1024x768.jpg\" alt=\"\" data-id=\"1014\" data-link=\"https:\/\/sites.ipleiria.pt\/maiocriativo\/28-maio-2\/img_20190528_105632_resized_20190530_032606607-1\/\" class=\"wp-image-1014\" srcset=\"https:\/\/sites.ipleiria.pt\/maiocriativo\/files\/2019\/05\/IMG_20190528_105632_resized_20190530_032606607-1-1024x768.jpg 1024w, https:\/\/sites.ipleiria.pt\/maiocriativo\/files\/2019\/05\/IMG_20190528_105632_resized_20190530_032606607-1-300x225.jpg 300w, https:\/\/sites.ipleiria.pt\/maiocriativo\/files\/2019\/05\/IMG_20190528_105632_resized_20190530_032606607-1-768x576.jpg 768w\" sizes=\"auto, (max-width: 1024px) 100vw, 1024px\" \/><\/figure><\/li><li class=\"blocks-gallery-item\"><figure><img loading=\"lazy\" decoding=\"async\" width=\"1024\" height=\"768\" src=\"https:\/\/sites.ipleiria.pt\/maiocriativo\/files\/2019\/05\/IMG_20190528_105641_resized_20190530_032605744-1-1024x768.jpg\" alt=\"\" data-id=\"1015\" data-link=\"https:\/\/sites.ipleiria.pt\/maiocriativo\/28-maio-2\/img_20190528_105641_resized_20190530_032605744-1\/\" class=\"wp-image-1015\" srcset=\"https:\/\/sites.ipleiria.pt\/maiocriativo\/files\/2019\/05\/IMG_20190528_105641_resized_20190530_032605744-1-1024x768.jpg 1024w, https:\/\/sites.ipleiria.pt\/maiocriativo\/files\/2019\/05\/IMG_20190528_105641_resized_20190530_032605744-1-300x225.jpg 300w, https:\/\/sites.ipleiria.pt\/maiocriativo\/files\/2019\/05\/IMG_20190528_105641_resized_20190530_032605744-1-768x576.jpg 768w\" sizes=\"auto, (max-width: 1024px) 100vw, 1024px\" \/><\/figure><\/li><li class=\"blocks-gallery-item\"><figure><img loading=\"lazy\" decoding=\"async\" width=\"768\" height=\"1024\" src=\"https:\/\/sites.ipleiria.pt\/maiocriativo\/files\/2019\/05\/IMG_20190528_105646_resized_20190530_032604710-1-768x1024.jpg\" alt=\"\" data-id=\"1016\" data-link=\"https:\/\/sites.ipleiria.pt\/maiocriativo\/28-maio-2\/img_20190528_105646_resized_20190530_032604710-1\/\" class=\"wp-image-1016\" srcset=\"https:\/\/sites.ipleiria.pt\/maiocriativo\/files\/2019\/05\/IMG_20190528_105646_resized_20190530_032604710-1-768x1024.jpg 768w, https:\/\/sites.ipleiria.pt\/maiocriativo\/files\/2019\/05\/IMG_20190528_105646_resized_20190530_032604710-1-225x300.jpg 225w, https:\/\/sites.ipleiria.pt\/maiocriativo\/files\/2019\/05\/IMG_20190528_105646_resized_20190530_032604710-1.jpg 1728w\" sizes=\"auto, (max-width: 768px) 100vw, 768px\" \/><\/figure><\/li><\/ul>\n\n\n\n<pre class=\"wp-block-preformatted\">\u00a9 Albertina Fortunato - docente ESECS<\/pre>\n","protected":false},"excerpt":{"rendered":"<p>Prov\u00e9rbiosDinamiza\u00e7\u00e3o:&nbsp;Estudantes do 3\u00ba ano de Educa\u00e7\u00e3o B\u00e1sica \u00a9 Catarina Varanda \u2013 Centro de Recursos Multim\u00e9dia \u00a9 Albertina Fortunato &#8211; docente ESECS<\/p>\n","protected":false},"author":2694,"featured_media":0,"parent":0,"menu_order":0,"comment_status":"closed","ping_status":"closed","template":"full-width-page.php","meta":{"footnotes":""},"class_list":["post-810","page","type-page","status-publish","hentry"],"_links":{"self":[{"href":"https:\/\/sites.ipleiria.pt\/maiocriativo\/wp-json\/wp\/v2\/pages\/810","targetHints":{"allow":["GET"]}}],"collection":[{"href":"https:\/\/sites.ipleiria.pt\/maiocriativo\/wp-json\/wp\/v2\/pages"}],"about":[{"href":"https:\/\/sites.ipleiria.pt\/maiocriativo\/wp-json\/wp\/v2\/types\/page"}],"author":[{"embeddable":true,"href":"https:\/\/sites.ipleiria.pt\/maiocriativo\/wp-json\/wp\/v2\/users\/2694"}],"replies":[{"embeddable":true,"href":"https:\/\/sites.ipleiria.pt\/maiocriativo\/wp-json\/wp\/v2\/comments?post=810"}],"version-history":[{"count":5,"href":"https:\/\/sites.ipleiria.pt\/maiocriativo\/wp-json\/wp\/v2\/pages\/810\/revisions"}],"predecessor-version":[{"id":1017,"href":"https:\/\/sites.ipleiria.pt\/maiocriativo\/wp-json\/wp\/v2\/pages\/810\/revisions\/1017"}],"wp:attachment":[{"href":"https:\/\/sites.ipleiria.pt\/maiocriativo\/wp-json\/wp\/v2\/media?parent=810"}],"curies":[{"name":"wp","href":"https:\/\/api.w.org\/{rel}","templated":true}]}}