{"id":873,"date":"2019-05-30T12:41:32","date_gmt":"2019-05-30T12:41:32","guid":{"rendered":"http:\/\/sites.ipleiria.pt\/maiocriativo\/?page_id=873"},"modified":"2019-07-10T14:12:15","modified_gmt":"2019-07-10T14:12:15","slug":"30-maio","status":"publish","type":"page","link":"https:\/\/sites.ipleiria.pt\/maiocriativo\/30-maio\/","title":{"rendered":"30 maio"},"content":{"rendered":"\n<p>D<strong>an\u00e7a Criativa<\/strong><br><strong>Dinamiza\u00e7\u00e3o:<\/strong>&nbsp;Estudantes do IPL 60+ e convidados da Universidade S\u00e9nior dos Pousos <\/p>\n\n\n\n<ul class=\"wp-block-gallery columns-2 wp-block-gallery-1 is-layout-flex wp-block-gallery-is-layout-flex\"><li class=\"blocks-gallery-item\"><figure><img loading=\"lazy\" decoding=\"async\" width=\"1024\" height=\"680\" src=\"https:\/\/sites.ipleiria.pt\/maiocriativo\/files\/2019\/05\/DSC_0065-1024x680.jpg\" alt=\"\" data-id=\"874\" data-link=\"https:\/\/sites.ipleiria.pt\/maiocriativo\/?attachment_id=874\" class=\"wp-image-874\" srcset=\"https:\/\/sites.ipleiria.pt\/maiocriativo\/files\/2019\/05\/DSC_0065-1024x680.jpg 1024w, https:\/\/sites.ipleiria.pt\/maiocriativo\/files\/2019\/05\/DSC_0065-300x199.jpg 300w, https:\/\/sites.ipleiria.pt\/maiocriativo\/files\/2019\/05\/DSC_0065-768x510.jpg 768w\" sizes=\"auto, (max-width: 1024px) 100vw, 1024px\" \/><\/figure><\/li><li class=\"blocks-gallery-item\"><figure><img loading=\"lazy\" decoding=\"async\" width=\"1024\" height=\"680\" src=\"https:\/\/sites.ipleiria.pt\/maiocriativo\/files\/2019\/05\/DSC_0067-1-1024x680.jpg\" alt=\"\" data-id=\"875\" data-link=\"https:\/\/sites.ipleiria.pt\/maiocriativo\/?attachment_id=875\" class=\"wp-image-875\" srcset=\"https:\/\/sites.ipleiria.pt\/maiocriativo\/files\/2019\/05\/DSC_0067-1-1024x680.jpg 1024w, https:\/\/sites.ipleiria.pt\/maiocriativo\/files\/2019\/05\/DSC_0067-1-300x199.jpg 300w, https:\/\/sites.ipleiria.pt\/maiocriativo\/files\/2019\/05\/DSC_0067-1-768x510.jpg 768w\" sizes=\"auto, (max-width: 1024px) 100vw, 1024px\" \/><\/figure><\/li><li class=\"blocks-gallery-item\"><figure><img loading=\"lazy\" decoding=\"async\" width=\"1024\" height=\"680\" src=\"https:\/\/sites.ipleiria.pt\/maiocriativo\/files\/2019\/05\/DSC_0069-1024x680.jpg\" alt=\"\" data-id=\"876\" data-link=\"https:\/\/sites.ipleiria.pt\/maiocriativo\/?attachment_id=876\" class=\"wp-image-876\" srcset=\"https:\/\/sites.ipleiria.pt\/maiocriativo\/files\/2019\/05\/DSC_0069-1024x680.jpg 1024w, https:\/\/sites.ipleiria.pt\/maiocriativo\/files\/2019\/05\/DSC_0069-300x199.jpg 300w, https:\/\/sites.ipleiria.pt\/maiocriativo\/files\/2019\/05\/DSC_0069-768x510.jpg 768w\" sizes=\"auto, (max-width: 1024px) 100vw, 1024px\" \/><\/figure><\/li><li class=\"blocks-gallery-item\"><figure><img loading=\"lazy\" decoding=\"async\" width=\"1024\" height=\"680\" src=\"https:\/\/sites.ipleiria.pt\/maiocriativo\/files\/2019\/05\/DSC_0073-1024x680.jpg\" alt=\"\" data-id=\"877\" data-link=\"https:\/\/sites.ipleiria.pt\/maiocriativo\/?attachment_id=877\" class=\"wp-image-877\" srcset=\"https:\/\/sites.ipleiria.pt\/maiocriativo\/files\/2019\/05\/DSC_0073-1024x680.jpg 1024w, https:\/\/sites.ipleiria.pt\/maiocriativo\/files\/2019\/05\/DSC_0073-300x199.jpg 300w, https:\/\/sites.ipleiria.pt\/maiocriativo\/files\/2019\/05\/DSC_0073-768x510.jpg 768w\" sizes=\"auto, (max-width: 1024px) 100vw, 1024px\" \/><\/figure><\/li><li class=\"blocks-gallery-item\"><figure><img loading=\"lazy\" decoding=\"async\" width=\"1024\" height=\"680\" src=\"https:\/\/sites.ipleiria.pt\/maiocriativo\/files\/2019\/05\/DSC_0075-1024x680.jpg\" alt=\"\" data-id=\"878\" data-link=\"https:\/\/sites.ipleiria.pt\/maiocriativo\/?attachment_id=878\" class=\"wp-image-878\" srcset=\"https:\/\/sites.ipleiria.pt\/maiocriativo\/files\/2019\/05\/DSC_0075-1024x680.jpg 1024w, https:\/\/sites.ipleiria.pt\/maiocriativo\/files\/2019\/05\/DSC_0075-300x199.jpg 300w, https:\/\/sites.ipleiria.pt\/maiocriativo\/files\/2019\/05\/DSC_0075-768x510.jpg 768w\" sizes=\"auto, (max-width: 1024px) 100vw, 1024px\" \/><\/figure><\/li><li class=\"blocks-gallery-item\"><figure><img loading=\"lazy\" decoding=\"async\" width=\"1024\" height=\"680\" src=\"https:\/\/sites.ipleiria.pt\/maiocriativo\/files\/2019\/05\/DSC_0076-1024x680.jpg\" alt=\"\" data-id=\"879\" data-link=\"https:\/\/sites.ipleiria.pt\/maiocriativo\/?attachment_id=879\" class=\"wp-image-879\" srcset=\"https:\/\/sites.ipleiria.pt\/maiocriativo\/files\/2019\/05\/DSC_0076-1024x680.jpg 1024w, https:\/\/sites.ipleiria.pt\/maiocriativo\/files\/2019\/05\/DSC_0076-300x199.jpg 300w, https:\/\/sites.ipleiria.pt\/maiocriativo\/files\/2019\/05\/DSC_0076-768x510.jpg 768w\" sizes=\"auto, (max-width: 1024px) 100vw, 1024px\" \/><\/figure><\/li><li class=\"blocks-gallery-item\"><figure><img loading=\"lazy\" decoding=\"async\" width=\"1024\" height=\"680\" src=\"https:\/\/sites.ipleiria.pt\/maiocriativo\/files\/2019\/05\/DSC_0080-1024x680.jpg\" alt=\"\" data-id=\"880\" data-link=\"https:\/\/sites.ipleiria.pt\/maiocriativo\/?attachment_id=880\" class=\"wp-image-880\" srcset=\"https:\/\/sites.ipleiria.pt\/maiocriativo\/files\/2019\/05\/DSC_0080-1024x680.jpg 1024w, https:\/\/sites.ipleiria.pt\/maiocriativo\/files\/2019\/05\/DSC_0080-300x199.jpg 300w, https:\/\/sites.ipleiria.pt\/maiocriativo\/files\/2019\/05\/DSC_0080-768x510.jpg 768w\" sizes=\"auto, (max-width: 1024px) 100vw, 1024px\" \/><\/figure><\/li><li class=\"blocks-gallery-item\"><figure><img loading=\"lazy\" decoding=\"async\" width=\"1024\" height=\"680\" src=\"https:\/\/sites.ipleiria.pt\/maiocriativo\/files\/2019\/05\/DSC_0085-1024x680.jpg\" alt=\"\" data-id=\"881\" data-link=\"https:\/\/sites.ipleiria.pt\/maiocriativo\/?attachment_id=881\" class=\"wp-image-881\" srcset=\"https:\/\/sites.ipleiria.pt\/maiocriativo\/files\/2019\/05\/DSC_0085-1024x680.jpg 1024w, https:\/\/sites.ipleiria.pt\/maiocriativo\/files\/2019\/05\/DSC_0085-300x199.jpg 300w, https:\/\/sites.ipleiria.pt\/maiocriativo\/files\/2019\/05\/DSC_0085-768x510.jpg 768w\" sizes=\"auto, (max-width: 1024px) 100vw, 1024px\" \/><\/figure><\/li><li class=\"blocks-gallery-item\"><figure><img loading=\"lazy\" decoding=\"async\" width=\"1024\" height=\"768\" src=\"https:\/\/sites.ipleiria.pt\/maiocriativo\/files\/2019\/05\/IMG_20190530_114101-1024x768.jpeg\" alt=\"\" data-id=\"882\" data-link=\"https:\/\/sites.ipleiria.pt\/maiocriativo\/?attachment_id=882\" class=\"wp-image-882\" srcset=\"https:\/\/sites.ipleiria.pt\/maiocriativo\/files\/2019\/05\/IMG_20190530_114101-1024x768.jpeg 1024w, https:\/\/sites.ipleiria.pt\/maiocriativo\/files\/2019\/05\/IMG_20190530_114101-300x225.jpeg 300w, https:\/\/sites.ipleiria.pt\/maiocriativo\/files\/2019\/05\/IMG_20190530_114101-768x576.jpeg 768w, https:\/\/sites.ipleiria.pt\/maiocriativo\/files\/2019\/05\/IMG_20190530_114101.jpeg 1600w\" sizes=\"auto, (max-width: 1024px) 100vw, 1024px\" \/><\/figure><\/li><li class=\"blocks-gallery-item\"><figure><img loading=\"lazy\" decoding=\"async\" width=\"1024\" height=\"768\" src=\"https:\/\/sites.ipleiria.pt\/maiocriativo\/files\/2019\/05\/IMG_20190530_114102-1024x768.jpeg\" alt=\"\" data-id=\"883\" data-link=\"https:\/\/sites.ipleiria.pt\/maiocriativo\/?attachment_id=883\" class=\"wp-image-883\" srcset=\"https:\/\/sites.ipleiria.pt\/maiocriativo\/files\/2019\/05\/IMG_20190530_114102-1024x768.jpeg 1024w, https:\/\/sites.ipleiria.pt\/maiocriativo\/files\/2019\/05\/IMG_20190530_114102-300x225.jpeg 300w, https:\/\/sites.ipleiria.pt\/maiocriativo\/files\/2019\/05\/IMG_20190530_114102-768x576.jpeg 768w, https:\/\/sites.ipleiria.pt\/maiocriativo\/files\/2019\/05\/IMG_20190530_114102.jpeg 1600w\" sizes=\"auto, (max-width: 1024px) 100vw, 1024px\" \/><\/figure><\/li><li class=\"blocks-gallery-item\"><figure><img loading=\"lazy\" decoding=\"async\" width=\"765\" height=\"1024\" src=\"https:\/\/sites.ipleiria.pt\/maiocriativo\/files\/2019\/05\/IMG-1024-765x1024.jpeg\" alt=\"\" data-id=\"884\" data-link=\"https:\/\/sites.ipleiria.pt\/maiocriativo\/?attachment_id=884\" class=\"wp-image-884\" srcset=\"https:\/\/sites.ipleiria.pt\/maiocriativo\/files\/2019\/05\/IMG-1024-765x1024.jpeg 765w, https:\/\/sites.ipleiria.pt\/maiocriativo\/files\/2019\/05\/IMG-1024-224x300.jpeg 224w, https:\/\/sites.ipleiria.pt\/maiocriativo\/files\/2019\/05\/IMG-1024-768x1028.jpeg 768w, https:\/\/sites.ipleiria.pt\/maiocriativo\/files\/2019\/05\/IMG-1024.jpeg 1936w\" sizes=\"auto, (max-width: 765px) 100vw, 765px\" \/><\/figure><\/li><\/ul>\n\n\n\n<pre class=\"wp-block-preformatted\">\u00a9  Sara M\u00f3nico e Margarida Pinto Basto - docentes ESECS<\/pre>\n\n\n\n<div style=\"height:100px\" aria-hidden=\"true\" class=\"wp-block-spacer\"><\/div>\n\n\n\n<p><strong>Constru\u00e7\u00e3o de fantoches com pauzinho<em>s<\/em><\/strong><br><strong>Dinamiza\u00e7\u00e3o:<\/strong>&nbsp;Estudantes do 3\u00ba ano de Educa\u00e7\u00e3o B\u00e1sica e do Secund\u00e1rio\n\n<\/p>\n\n\n\n<ul class=\"wp-block-gallery columns-2 wp-block-gallery-2 is-layout-flex wp-block-gallery-is-layout-flex\"><li class=\"blocks-gallery-item\"><figure><img loading=\"lazy\" decoding=\"async\" width=\"1024\" height=\"680\" src=\"https:\/\/sites.ipleiria.pt\/maiocriativo\/files\/2019\/05\/DSC_0025-1024x680.jpg\" alt=\"\" data-id=\"890\" data-link=\"https:\/\/sites.ipleiria.pt\/maiocriativo\/30-maio\/dsc_0025-2\/\" class=\"wp-image-890\" srcset=\"https:\/\/sites.ipleiria.pt\/maiocriativo\/files\/2019\/05\/DSC_0025-1024x680.jpg 1024w, https:\/\/sites.ipleiria.pt\/maiocriativo\/files\/2019\/05\/DSC_0025-300x199.jpg 300w, https:\/\/sites.ipleiria.pt\/maiocriativo\/files\/2019\/05\/DSC_0025-768x510.jpg 768w\" sizes=\"auto, (max-width: 1024px) 100vw, 1024px\" \/><\/figure><\/li><li class=\"blocks-gallery-item\"><figure><img loading=\"lazy\" decoding=\"async\" width=\"1024\" height=\"680\" src=\"https:\/\/sites.ipleiria.pt\/maiocriativo\/files\/2019\/05\/DSC_0029-1024x680.jpg\" alt=\"\" data-id=\"892\" data-link=\"https:\/\/sites.ipleiria.pt\/maiocriativo\/30-maio\/dsc_0029\/\" class=\"wp-image-892\" srcset=\"https:\/\/sites.ipleiria.pt\/maiocriativo\/files\/2019\/05\/DSC_0029-1024x680.jpg 1024w, https:\/\/sites.ipleiria.pt\/maiocriativo\/files\/2019\/05\/DSC_0029-300x199.jpg 300w, https:\/\/sites.ipleiria.pt\/maiocriativo\/files\/2019\/05\/DSC_0029-768x510.jpg 768w\" sizes=\"auto, (max-width: 1024px) 100vw, 1024px\" \/><\/figure><\/li><li class=\"blocks-gallery-item\"><figure><img loading=\"lazy\" decoding=\"async\" width=\"1024\" height=\"680\" src=\"https:\/\/sites.ipleiria.pt\/maiocriativo\/files\/2019\/05\/DSC_0030-1024x680.jpg\" alt=\"\" data-id=\"893\" data-link=\"https:\/\/sites.ipleiria.pt\/maiocriativo\/30-maio\/dsc_0030\/\" class=\"wp-image-893\" srcset=\"https:\/\/sites.ipleiria.pt\/maiocriativo\/files\/2019\/05\/DSC_0030-1024x680.jpg 1024w, https:\/\/sites.ipleiria.pt\/maiocriativo\/files\/2019\/05\/DSC_0030-300x199.jpg 300w, https:\/\/sites.ipleiria.pt\/maiocriativo\/files\/2019\/05\/DSC_0030-768x510.jpg 768w\" sizes=\"auto, (max-width: 1024px) 100vw, 1024px\" \/><\/figure><\/li><li class=\"blocks-gallery-item\"><figure><img loading=\"lazy\" decoding=\"async\" width=\"1024\" height=\"680\" src=\"https:\/\/sites.ipleiria.pt\/maiocriativo\/files\/2019\/05\/DSC_0031-1024x680.jpg\" alt=\"\" data-id=\"894\" data-link=\"https:\/\/sites.ipleiria.pt\/maiocriativo\/30-maio\/dsc_0031\/\" class=\"wp-image-894\" srcset=\"https:\/\/sites.ipleiria.pt\/maiocriativo\/files\/2019\/05\/DSC_0031-1024x680.jpg 1024w, https:\/\/sites.ipleiria.pt\/maiocriativo\/files\/2019\/05\/DSC_0031-300x199.jpg 300w, https:\/\/sites.ipleiria.pt\/maiocriativo\/files\/2019\/05\/DSC_0031-768x510.jpg 768w\" sizes=\"auto, (max-width: 1024px) 100vw, 1024px\" \/><\/figure><\/li><li class=\"blocks-gallery-item\"><figure><img loading=\"lazy\" decoding=\"async\" width=\"1024\" height=\"680\" src=\"https:\/\/sites.ipleiria.pt\/maiocriativo\/files\/2019\/05\/DSC_0036-3-1024x680.jpg\" alt=\"\" data-id=\"895\" data-link=\"https:\/\/sites.ipleiria.pt\/maiocriativo\/30-maio\/dsc_0036-3\/\" class=\"wp-image-895\" srcset=\"https:\/\/sites.ipleiria.pt\/maiocriativo\/files\/2019\/05\/DSC_0036-3-1024x680.jpg 1024w, https:\/\/sites.ipleiria.pt\/maiocriativo\/files\/2019\/05\/DSC_0036-3-300x199.jpg 300w, https:\/\/sites.ipleiria.pt\/maiocriativo\/files\/2019\/05\/DSC_0036-3-768x510.jpg 768w\" sizes=\"auto, (max-width: 1024px) 100vw, 1024px\" \/><\/figure><\/li><li class=\"blocks-gallery-item\"><figure><img loading=\"lazy\" decoding=\"async\" width=\"680\" height=\"1024\" src=\"https:\/\/sites.ipleiria.pt\/maiocriativo\/files\/2019\/05\/DSC_0039-6-680x1024.jpg\" alt=\"\" data-id=\"896\" data-link=\"https:\/\/sites.ipleiria.pt\/maiocriativo\/30-maio\/dsc_0039-6\/\" class=\"wp-image-896\" srcset=\"https:\/\/sites.ipleiria.pt\/maiocriativo\/files\/2019\/05\/DSC_0039-6-680x1024.jpg 680w, https:\/\/sites.ipleiria.pt\/maiocriativo\/files\/2019\/05\/DSC_0039-6-199x300.jpg 199w, https:\/\/sites.ipleiria.pt\/maiocriativo\/files\/2019\/05\/DSC_0039-6-768x1156.jpg 768w\" sizes=\"auto, (max-width: 680px) 100vw, 680px\" \/><\/figure><\/li><li class=\"blocks-gallery-item\"><figure><img loading=\"lazy\" decoding=\"async\" width=\"1024\" height=\"680\" src=\"https:\/\/sites.ipleiria.pt\/maiocriativo\/files\/2019\/05\/DSC_0041-1024x680.jpg\" alt=\"\" data-id=\"897\" data-link=\"https:\/\/sites.ipleiria.pt\/maiocriativo\/30-maio\/dsc_0041\/\" class=\"wp-image-897\" srcset=\"https:\/\/sites.ipleiria.pt\/maiocriativo\/files\/2019\/05\/DSC_0041-1024x680.jpg 1024w, https:\/\/sites.ipleiria.pt\/maiocriativo\/files\/2019\/05\/DSC_0041-300x199.jpg 300w, https:\/\/sites.ipleiria.pt\/maiocriativo\/files\/2019\/05\/DSC_0041-768x510.jpg 768w\" sizes=\"auto, (max-width: 1024px) 100vw, 1024px\" \/><\/figure><\/li><li class=\"blocks-gallery-item\"><figure><img loading=\"lazy\" decoding=\"async\" width=\"1024\" height=\"680\" src=\"https:\/\/sites.ipleiria.pt\/maiocriativo\/files\/2019\/05\/DSC_0042-1-1024x680.jpg\" alt=\"\" data-id=\"898\" data-link=\"https:\/\/sites.ipleiria.pt\/maiocriativo\/30-maio\/dsc_0042-1\/\" class=\"wp-image-898\" srcset=\"https:\/\/sites.ipleiria.pt\/maiocriativo\/files\/2019\/05\/DSC_0042-1-1024x680.jpg 1024w, https:\/\/sites.ipleiria.pt\/maiocriativo\/files\/2019\/05\/DSC_0042-1-300x199.jpg 300w, https:\/\/sites.ipleiria.pt\/maiocriativo\/files\/2019\/05\/DSC_0042-1-768x510.jpg 768w\" sizes=\"auto, (max-width: 1024px) 100vw, 1024px\" \/><\/figure><\/li><\/ul>\n\n\n\n<pre class=\"wp-block-preformatted\"> \u00a9 Catarina Varanda \u2013 Centro de Recursos Multim\u00e9dia\n<\/pre>\n\n\n\n<div style=\"height:100px\" aria-hidden=\"true\" class=\"wp-block-spacer\"><\/div>\n\n\n\n<p><strong>Dinamiza\u00e7\u00e3o:<\/strong> Alunas do Mestrado de Interven\u00e7\u00e3o e Anima\u00e7\u00e3o Art\u00edsticas<\/p>\n\n\n\n<ul class=\"wp-block-gallery columns-2 wp-block-gallery-3 is-layout-flex wp-block-gallery-is-layout-flex\"><li class=\"blocks-gallery-item\"><figure><img loading=\"lazy\" decoding=\"async\" width=\"1024\" height=\"680\" src=\"https:\/\/sites.ipleiria.pt\/maiocriativo\/files\/2019\/05\/DSC_0043-1024x680.jpg\" alt=\"\" data-id=\"902\" data-link=\"https:\/\/sites.ipleiria.pt\/maiocriativo\/30-maio\/dsc_0043\/\" class=\"wp-image-902\" srcset=\"https:\/\/sites.ipleiria.pt\/maiocriativo\/files\/2019\/05\/DSC_0043-1024x680.jpg 1024w, https:\/\/sites.ipleiria.pt\/maiocriativo\/files\/2019\/05\/DSC_0043-300x199.jpg 300w, https:\/\/sites.ipleiria.pt\/maiocriativo\/files\/2019\/05\/DSC_0043-768x510.jpg 768w\" sizes=\"auto, (max-width: 1024px) 100vw, 1024px\" \/><\/figure><\/li><li class=\"blocks-gallery-item\"><figure><img loading=\"lazy\" decoding=\"async\" width=\"1024\" height=\"680\" src=\"https:\/\/sites.ipleiria.pt\/maiocriativo\/files\/2019\/05\/DSC_0046-1-1024x680.jpg\" alt=\"\" data-id=\"903\" data-link=\"https:\/\/sites.ipleiria.pt\/maiocriativo\/30-maio\/dsc_0046-1\/\" class=\"wp-image-903\" srcset=\"https:\/\/sites.ipleiria.pt\/maiocriativo\/files\/2019\/05\/DSC_0046-1-1024x680.jpg 1024w, https:\/\/sites.ipleiria.pt\/maiocriativo\/files\/2019\/05\/DSC_0046-1-300x199.jpg 300w, https:\/\/sites.ipleiria.pt\/maiocriativo\/files\/2019\/05\/DSC_0046-1-768x510.jpg 768w\" sizes=\"auto, (max-width: 1024px) 100vw, 1024px\" \/><\/figure><\/li><li class=\"blocks-gallery-item\"><figure><img loading=\"lazy\" decoding=\"async\" width=\"1024\" height=\"680\" src=\"https:\/\/sites.ipleiria.pt\/maiocriativo\/files\/2019\/05\/DSC_0050-1024x680.jpg\" alt=\"\" data-id=\"904\" data-link=\"https:\/\/sites.ipleiria.pt\/maiocriativo\/30-maio\/dsc_0050\/\" class=\"wp-image-904\" srcset=\"https:\/\/sites.ipleiria.pt\/maiocriativo\/files\/2019\/05\/DSC_0050-1024x680.jpg 1024w, https:\/\/sites.ipleiria.pt\/maiocriativo\/files\/2019\/05\/DSC_0050-300x199.jpg 300w, https:\/\/sites.ipleiria.pt\/maiocriativo\/files\/2019\/05\/DSC_0050-768x510.jpg 768w\" sizes=\"auto, (max-width: 1024px) 100vw, 1024px\" \/><\/figure><\/li><li class=\"blocks-gallery-item\"><figure><img loading=\"lazy\" decoding=\"async\" width=\"1024\" height=\"680\" src=\"https:\/\/sites.ipleiria.pt\/maiocriativo\/files\/2019\/05\/DSC_0052-1024x680.jpg\" alt=\"\" data-id=\"905\" data-link=\"https:\/\/sites.ipleiria.pt\/maiocriativo\/30-maio\/dsc_0052\/\" class=\"wp-image-905\" srcset=\"https:\/\/sites.ipleiria.pt\/maiocriativo\/files\/2019\/05\/DSC_0052-1024x680.jpg 1024w, https:\/\/sites.ipleiria.pt\/maiocriativo\/files\/2019\/05\/DSC_0052-300x199.jpg 300w, https:\/\/sites.ipleiria.pt\/maiocriativo\/files\/2019\/05\/DSC_0052-768x510.jpg 768w\" sizes=\"auto, (max-width: 1024px) 100vw, 1024px\" \/><\/figure><\/li><li class=\"blocks-gallery-item\"><figure><img loading=\"lazy\" decoding=\"async\" width=\"1024\" height=\"680\" src=\"https:\/\/sites.ipleiria.pt\/maiocriativo\/files\/2019\/05\/DSC_0060-1024x680.jpg\" alt=\"\" data-id=\"906\" data-link=\"https:\/\/sites.ipleiria.pt\/maiocriativo\/30-maio\/dsc_0060\/\" class=\"wp-image-906\" srcset=\"https:\/\/sites.ipleiria.pt\/maiocriativo\/files\/2019\/05\/DSC_0060-1024x680.jpg 1024w, https:\/\/sites.ipleiria.pt\/maiocriativo\/files\/2019\/05\/DSC_0060-300x199.jpg 300w, https:\/\/sites.ipleiria.pt\/maiocriativo\/files\/2019\/05\/DSC_0060-768x510.jpg 768w\" sizes=\"auto, (max-width: 1024px) 100vw, 1024px\" \/><\/figure><\/li><\/ul>\n\n\n\n<div style=\"height:100px\" aria-hidden=\"true\" class=\"wp-block-spacer\"><\/div>\n\n\n\n<ul class=\"wp-block-gallery columns-2 wp-block-gallery-4 is-layout-flex wp-block-gallery-is-layout-flex\"><li class=\"blocks-gallery-item\"><figure><img loading=\"lazy\" decoding=\"async\" width=\"1024\" height=\"680\" src=\"https:\/\/sites.ipleiria.pt\/maiocriativo\/files\/2019\/05\/DSC_0003-3-1024x680.jpg\" alt=\"\" data-id=\"907\" data-link=\"https:\/\/sites.ipleiria.pt\/maiocriativo\/30-maio\/dsc_0003-3-2\/\" class=\"wp-image-907\" srcset=\"https:\/\/sites.ipleiria.pt\/maiocriativo\/files\/2019\/05\/DSC_0003-3-1024x680.jpg 1024w, https:\/\/sites.ipleiria.pt\/maiocriativo\/files\/2019\/05\/DSC_0003-3-300x199.jpg 300w, https:\/\/sites.ipleiria.pt\/maiocriativo\/files\/2019\/05\/DSC_0003-3-768x510.jpg 768w\" sizes=\"auto, (max-width: 1024px) 100vw, 1024px\" \/><\/figure><\/li><li class=\"blocks-gallery-item\"><figure><img loading=\"lazy\" decoding=\"async\" width=\"1024\" height=\"680\" src=\"https:\/\/sites.ipleiria.pt\/maiocriativo\/files\/2019\/05\/DSC_0004-2-1024x680.jpg\" alt=\"\" data-id=\"908\" data-link=\"https:\/\/sites.ipleiria.pt\/maiocriativo\/30-maio\/dsc_0004-2-2\/\" class=\"wp-image-908\" srcset=\"https:\/\/sites.ipleiria.pt\/maiocriativo\/files\/2019\/05\/DSC_0004-2-1024x680.jpg 1024w, https:\/\/sites.ipleiria.pt\/maiocriativo\/files\/2019\/05\/DSC_0004-2-300x199.jpg 300w, https:\/\/sites.ipleiria.pt\/maiocriativo\/files\/2019\/05\/DSC_0004-2-768x510.jpg 768w\" sizes=\"auto, (max-width: 1024px) 100vw, 1024px\" \/><\/figure><\/li><li class=\"blocks-gallery-item\"><figure><img loading=\"lazy\" decoding=\"async\" width=\"1024\" height=\"680\" src=\"https:\/\/sites.ipleiria.pt\/maiocriativo\/files\/2019\/05\/DSC_0006-4-1024x680.jpg\" alt=\"\" data-id=\"909\" data-link=\"https:\/\/sites.ipleiria.pt\/maiocriativo\/30-maio\/dsc_0006-4\/\" class=\"wp-image-909\" srcset=\"https:\/\/sites.ipleiria.pt\/maiocriativo\/files\/2019\/05\/DSC_0006-4-1024x680.jpg 1024w, https:\/\/sites.ipleiria.pt\/maiocriativo\/files\/2019\/05\/DSC_0006-4-300x199.jpg 300w, https:\/\/sites.ipleiria.pt\/maiocriativo\/files\/2019\/05\/DSC_0006-4-768x510.jpg 768w\" sizes=\"auto, (max-width: 1024px) 100vw, 1024px\" \/><\/figure><\/li><li class=\"blocks-gallery-item\"><figure><img loading=\"lazy\" decoding=\"async\" width=\"680\" height=\"1024\" src=\"https:\/\/sites.ipleiria.pt\/maiocriativo\/files\/2019\/05\/DSC_0009-6-680x1024.jpg\" alt=\"\" data-id=\"910\" data-link=\"https:\/\/sites.ipleiria.pt\/maiocriativo\/30-maio\/dsc_0009-6\/\" class=\"wp-image-910\" srcset=\"https:\/\/sites.ipleiria.pt\/maiocriativo\/files\/2019\/05\/DSC_0009-6-680x1024.jpg 680w, https:\/\/sites.ipleiria.pt\/maiocriativo\/files\/2019\/05\/DSC_0009-6-199x300.jpg 199w, https:\/\/sites.ipleiria.pt\/maiocriativo\/files\/2019\/05\/DSC_0009-6-768x1156.jpg 768w\" sizes=\"auto, (max-width: 680px) 100vw, 680px\" \/><\/figure><\/li><li class=\"blocks-gallery-item\"><figure><img loading=\"lazy\" decoding=\"async\" width=\"1024\" height=\"680\" src=\"https:\/\/sites.ipleiria.pt\/maiocriativo\/files\/2019\/05\/DSC_0015-2-1024x680.jpg\" alt=\"\" data-id=\"911\" data-link=\"https:\/\/sites.ipleiria.pt\/maiocriativo\/30-maio\/dsc_0015-2-2\/\" class=\"wp-image-911\" srcset=\"https:\/\/sites.ipleiria.pt\/maiocriativo\/files\/2019\/05\/DSC_0015-2-1024x680.jpg 1024w, https:\/\/sites.ipleiria.pt\/maiocriativo\/files\/2019\/05\/DSC_0015-2-300x199.jpg 300w, https:\/\/sites.ipleiria.pt\/maiocriativo\/files\/2019\/05\/DSC_0015-2-768x510.jpg 768w\" sizes=\"auto, (max-width: 1024px) 100vw, 1024px\" \/><\/figure><\/li><li class=\"blocks-gallery-item\"><figure><img loading=\"lazy\" decoding=\"async\" width=\"1024\" height=\"680\" src=\"https:\/\/sites.ipleiria.pt\/maiocriativo\/files\/2019\/05\/DSC_0018-1024x680.jpg\" alt=\"\" data-id=\"912\" data-link=\"https:\/\/sites.ipleiria.pt\/maiocriativo\/30-maio\/dsc_0018\/\" class=\"wp-image-912\" srcset=\"https:\/\/sites.ipleiria.pt\/maiocriativo\/files\/2019\/05\/DSC_0018-1024x680.jpg 1024w, https:\/\/sites.ipleiria.pt\/maiocriativo\/files\/2019\/05\/DSC_0018-300x199.jpg 300w, https:\/\/sites.ipleiria.pt\/maiocriativo\/files\/2019\/05\/DSC_0018-768x510.jpg 768w\" sizes=\"auto, (max-width: 1024px) 100vw, 1024px\" \/><\/figure><\/li><li class=\"blocks-gallery-item\"><figure><img loading=\"lazy\" decoding=\"async\" width=\"680\" height=\"1024\" src=\"https:\/\/sites.ipleiria.pt\/maiocriativo\/files\/2019\/05\/DSC_0022-5-680x1024.jpg\" alt=\"\" data-id=\"913\" data-link=\"https:\/\/sites.ipleiria.pt\/maiocriativo\/30-maio\/dsc_0022-5\/\" class=\"wp-image-913\" srcset=\"https:\/\/sites.ipleiria.pt\/maiocriativo\/files\/2019\/05\/DSC_0022-5-680x1024.jpg 680w, https:\/\/sites.ipleiria.pt\/maiocriativo\/files\/2019\/05\/DSC_0022-5-199x300.jpg 199w, https:\/\/sites.ipleiria.pt\/maiocriativo\/files\/2019\/05\/DSC_0022-5-768x1156.jpg 768w\" sizes=\"auto, (max-width: 680px) 100vw, 680px\" \/><\/figure><\/li><\/ul>\n\n\n\n<pre class=\"wp-block-preformatted\">\u00a9 Catarina Varanda \u2013 Centro de Recursos Multim\u00e9dia<\/pre>\n","protected":false},"excerpt":{"rendered":"<p>Dan\u00e7a CriativaDinamiza\u00e7\u00e3o:&nbsp;Estudantes do IPL 60+ e convidados da Universidade S\u00e9nior dos Pousos \u00a9 Sara M\u00f3nico e Margarida Pinto Basto &#8211; docentes ESECS Constru\u00e7\u00e3o de fantoches com pauzinhosDinamiza\u00e7\u00e3o:&nbsp;Estudantes do 3\u00ba ano de Educa\u00e7\u00e3o B\u00e1sica e do Secund\u00e1rio \u00a9 Catarina Varanda \u2013&hellip;  <\/p>\n<p class=\"more-link\"><a href=\"https:\/\/sites.ipleiria.pt\/maiocriativo\/30-maio\/\">Continue reading <span class=\"meta-nav\">&rarr;<\/span><\/a><\/p>\n","protected":false},"author":2694,"featured_media":0,"parent":0,"menu_order":0,"comment_status":"closed","ping_status":"closed","template":"full-width-page.php","meta":{"footnotes":""},"class_list":["post-873","page","type-page","status-publish","hentry"],"_links":{"self":[{"href":"https:\/\/sites.ipleiria.pt\/maiocriativo\/wp-json\/wp\/v2\/pages\/873","targetHints":{"allow":["GET"]}}],"collection":[{"href":"https:\/\/sites.ipleiria.pt\/maiocriativo\/wp-json\/wp\/v2\/pages"}],"about":[{"href":"https:\/\/sites.ipleiria.pt\/maiocriativo\/wp-json\/wp\/v2\/types\/page"}],"author":[{"embeddable":true,"href":"https:\/\/sites.ipleiria.pt\/maiocriativo\/wp-json\/wp\/v2\/users\/2694"}],"replies":[{"embeddable":true,"href":"https:\/\/sites.ipleiria.pt\/maiocriativo\/wp-json\/wp\/v2\/comments?post=873"}],"version-history":[{"count":7,"href":"https:\/\/sites.ipleiria.pt\/maiocriativo\/wp-json\/wp\/v2\/pages\/873\/revisions"}],"predecessor-version":[{"id":1025,"href":"https:\/\/sites.ipleiria.pt\/maiocriativo\/wp-json\/wp\/v2\/pages\/873\/revisions\/1025"}],"wp:attachment":[{"href":"https:\/\/sites.ipleiria.pt\/maiocriativo\/wp-json\/wp\/v2\/media?parent=873"}],"curies":[{"name":"wp","href":"https:\/\/api.w.org\/{rel}","templated":true}]}}