{"id":139,"date":"2021-04-26T11:44:59","date_gmt":"2021-04-26T11:44:59","guid":{"rendered":"https:\/\/sites.ipleiria.pt\/maiocriativo2021\/?page_id=139"},"modified":"2021-05-10T17:20:46","modified_gmt":"2021-05-10T17:20:46","slug":"atelies","status":"publish","type":"page","link":"https:\/\/sites.ipleiria.pt\/maiocriativo2021\/atelies\/","title":{"rendered":"Ateli\u00eas"},"content":{"rendered":"\n<h2 class=\"wp-block-heading\"><strong>Bat&#8217;MIAA<\/strong><\/h2>\n\n\n\n<p>Neste ateli\u00ea pretende-se proporcionar aos participantes experi\u00eancias musicais ao n\u00edvel r\u00edtmico e de coordena\u00e7\u00e3o motora, atrav\u00e9s da explora\u00e7\u00e3o do corpo humano e de instrumentos convencionais\/n\u00e3o-convencionais.<\/p>\n\n\n\n<h2 class=\"wp-block-heading\"><strong>Baralhando hist\u00f3rias<\/strong><\/h2>\n\n\n\n<p>Neste ateli\u00ea os participantes vivenciam experi\u00eancias art\u00edsticas e perspetivam a sua aplica\u00e7\u00e3o em futuras interven\u00e7\u00f5es na comunidade.<\/p>\n\n\n\n<h2 class=\"wp-block-heading\"><strong>Canto d&#8217;Arte<\/strong><\/h2>\n\n\n\n<p>Dentro de uma proposta l\u00fadica explorat\u00f3ria, este ateli\u00ea relaciona as compet\u00eancias art\u00edsticas de criar, imaginar e experimentar em diferentes formas &#8211; movimento, express\u00e3o art\u00edstica ilustrada com ritmos e estilos de m\u00fasica, em relev\u00e2ncia aos desafios propostos. <\/p>\n\n\n\n<h2 class=\"wp-block-heading\"><em><strong>Light Painting<\/strong><\/em><\/h2>\n\n\n\n<p>Desenvolvimento de uma po\u00e9tica pessoal por meio do desenho com a luz e a captura com a c\u00e2mara. Essa experi\u00eancia permite que os participantes expressem suas emo\u00e7\u00f5es e comuniquem mensagens com diferentes n\u00edveis de interpreta\u00e7\u00e3o, atrav\u00e9s do uso de luzes de diferentes cores e da linguagem corporal, representando o vasto e singular mundo interno de cada indiv\u00edduo.<\/p>\n\n\n\n<h2 class=\"wp-block-heading\"><strong>Som de Batuque<\/strong><\/h2>\n\n\n\n<p>Neste ateli\u00ea faremos uma introdu\u00e7\u00e3o \u00e0 percuss\u00e3o, \u00e0 pulsa\u00e7\u00e3o e \u00e0 sua import\u00e2ncia em diversas \u00e1reas art\u00edsticas e tamb\u00e9m \u00e0 perce\u00e7\u00e3o r\u00edtmica utilizando a voz (solfejo). Os elementos estudados entrar\u00e3o em experi\u00eancias pr\u00e1ticas, ao longo do ateli\u00ea, utilizando um instrumento (bateria).<\/p>\n\n\n\n<h2 class=\"wp-block-heading\"><strong>Circando<\/strong><\/h2>\n\n\n\n<p>Neste ateli\u00ea h\u00e1 uma preocupa\u00e7\u00e3o de abordar os conte\u00fados te\u00f3ricos espec\u00edficos das linguagens art\u00edsticas do circo e de aperfei\u00e7oar as habilidades motoras. Conhecer e ter dom\u00ednio de t\u00e9cnicas e materiais permite aos participantes criar: articulando perce\u00e7\u00e3o, imagina\u00e7\u00e3o e conhecimento, sendo uma ferramenta essencial para desenvolver autoconfian\u00e7a, compet\u00eancia motora e qualidade est\u00e9tica.<\/p>\n\n\n\n<h2 class=\"wp-block-heading\"><strong>Movi(senti)mento<\/strong><\/h2>\n\n\n\n<p>Neste atelier os participantes ter\u00e3o a oportunidade de conhecer e ter contacto com a dan\u00e7a criativa. Aqui ser-lhes-\u00e1 permitido experienciar diversas possibilidades de movimento do corpo e comunicar livremente atrav\u00e9s do mesmo, quer de forma individual, quer em contexto grupal.<\/p>\n\n\n\n<h2 class=\"wp-block-heading\"><strong><em>Light painting<\/em> e dan\u00e7a criativa<\/strong> <\/h2>\n\n\n\n<p>Unindo a dan\u00e7a criativa e o <em>light painting<\/em>, expandimos as possibilidades de express\u00e3o do mundo interno de cada indiv\u00edduo, percorrendo o espa\u00e7o de forma singular e compondo uma imagem fruto da rela\u00e7\u00e3o entre express\u00e3o corporal e a diversidade de desenhos produzidos pelo movimento da luz.<\/p>\n\n\n\n<h2 class=\"wp-block-heading\"><strong>Luz, c\u00e2mara e DRAMAtiza\u00e7\u00e3o<\/strong><\/h2>\n\n\n\n<p>Conjugando a express\u00e3o dram\u00e1tica e a fotografia, pretende-se que os participantes obtenham uma experi\u00eancia criativa com ambas as linguagens art\u00edsticas. Deste modo poder\u00e3o interpretar desafios e exprimir-se utilizando a fotografia, mais concretamente a t\u00e9cnica de m\u00faltipla exposi\u00e7\u00e3o, como forma de capta\u00e7\u00e3o dessa mesma express\u00e3o.<\/p>\n","protected":false},"excerpt":{"rendered":"<p>Bat&#8217;MIAA Neste ateli\u00ea pretende-se proporcionar aos participantes experi\u00eancias musicais ao n\u00edvel r\u00edtmico e de coordena\u00e7\u00e3o motora, atrav\u00e9s da explora\u00e7\u00e3o do corpo humano e de instrumentos convencionais\/n\u00e3o-convencionais. Baralhando hist\u00f3rias Neste ateli\u00ea os participantes vivenciam experi\u00eancias art\u00edsticas e perspetivam a sua aplica\u00e7\u00e3o em futuras interven\u00e7\u00f5es na comunidade. Canto d&#8217;Arte Dentro de uma proposta l\u00fadica explorat\u00f3ria, este ateli\u00ea &hellip; <\/p>\n<p class=\"link-more\"><a href=\"https:\/\/sites.ipleiria.pt\/maiocriativo2021\/atelies\/\" class=\"more-link\">Continuar a ler <span class=\"screen-reader-text\">&#8220;Ateli\u00eas&#8221;<\/span><\/a><\/p>\n","protected":false},"author":831,"featured_media":0,"parent":0,"menu_order":0,"comment_status":"closed","ping_status":"closed","template":"","meta":{"footnotes":""},"class_list":["post-139","page","type-page","status-publish","hentry"],"_links":{"self":[{"href":"https:\/\/sites.ipleiria.pt\/maiocriativo2021\/wp-json\/wp\/v2\/pages\/139","targetHints":{"allow":["GET"]}}],"collection":[{"href":"https:\/\/sites.ipleiria.pt\/maiocriativo2021\/wp-json\/wp\/v2\/pages"}],"about":[{"href":"https:\/\/sites.ipleiria.pt\/maiocriativo2021\/wp-json\/wp\/v2\/types\/page"}],"author":[{"embeddable":true,"href":"https:\/\/sites.ipleiria.pt\/maiocriativo2021\/wp-json\/wp\/v2\/users\/831"}],"replies":[{"embeddable":true,"href":"https:\/\/sites.ipleiria.pt\/maiocriativo2021\/wp-json\/wp\/v2\/comments?post=139"}],"version-history":[{"count":14,"href":"https:\/\/sites.ipleiria.pt\/maiocriativo2021\/wp-json\/wp\/v2\/pages\/139\/revisions"}],"predecessor-version":[{"id":288,"href":"https:\/\/sites.ipleiria.pt\/maiocriativo2021\/wp-json\/wp\/v2\/pages\/139\/revisions\/288"}],"wp:attachment":[{"href":"https:\/\/sites.ipleiria.pt\/maiocriativo2021\/wp-json\/wp\/v2\/media?parent=139"}],"curies":[{"name":"wp","href":"https:\/\/api.w.org\/{rel}","templated":true}]}}