{"id":22,"date":"2021-04-10T15:16:51","date_gmt":"2021-04-10T15:16:51","guid":{"rendered":"http:\/\/sites.ipleiria.pt\/maiocriativo2021\/?page_id=22"},"modified":"2021-05-27T10:56:35","modified_gmt":"2021-05-27T10:56:35","slug":"programa","status":"publish","type":"page","link":"https:\/\/sites.ipleiria.pt\/maiocriativo2021\/programa\/","title":{"rendered":"Programa"},"content":{"rendered":"\n<div class=\"wp-block-columns is-layout-flex wp-container-core-columns-is-layout-1 wp-block-columns-is-layout-flex\">\n<div class=\"wp-block-column is-layout-flow wp-block-column-is-layout-flow\" style=\"flex-basis:100%\">\n<figure class=\"wp-block-table is-style-regular\"><table><thead><tr><th>Dia<\/th><th>Hora<\/th><th>Atividade<\/th><\/tr><\/thead><tbody><tr><td><strong>3<\/strong> segunda<\/td><td>&nbsp;<\/td><td>&nbsp;<\/td><\/tr><tr><td><strong>4 <\/strong><br>ter\u00e7a<\/td><td>18h30 \/ 20h00<\/td><td><strong>Ateli\u00ea:<\/strong> Baralhando hist\u00f3rias <br><strong>Dinamiza\u00e7\u00e3o:<\/strong> Margarida Carvalheiro, Liliana Pereira e Marcelo Marques<br><strong>P\u00fablico:<\/strong>  ateli\u00ea aberto a inscri\u00e7\u00f5es*<br><strong>Sala:<\/strong> B.0.33<\/td><\/tr><tr><td><strong>5<\/strong> <br>quarta<\/td><td>14h30 \/ 16h30<br><br><br><br><br><br><br><br>18h30 \/ 20h30<\/td><td><strong>Ateli\u00ea:<\/strong>  Light painting<br><strong>Dinamiza\u00e7\u00e3o:<\/strong> Lara Franco, Liliana Pereira e Sofia Teixeira<br><strong>P\u00fablico:<\/strong> Estudantes do 2.\u00ba ano do curso de Educa\u00e7\u00e3o Social <br><strong>Sala:<\/strong> Audit\u00f3rio 1 <br><br><strong>Ateli\u00ea:<\/strong> Canto D\u2019arte<br><strong>Dinamiza\u00e7\u00e3o:<\/strong> Marcelo Marques <br><strong>P\u00fablico:<\/strong> Estudantes do 2.\u00ba ano do curso de Educa\u00e7\u00e3o Social <br><strong>Sala:<\/strong> B.0.33<br><br><strong>Aula Aberta<\/strong> sobre \u00abDan\u00e7aterapia\u00bb, integrada no Ciclo de Aulas Abertas \u00abA Interven\u00e7\u00e3o em Anima\u00e7\u00e3o Art\u00edstica: Contextos e Desafios\u00bb<br><strong>Oradora:<\/strong> Aline Rodeguer (Universidade Unileya, Bras\u00edlia)<br><strong>Sala B.0. 33<\/strong> e <strong>Plataforma zoom<\/strong>, acesso livre em<br> <a href=\"https:\/\/videoconf-colibri.zoom.us\/j\/84234592862\">https:\/\/videoconf-colibri.zoom.us\/j\/84234592862<\/a><\/td><\/tr><tr><td><strong>6<\/strong> &nbsp;<br>quinta<\/td><td>15h00 \/ 16h30<br><br><br>17h00 \/ 18h30<\/td><td><strong>Ateli\u00ea:<\/strong> Explorando o EU<br><strong>Dinamiza\u00e7\u00e3o:<\/strong>  Beatriz Silva, Lara Franco  e Liliana Pereira<br><strong>P\u00fablico:<\/strong> Estudantes do 1.\u00ba ano do curso TeSP de Interven\u00e7\u00e3o em Espa\u00e7os Educativos<br><strong>Sala:<\/strong> A.0.11<br><br><strong>Ateli\u00ea:<\/strong> Som de Batuque<br><strong>Dinamiza\u00e7\u00e3o:<\/strong> Lara Franco e Lucas Costa<br><strong>P\u00fablico:<\/strong> ateli\u00ea <a href=\"https:\/\/forms.gle\/EEL3oXZdkXRmF2o98\">aberto a inscri\u00e7\u00f5es<\/a>*<br><strong>Sala:<\/strong> A.0.4<\/td><\/tr><tr><td><strong>7<\/strong> &nbsp;<br>sexta<\/td><td>&nbsp;<\/td><td>&nbsp;<\/td><\/tr><tr><td><strong>10<\/strong> &nbsp;<br>segunda<\/td><td>&nbsp;<\/td><td>&nbsp;<\/td><\/tr><tr><td><strong>11<\/strong> &nbsp;<br>ter\u00e7a<\/td><td>&nbsp;14h30<\/td><td><strong>Ateli\u00ea:<\/strong> Movi(senti)mento<br><strong>Dinamiza\u00e7\u00e3o:<\/strong> Beatriz Silva e Sofia Teixeira<br><strong>P\u00fablico:<\/strong> Alunos do 1.\u00ba CEB<br><strong>Espa\u00e7o:<\/strong> EB1 da Cumeira, AEMGN<\/td><\/tr><tr><td><strong>12<\/strong> <br>quarta<\/td><td>16h00 \/ 17h30<br><br><br><br>18h30 \/ 20h00<br><br><br><br><br>18h30 \/ 20h30<\/td><td><strong>Ateli\u00ea:<\/strong> Luz, C\u00e2mara e DRAMAtiza\u00e7\u00e3o<br><strong>Dinamiza\u00e7\u00e3o:<\/strong> Beatriz Silva, Lara Franco, Liliana Pereira e Sofia Teixeira<br><strong>P\u00fablico:<\/strong> Estudantes do 1.\u00ba ano do curso TeSP de Interven\u00e7\u00e3o Social e Comunit\u00e1ria (Torres Vedras)<br><strong>Sala:<\/strong> Audit\u00f3rio 1<br><br><strong>Ateli\u00ea:<\/strong> Bat&#8217;MIAA<br><strong>Dinamiza\u00e7\u00e3o:<\/strong> S\u00e9rgio Fernandes e Marcelo Marques<br><strong>P\u00fablico:<\/strong> Estudantes do 1.\u00ba ano do curso TeSP de Interven\u00e7\u00e3o Social e Comunit\u00e1ria<br><strong>Sala:<\/strong> A.0.4<br><br><strong>Aula Aberta<\/strong> \u00abFotografia participativa com pessoas com defici\u00eancia\u00bb, integrada no Ciclo de Aulas Abertas \u00abA Interven\u00e7\u00e3o em Anima\u00e7\u00e3o Art\u00edstica: Contextos e Desafios\u00bb<br><strong>Oradora:<\/strong> Rita Assun\u00e7\u00e3o<br><strong>Plataforma zoom<\/strong>, acesso livre em <br><a href=\"https:\/\/videoconf-colibri.zoom.us\/j\/84234592862\">https:\/\/videoconf-colibri.zoom.us\/j\/84234592862<\/a><\/td><\/tr><tr><td><strong>13<\/strong> quinta<\/td><td><br>15h00 \/<br>16h00<br><br><br><br><br>18h00 \/ 19h30<\/td><td><strong>Ateli\u00ea:<\/strong> (educa\u00e7\u00e3o est\u00e9tica e art\u00edstica)<br><strong>Dinamiza\u00e7\u00e3o:<\/strong> Estudantes do 2.\u00ba ano de Educa\u00e7\u00e3o B\u00e1sica, orienta\u00e7\u00e3o de Professora Filipa Rodrigues<br><strong>P\u00fablico:<\/strong> Estudantes do 1.\u00ba ano de Educa\u00e7\u00e3o B\u00e1sica<br><strong>Sala:<\/strong> A.0.11 e outros espa\u00e7os<br><br><strong>Ateli\u00ea:<\/strong> Circando<br><strong>Dinamiza\u00e7\u00e3o:<\/strong> Marcelo Marques<br><strong>P\u00fablico:<\/strong> ateli\u00ea <a href=\"https:\/\/forms.gle\/fs9zVuYM1HmDMstT8\">aberto a inscri\u00e7\u00f5es<\/a>*<br><strong>Sala:<\/strong> Gin\u00e1sio<\/td><\/tr><tr><td><strong>14<\/strong> <br>sexta<\/td><td>&nbsp;<\/td><td>&nbsp;<\/td><\/tr><tr><td><strong>17<\/strong> &nbsp;<br>segunda<\/td><td>14h30 \/ 16h00<br><\/td><td><strong>Ateli\u00ea:<\/strong> (educa\u00e7\u00e3o est\u00e9tica e art\u00edstica)<br><strong>Dinamiza\u00e7\u00e3o:<\/strong> Estudantes do 2.\u00ba ano de Educa\u00e7\u00e3o B\u00e1sica, orienta\u00e7\u00e3o de Professora Filipa Rodrigues<br><strong>P\u00fablico:<\/strong> Estudantes do 1.\u00ba ano do curso TesP de Interven\u00e7\u00e3o em Espa\u00e7os Educativos<br><strong>Sala:<\/strong> A.0.11 e outros espa\u00e7os<\/td><\/tr><tr><td><strong>18<\/strong> &nbsp;<br>ter\u00e7a<\/td><td>&nbsp;14h30<br><br><br><br>18h30 \/ 19h30<\/td><td><strong>Ateli\u00ea:<\/strong> Circar<br><strong>Dinamiza\u00e7\u00e3o:<\/strong> Marcelo Marques<br><strong>P\u00fablico:<\/strong> Alunos do 1.\u00ba CEB<br><strong>Espa\u00e7o:<\/strong> EB1 da Cumeira, AEMGN<br><br><strong>Rasgos Criativos<\/strong>, <em>Online Meetings<\/em> sobre IAA &#8211; Rasgo #4<br><strong>Projeto:<\/strong> Corpo &#8211; Companhia de Dan\u00e7a Inclusiva<br><strong>Oradoras:<\/strong> Rute Roots e Sofia Ferreira<br><strong>Plataforma zoom<\/strong>, acesso livre em<br><a rel=\"noreferrer noopener\" target=\"_blank\" href=\"https:\/\/videoconf-colibri.zoom.us\/j\/81071898891\">https:\/\/videoconf-colibri.zoom.us\/j\/81071898891<\/a><\/td><\/tr><tr><td><strong>19<\/strong> <br>quarta<\/td><td><\/td><td><\/td><\/tr><tr><td><strong>20<\/strong> &nbsp;<br>quinta<\/td><td><\/td><td><\/td><\/tr><tr><td><strong>21<\/strong> &nbsp;<br>sexta<\/td><td>&nbsp;<\/td><td>&nbsp;<\/td><\/tr><tr><td><strong>24<\/strong> &nbsp;<br>segunda<\/td><td>11h30 \/ 13h30<\/td><td><strong>Ateli\u00ea:<\/strong> (em atualiza\u00e7\u00e3o)<br><strong>Dinamiza\u00e7\u00e3o:<\/strong> Alunos do 3.\u00ba ano de Educa\u00e7\u00e3o de Educa\u00e7\u00e3o B\u00e1sica (T1)<br><strong>P\u00fablico:<\/strong> Alunos do 3.\u00ba ano de Educa\u00e7\u00e3o de Educa\u00e7\u00e3o B\u00e1sica (T2)<br><strong>Sala:<\/strong> A.0.11 e espa\u00e7os exteriores<\/td><\/tr><tr><td><strong>25<\/strong> <br>ter\u00e7a<\/td><td>16h30 \/ 18h00<br><br><br><br>21h00<\/td><td><strong>Ateli\u00ea:<\/strong> Circando<br><strong>Dinamiza\u00e7\u00e3o:<\/strong> Marcelo Marques<br><strong>P\u00fablico:<\/strong> Estudantes do 1.\u00ba ano do curso TeSP de Interven\u00e7\u00e3o Sociocultural e Desportiva<br><strong>Sala:<\/strong> A.0.4<br><br><strong>Concerto ESECS Orquestra<\/strong>, <br>com a participa\u00e7\u00e3o especial da cantora Ana Sofia<br>Audit\u00f3rio 2 da ESECS<br>Aberto \u00e0 comunidade, gratuito, com <strong><a href=\"https:\/\/forms.gle\/MB66dGGiejJzZW4y9\">inscri\u00e7\u00e3o \/reserva de lugar<\/a><\/strong>*<\/td><\/tr><tr><td><strong>26<\/strong> <br>quarta<\/td><td>15h00 \/ 16h30<br><br><br><br><br>18h30 \/ 19h30<\/td><td><strong>Ateli\u00ea:<\/strong> Movi(senti)mento<br><strong>Dinamiza\u00e7\u00e3o:<\/strong> Beatriz Silva e Sofia Teixeira<br><strong>P\u00fablico:<\/strong> Estudantes do 1.\u00ba ano do curso TeSP de Interven\u00e7\u00e3o Social e Comunit\u00e1ria<br><strong>Sala:<\/strong> A.0.11<br><br><br><strong>Rasgos Criativos<\/strong>, <em>Online Meetings<\/em> sobre IAA &#8211; Rasgo # 5<br><strong>Projetos:<\/strong> TUM TUM TUM e (Re)Veste<br><strong>Orador:<\/strong> Susana Lage (coordena\u00e7\u00e3o)<br><strong>Plataforma zoom<\/strong>, acesso livre em<br> <a rel=\"noreferrer noopener\" target=\"_blank\" href=\"https:\/\/videoconf-colibri.zoom.us\/j\/88378403044\">https:\/\/videoconf-colibri.zoom.us\/j\/88378403044<\/a><\/td><\/tr><tr><td><strong>27<\/strong> &nbsp;<br>quinta<\/td><td>10h00 \/ 11h30<br><br><br><br><br>15h00 \/ 16h30<\/td><td><strong><strong>Ateli\u00ea:<\/strong> <\/strong>Light painting e dan\u00e7a criativa<strong><br><strong>Dinamiza\u00e7\u00e3o:<\/strong> <\/strong>Lara Franco, Liliana Pereira e Sofia Teixeira<br><strong>P\u00fablico:<\/strong> Estudantes do 1.\u00ba ano do curso TeSP de Interven\u00e7\u00e3o Sociocultural e Desportiva<br><strong>Sala:<\/strong> Audit\u00f3rio 1<br><br><strong>Ateli\u00ea:<\/strong> (educa\u00e7\u00e3o est\u00e9tica e art\u00edstica)<br><strong>Dinamiza\u00e7\u00e3o:<\/strong> Estudantes do 2.\u00ba ano de Educa\u00e7\u00e3o B\u00e1sica, orienta\u00e7\u00e3o de Professora Filipa Rodrigues<br><strong>P\u00fablico:<\/strong> a definir<br><strong>Sala:<\/strong> a definir<br><br><\/td><\/tr><tr><td><strong>28<\/strong> <br>sexta<\/td><td>&nbsp;<\/td><td>&nbsp;<\/td><\/tr><tr><td><strong>31<\/strong> <br>segunda<\/td><td>11h30 \/ 13h30<br><br><br><br><br><br><br><br>14h30 \/ 16h00<br><br><br><br><br>18h00<\/td><td><strong>Ateli\u00ea:<\/strong> (em atualiza\u00e7\u00e3o)<br><strong>Dinamiza\u00e7\u00e3o:<\/strong> Alunos do 3.\u00ba ano de Educa\u00e7\u00e3o de Educa\u00e7\u00e3o B\u00e1sica (T2)<br><strong>P\u00fablico:<\/strong> Alunos do 3.\u00ba ano de Educa\u00e7\u00e3o de Educa\u00e7\u00e3o B\u00e1sica (T1)<br><strong>Sala:<\/strong> A.0.11 e espa\u00e7os exteriores<br><br><br><strong>Ateli\u00ea:<\/strong> (educa\u00e7\u00e3o est\u00e9tica e art\u00edstica)<br><strong>Dinamiza\u00e7\u00e3o:<\/strong> Estudantes do 2.\u00ba ano de Educa\u00e7\u00e3o B\u00e1sica, orienta\u00e7\u00e3o de Professora Filipa Rodrigues<br><strong>P\u00fablico:<\/strong> Estudantes do 1.\u00ba ano de Educa\u00e7\u00e3o B\u00e1sica (T2)<br><strong>Sala:<\/strong> A.0.11 e espa\u00e7os exteriores<br><br><strong>Ateli\u00ea:<\/strong> Canto D&#8217;arte \/ Circando<br><strong>Dinamiza\u00e7\u00e3o:<\/strong> Marcelo Marques<br><strong>P\u00fablico:<\/strong> Estudantes do 1.\u00ba ano de Educa\u00e7\u00e3o B\u00e1sica (T2)<br><strong>Sala:<\/strong> Gin\u00e1sio<br><br><br><strong>Encerramento do Projeto de Interven\u00e7\u00e3o e Anima\u00e7\u00e3o Art\u00edsticas Maio Criativo 2021<\/strong> <br><strong>Concerto da Orquestra Gera\u00e7\u00e3o<\/strong><br>Palestra e espet\u00e1culo aberto \u00e0 Comunidade<br>Audit\u00f3rio 2 da ESECS<\/td><\/tr><\/tbody><\/table><figcaption>O programa est\u00e1 em atualiza\u00e7\u00e3o<\/figcaption><\/figure>\n<\/div>\n<\/div>\n\n\n\n<p>* O n\u00famero de inscri\u00e7\u00f5es \u00e9 limitado \u00e0 lota\u00e7\u00e3o da sala, tendo em considera\u00e7\u00e3o as normas de seguran\u00e7a em vigor na ESECS.<\/p>\n","protected":false},"excerpt":{"rendered":"<p>Dia Hora Atividade 3 segunda &nbsp; &nbsp; 4 ter\u00e7a 18h30 \/ 20h00 Ateli\u00ea: Baralhando hist\u00f3rias Dinamiza\u00e7\u00e3o: Margarida Carvalheiro, Liliana Pereira e Marcelo MarquesP\u00fablico: ateli\u00ea aberto a inscri\u00e7\u00f5es*Sala: B.0.33 5 quarta 14h30 \/ 16h30 18h30 \/ 20h30 Ateli\u00ea: Light paintingDinamiza\u00e7\u00e3o: Lara Franco, Liliana Pereira e Sofia TeixeiraP\u00fablico: Estudantes do 2.\u00ba ano do curso de Educa\u00e7\u00e3o Social &hellip; <\/p>\n<p class=\"link-more\"><a href=\"https:\/\/sites.ipleiria.pt\/maiocriativo2021\/programa\/\" class=\"more-link\">Continuar a ler <span class=\"screen-reader-text\">&#8220;Programa&#8221;<\/span><\/a><\/p>\n","protected":false},"author":831,"featured_media":0,"parent":0,"menu_order":0,"comment_status":"closed","ping_status":"closed","template":"","meta":{"footnotes":""},"class_list":["post-22","page","type-page","status-publish","hentry"],"_links":{"self":[{"href":"https:\/\/sites.ipleiria.pt\/maiocriativo2021\/wp-json\/wp\/v2\/pages\/22","targetHints":{"allow":["GET"]}}],"collection":[{"href":"https:\/\/sites.ipleiria.pt\/maiocriativo2021\/wp-json\/wp\/v2\/pages"}],"about":[{"href":"https:\/\/sites.ipleiria.pt\/maiocriativo2021\/wp-json\/wp\/v2\/types\/page"}],"author":[{"embeddable":true,"href":"https:\/\/sites.ipleiria.pt\/maiocriativo2021\/wp-json\/wp\/v2\/users\/831"}],"replies":[{"embeddable":true,"href":"https:\/\/sites.ipleiria.pt\/maiocriativo2021\/wp-json\/wp\/v2\/comments?post=22"}],"version-history":[{"count":72,"href":"https:\/\/sites.ipleiria.pt\/maiocriativo2021\/wp-json\/wp\/v2\/pages\/22\/revisions"}],"predecessor-version":[{"id":306,"href":"https:\/\/sites.ipleiria.pt\/maiocriativo2021\/wp-json\/wp\/v2\/pages\/22\/revisions\/306"}],"wp:attachment":[{"href":"https:\/\/sites.ipleiria.pt\/maiocriativo2021\/wp-json\/wp\/v2\/media?parent=22"}],"curies":[{"name":"wp","href":"https:\/\/api.w.org\/{rel}","templated":true}]}}