{"id":230,"date":"2021-05-03T09:21:00","date_gmt":"2021-05-03T09:21:00","guid":{"rendered":"https:\/\/sites.ipleiria.pt\/maiocriativo2021\/?page_id=230"},"modified":"2021-05-05T09:26:53","modified_gmt":"2021-05-05T09:26:53","slug":"avaliacao","status":"publish","type":"page","link":"https:\/\/sites.ipleiria.pt\/maiocriativo2021\/avaliacao\/","title":{"rendered":"Avalia\u00e7\u00e3o"},"content":{"rendered":"\n<p>Recolha de dados para avalia\u00e7\u00e3o do Projeto de Interven\u00e7\u00e3o e Anima\u00e7\u00e3o Art\u00edsticas Maio Criativo 2021, <strong><a href=\"https:\/\/forms.gle\/Eb76VCrqEsUZaRsdA\">AQUI<\/a><\/strong>.<\/p>\n\n\n\n<p>Os dados recolhidos ir\u00e3o ajudar-nos a refletir sobre as iniciativas deste projeto, a investigar e a avaliar para melhorar.<br>A Comiss\u00e3o Organizadora agradece o contributo de todos os participantes.<\/p>\n","protected":false},"excerpt":{"rendered":"<p>Recolha de dados para avalia\u00e7\u00e3o do Projeto de Interven\u00e7\u00e3o e Anima\u00e7\u00e3o Art\u00edsticas Maio Criativo 2021, AQUI. Os dados recolhidos ir\u00e3o ajudar-nos a refletir sobre as iniciativas deste projeto, a investigar e a avaliar para melhorar.A Comiss\u00e3o Organizadora agradece o contributo de todos os participantes.<\/p>\n","protected":false},"author":831,"featured_media":0,"parent":0,"menu_order":0,"comment_status":"closed","ping_status":"closed","template":"","meta":{"footnotes":""},"class_list":["post-230","page","type-page","status-publish","hentry"],"_links":{"self":[{"href":"https:\/\/sites.ipleiria.pt\/maiocriativo2021\/wp-json\/wp\/v2\/pages\/230","targetHints":{"allow":["GET"]}}],"collection":[{"href":"https:\/\/sites.ipleiria.pt\/maiocriativo2021\/wp-json\/wp\/v2\/pages"}],"about":[{"href":"https:\/\/sites.ipleiria.pt\/maiocriativo2021\/wp-json\/wp\/v2\/types\/page"}],"author":[{"embeddable":true,"href":"https:\/\/sites.ipleiria.pt\/maiocriativo2021\/wp-json\/wp\/v2\/users\/831"}],"replies":[{"embeddable":true,"href":"https:\/\/sites.ipleiria.pt\/maiocriativo2021\/wp-json\/wp\/v2\/comments?post=230"}],"version-history":[{"count":2,"href":"https:\/\/sites.ipleiria.pt\/maiocriativo2021\/wp-json\/wp\/v2\/pages\/230\/revisions"}],"predecessor-version":[{"id":232,"href":"https:\/\/sites.ipleiria.pt\/maiocriativo2021\/wp-json\/wp\/v2\/pages\/230\/revisions\/232"}],"wp:attachment":[{"href":"https:\/\/sites.ipleiria.pt\/maiocriativo2021\/wp-json\/wp\/v2\/media?parent=230"}],"curies":[{"name":"wp","href":"https:\/\/api.w.org\/{rel}","templated":true}]}}