{"id":24,"date":"2021-04-10T15:17:30","date_gmt":"2021-04-10T15:17:30","guid":{"rendered":"http:\/\/sites.ipleiria.pt\/maiocriativo2021\/?page_id=24"},"modified":"2021-05-27T10:44:21","modified_gmt":"2021-05-27T10:44:21","slug":"inscricoes","status":"publish","type":"page","link":"https:\/\/sites.ipleiria.pt\/maiocriativo2021\/inscricoes\/","title":{"rendered":"Inscri\u00e7\u00f5es"},"content":{"rendered":"\n<p>Ateli\u00ea \u00abBaralhando hist\u00f3rias\u00bb, fazer inscri\u00e7\u00e3o <strong><a href=\"https:\/\/forms.gle\/BZzNJCTrj3Fy3uF78\">aqui<\/a><\/strong>.<\/p>\n\n\n\n<p>Ateli\u00eas \u00abSom de Batuque\u00bb, fazer inscri\u00e7\u00e3o <strong><a rel=\"noreferrer noopener\" href=\"https:\/\/forms.gle\/3km8oir9RpFbx6xr6\" target=\"_blank\">aqui<\/a><\/strong>.<\/p>\n\n\n\n<p>Ateli\u00ea \u00abCircando\u00bb, fazer inscri\u00e7\u00e3o <strong><a href=\"https:\/\/forms.gle\/xf5ER3K2F9DvHMkp7\">aqui<\/a><\/strong>.<\/p>\n\n\n\n<p>Concerto ESECS Orquestra, fazer inscri\u00e7\u00e3o \/ reserva de lugar, <strong><a href=\"https:\/\/forms.gle\/MB66dGGiejJzZW4y9\">aqui<\/a><\/strong>.<\/p>\n","protected":false},"excerpt":{"rendered":"<p>Ateli\u00ea \u00abBaralhando hist\u00f3rias\u00bb, fazer inscri\u00e7\u00e3o aqui. Ateli\u00eas \u00abSom de Batuque\u00bb, fazer inscri\u00e7\u00e3o aqui. Ateli\u00ea \u00abCircando\u00bb, fazer inscri\u00e7\u00e3o aqui. Concerto ESECS Orquestra, fazer inscri\u00e7\u00e3o \/ reserva de lugar, aqui.<\/p>\n","protected":false},"author":831,"featured_media":0,"parent":0,"menu_order":0,"comment_status":"closed","ping_status":"closed","template":"","meta":{"footnotes":""},"class_list":["post-24","page","type-page","status-publish","hentry"],"_links":{"self":[{"href":"https:\/\/sites.ipleiria.pt\/maiocriativo2021\/wp-json\/wp\/v2\/pages\/24","targetHints":{"allow":["GET"]}}],"collection":[{"href":"https:\/\/sites.ipleiria.pt\/maiocriativo2021\/wp-json\/wp\/v2\/pages"}],"about":[{"href":"https:\/\/sites.ipleiria.pt\/maiocriativo2021\/wp-json\/wp\/v2\/types\/page"}],"author":[{"embeddable":true,"href":"https:\/\/sites.ipleiria.pt\/maiocriativo2021\/wp-json\/wp\/v2\/users\/831"}],"replies":[{"embeddable":true,"href":"https:\/\/sites.ipleiria.pt\/maiocriativo2021\/wp-json\/wp\/v2\/comments?post=24"}],"version-history":[{"count":13,"href":"https:\/\/sites.ipleiria.pt\/maiocriativo2021\/wp-json\/wp\/v2\/pages\/24\/revisions"}],"predecessor-version":[{"id":305,"href":"https:\/\/sites.ipleiria.pt\/maiocriativo2021\/wp-json\/wp\/v2\/pages\/24\/revisions\/305"}],"wp:attachment":[{"href":"https:\/\/sites.ipleiria.pt\/maiocriativo2021\/wp-json\/wp\/v2\/media?parent=24"}],"curies":[{"name":"wp","href":"https:\/\/api.w.org\/{rel}","templated":true}]}}