{"id":26,"date":"2021-04-10T15:17:59","date_gmt":"2021-04-10T15:17:59","guid":{"rendered":"http:\/\/sites.ipleiria.pt\/maiocriativo2021\/?page_id=26"},"modified":"2021-05-14T12:30:28","modified_gmt":"2021-05-14T12:30:28","slug":"galeria","status":"publish","type":"page","link":"https:\/\/sites.ipleiria.pt\/maiocriativo2021\/galeria\/","title":{"rendered":"Galeria"},"content":{"rendered":"\n<figure class=\"wp-block-image size-large is-resized\"><img loading=\"lazy\" decoding=\"async\" src=\"https:\/\/sites.ipleiria.pt\/maiocriativo2021\/files\/2021\/05\/IMG_20210503_182736-2-1024x873.jpg\" alt=\"\" class=\"wp-image-241\" width=\"352\" height=\"299\" srcset=\"https:\/\/sites.ipleiria.pt\/maiocriativo2021\/files\/2021\/05\/IMG_20210503_182736-2-1024x873.jpg 1024w, https:\/\/sites.ipleiria.pt\/maiocriativo2021\/files\/2021\/05\/IMG_20210503_182736-2-300x256.jpg 300w, https:\/\/sites.ipleiria.pt\/maiocriativo2021\/files\/2021\/05\/IMG_20210503_182736-2-768x655.jpg 768w, https:\/\/sites.ipleiria.pt\/maiocriativo2021\/files\/2021\/05\/IMG_20210503_182736-2-1536x1309.jpg 1536w, https:\/\/sites.ipleiria.pt\/maiocriativo2021\/files\/2021\/05\/IMG_20210503_182736-2-2048x1746.jpg 2048w\" sizes=\"auto, (max-width: 352px) 100vw, 352px\" \/><figcaption>Exposi\u00e7\u00e3o \u00abA Arte do sil\u00eancio\u00bb<\/figcaption><\/figure>\n\n\n\n<figure class=\"wp-block-image size-large is-resized\"><img loading=\"lazy\" decoding=\"async\" src=\"https:\/\/sites.ipleiria.pt\/maiocriativo2021\/files\/2021\/05\/IMG_20210503_174905-1024x636.jpg\" alt=\"\" class=\"wp-image-244\" width=\"353\" height=\"218\" srcset=\"https:\/\/sites.ipleiria.pt\/maiocriativo2021\/files\/2021\/05\/IMG_20210503_174905-1024x636.jpg 1024w, https:\/\/sites.ipleiria.pt\/maiocriativo2021\/files\/2021\/05\/IMG_20210503_174905-300x186.jpg 300w, https:\/\/sites.ipleiria.pt\/maiocriativo2021\/files\/2021\/05\/IMG_20210503_174905-768x477.jpg 768w, https:\/\/sites.ipleiria.pt\/maiocriativo2021\/files\/2021\/05\/IMG_20210503_174905-1536x954.jpg 1536w, https:\/\/sites.ipleiria.pt\/maiocriativo2021\/files\/2021\/05\/IMG_20210503_174905-2048x1272.jpg 2048w\" sizes=\"auto, (max-width: 353px) 100vw, 353px\" \/><figcaption>Exposi\u00e7\u00e3o<em> \u00abInterpreta\u00e7\u00f5es do espa\u00e7o\u00bb<\/em><\/figcaption><\/figure>\n\n\n\n<figure class=\"wp-block-image size-large is-resized\"><img loading=\"lazy\" decoding=\"async\" src=\"https:\/\/sites.ipleiria.pt\/maiocriativo2021\/files\/2021\/05\/IMG_4493-1024x683.jpg\" alt=\"\" class=\"wp-image-257\" width=\"354\" height=\"235\" srcset=\"https:\/\/sites.ipleiria.pt\/maiocriativo2021\/files\/2021\/05\/IMG_4493-1024x683.jpg 1024w, https:\/\/sites.ipleiria.pt\/maiocriativo2021\/files\/2021\/05\/IMG_4493-300x200.jpg 300w, https:\/\/sites.ipleiria.pt\/maiocriativo2021\/files\/2021\/05\/IMG_4493-768x512.jpg 768w, https:\/\/sites.ipleiria.pt\/maiocriativo2021\/files\/2021\/05\/IMG_4493-1536x1024.jpg 1536w, https:\/\/sites.ipleiria.pt\/maiocriativo2021\/files\/2021\/05\/IMG_4493-2048x1365.jpg 2048w\" sizes=\"auto, (max-width: 354px) 100vw, 354px\" \/><figcaption>Ateli\u00ea \u00abBaralhando hist\u00f3rias\u00bb<\/figcaption><\/figure>\n\n\n\n<figure class=\"wp-block-image size-large is-resized\"><img loading=\"lazy\" decoding=\"async\" src=\"https:\/\/sites.ipleiria.pt\/maiocriativo2021\/files\/2021\/05\/IMG_0293-1-1024x960.jpg\" alt=\"\" class=\"wp-image-259\" width=\"356\" height=\"333\" srcset=\"https:\/\/sites.ipleiria.pt\/maiocriativo2021\/files\/2021\/05\/IMG_0293-1-1024x960.jpg 1024w, https:\/\/sites.ipleiria.pt\/maiocriativo2021\/files\/2021\/05\/IMG_0293-1-300x281.jpg 300w, https:\/\/sites.ipleiria.pt\/maiocriativo2021\/files\/2021\/05\/IMG_0293-1-768x720.jpg 768w, https:\/\/sites.ipleiria.pt\/maiocriativo2021\/files\/2021\/05\/IMG_0293-1-1536x1440.jpg 1536w, https:\/\/sites.ipleiria.pt\/maiocriativo2021\/files\/2021\/05\/IMG_0293-1-2048x1920.jpg 2048w\" sizes=\"auto, (max-width: 356px) 100vw, 356px\" \/><figcaption>Ateli\u00ea \u00abLight Painting\u00bb<\/figcaption><\/figure>\n\n\n\n<figure class=\"wp-block-image size-large is-resized\"><img loading=\"lazy\" decoding=\"async\" src=\"https:\/\/sites.ipleiria.pt\/maiocriativo2021\/files\/2021\/05\/IMG_4603-1-1024x945.jpg\" alt=\"\" class=\"wp-image-261\" width=\"356\" height=\"322\" \/><figcaption>Ateli\u00ea \u00abExplorando o EU\u00bb<\/figcaption><\/figure>\n\n\n\n<figure class=\"wp-block-image size-large is-resized\"><img loading=\"lazy\" decoding=\"async\" src=\"https:\/\/sites.ipleiria.pt\/maiocriativo2021\/files\/2021\/05\/Screenshot-160-2.png\" alt=\"\" class=\"wp-image-266\" width=\"356\" height=\"327\" srcset=\"https:\/\/sites.ipleiria.pt\/maiocriativo2021\/files\/2021\/05\/Screenshot-160-2.png 597w, https:\/\/sites.ipleiria.pt\/maiocriativo2021\/files\/2021\/05\/Screenshot-160-2-300x276.png 300w\" sizes=\"auto, (max-width: 356px) 100vw, 356px\" \/><figcaption>Ateli\u00ea \u00abSom de Batuque\u00bb<\/figcaption><\/figure>\n\n\n\n<figure class=\"wp-block-image size-large is-resized\"><img loading=\"lazy\" decoding=\"async\" src=\"https:\/\/sites.ipleiria.pt\/maiocriativo2021\/files\/2021\/05\/Screenshot-154-1024x627.png\" alt=\"\" class=\"wp-image-269\" width=\"358\" height=\"218\" srcset=\"https:\/\/sites.ipleiria.pt\/maiocriativo2021\/files\/2021\/05\/Screenshot-154-1024x627.png 1024w, https:\/\/sites.ipleiria.pt\/maiocriativo2021\/files\/2021\/05\/Screenshot-154-300x184.png 300w, https:\/\/sites.ipleiria.pt\/maiocriativo2021\/files\/2021\/05\/Screenshot-154-768x470.png 768w, https:\/\/sites.ipleiria.pt\/maiocriativo2021\/files\/2021\/05\/Screenshot-154.png 1143w\" sizes=\"auto, (max-width: 358px) 100vw, 358px\" \/><figcaption>Aula aberta \u00abDan\u00e7aterapia\u00bb, com Aline Rodeguer, universidade UniLeya, Brasil<\/figcaption><\/figure>\n\n\n\n<figure class=\"wp-block-image size-large is-resized\"><img loading=\"lazy\" decoding=\"async\" src=\"https:\/\/sites.ipleiria.pt\/maiocriativo2021\/files\/2021\/05\/IMG_20210511_194504-936x1024.jpg\" alt=\"\" class=\"wp-image-293\" width=\"358\" height=\"391\" srcset=\"https:\/\/sites.ipleiria.pt\/maiocriativo2021\/files\/2021\/05\/IMG_20210511_194504-936x1024.jpg 936w, https:\/\/sites.ipleiria.pt\/maiocriativo2021\/files\/2021\/05\/IMG_20210511_194504-274x300.jpg 274w, https:\/\/sites.ipleiria.pt\/maiocriativo2021\/files\/2021\/05\/IMG_20210511_194504-768x840.jpg 768w, https:\/\/sites.ipleiria.pt\/maiocriativo2021\/files\/2021\/05\/IMG_20210511_194504-1404x1536.jpg 1404w, https:\/\/sites.ipleiria.pt\/maiocriativo2021\/files\/2021\/05\/IMG_20210511_194504-1872x2048.jpg 1872w\" sizes=\"auto, (max-width: 358px) 100vw, 358px\" \/><figcaption>Exposi\u00e7\u00e3o \u00abConvidando os pintores para o desenho\u00bb, trabalhos de alunos do Agrupamento de Escolas Marinha Grande Nascente<\/figcaption><\/figure>\n\n\n\n<figure class=\"wp-block-image size-large is-resized\"><img loading=\"lazy\" decoding=\"async\" src=\"https:\/\/sites.ipleiria.pt\/maiocriativo2021\/files\/2021\/05\/IMG_20210511_194427-950x1024.jpg\" alt=\"\" class=\"wp-image-295\" width=\"356\" height=\"383\" srcset=\"https:\/\/sites.ipleiria.pt\/maiocriativo2021\/files\/2021\/05\/IMG_20210511_194427-950x1024.jpg 950w, https:\/\/sites.ipleiria.pt\/maiocriativo2021\/files\/2021\/05\/IMG_20210511_194427-278x300.jpg 278w, https:\/\/sites.ipleiria.pt\/maiocriativo2021\/files\/2021\/05\/IMG_20210511_194427-768x828.jpg 768w, https:\/\/sites.ipleiria.pt\/maiocriativo2021\/files\/2021\/05\/IMG_20210511_194427-1425x1536.jpg 1425w, https:\/\/sites.ipleiria.pt\/maiocriativo2021\/files\/2021\/05\/IMG_20210511_194427.jpg 1789w\" sizes=\"auto, (max-width: 356px) 100vw, 356px\" \/><figcaption><em>Exposi\u00e7\u00e3o \u00abConvidando os pintores para o desenho\u00bb, trabalhos de alunos do Agrupamento de Escolas Marinha Grande Nascente<\/em><\/figcaption><\/figure>\n\n\n\n<figure class=\"wp-block-image size-large is-resized\"><img loading=\"lazy\" decoding=\"async\" src=\"https:\/\/sites.ipleiria.pt\/maiocriativo2021\/files\/2021\/05\/IMG_20210513_193220-1-1024x587.jpg\" alt=\"\" class=\"wp-image-297\" width=\"356\" height=\"204\" srcset=\"https:\/\/sites.ipleiria.pt\/maiocriativo2021\/files\/2021\/05\/IMG_20210513_193220-1-1024x587.jpg 1024w, https:\/\/sites.ipleiria.pt\/maiocriativo2021\/files\/2021\/05\/IMG_20210513_193220-1-300x172.jpg 300w, https:\/\/sites.ipleiria.pt\/maiocriativo2021\/files\/2021\/05\/IMG_20210513_193220-1-768x440.jpg 768w, https:\/\/sites.ipleiria.pt\/maiocriativo2021\/files\/2021\/05\/IMG_20210513_193220-1-1536x880.jpg 1536w, https:\/\/sites.ipleiria.pt\/maiocriativo2021\/files\/2021\/05\/IMG_20210513_193220-1-2048x1174.jpg 2048w\" sizes=\"auto, (max-width: 356px) 100vw, 356px\" \/><figcaption>Ateli\u00ea \u00abCircando\u00bb<\/figcaption><\/figure>\n\n\n\n<figure class=\"wp-block-image size-large is-resized\"><img loading=\"lazy\" decoding=\"async\" src=\"https:\/\/sites.ipleiria.pt\/maiocriativo2021\/files\/2021\/05\/IMG_20210513_190645-984x1024.jpg\" alt=\"\" class=\"wp-image-300\" width=\"354\" height=\"368\" srcset=\"https:\/\/sites.ipleiria.pt\/maiocriativo2021\/files\/2021\/05\/IMG_20210513_190645-984x1024.jpg 984w, https:\/\/sites.ipleiria.pt\/maiocriativo2021\/files\/2021\/05\/IMG_20210513_190645-288x300.jpg 288w, https:\/\/sites.ipleiria.pt\/maiocriativo2021\/files\/2021\/05\/IMG_20210513_190645-768x799.jpg 768w, https:\/\/sites.ipleiria.pt\/maiocriativo2021\/files\/2021\/05\/IMG_20210513_190645-1476x1536.jpg 1476w, https:\/\/sites.ipleiria.pt\/maiocriativo2021\/files\/2021\/05\/IMG_20210513_190645.jpg 1711w\" sizes=\"auto, (max-width: 354px) 100vw, 354px\" \/><figcaption>Ateli\u00ea \u00abCircando\u00bb<\/figcaption><\/figure>\n","protected":false},"excerpt":{"rendered":"","protected":false},"author":831,"featured_media":0,"parent":0,"menu_order":0,"comment_status":"closed","ping_status":"closed","template":"","meta":{"footnotes":""},"class_list":["post-26","page","type-page","status-publish","hentry"],"_links":{"self":[{"href":"https:\/\/sites.ipleiria.pt\/maiocriativo2021\/wp-json\/wp\/v2\/pages\/26","targetHints":{"allow":["GET"]}}],"collection":[{"href":"https:\/\/sites.ipleiria.pt\/maiocriativo2021\/wp-json\/wp\/v2\/pages"}],"about":[{"href":"https:\/\/sites.ipleiria.pt\/maiocriativo2021\/wp-json\/wp\/v2\/types\/page"}],"author":[{"embeddable":true,"href":"https:\/\/sites.ipleiria.pt\/maiocriativo2021\/wp-json\/wp\/v2\/users\/831"}],"replies":[{"embeddable":true,"href":"https:\/\/sites.ipleiria.pt\/maiocriativo2021\/wp-json\/wp\/v2\/comments?post=26"}],"version-history":[{"count":19,"href":"https:\/\/sites.ipleiria.pt\/maiocriativo2021\/wp-json\/wp\/v2\/pages\/26\/revisions"}],"predecessor-version":[{"id":292,"href":"https:\/\/sites.ipleiria.pt\/maiocriativo2021\/wp-json\/wp\/v2\/pages\/26\/revisions\/292"}],"wp:attachment":[{"href":"https:\/\/sites.ipleiria.pt\/maiocriativo2021\/wp-json\/wp\/v2\/media?parent=26"}],"curies":[{"name":"wp","href":"https:\/\/api.w.org\/{rel}","templated":true}]}}