{"id":9,"date":"2021-04-10T14:15:17","date_gmt":"2021-04-10T14:15:17","guid":{"rendered":"http:\/\/sites.ipleiria.pt\/maiocriativo2021\/?page_id=9"},"modified":"2021-04-27T15:39:27","modified_gmt":"2021-04-27T15:39:27","slug":"apresentacao","status":"publish","type":"page","link":"https:\/\/sites.ipleiria.pt\/maiocriativo2021\/","title":{"rendered":"Apresenta\u00e7\u00e3o"},"content":{"rendered":"\n<p style=\"line-height:1.4\"><strong>O que \u00e9 o \u00abMaio Criativo\u00bb?<\/strong><\/p>\n\n\n\n<p style=\"line-height:1.4\">O Projeto de Interven\u00e7\u00e3o e Anima\u00e7\u00e3o Art\u00edsticas Maio Criativo concretiza a sua terceira edi\u00e7\u00e3o em 2021 e \u00e9 uma iniciativa dos estudantes e da Comiss\u00e3o Cient\u00edfica do Curso de Mestrado em Interven\u00e7\u00e3o e Anima\u00e7\u00e3o Art\u00edsticas da Escola Superior de Educa\u00e7\u00e3o e Ci\u00eancias Sociais do Polit\u00e9cnico de Leiria.<\/p>\n\n\n\n<p style=\"line-height:1.4\">Assume-se como um espa\u00e7o de forma\u00e7\u00e3o que possibilita aos estudantes a viv\u00eancia de experi\u00eancias pr\u00e1ticas de interven\u00e7\u00e3o, tendo as linguagens art\u00edsticas como ferramentas.<\/p>\n\n\n\n<p style=\"line-height:1.4\">Esta edi\u00e7\u00e3o tem os seguintes objetivos:<\/p>\n\n\n\n<p style=\"line-height:1.4\">&#8211; Proporcionar experi\u00eancias art\u00edsticas a estudantes da ESECS e a outros intervenientes e refletir sobre a sua import\u00e2ncia e transferibilidade para os espa\u00e7os de interven\u00e7\u00e3o educativa, social e cultural;<\/p>\n\n\n\n<p style=\"line-height:1.4\">&#8211; Promover a partilha de conhecimento te\u00f3rico e pr\u00e1tico sobre interven\u00e7\u00e3o e anima\u00e7\u00e3o art\u00edsticas;<\/p>\n\n\n\n<p style=\"line-height:1.4\">&#8211; Divulgar trabalhos de express\u00e3o art\u00edstica realizados por estudantes da ESECS que tenham forma\u00e7\u00e3o art\u00edstica nos seus planos de estudos.<\/p>\n\n\n\n<p>A programa\u00e7\u00e3o do Maio Criativo 2021 inclui:<\/p>\n\n\n\n<p style=\"line-height:1.4\">&#8211; Ateli\u00eas &#8211; m\u00fasica, circo contempor\u00e2neo, express\u00e3o pl\u00e1stica, dan\u00e7a criativa, fotografia, express\u00f5es integradas, abordagem \u00e0 obra de arte, entre outros;<\/p>\n\n\n\n<p style=\"line-height:1.4\">&#8211; Aulas abertas (<em>online<\/em>);<\/p>\n\n\n\n<p style=\"line-height:1.4\">&#8211; Rasgos Criativos,<em> Online Meetings<\/em> sobre Interven\u00e7\u00e3o e Anima\u00e7\u00e3o Art\u00edsticas;<\/p>\n\n\n\n<p style=\"line-height:1.4\">&#8211; Exposi\u00e7\u00f5es.<\/p>\n\n\n\n<p class=\"has-text-color\" style=\"color:#bf0474\"><strong>Maio ser\u00e1 (outra vez) Criativo!!!<\/strong><\/p>\n\n\n\n<p><a rel=\"noreferrer noopener\" href=\"https:\/\/sites.ipleiria.pt\/maiocriativo\/\" target=\"_blank\">Conhe\u00e7a aqui as edi\u00e7\u00f5es de 2018 e de 2019<\/a><\/p>\n\n\n\n<p><strong>Organiza\u00e7\u00e3o:<\/strong><\/p>\n\n\n\n<div class=\"wp-block-group\"><div class=\"wp-block-group__inner-container is-layout-flow wp-block-group-is-layout-flow\">\n<div class=\"wp-block-group\"><div class=\"wp-block-group__inner-container is-layout-flow wp-block-group-is-layout-flow\">\n<figure class=\"wp-block-image size-large is-resized\"><img loading=\"lazy\" decoding=\"async\" src=\"https:\/\/sites.ipleiria.pt\/maiocriativo2021\/files\/2021\/04\/esecs_h-01-1.png\" alt=\"\" class=\"wp-image-57\" width=\"237\" height=\"44\" srcset=\"https:\/\/sites.ipleiria.pt\/maiocriativo2021\/files\/2021\/04\/esecs_h-01-1.png 404w, https:\/\/sites.ipleiria.pt\/maiocriativo2021\/files\/2021\/04\/esecs_h-01-1-300x56.png 300w\" sizes=\"auto, (max-width: 237px) 100vw, 237px\" \/><\/figure>\n\n\n\n<figure class=\"wp-block-image size-large is-resized\"><img loading=\"lazy\" decoding=\"async\" src=\"https:\/\/sites.ipleiria.pt\/maiocriativo2021\/files\/2021\/04\/MIAA-COLOR.jpg\" alt=\"\" class=\"wp-image-55\" width=\"161\" height=\"102\" srcset=\"https:\/\/sites.ipleiria.pt\/maiocriativo2021\/files\/2021\/04\/MIAA-COLOR.jpg 768w, https:\/\/sites.ipleiria.pt\/maiocriativo2021\/files\/2021\/04\/MIAA-COLOR-300x191.jpg 300w\" sizes=\"auto, (max-width: 161px) 100vw, 161px\" \/><\/figure>\n\n\n\n<p><strong>Colabora\u00e7\u00e3o:<\/strong><\/p>\n\n\n\n<figure class=\"wp-block-image size-large is-resized\"><img loading=\"lazy\" decoding=\"async\" src=\"https:\/\/sites.ipleiria.pt\/maiocriativo2021\/files\/2021\/04\/cropped-cidei_H60.png\" alt=\"\" class=\"wp-image-112\" width=\"149\" height=\"51\" \/><\/figure>\n\n\n\n<figure class=\"wp-block-image size-large is-resized\"><img loading=\"lazy\" decoding=\"async\" src=\"https:\/\/sites.ipleiria.pt\/maiocriativo2021\/files\/2021\/04\/259595_10150276511711414_8151811_o.jpg\" alt=\"\" class=\"wp-image-159\" width=\"155\" height=\"155\" srcset=\"https:\/\/sites.ipleiria.pt\/maiocriativo2021\/files\/2021\/04\/259595_10150276511711414_8151811_o.jpg 933w, https:\/\/sites.ipleiria.pt\/maiocriativo2021\/files\/2021\/04\/259595_10150276511711414_8151811_o-300x300.jpg 300w, https:\/\/sites.ipleiria.pt\/maiocriativo2021\/files\/2021\/04\/259595_10150276511711414_8151811_o-150x150.jpg 150w, https:\/\/sites.ipleiria.pt\/maiocriativo2021\/files\/2021\/04\/259595_10150276511711414_8151811_o-768x768.jpg 768w, https:\/\/sites.ipleiria.pt\/maiocriativo2021\/files\/2021\/04\/259595_10150276511711414_8151811_o-100x100.jpg 100w\" sizes=\"auto, (max-width: 155px) 100vw, 155px\" \/><\/figure>\n<\/div><\/div>\n\n\n\n<figure class=\"wp-block-image size-large is-resized\"><img loading=\"lazy\" decoding=\"async\" src=\"https:\/\/sites.ipleiria.pt\/maiocriativo2021\/files\/2021\/04\/jj.png\" alt=\"\" class=\"wp-image-162\" width=\"171\" height=\"77\" \/><\/figure>\n<\/div><\/div>\n\n\n\n<figure class=\"wp-block-image size-large is-resized\"><img loading=\"lazy\" decoding=\"async\" src=\"https:\/\/sites.ipleiria.pt\/maiocriativo2021\/files\/2021\/04\/Logo-2-740x1024.jpg\" alt=\"\" class=\"wp-image-171\" width=\"140\" height=\"193\" srcset=\"https:\/\/sites.ipleiria.pt\/maiocriativo2021\/files\/2021\/04\/Logo-2-740x1024.jpg 740w, https:\/\/sites.ipleiria.pt\/maiocriativo2021\/files\/2021\/04\/Logo-2-217x300.jpg 217w, https:\/\/sites.ipleiria.pt\/maiocriativo2021\/files\/2021\/04\/Logo-2-768x1063.jpg 768w, https:\/\/sites.ipleiria.pt\/maiocriativo2021\/files\/2021\/04\/Logo-2-1110x1536.jpg 1110w, https:\/\/sites.ipleiria.pt\/maiocriativo2021\/files\/2021\/04\/Logo-2-1480x2048.jpg 1480w, https:\/\/sites.ipleiria.pt\/maiocriativo2021\/files\/2021\/04\/Logo-2-scaled.jpg 1850w\" sizes=\"auto, (max-width: 140px) 100vw, 140px\" \/><\/figure>\n\n\n\n<p><\/p>\n","protected":false},"excerpt":{"rendered":"<p>O que \u00e9 o \u00abMaio Criativo\u00bb? O Projeto de Interven\u00e7\u00e3o e Anima\u00e7\u00e3o Art\u00edsticas Maio Criativo concretiza a sua terceira edi\u00e7\u00e3o em 2021 e \u00e9 uma iniciativa dos estudantes e da Comiss\u00e3o Cient\u00edfica do Curso de Mestrado em Interven\u00e7\u00e3o e Anima\u00e7\u00e3o Art\u00edsticas da Escola Superior de Educa\u00e7\u00e3o e Ci\u00eancias Sociais do Polit\u00e9cnico de Leiria. Assume-se como &hellip; <\/p>\n<p class=\"link-more\"><a href=\"https:\/\/sites.ipleiria.pt\/maiocriativo2021\/\" class=\"more-link\">Continuar a ler <span class=\"screen-reader-text\">&#8220;Apresenta\u00e7\u00e3o&#8221;<\/span><\/a><\/p>\n","protected":false},"author":831,"featured_media":0,"parent":0,"menu_order":0,"comment_status":"closed","ping_status":"closed","template":"","meta":{"footnotes":""},"class_list":["post-9","page","type-page","status-publish","hentry"],"_links":{"self":[{"href":"https:\/\/sites.ipleiria.pt\/maiocriativo2021\/wp-json\/wp\/v2\/pages\/9","targetHints":{"allow":["GET"]}}],"collection":[{"href":"https:\/\/sites.ipleiria.pt\/maiocriativo2021\/wp-json\/wp\/v2\/pages"}],"about":[{"href":"https:\/\/sites.ipleiria.pt\/maiocriativo2021\/wp-json\/wp\/v2\/types\/page"}],"author":[{"embeddable":true,"href":"https:\/\/sites.ipleiria.pt\/maiocriativo2021\/wp-json\/wp\/v2\/users\/831"}],"replies":[{"embeddable":true,"href":"https:\/\/sites.ipleiria.pt\/maiocriativo2021\/wp-json\/wp\/v2\/comments?post=9"}],"version-history":[{"count":19,"href":"https:\/\/sites.ipleiria.pt\/maiocriativo2021\/wp-json\/wp\/v2\/pages\/9\/revisions"}],"predecessor-version":[{"id":173,"href":"https:\/\/sites.ipleiria.pt\/maiocriativo2021\/wp-json\/wp\/v2\/pages\/9\/revisions\/173"}],"wp:attachment":[{"href":"https:\/\/sites.ipleiria.pt\/maiocriativo2021\/wp-json\/wp\/v2\/media?parent=9"}],"curies":[{"name":"wp","href":"https:\/\/api.w.org\/{rel}","templated":true}]}}