{"id":1493,"date":"2022-04-02T08:53:32","date_gmt":"2022-04-02T08:53:32","guid":{"rendered":"https:\/\/sites.ipleiria.pt\/maiocriativo2022\/?page_id=1493"},"modified":"2024-06-02T14:24:45","modified_gmt":"2024-06-02T14:24:45","slug":"programa","status":"publish","type":"page","link":"https:\/\/sites.ipleiria.pt\/maiocriativo2022\/programa\/","title":{"rendered":"Programa"},"content":{"rendered":"\n<div class=\"wp-block-columns is-layout-flex wp-container-core-columns-is-layout-1 wp-block-columns-is-layout-flex\">\n<div class=\"wp-block-column is-layout-flow wp-block-column-is-layout-flow\" style=\"flex-basis:100%\">\n<figure class=\"wp-block-table is-style-regular\"><table><thead><tr><th>Dia<\/th><th>Hora <\/th><th>Atividade<\/th><\/tr><\/thead><tbody><tr><td><strong>2 <\/strong>segunda<\/td><td><br><\/td><td><strong>In\u00edcio do Projeto de Interven\u00e7\u00e3o e Anima\u00e7\u00e3o Art\u00edsticas Maio Criativo 2022<\/strong><br>Divulga\u00e7\u00e3o do programa.<\/td><\/tr><tr><td><strong>3<\/strong><br>ter\u00e7a<\/td><td>10h00\/12h00<\/td><td><strong>Hora do conto<\/strong> com Fabiana Silva e Sara Carvalho <br><strong>Destinat\u00e1rios:<\/strong> crian\u00e7as de todas as idades<br><strong>Espa\u00e7o:<\/strong> Sala de espera da Consulta Externa da Pediatria do Hospital de Santo Andr\u00e9<\/td><\/tr><tr><td><strong>4<\/strong><br>quarta<\/td><td>15h30\/17h30<br><br><br><br><br><br>\u00c0s 14h00 e \u00e0s 18h30<\/td><td><strong>Ateli\u00ea<\/strong> de Jogos de Improvisa\u00e7\u00e3o e Teatro com Fabiana Silva e Sara Carvalho<br><strong>Destinat\u00e1rios:<\/strong> Profissionais do Hospital de Santo Andr\u00e9<br><strong>Espa\u00e7o:<\/strong>  Sala GEFOP,  Hospital de Santo Andr\u00e9<br><br><strong>Aula Aberta<\/strong> \u00abRegula\u00e7\u00e3o emocional, <em>mindfulness<\/em> e bem viver\u00bb com Clairton Puntel e J\u00falio C\u00e9zar Adam ( Faculdade EST \u2014 Brasil)<br><strong>Espa\u00e7o:<\/strong> Sala B.0.33 (Laborat\u00f3rio de Teatro)<br>Aberto \u00e0 comunidade (acesso livre)<\/td><\/tr><tr><td><strong>5<\/strong> &nbsp;<br>quinta<\/td><td>10h00\/12h00<br><br><br><br><br>11h00\/14h00<br><br><br><br><br>17h00\/19h00<\/td><td><strong>Hora do conto<\/strong> com Fabiana Silva e Sara Carvalho <br><strong>Destinat\u00e1rios:<\/strong> crian\u00e7as de todas as idades<br><strong>Espa\u00e7o:<\/strong> Sala de espera da Consulta Externa da Pediatria do Hospital de Santo Andr\u00e9<br><br><strong>Ateli\u00ea: <\/strong>\u00abRir em portugu\u00eas\u00bb, dinamizada por Rui Francisco<br><strong>Destinat\u00e1rios:<\/strong> Utentes<br><strong>Espa\u00e7o:<\/strong> Hospital de Dia do Hospital de Santo Andr\u00e9<br><br><strong>Ateli\u00ea<\/strong>: \u00abComunica-te!\u00bb dinamizado por Artur Rosa e Maria Botas Ramalho<br><strong>Destinat\u00e1rios:<\/strong> Estudantes do 2.\u00ba ano de ES e outros participantes com <strong><a href=\"https:\/\/forms.gle\/ZF9ZQ8gvwxaZG2Uh7\"><mark class=\"has-inline-color has-vivid-cyan-blue-color\">inscri\u00e7\u00e3o<\/mark><\/a><\/strong>. <br><strong>Espa\u00e7o:<\/strong> Sala A.1.37 <\/td><\/tr><tr><td><strong>6<\/strong> &nbsp;<br>sexta<\/td><td>&nbsp;<\/td><td>&nbsp;<\/td><\/tr><tr><td><strong>9<\/strong> &nbsp;<br>segunda<\/td><td><br>17h00\/18h30<\/td><td><strong>Ateli\u00ea:<\/strong> \u00abVamos dan\u00e7ar a vida\u00bb, dinamizado por Elsa Antunes e registo fotogr\u00e1fico e de v\u00eddeo por M\u00e1rcia Pires e Cl\u00e1udia Murta.<br><strong>Destinat\u00e1rios:<\/strong> Profissionais do Hospital de Santo Andr\u00e9<br><strong>Espa\u00e7o:<\/strong> Sala GEFOP,  Hospital de Santo Andr\u00e9<\/td><\/tr><tr><td><strong>10<\/strong> &nbsp;<br>ter\u00e7a<\/td><td>10h00\/12h00<br><br><br><br><br>15h30\/17h30<br><br><br><br><br><br>17h00\/18h30<br><br><br><br><br><br>18h30\/20h30<br><br><\/td><td><strong>Hora do conto<\/strong> com Fabiana Silva e Sara Carvalho <br><strong>Destinat\u00e1rios:<\/strong> Crian\u00e7as de todas as idades<br><strong>Espa\u00e7o:<\/strong> Sala de espera da Consulta Externa da Pediatria do Hospital de Santo Andr\u00e9<br><br><strong>Anima\u00e7\u00e3o Itinerante<\/strong> <strong>\u201cPorta s(im)Porta\u201d<\/strong>, com Artur Rosa e Maria Botas Ramalho. Registo fotogr\u00e1fico e de v\u00eddeo por M\u00e1rcia Pires e Ana Catarina Abreu.<br><strong>Destinat\u00e1rios:<\/strong> Funcion\u00e1rios e utentes do Hospital de Santo Andr\u00e9<br><strong>Espa\u00e7o:<\/strong> Espa\u00e7os diversos do Hospital de Santo Andr\u00e9<br><br><strong>Ateli\u00ea:<\/strong> \u00abVamos dan\u00e7ar a vida\u00bb, dinamizado por Elsa Antunes. Registo fotogr\u00e1fico e de v\u00eddeo por Mariana Lopes, Artur Rosa, M\u00e1rcia Pires , Maria Botas Ramalho e Catarina Abreu<br><strong>Destinat\u00e1rios:<\/strong> Estudantes do 1.\u00ba ano do TeSP de IEE e outros participantes com<mark class=\"has-inline-color has-vivid-cyan-blue-color\"> <\/mark><strong><a href=\"https:\/\/forms.gle\/jP4vfoJi899EYFhr8\"><mark class=\"has-inline-color has-vivid-cyan-blue-color\">inscri\u00e7\u00e3o<\/mark><\/a><\/strong>.<br><strong>Espa\u00e7o:<\/strong> Sala A.0.4 (Laborat\u00f3rio de M\u00fasica)<br><br><strong>Ateli\u00ea:<\/strong> \u00abOlhar com olhos de ver\u00bb, dinamizado por Lara Franco e Sofia Teixeira<br><strong>Destinat\u00e1rios:<\/strong> Estudantes da ESECS (j\u00e1 inscritos)<br><strong>Espa\u00e7o:<\/strong> Sala B.0.33 (Laborat\u00f3rio de Teatro)<\/td><\/tr><tr><td><strong>11 <\/strong><br>quarta<\/td><td><br><\/td><td><strong>Ateli\u00ea<\/strong>: \u201cSentir as pautas da idade\u201d, dinamizado por Cl\u00e1udia Murta, Ana Catarina Abreu e M\u00e1rcia Pires<br><strong>Destinat\u00e1rios:<\/strong> Idosos da Academia Social e Cultural de Maceira<br><strong>Espa\u00e7o:<\/strong> Academia Social e Cultural de Maceira<\/td><\/tr><tr><td><strong>12<\/strong> <br>quinta<\/td><td>10h00\/12h00<br><br><br><br>13h00\/15h00<br><br><br><br>15h30\/17h30<br><br><br><br>17h00\/18h30<br><\/td><td><strong>Hora do conto<\/strong> com Fabiana Silva e Sara Carvalho <br><strong>Destinat\u00e1rios:<\/strong> Crian\u00e7as de todas as idades<br><strong>Espa\u00e7o:<\/strong> Sala de espera da Consulta Externa da Pediatria do Hospital de Santo Andr\u00e9<br><br><strong>Ateli\u00ea:<\/strong> \u00abOlhar com olhos de ver\u00bb, dinamizado por Lara Franco e Sofia Teixeira<br><strong>Destinat\u00e1rios:<\/strong> Estudantes da ESECS (j\u00e1 inscritos)<br><strong>Espa\u00e7o:<\/strong> Sala A.0.11 (Laborat\u00f3rio de Express\u00e3o Pl\u00e1stica)<br><br><strong>Ateli\u00ea de Teatro<\/strong> com Artur Rosa e Maria Botas Ramalho. Registo fotogr\u00e1fico e de v\u00eddeo por M\u00e1rcia Pires e Cl\u00e1udia Murta.<br><strong>Destinat\u00e1rios:<\/strong> Profissionais do Hospital de Santo Andr\u00e9<br><strong>Espa\u00e7o:<\/strong>  Sala GEFOP,  Hospital de Santo Andr\u00e9<br><br><strong>Ateli\u00ea:<\/strong> \u00abQuatidiMusic\u00bb, dinamizado por Mariana Lopes e Ana Catarina Abreu<br><strong>Destinat\u00e1rios:<\/strong> Estudantes do 1.\u00ba ano do TeSP de ISC e outros participantes com <strong><a href=\"https:\/\/forms.gle\/FhEocQcvDN81yGJ66\"><mark class=\"has-inline-color has-vivid-cyan-blue-color\">inscri\u00e7\u00e3o<\/mark><\/a><\/strong>.<br><strong>Espa\u00e7o:<\/strong> Sala B.0.33<\/td><\/tr><tr><td><strong>13<\/strong> <br>sexta<\/td><td>10h00<br><br><br><br>10h00\/12h00<br><br><br><br><br><br>14h30\/16h00<br><br><br><br><br><br>16h00\/18h00<\/td><td><strong>Ateli\u00ea:<\/strong> \u00abInterage musicalmente\u00bb, dinamizado por Mariana Lopes, Ana Catarina Abreu, Maria Val\u00eancia e Sara Carvalho<br><strong><strong>Destinat\u00e1rios:<\/strong> <\/strong>Funcion\u00e1rios e utentes do HSA<strong><br><strong>Espa\u00e7o:<\/strong> <\/strong>Espa\u00e7os diversos do Hospital de Santo Andr\u00e9<br><br><strong>Ateli\u00eas:<\/strong> \u00abConhecer-te\u00bb e \u00abFazer algo juntos\u00bb, dinamizado por Miguel Faria, Rita Ant\u00f3nio, Sandra Batista e Tatiana Ramusga<br><strong><strong>Destinat\u00e1rios:<\/strong> <\/strong>Utentes<strong><br><strong>Espa\u00e7o:<\/strong> <\/strong>Hospital de Dia do Hospital de Santo Andr\u00e9<br><br><strong>Ateli\u00eas:<\/strong> \u00abLos m\u00faltiples lenguajes de las palabras&#8230;\u00bb com Eva Navarro Martinez, professora da Universidade de Valladolid<br><strong><strong>Destinat\u00e1rios:<\/strong> <\/strong>Estudantes dos cursos de mestrado &#8211; MEPE e MEP1\u00baCEB<strong><br><strong>Espa\u00e7o:<\/strong> <\/strong>Sala B.0.33 (Laborat\u00f3rio de Teatro)<br><br><strong>Ateli\u00ea:<\/strong> \u00abCircar\u00bb, dinamizado por Marcelo Marques<br><strong>Destinat\u00e1rios:<\/strong> Estudantes do 1.\u00ba ano dos cursos de MEPE e MEPE1.\u00baCEB e outros participantes com <strong><a href=\"https:\/\/forms.gle\/rCect6qXL5rR8xJ98\"><mark class=\"has-inline-color has-vivid-cyan-blue-color\">inscri\u00e7\u00e3o<\/mark><\/a><\/strong>.<br><strong>Espa\u00e7o:<\/strong> Sala B.0.33 (Laborat\u00f3rio de Teatro)<\/td><\/tr><tr><td><strong>16<\/strong> &nbsp;<br>segunda<\/td><td>10h00\/12h30<br><br><br><br><br><br>14h00\/16h00<br><br><br><br><br><br>17h00<br><br><br><br>18h30\/20h30<br><\/td><td><strong><strong>Ateli\u00ea <\/strong>\u00abAv\u00f3s, fonte de vida\u00bb<\/strong> com Carme Moreno Mestre, Cristina Valero Garcia, Elena Castrillejo Manso e Aine Camprub\u00ed Brugarolas<br><strong>Destinat\u00e1rios:<\/strong> Idosos do Lar do Centro Paroquial de<br>Assist\u00eancia do Reguengo do Fetal<br><strong>Espa\u00e7o:<\/strong> Sala A.0.4<br><br><strong>Projeto \u00abGera\u00e7\u00f5es cruzadas: conviver \u00e9 aprender<\/strong>\u00bb dos estudantes In\u00eas Pol\u00f3nio, C\u00e1tia Silva, Beatriz Silva, L\u00facia Benedito, Tiago Morais e &nbsp;Beatriz Pereira e que envolve a AMITEI (Residencial para Pessoas Idosas) e o Centro Escolar Cova da Iria<br><br><strong>Sess\u00e3o de relaxamento <\/strong>\u00abN\u00f3s e os outros\u00bb com Mateus Teves, Tatiana Oliveira e Beatriz Marques<br><strong>Destinat\u00e1rios:<\/strong> Profissionais do Hospital de Santo Andr\u00e9<br><strong>Espa\u00e7o:<\/strong> Sala GEFOP,  Hospital de Santo Andr\u00e9<br><br><strong>Ateli\u00ea:<\/strong> \u00abOlhar com olhos de ver\u00bb, dinamizado por Lara Franco e Sofia Teixeira<br><strong>Destinat\u00e1rios:<\/strong> Estudantes da ESECS (j\u00e1 inscritos)<br><strong>Espa\u00e7o:<\/strong> Online<\/td><\/tr><tr><td><strong>17 <\/strong>&nbsp;<br>ter\u00e7a<\/td><td>10h00\/12h00<br><br><br><br><br><br>14h00<br><br><br><br><br><br>14h00<br><br><br><br><br>17h00<br><br><br><br>15h30\/17h30<br><br><br><br><br>18h30<\/td><td><strong>Hora do conto<\/strong> com Fabiana Silva e Sara Carvalho <br><strong>Destinat\u00e1rios:<\/strong> Crian\u00e7as de todas as idades<br><strong>Espa\u00e7o:<\/strong> Sala de espera da Consulta Externa da Pediatria do Hospital de Santo Andr\u00e9<br><br><strong>Ateli\u00ea: <\/strong>\u00abUm jogo: um sorriso\u00bb, dinamizado por Beatriz Melo, Beatriz Santos, Erick Velez e Leonor Teixeira<br><strong>Destinat\u00e1rios:<\/strong> Utentes <br><strong>Espa\u00e7o:<\/strong> Hospital de Dia do Hospital de Santo Andr\u00e9<br><br><strong>Ateli\u00ea: <\/strong>\u00abUm sorriso cura\u00bb, dinamizado por Beatriz Lucas, Ielyzaveta Kucher, Lara Teixeira, Matilde Guerreiro e Sara Cosmelli<br><strong>Destinat\u00e1rios:<\/strong> Crian\u00e7as e seus acompanhantes<br><strong>Espa\u00e7o:<\/strong> Pedopsiquiatria do Hospital de Santo Andr\u00e9<br><br><strong>Sess\u00e3o de relaxamento <\/strong>\u00abN\u00f3s e os outros\u00bb com Mateus Teves, Tatiana Oliveira e Beatriz Marques<br><strong><strong>Destinat\u00e1rios:<\/strong> <\/strong>Profissionais do HSA<strong><br><strong>Espa\u00e7o:<\/strong> <\/strong>Sala GEFOP,  Hospital de Santo Andr\u00e9<br><br><strong>Performance de dan\u00e7a<\/strong> \u00abIntui\u00e7\u00e3o\u00bb, com Ana Ermida e Maria Val\u00eancia. Registo fotogr\u00e1fico e de v\u00eddeo por M\u00e1rcia Pires e Ana Catarina Abreu.<br><strong>Destinat\u00e1rios:<\/strong> Utentes e profissionais<br><strong>Espa\u00e7o:<\/strong> Espa\u00e7os diversos do Hospital de Santo Andr\u00e9<br><br><strong>Aula Aberta<\/strong> \u00abClowning e Transdisciplinaridade\u00bb com Enne Marx<br><strong>Espa\u00e7o:<\/strong> Sala B.0.33 (Laborat\u00f3rio de Teatro)<br>Aberta \u00e0 comunidade (acesso livre)<\/td><\/tr><tr><td><strong>18<\/strong> <br>quarta<\/td><td>18h30\/20h30<br><br><br><br>21h00<\/td><td><strong>Ateli\u00ea:<\/strong> \u00abOlhar com olhos de ver\u00bb, dinamizado por Lara Franco e Sofia Teixeira<br><strong>Destinat\u00e1rios:<\/strong> Estudantes da ESECS (j\u00e1 inscritos)<br><strong>Espa\u00e7o:<\/strong> Sala A.0.4 (Laborat\u00f3rio de M\u00fasica)<br><br><strong>Concerto ESECS Orquestra<\/strong> <br><strong>Espa\u00e7o: <\/strong>Audit\u00f3rio 2 da ESECS<br>Aberto \u00e0 comunidade (acesso livre)<\/td><\/tr><tr><td><strong>19 <\/strong>&nbsp;<br>quinta<\/td><td>10h00\/12h00<br><br><br><br>10h00\/12h00<br><br><br><br><br><br>11h00\/14h00<br><br><br><br>14h30\/16h30<\/td><td><strong>Hora do conto<\/strong> com Fabiana Silva e Sara Carvalho <br><strong>Destinat\u00e1rios:<\/strong> Crian\u00e7as de todas as idades<br><strong>Espa\u00e7o:<\/strong> Sala de espera da Consulta Externa da Pediatria do Hospital de Santo Andr\u00e9<br><br><strong>Projeto \u00abGera\u00e7\u00f5es cruzadas: conviver \u00e9 aprender<\/strong>\u00bb dos estudantes In\u00eas Pol\u00f3nio, C\u00e1tia Silva, Beatriz Silva, L\u00facia Benedito, Tiago Morais e &nbsp;Beatriz Pereira e que envolve a AMITEI (Residencial para Pessoas Idosas) e o Centro Escolar Cova da Iria<br><br><strong>Ateli\u00ea <\/strong>\u00abColorir \u00e9 dar cor\u00bb, dinamizada por Rui Francisco<br><strong>Destinat\u00e1rios:<\/strong> Utentes<br><strong>Espa\u00e7o:<\/strong> Hospital de Dia do Hospital de Santo Andr\u00e9<br><br><strong><strong>Ateli\u00ea <\/strong>\u00abIdentidade desoculta\u00bb<\/strong> com Ana Filipa Ventura, Carolina Vital, Carolina Carreira, Laura Morgado e Lucas Vicente<br><strong>Destinat\u00e1rios:<\/strong> Utentes<br><strong>Espa\u00e7o:<\/strong> Servi\u00e7o de Psiquiatria do Hospital de Santo Andr\u00e9<\/td><\/tr><tr><td><strong>20<\/strong> &nbsp;<br>sexta<\/td><td>&nbsp;9h00\/12h00<br><br><br><br><br>9h30\/12h00<br><br><br><br><br><br>10h00<br><br><br><br><br><br>15h00\/16h00<br><br><br><br><br><br>14h30\/16h00<br><br><br><br><\/td><td><strong>Ateli\u00ea:<\/strong> \u00abUnidos somos mais fortes pelo futuro\u00bb, com Adriana Bang e In\u00eas Nunes<br><strong>Destinat\u00e1rios:<\/strong> Alunos da Escola Profissional e Art\u00edstica da Marinha Grande &#8211; Cursos de T\u00e9cnico(a) de Comunica\u00e7\u00e3o, Marketing, Rela\u00e7\u00f5es P\u00fablicas e Publicidade &nbsp;e de<br>Anima\u00e7\u00e3o Sociocultural<br><strong>Espa\u00e7o:<\/strong> Sala A.1.1<br><br><strong>Ateli\u00ea:<\/strong> \u00abEu sou inclusivo\u00bb, com In\u00eas Cust\u00f3dio, Beatriz Bernardo, Mariana Fernandes, Sabrina Figueiredo <br><strong>Destinat\u00e1rios:<\/strong> Alunos do 1.\u00ba CEB<br><strong>Espa\u00e7o:<\/strong> Centro Escolar da Cova da Iria<br><br><strong>Ateli\u00ea:<\/strong> T\u00e9cnicas Criativas para a Promo\u00e7\u00e3o da Leitura, dinamizado por L\u00edgia Norte, Rita Justino e Miguel Santos,  da Casa-Museu Centro Cultural Jo\u00e3o Soares<br><strong>Destinat\u00e1rios:<\/strong> Estudantes da ESECS<br><strong>Espa\u00e7o:<\/strong> Audit\u00f3rio 1<br><br><strong>Ateli\u00ea de Rua  \u00abExpress\u00f5es art\u00edsticas integradas\u00bb<\/strong> com Adriana Vicente, Ana Scherma, \u00c2ngela Matias, Daniela Carvalho e Tatiana Silva<br><strong>Destinat\u00e1rios:<\/strong> Crian\u00e7as do Jardim de Inf\u00e2ncia A Escolinha<br><strong>Espa\u00e7o:<\/strong> Sala B.0.33 (Laborat\u00f3rio de Teatro)<br><br><strong><strong>Ateli\u00ea <\/strong>\u00abIdentidade desoculta\u00bb<\/strong> com Ana Filipa Ventura, Carolina Vital, Carolina Carreira, Laura Morgado e Lucas Vicente<br><strong>Destinat\u00e1rios:<\/strong> Utentes<br><strong>Espa\u00e7o:<\/strong> Servi\u00e7o de Psiquiatria do Hospital de Santo Andr\u00e9<br><br><strong>Ateli\u00ea:<\/strong> \u00abDo Nascer ao Morrer, toda a Mexer\u00bb, dinamizado por Miguel Faria, Rita Ant\u00f3nio, Sandra Batista e Tatiana Ramusga<br><strong><strong>Destinat\u00e1rios:<\/strong> <\/strong>Idosos<strong><br><strong>Espa\u00e7o:<\/strong> <\/strong>Academia Cultural e Social da Maceira<\/td><\/tr><tr><td><strong>23<\/strong> &nbsp;<br>segunda<\/td><td>16h00\/19h00<br><br><br><br><br><br><br><br><br><br>18h30\/20h30<\/td><td><strong>ACD, Forma\u00e7\u00e3o Cont\u00ednua para Professores<\/strong> \u00abO corpo que dan\u00e7a: pensar a interdisciplinaridade atrav\u00e9s do projeto Clean Water Act\u00bb, dinamizada por Joana Melo<br><strong>Destinat\u00e1rios:<\/strong> Professores dos Grupos 100, 110, 200, 210, 220, 240,250,260,300,400,420 e 620<br><strong>Vagas: <\/strong>15<br><strong>Gratuito, presencial<\/strong><br><strong>Espa\u00e7o:<\/strong> (a definir)<br><strong><a href=\"https:\/\/docs.google.com\/forms\/d\/e\/1FAIpQLSc9ySTdAJ5ZwneywJ1LZ7we-gU8eDSYPr7vdFB8fYdBJfglvA\/viewform\"><mark class=\"has-inline-color has-vivid-cyan-blue-color\">Inscri\u00e7\u00e3o obrigat\u00f3ria<\/mark><\/a><\/strong><br><br><strong>Ateli\u00ea:<\/strong> \u00abOlhar com olhos de ver\u00bb<br><strong>Destinat\u00e1rios:<\/strong> estudantes da ESECS (j\u00e1 inscritos)<br><strong>Espa\u00e7o:<\/strong> Sala B.0.33 (Laborat\u00f3rio de Teatro)<\/td><\/tr><tr><td><strong>24<\/strong> <br>ter\u00e7a<\/td><td>10h00\/12h00<br><br><br><br><br><br>10h00\/12h00<br><br><br><br><br>14h00<br><br><br><br><br><br>14h00\/15h30<br><br><br><br><br><br>17h00<br><br><\/td><td><strong>Ateli\u00ea <\/strong>\u00abUm sorriso cura\u00bb, com Beatriz Lucas, Ielyzaveta Kucher, Lara Teixeira, Matilde Guerreiro e Sara Cosmelli<br><strong>Destinat\u00e1rios:<\/strong> Crian\u00e7as e seus acompanhantes<br><strong>Espa\u00e7o:<\/strong> Sala de espera da consulta externa da Pediatria do Hospital de Santo Andr\u00e9<br><br><strong><strong>Ateli\u00ea <\/strong>\u00abAv\u00f3s, fonte de vida\u00bb<\/strong> com Carme Moreno Mestre, Cristina Valero Garcia, Elena Castrillejo Manso e Aine Camprub\u00ed Brugarolas<br><strong>Destinat\u00e1rios:<\/strong> Idosos do Lar do Centro Paroquial de<br>Assist\u00eancia do Reguengo do Fetal<br><strong>Espa\u00e7o:<\/strong> Sala B.0.33<br><br><strong>Ateli\u00ea <\/strong>\u00abUm jogo: um sorriso\u00bb, com Beatriz Melo, Beatriz Santos, Erick Velez e Leonor Teixeira<br><strong>Destinat\u00e1rios:<\/strong> Utentes <br><strong>Espa\u00e7o:<\/strong> Hospital de Dia do Hospital de Santo Andr\u00e9<br><br><strong><strong>Ateli\u00ea <\/strong>\u00abIdentidade desoculta\u00bb<\/strong> com Ana Filipa Ventura, Carolina Vital, Carolina Carreira, Laura Morgado e Lucas Vicente<br><strong>Destinat\u00e1rios:<\/strong> Utentes<br><strong>Espa\u00e7o:<\/strong> Servi\u00e7o de Psiquiatria do Hospital de Santo Andr\u00e9<br><br><strong>Ateli\u00ea de dan\u00e7a criativa:<\/strong> \u00abSensa\u00e7\u00f5es em movimento\u00bb, dinamizado por Ana Ermida e Maria Fernanda Valencia<br><strong>Destinat\u00e1rios:<\/strong> estudantes da ESECS<br><strong>Espa\u00e7o:<\/strong> A.0.4 (Laborat\u00f3rio de M\u00fasica)<\/td><\/tr><tr><td><strong>25<\/strong> <br>quarta<\/td><td>11h00\/12h00<br><br><br><br><br>18h30\/20h30<\/td><td><strong>Ateli\u00ea:<\/strong> \u00abDan\u00e7a Criativa\u00bb dinamizado por Sofia Teixeira<br><strong>Destinat\u00e1rios:<\/strong> alunos do 1.\u00ba ano do 1.\u00ba CEB do AE Marinha Grande Nascente<br><strong>Espa\u00e7o:<\/strong> EB1 Jo\u00e3o Beare<br><br><strong>Ateli\u00ea:<\/strong> \u00abOlhar com olhos de ver\u00bb<br><strong>Destinat\u00e1rios:<\/strong> estudantes da ESECS (j\u00e1 inscritos)<br><strong>Espa\u00e7o:<\/strong> Sala A.0.4 (Laborat\u00f3rio de M\u00fasica)<\/td><\/tr><tr><td><strong>26<\/strong> &nbsp;<br>quinta<\/td><td>21h00<\/td><td><strong>Ateli\u00ea <\/strong>\u00abPint\u2019elas (Um happening de criatividade)\u00bb, dinamizado por N\u00e1dia Matias e Marias Botas Ramalho<br><strong>Destinat\u00e1rios:<\/strong> Estudantes do Mestrado EE-DCM<br><strong>Espa\u00e7o:<\/strong> Sala B.0.33 (Laborat\u00f3rio de Teatro)<\/td><\/tr><tr><td><strong>27<\/strong> <br>sexta<\/td><td>&nbsp;9h00\/12h00<br><br><br><br><br>&nbsp;9h30\/12h00<br><br><br><br><br><br>10h00\/12h00<br><br><br><br><br><br>15h00\/16h00<br><br><br><br><br><br>14h00\/16h00<br><br><br><br><br><br>(a definir)<br><br><br><br><br><br><br>21h30<\/td><td><strong>Ateli\u00ea:<\/strong> \u00abUnidos somos mais fortes pelo futuro\u00bb<br><strong>Destinat\u00e1rios:<\/strong> Alunos da Escola Profissional e Art\u00edstica da Marinha Grande &#8211; Cursos de T\u00e9cnico(a) de Comunica\u00e7\u00e3o, Marketing, Rela\u00e7\u00f5es P\u00fablicas e Publicidade &nbsp;e de<br>Anima\u00e7\u00e3o Sociocultural<br><strong>Espa\u00e7o:<\/strong> Sala B.1.40<br><br><strong>Ateli\u00ea:<\/strong> \u00abEu sou inclusivo\u00bb, com In\u00eas Cust\u00f3dio, Beatriz Bernardo, Mariana Fernandes, Sabrina Figueiredo <br><strong>Destinat\u00e1rios:<\/strong> Alunos do 1.\u00ba CEB<br><strong>Espa\u00e7o:<\/strong> Centro Escolar da Cova da Iria<br><br><strong>Confer\u00eancia \/ Espet\u00e1culo <\/strong>\u00abO Fio da Linha do Horizonte\u00bb, com o Te-ato Grupo-Teatro de Leiria e Ana Paula Proen\u00e7a<br><strong>Destinat\u00e1rios:<\/strong> Estudantes da UC de Did\u00e1tica do 1\u00baCEB II e aberto \u00e0 comunidade.<br><strong>Espa\u00e7o: <\/strong>Audit\u00f3rio 1 da ESECS<br><br><strong>Ateli\u00ea de Rua  \u00abExpress\u00f5es art\u00edsticas integradas\u00bb<\/strong> com Adriana Vicente, Ana Scherma, \u00c2ngela Matias, Daniela Carvalho e Tatiana Silva<br><strong>Destinat\u00e1rios:<\/strong> Crian\u00e7as do Jardim de Inf\u00e2ncia A Escolinha<br><strong>Espa\u00e7o:<\/strong> Sala B.0.33 (Laborat\u00f3rio de Teatro)<br><br><strong>Projeto \u00abGera\u00e7\u00f5es cruzadas: conviver \u00e9 aprender<\/strong>\u00bb dos estudantes In\u00eas Pol\u00f3nio, C\u00e1tia Silva, Beatriz Silva, L\u00facia Benedito, Tiago Morais e &nbsp;Beatriz Pereira e que envolve a AMITEI (Residencial para Pessoas Idosas) e o Centro Escolar Cova da Iria<br><br><strong>Ateli\u00ea:<\/strong> \u00abDo Nascer ao Morrer, toda a Mexer\u00bb, dinamizado por Miguel Faria, Rita Ant\u00f3nio, Sandra Batista e Tatiana Ramusga<br><strong><strong>Destinat\u00e1rios:<\/strong> <\/strong>Idosos<strong><br><strong>Espa\u00e7o:<\/strong> <\/strong>Academia Cultural e Social da Maceira<br><br><br><strong>**********   NOITE CULTURAL  ********** <\/strong><br><strong>Roteiro de atividades art\u00edsticas <\/strong><strong>em diversos espa\u00e7os da ESECS<\/strong> &#8211; dan\u00e7a, videoproje\u00e7\u00e3o, m\u00fasica, poesia, performance, stand up, exposi\u00e7\u00f5es<br><strong>Acesso livre, aberto a toda a comunidade<\/strong><\/td><\/tr><tr><td><strong>30<\/strong> <br>segunda<\/td><td>14h00\/15h30<\/td><td><strong>Ateli\u00ea:<\/strong> \u00abGuiar(te)\u00bb, dinamizado por Ana Correia, Rafaela Miranda e Natasha Bernardo<br><strong><strong>Destinat\u00e1rios:<\/strong> <\/strong>Estudantes do 11.\u00ba ano do Curso T\u00e9cnico de Apoio Psicossocial da Escola T\u00e9cnico Profissional de Cantanhede\/<strong><br><strong>Espa\u00e7o:<\/strong> <\/strong>ESECS<\/td><\/tr><tr><td><strong>31<\/strong><br>ter\u00e7a<\/td><td><br><br>14h00\/17h00<br><br><br><br><br><br>(a definir)<br><br><br><\/td><td><strong>Projeto \u00abGera\u00e7\u00f5es cruzadas: conviver \u00e9 aprender<\/strong>\u00bb dos estudantes In\u00eas Pol\u00f3nio, C\u00e1tia Silva, Beatriz Silva, L\u00facia Benedito, Tiago Morais e \u00a0Beatriz Pereira e que envolve a AMITEI (Residencial para Pessoas Idosas) e o Centro Escolar Cova da Iria &#8211; Este projeto ainda se prolonga para o m\u00eas de junho.<br><br><strong>Ateli\u00ea:<\/strong> \u00abDo Nascer ao Morrer, toda a Mexer\u00bb, dinamizado por Miguel Faria, Rita Ant\u00f3nio, Sandra Batista e Tatiana Ramusga<br><strong><strong>Destinat\u00e1rios:<\/strong> <\/strong>Idosos<strong><br><strong>Espa\u00e7o:<\/strong> <\/strong>Academia Cultural e Social da Maceira<br><br><strong>Encerramento do Projeto de Interven\u00e7\u00e3o e Anima\u00e7\u00e3o Art\u00edsticas Maio Criativo 2022<\/strong> <\/td><\/tr><\/tbody><\/table><figcaption class=\"wp-element-caption\">O Projeto de Interven\u00e7\u00e3o e Anima\u00e7\u00e3o Art\u00edsticas est\u00e1 em evolu\u00e7\u00e3o, por isso, o programa sofrer\u00e1 altera\u00e7\u00f5es ao longo do seu desenvolvimento e ir\u00e1 CRESCER!<\/figcaption><\/figure>\n<\/div>\n<\/div>\n\n\n\n<p><\/p>\n","protected":false},"excerpt":{"rendered":"<p>Dia Hora Atividade 2 segunda In\u00edcio do Projeto de Interven\u00e7\u00e3o e Anima\u00e7\u00e3o Art\u00edsticas Maio Criativo 2022Divulga\u00e7\u00e3o do programa. 3ter\u00e7a 10h00\/12h00 Hora do conto com Fabiana Silva e Sara Carvalho Destinat\u00e1rios: crian\u00e7as de todas as idadesEspa\u00e7o: Sala de espera da Consulta Externa da Pediatria do Hospital de Santo Andr\u00e9 4quarta 15h30\/17h30 \u00c0s 14h00 e \u00e0s 18h30 &hellip; <\/p>\n<p class=\"link-more\"><a href=\"https:\/\/sites.ipleiria.pt\/maiocriativo2022\/programa\/\" class=\"more-link\">Continuar a ler <span class=\"screen-reader-text\">&#8220;Programa&#8221;<\/span><\/a><\/p>\n","protected":false},"author":831,"featured_media":0,"parent":0,"menu_order":0,"comment_status":"closed","ping_status":"closed","template":"","meta":{"footnotes":""},"class_list":["post-1493","page","type-page","status-publish","hentry"],"_links":{"self":[{"href":"https:\/\/sites.ipleiria.pt\/maiocriativo2022\/wp-json\/wp\/v2\/pages\/1493","targetHints":{"allow":["GET"]}}],"collection":[{"href":"https:\/\/sites.ipleiria.pt\/maiocriativo2022\/wp-json\/wp\/v2\/pages"}],"about":[{"href":"https:\/\/sites.ipleiria.pt\/maiocriativo2022\/wp-json\/wp\/v2\/types\/page"}],"author":[{"embeddable":true,"href":"https:\/\/sites.ipleiria.pt\/maiocriativo2022\/wp-json\/wp\/v2\/users\/831"}],"replies":[{"embeddable":true,"href":"https:\/\/sites.ipleiria.pt\/maiocriativo2022\/wp-json\/wp\/v2\/comments?post=1493"}],"version-history":[{"count":191,"href":"https:\/\/sites.ipleiria.pt\/maiocriativo2022\/wp-json\/wp\/v2\/pages\/1493\/revisions"}],"predecessor-version":[{"id":2041,"href":"https:\/\/sites.ipleiria.pt\/maiocriativo2022\/wp-json\/wp\/v2\/pages\/1493\/revisions\/2041"}],"wp:attachment":[{"href":"https:\/\/sites.ipleiria.pt\/maiocriativo2022\/wp-json\/wp\/v2\/media?parent=1493"}],"curies":[{"name":"wp","href":"https:\/\/api.w.org\/{rel}","templated":true}]}}