{"id":1495,"date":"2022-04-02T09:02:58","date_gmt":"2022-04-02T09:02:58","guid":{"rendered":"https:\/\/sites.ipleiria.pt\/maiocriativo2022\/?page_id=1495"},"modified":"2022-05-14T15:47:15","modified_gmt":"2022-05-14T15:47:15","slug":"atelies","status":"publish","type":"page","link":"https:\/\/sites.ipleiria.pt\/maiocriativo2022\/atelies\/","title":{"rendered":"Ateli\u00eas e Exposi\u00e7\u00f5es"},"content":{"rendered":"\n<p><strong>Exposi\u00e7\u00e3o<\/strong> de trabalhos de fotografia realizados pelos estudantes do 1.\u00ba ano do MIAA na UC de Laborat\u00f3rio de Fotografia e V\u00eddeo, com orienta\u00e7\u00e3o da Professora Maria Kowalski &#8211; <em>iboard <\/em>do \u00e1trio da ESECS, ao longo do m\u00eas de maio.<\/p>\n\n\n\n<p><strong>Exposi\u00e7\u00e3o<\/strong> de trabalhos de v\u00eddeo realizados pelos estudantes do 1.\u00ba ano do MIAA na UC de Laborat\u00f3rio de Fotografia e V\u00eddeo, com orienta\u00e7\u00e3o da Professora S\u00edlvia Barros Pinto &#8211; <em>iboard <\/em>do \u00e1trio da ESECS, ao longo do m\u00eas de maio.<\/p>\n\n\n\n<p><strong>Exposi\u00e7\u00e3o<\/strong> de trabalhos realizados em atividades manipulativas \/ de experimenta\u00e7\u00e3o e de express\u00e3o\/comunica\u00e7\u00e3o. Desenho, pintura, colagem, estampagens e t\u00e9cnicas mistas s\u00e3o alguns dos meios utilizados nas composi\u00e7\u00f5es visuais realizadas pelos estudantes do 1\u00ba ano do MIAA em experi\u00eancias criativas vividas no Laborat\u00f3rio de Artes Pl\u00e1sticas. A partir de 5 de maio no espa\u00e7o junto \u00e0 Biblioteca da ESECS.<\/p>\n\n\n\n<div class=\"wp-block-group\"><div class=\"wp-block-group__inner-container is-layout-flow wp-block-group-is-layout-flow\">\n<div class=\"wp-block-columns is-layout-flex wp-container-core-columns-is-layout-2 wp-block-columns-is-layout-flex\">\n<div class=\"wp-block-column is-layout-flow wp-block-column-is-layout-flow\">\n<div class=\"wp-block-columns is-layout-flex wp-container-core-columns-is-layout-1 wp-block-columns-is-layout-flex\">\n<div class=\"wp-block-column is-layout-flow wp-block-column-is-layout-flow\">\n<figure class=\"wp-block-image size-large\"><img loading=\"lazy\" decoding=\"async\" width=\"1024\" height=\"768\" src=\"http:\/\/sites.ipleiria.pt\/maiocriativo2022\/files\/2022\/05\/lap-3-1024x768.jpg\" alt=\"\" class=\"wp-image-1684\" srcset=\"https:\/\/sites.ipleiria.pt\/maiocriativo2022\/files\/2022\/05\/lap-3-1024x768.jpg 1024w, https:\/\/sites.ipleiria.pt\/maiocriativo2022\/files\/2022\/05\/lap-3-300x225.jpg 300w, https:\/\/sites.ipleiria.pt\/maiocriativo2022\/files\/2022\/05\/lap-3-768x576.jpg 768w, https:\/\/sites.ipleiria.pt\/maiocriativo2022\/files\/2022\/05\/lap-3-1536x1152.jpg 1536w, https:\/\/sites.ipleiria.pt\/maiocriativo2022\/files\/2022\/05\/lap-3-2048x1536.jpg 2048w\" sizes=\"auto, (max-width: 767px) 89vw, (max-width: 1000px) 54vw, (max-width: 1071px) 543px, 580px\" \/><\/figure>\n<\/div>\n\n\n\n<div class=\"wp-block-column is-layout-flow wp-block-column-is-layout-flow\">\n<figure class=\"wp-block-image size-large\"><img loading=\"lazy\" decoding=\"async\" width=\"1024\" height=\"768\" src=\"http:\/\/sites.ipleiria.pt\/maiocriativo2022\/files\/2022\/05\/IMG_20220210_161522-1024x768.jpg\" alt=\"\" class=\"wp-image-1697\" srcset=\"https:\/\/sites.ipleiria.pt\/maiocriativo2022\/files\/2022\/05\/IMG_20220210_161522-1024x768.jpg 1024w, https:\/\/sites.ipleiria.pt\/maiocriativo2022\/files\/2022\/05\/IMG_20220210_161522-300x225.jpg 300w, https:\/\/sites.ipleiria.pt\/maiocriativo2022\/files\/2022\/05\/IMG_20220210_161522-768x576.jpg 768w, https:\/\/sites.ipleiria.pt\/maiocriativo2022\/files\/2022\/05\/IMG_20220210_161522-1536x1152.jpg 1536w, https:\/\/sites.ipleiria.pt\/maiocriativo2022\/files\/2022\/05\/IMG_20220210_161522-2048x1536.jpg 2048w\" sizes=\"auto, (max-width: 767px) 89vw, (max-width: 1000px) 54vw, (max-width: 1071px) 543px, 580px\" \/><\/figure>\n<\/div>\n<\/div>\n<\/div>\n<\/div>\n<\/div><\/div>\n\n\n\n<div class=\"wp-block-columns is-layout-flex wp-container-core-columns-is-layout-3 wp-block-columns-is-layout-flex\">\n<div class=\"wp-block-column is-layout-flow wp-block-column-is-layout-flow\">\n<figure class=\"wp-block-image size-large\"><img loading=\"lazy\" decoding=\"async\" width=\"1024\" height=\"768\" src=\"http:\/\/sites.ipleiria.pt\/maiocriativo2022\/files\/2022\/05\/lap-4-1024x768.jpg\" alt=\"\" class=\"wp-image-1687\" srcset=\"https:\/\/sites.ipleiria.pt\/maiocriativo2022\/files\/2022\/05\/lap-4-1024x768.jpg 1024w, https:\/\/sites.ipleiria.pt\/maiocriativo2022\/files\/2022\/05\/lap-4-300x225.jpg 300w, https:\/\/sites.ipleiria.pt\/maiocriativo2022\/files\/2022\/05\/lap-4-768x576.jpg 768w, https:\/\/sites.ipleiria.pt\/maiocriativo2022\/files\/2022\/05\/lap-4-1536x1152.jpg 1536w, https:\/\/sites.ipleiria.pt\/maiocriativo2022\/files\/2022\/05\/lap-4-2048x1536.jpg 2048w\" sizes=\"auto, (max-width: 767px) 89vw, (max-width: 1000px) 54vw, (max-width: 1071px) 543px, 580px\" \/><\/figure>\n<\/div>\n\n\n\n<div class=\"wp-block-column is-layout-flow wp-block-column-is-layout-flow\">\n<figure class=\"wp-block-image size-large\"><img loading=\"lazy\" decoding=\"async\" width=\"1024\" height=\"768\" src=\"http:\/\/sites.ipleiria.pt\/maiocriativo2022\/files\/2022\/05\/lap-2-1024x768.jpg\" alt=\"\" class=\"wp-image-1691\" srcset=\"https:\/\/sites.ipleiria.pt\/maiocriativo2022\/files\/2022\/05\/lap-2-1024x768.jpg 1024w, https:\/\/sites.ipleiria.pt\/maiocriativo2022\/files\/2022\/05\/lap-2-300x225.jpg 300w, https:\/\/sites.ipleiria.pt\/maiocriativo2022\/files\/2022\/05\/lap-2-768x576.jpg 768w, https:\/\/sites.ipleiria.pt\/maiocriativo2022\/files\/2022\/05\/lap-2-1536x1152.jpg 1536w, https:\/\/sites.ipleiria.pt\/maiocriativo2022\/files\/2022\/05\/lap-2-2048x1536.jpg 2048w\" sizes=\"auto, (max-width: 767px) 89vw, (max-width: 1000px) 54vw, (max-width: 1071px) 543px, 580px\" \/><\/figure>\n<\/div>\n<\/div>\n\n\n\n<p> <strong>Ateli\u00ea \u00abOlhar com olhos de ver\u00bb<\/strong>, dinamizado por Lara Franco e Sofia Teixeira. Este ateli\u00ea pretende dar voz a mulheres que queiram expressar as suas ideias, inquieta\u00e7\u00f5es e vis\u00f5es sobre o mundo, utilizando a arte como ferramenta. Ser\u00e1 desenvolvido um processo de cria\u00e7\u00e3o ao longo de quatro sess\u00f5es; no final ser\u00e3o apresentados o(s) produto(s) desse processo. <\/p>\n\n\n\n<figure class=\"wp-block-image size-medium is-resized\"><img loading=\"lazy\" decoding=\"async\" src=\"https:\/\/sites.ipleiria.pt\/maiocriativo2022\/files\/2022\/04\/Olhar-com-olhos-de-ver_versao-2-212x300.jpg\" alt=\"\" class=\"wp-image-1600\" width=\"304\" height=\"430\" srcset=\"https:\/\/sites.ipleiria.pt\/maiocriativo2022\/files\/2022\/04\/Olhar-com-olhos-de-ver_versao-2-212x300.jpg 212w, https:\/\/sites.ipleiria.pt\/maiocriativo2022\/files\/2022\/04\/Olhar-com-olhos-de-ver_versao-2-724x1024.jpg 724w, https:\/\/sites.ipleiria.pt\/maiocriativo2022\/files\/2022\/04\/Olhar-com-olhos-de-ver_versao-2-768x1086.jpg 768w, https:\/\/sites.ipleiria.pt\/maiocriativo2022\/files\/2022\/04\/Olhar-com-olhos-de-ver_versao-2-1086x1536.jpg 1086w, https:\/\/sites.ipleiria.pt\/maiocriativo2022\/files\/2022\/04\/Olhar-com-olhos-de-ver_versao-2-1448x2048.jpg 1448w, https:\/\/sites.ipleiria.pt\/maiocriativo2022\/files\/2022\/04\/Olhar-com-olhos-de-ver_versao-2-scaled.jpg 1810w\" sizes=\"auto, (max-width: 304px) 100vw, 304px\" \/><\/figure>\n\n\n\n<p><strong>A\u00e7\u00e3o de Curta Dura\u00e7\u00e3o para Professores<\/strong> \u00ab<strong>O corpo que dan\u00e7a: pensar a interdisciplinaridade atrav\u00e9s do projeto Clean Water Act<\/strong>\u00bb, dinamizada por Joana Melo. Esta ACD tem como objetivos: Reconhecer o corpo como meio de express\u00e3o e comunica\u00e7\u00e3o; Experienciar a rela\u00e7\u00e3o com o outro, com o espa\u00e7o e com a m\u00fasica atrav\u00e9s de jogos r\u00edtmicos, vocais e coreogr\u00e1ficos; Refletir acerca das possibilidades de interdisciplinaridade no processo ensino-aprendizagem, utilizando o corpo;&nbsp;Conhecer o projeto Clear Water Act, da core\u00f3grafa Jenny O Jacobsson, desenvolvido na Escola EBS da Bemposta. Para professores dos Grupos 100, 110, 200, 210, 220, 240,250,260,300,400,420 e 620.<\/p>\n\n\n\n<p><\/p>\n\n\n\n<p><strong>Ateli\u00ea \u00abLos m\u00faltiples lenguajes de las palabras<\/strong>&#8230;<strong>\u00bb<\/strong>, dinamizado por Eva Navarro Martinez. As m\u00faltiplas linguagens das palavras: sinestesia como recurso art\u00edstico para olhar a realidade e expressar as emo\u00e7\u00f5es. Oficina criativa a partir de la leitura de um poema de Rimbaud.<\/p>\n\n\n\n<p><\/p>\n\n\n\n<p><strong>Ateli\u00ea \u00abCircar\u00bb<\/strong>, dinamizado por Marcelo Marques. Neste ateli\u00ea abordam-se os conte\u00fados te\u00f3ricos espec\u00edficos das linguagens art\u00edsticas do circo  e aperfei\u00e7oam-se habilidades motoras. Conhecer e ter dom\u00ednio de t\u00e9cnicas e materiais permite aos participantes criar,  articulando perce\u00e7\u00e3o, imagina\u00e7\u00e3o e conhecimento, sendo uma ferramenta essencial para desenvolver a autoconfian\u00e7a, compet\u00eancias motoras e sensibilidade est\u00e9tica.<\/p>\n\n\n\n<p><strong>Workshop de Teatro \u00abComunica-te\u00bb<\/strong>, dinamizado por Artur Rosa e Maria Botas Ramalho. Os participantes ser\u00e3o envolvidos em alguns jogos que estimulam a comunica\u00e7\u00e3o e as rela\u00e7\u00f5es interpessoais (<strong><a href=\"https:\/\/forms.gle\/HX3epFZHcxic4fgg8\"><mark class=\"has-inline-color has-vivid-cyan-blue-color\">inscri\u00e7\u00f5es<\/mark><\/a><\/strong>)<\/p>\n\n\n\n<figure class=\"wp-block-image size-full is-resized\"><img loading=\"lazy\" decoding=\"async\" src=\"https:\/\/sites.ipleiria.pt\/maiocriativo2022\/files\/2022\/05\/Comunica-te-1.jpg\" alt=\"\" class=\"wp-image-1796\" width=\"307\" height=\"429\" srcset=\"https:\/\/sites.ipleiria.pt\/maiocriativo2022\/files\/2022\/05\/Comunica-te-1.jpg 1149w, https:\/\/sites.ipleiria.pt\/maiocriativo2022\/files\/2022\/05\/Comunica-te-1-214x300.jpg 214w, https:\/\/sites.ipleiria.pt\/maiocriativo2022\/files\/2022\/05\/Comunica-te-1-731x1024.jpg 731w, https:\/\/sites.ipleiria.pt\/maiocriativo2022\/files\/2022\/05\/Comunica-te-1-768x1075.jpg 768w, https:\/\/sites.ipleiria.pt\/maiocriativo2022\/files\/2022\/05\/Comunica-te-1-1097x1536.jpg 1097w\" sizes=\"auto, (max-width: 307px) 100vw, 307px\" \/><\/figure>\n\n\n\n<p><strong>Ateli\u00ea \u00abVamos dan\u00e7ar a vida\u00bb<\/strong>, dinamizado por Elsa Antunes. As Dan\u00e7as Circulares Sagradas t\u00eam origem na Comunidade de Findhorn (Esc\u00f3cia) em 1976, com o core\u00f3grafo alem\u00e3o Bernhard Wosien, que havia percorrido o mundo recolhendo e resgatando as dan\u00e7as de diferentes povos. As dan\u00e7as s\u00e3o circulares pois dan\u00e7amos em c\u00edrculo e, normalmente, de m\u00e3os dadas. As dan\u00e7as circulares s\u00e3o sagradas por possibilitarem a autorreflex\u00e3o e o contacto consigo mesmo. As Dan\u00e7as Circulares Sagradas s\u00e3o uma terapia que proporciona bem-estar. S\u00e3o uma medita\u00e7\u00e3o ativa para reequilibrar emo\u00e7\u00f5es e pensamentos atrav\u00e9s do movimento da dan\u00e7a. S\u00e3o um convite ao<br>autoconhecimento, de uma forma, simultaneamente, l\u00fadica e curativa, estimulando o contacto consigo pr\u00f3prio e com o grupo. <\/p>\n\n\n\n<p><\/p>\n\n\n\n<p><strong>Hora do Conto <\/strong>(Pediatria do Hospital de Santo Andr\u00e9), dinamizada por Sara Carvalho e Fabiana Silva. A Hora do Conto decorrer\u00e1 na sala de espera da pediatria. Leitura de hist\u00f3rias, com a utiliza\u00e7\u00e3o de fantoches, din\u00e2micas e atividades, para tornar o tempo de espera mais divertido e interativo. Durante as interven\u00e7\u00f5es ser\u00e3o utilizados diversos livros, sendo eles \u201cVamos \u00e0 Ca\u00e7a do Urso\u201d Michael Rosen; \u201cO anivers\u00e1rio da Bruxinha Kikas\u201d de Z\u00e9 Milheiro; \u201cSurpresa os monstros\u201d de Templar Company; entre outros.<\/p>\n\n\n\n<p><strong>Ateli\u00ea \u00abPint&#8217;elas, happening de criatividade<\/strong>\u00bb, com Maria Botas Ramalho e N\u00e1dia Fraz\u00e3o<\/p>\n\n\n\n<figure class=\"wp-block-image size-large is-resized\"><img loading=\"lazy\" decoding=\"async\" src=\"https:\/\/sites.ipleiria.pt\/maiocriativo2022\/files\/2022\/05\/PINTELAS-724x1024.jpg\" alt=\"\" class=\"wp-image-1894\" width=\"312\" height=\"441\" srcset=\"https:\/\/sites.ipleiria.pt\/maiocriativo2022\/files\/2022\/05\/PINTELAS-724x1024.jpg 724w, https:\/\/sites.ipleiria.pt\/maiocriativo2022\/files\/2022\/05\/PINTELAS-212x300.jpg 212w, https:\/\/sites.ipleiria.pt\/maiocriativo2022\/files\/2022\/05\/PINTELAS-768x1086.jpg 768w, https:\/\/sites.ipleiria.pt\/maiocriativo2022\/files\/2022\/05\/PINTELAS-1086x1536.jpg 1086w, https:\/\/sites.ipleiria.pt\/maiocriativo2022\/files\/2022\/05\/PINTELAS-1448x2048.jpg 1448w, https:\/\/sites.ipleiria.pt\/maiocriativo2022\/files\/2022\/05\/PINTELAS.jpg 1587w\" sizes=\"auto, (max-width: 312px) 100vw, 312px\" \/><\/figure>\n\n\n\n<p><strong>Interven\u00e7\u00e3o<\/strong> \u00ab<strong>InterAge Musicalmente\u00bb <\/strong>(Hospital de Santo Andr\u00e9), dinamizada por Mariana Lopes, Maria Valencia, Sara Carvalho e Fabiana Silva. Esta atividade consiste em intervir musicalmente ao som de alguns instrumentos de sopro no percorrer dos corredores do hospital, salas de espera e at\u00e9 elevadores do mesmo, promovendo o bem-estar, a tranquilidade e serenidade, dinamizando o ambiente e envolvendo os utilizadores dos diferentes espa\u00e7os.<\/p>\n\n\n\n<p><\/p>\n\n\n\n<p><strong><strong>Performance de dan\u00e7a<\/strong> \u00abIntui\u00e7\u00e3o\u00bb  <\/strong>(Hospital de Santo Andr\u00e9), da autoria de Ana Ermida e Maria Val\u00eancia. A performance de dan\u00e7a ocorrer\u00e1 em v\u00e1rias zonas do Hospital de Santo Andr\u00e9, estabelecendo intera\u00e7\u00e3o com os utilizadores dos espa\u00e7os.<\/p>\n\n\n\n<p><\/p>\n\n\n\n<p><strong>Interven\u00e7\u00e3o \u00abConhecer-te\u00bb <\/strong>(Hospital de Santo Andr\u00e9), dinamizada por Miguel Faria, Rita Ant\u00f3nio, Sandra Batista, Tatiana Ramusga, estudantes do 2.\u00ba ano de Educa\u00e7\u00e3o Social). Esta atividade \u00e9 um \u00abquebra-gelo\u00bb com os utentes e que proporcionar\u00e1 uma maior \u00e0 vontade entre todos os envolvidos.<\/p>\n\n\n\n<p><\/p>\n\n\n\n<p><strong>Interven\u00e7\u00e3o \u00abPorta s(im)Porta\u00bb | Anima\u00e7\u00e3o Itinerante\u00bb<\/strong> (Hospital de Santo Andr\u00e9), dinamizada por Artur Rosa e Ana Ermida. Apresenta\u00e7\u00e3o de pequenos excertos teatrais \/ jogos dram\u00e1ticos, com muito humor e intera\u00e7\u00e3o constante com o p\u00fablico.<\/p>\n\n\n\n<p><strong>Confer\u00eancia \/ Espet\u00e1culo \u00abO Fio da Linha do Horizonte\u00bb<\/strong> com Te-ato Grupo Teatro de Leiria e Ana Paula Proen\u00e7a. Este espet\u00e1culo \u00e9 o contar de uma hist\u00f3ria atrav\u00e9s de uma s\u00f3 personagem. Foi proposto pelos estudantes dos cursos de Mestrado profissionalizantes poderem fruir de assistir a um espet\u00e1culo de teatro para a Inf\u00e2ncia. Atrav\u00e9s desta rela\u00e7\u00e3o liter\u00e1ria os estudantes poder\u00e3o vivenciar um forma de abordagem diferente \u00e0 forma de contar hist\u00f3rias atrav\u00e9s da linguagem teatral. <\/p>\n\n\n\n<figure class=\"wp-block-image size-full is-resized\"><img loading=\"lazy\" decoding=\"async\" src=\"https:\/\/sites.ipleiria.pt\/maiocriativo2022\/files\/2022\/05\/te-ato.png\" alt=\"\" class=\"wp-image-1888\" width=\"556\" height=\"364\" srcset=\"https:\/\/sites.ipleiria.pt\/maiocriativo2022\/files\/2022\/05\/te-ato.png 784w, https:\/\/sites.ipleiria.pt\/maiocriativo2022\/files\/2022\/05\/te-ato-300x197.png 300w, https:\/\/sites.ipleiria.pt\/maiocriativo2022\/files\/2022\/05\/te-ato-768x504.png 768w\" sizes=\"auto, (max-width: 556px) 100vw, 556px\" \/><\/figure>\n\n\n\n<p><\/p>\n\n\n\n<p><strong>Concerto ESECS Orquestra<\/strong><\/p>\n\n\n\n<figure class=\"wp-block-image size-large is-resized\"><img loading=\"lazy\" decoding=\"async\" src=\"https:\/\/sites.ipleiria.pt\/maiocriativo2022\/files\/2022\/05\/2022_Orquestra_ESECS_Instagram-face-1024x1024.png\" alt=\"\" class=\"wp-image-1902\" width=\"552\" height=\"552\" srcset=\"https:\/\/sites.ipleiria.pt\/maiocriativo2022\/files\/2022\/05\/2022_Orquestra_ESECS_Instagram-face-1024x1024.png 1024w, https:\/\/sites.ipleiria.pt\/maiocriativo2022\/files\/2022\/05\/2022_Orquestra_ESECS_Instagram-face-300x300.png 300w, https:\/\/sites.ipleiria.pt\/maiocriativo2022\/files\/2022\/05\/2022_Orquestra_ESECS_Instagram-face-150x150.png 150w, https:\/\/sites.ipleiria.pt\/maiocriativo2022\/files\/2022\/05\/2022_Orquestra_ESECS_Instagram-face-768x768.png 768w, https:\/\/sites.ipleiria.pt\/maiocriativo2022\/files\/2022\/05\/2022_Orquestra_ESECS_Instagram-face-1536x1536.png 1536w, https:\/\/sites.ipleiria.pt\/maiocriativo2022\/files\/2022\/05\/2022_Orquestra_ESECS_Instagram-face-2048x2048.png 2048w, https:\/\/sites.ipleiria.pt\/maiocriativo2022\/files\/2022\/05\/2022_Orquestra_ESECS_Instagram-face-100x100.png 100w\" sizes=\"auto, (max-width: 552px) 100vw, 552px\" \/><\/figure>\n","protected":false},"excerpt":{"rendered":"<p>Exposi\u00e7\u00e3o de trabalhos de fotografia realizados pelos estudantes do 1.\u00ba ano do MIAA na UC de Laborat\u00f3rio de Fotografia e V\u00eddeo, com orienta\u00e7\u00e3o da Professora Maria Kowalski &#8211; iboard do \u00e1trio da ESECS, ao longo do m\u00eas de maio. Exposi\u00e7\u00e3o de trabalhos de v\u00eddeo realizados pelos estudantes do 1.\u00ba ano do MIAA na UC de &hellip; <\/p>\n<p class=\"link-more\"><a href=\"https:\/\/sites.ipleiria.pt\/maiocriativo2022\/atelies\/\" class=\"more-link\">Continuar a ler <span class=\"screen-reader-text\">&#8220;Ateli\u00eas e Exposi\u00e7\u00f5es&#8221;<\/span><\/a><\/p>\n","protected":false},"author":831,"featured_media":0,"parent":0,"menu_order":0,"comment_status":"closed","ping_status":"closed","template":"","meta":{"footnotes":""},"class_list":["post-1495","page","type-page","status-publish","hentry"],"_links":{"self":[{"href":"https:\/\/sites.ipleiria.pt\/maiocriativo2022\/wp-json\/wp\/v2\/pages\/1495","targetHints":{"allow":["GET"]}}],"collection":[{"href":"https:\/\/sites.ipleiria.pt\/maiocriativo2022\/wp-json\/wp\/v2\/pages"}],"about":[{"href":"https:\/\/sites.ipleiria.pt\/maiocriativo2022\/wp-json\/wp\/v2\/types\/page"}],"author":[{"embeddable":true,"href":"https:\/\/sites.ipleiria.pt\/maiocriativo2022\/wp-json\/wp\/v2\/users\/831"}],"replies":[{"embeddable":true,"href":"https:\/\/sites.ipleiria.pt\/maiocriativo2022\/wp-json\/wp\/v2\/comments?post=1495"}],"version-history":[{"count":45,"href":"https:\/\/sites.ipleiria.pt\/maiocriativo2022\/wp-json\/wp\/v2\/pages\/1495\/revisions"}],"predecessor-version":[{"id":1903,"href":"https:\/\/sites.ipleiria.pt\/maiocriativo2022\/wp-json\/wp\/v2\/pages\/1495\/revisions\/1903"}],"wp:attachment":[{"href":"https:\/\/sites.ipleiria.pt\/maiocriativo2022\/wp-json\/wp\/v2\/media?parent=1495"}],"curies":[{"name":"wp","href":"https:\/\/api.w.org\/{rel}","templated":true}]}}