{"id":1503,"date":"2022-04-02T09:05:01","date_gmt":"2022-04-02T09:05:01","guid":{"rendered":"https:\/\/sites.ipleiria.pt\/maiocriativo2022\/?page_id=1503"},"modified":"2022-06-06T08:07:26","modified_gmt":"2022-06-06T08:07:26","slug":"organizacao-e-contactos","status":"publish","type":"page","link":"https:\/\/sites.ipleiria.pt\/maiocriativo2022\/organizacao-e-contactos\/","title":{"rendered":"Organiza\u00e7\u00e3o e Contactos"},"content":{"rendered":"\n<p><strong>Comiss\u00e3o Organizadora<\/strong><\/p>\n\n\n\n<ul class=\"wp-block-list\"><li>Comiss\u00e3o Cient\u00edfica do Mestrado em Interven\u00e7\u00e3o e Anima\u00e7\u00e3o Art\u00edsticas (MIAA): L\u00facia Magueta; Jenny Sousa; Sandrina Milhano<\/li><li>Professores intervenientes no Projeto IAA Maio Criativo 2022: Jos\u00e9 Vicente, Filipa Rodrigues, Ana Carreira, Paulo Sanches, Clara Le\u00e3o, William Cant\u00fa, S\u00edlvia Barros Pinto, Maria Kowalski, Leonel Brites e Eva Navarro Martinez (Universidade de Valladolid, Espanha)<\/li><li>Estudantes do 1.\u00ba ano do MIAA: Ana Catarina Abreu; Ana Ermida; Ana Arqueiro; Artur Rosa; Beatriz Pedroso; Cl\u00e1udia Murta; D\u00e9bora Madeira; Elsa Antunes; Fabiana Silva; Joana Melo; M\u00e1rcia Pires; Maria Botas Ramalho; Maria Fernanda Valencia; Mariana Lopes; Mateus Teves; N\u00e1dia Matias; Sara Carvalho, Tatiana Oliveira<\/li><li>Estudantes do 2.\u00ba ano do MIAA intervenientes nesta edi\u00e7\u00e3o: Lara Franco; Marcelo Marques; Sofia Teixeira<\/li><li>Estudantes do 2.\u00ba ano do curso de Educa\u00e7\u00e3o Social<\/li><\/ul>\n\n\n\n<p style=\"line-height:0.5\"><\/p>\n\n\n\n<p><strong>Colaboradores na Organiza\u00e7\u00e3o<\/strong><\/p>\n\n\n\n<p style=\"line-height:0.5\">Adelaide Ferreira (GRPCI da ESECS)<\/p>\n\n\n\n<p>Ana Fontes (ESECS)<\/p>\n\n\n\n<p>Ana Paula Proen\u00e7a (ESECS)<\/p>\n\n\n\n<p style=\"line-height:0.5\">L\u00facia Lopes (AE Marinha Grande Nascente)<\/p>\n\n\n\n<p style=\"line-height:0.5\">Sara Peseiro (autora do log\u00f3tipo)<\/p>\n\n\n\n<p>Comiss\u00e3o de Humaniza\u00e7\u00e3o do Centro Hospitalar de Leiria<\/p>\n\n\n\n<p><strong>Contactos<\/strong><\/p>\n\n\n\n<p>L\u00facia Magueta&nbsp;\u2013 lucia.magueta@ipleiria.pt<\/p>\n\n\n\n<p>Jenny Sousa&nbsp;\u2013 jenny.sousa@ipleiria.pt<\/p>\n\n\n\n<p>Sandrina Milhano&nbsp;\u2013 sandrina.milhano@ipleiria.pt<\/p>\n\n\n\n<p><strong>Escola Superior de Educa\u00e7\u00e3o e Ci\u00eancias Sociais (Leiria)<\/strong><br>Campus 1 \u2014 Instituto Polit\u00e9cnico de Leiria<br>Rua Dr. Jo\u00e3o Soares<br>Apartado 4045<br>2411-901 Leiria \u2013 Portugal<br>Tel: (+351) 244 829400 \u2022 Fax:(+351) 244 829499<br>E-mail:&nbsp;<a href=\"mailto:esecs@ipleiria.pt\">esecs@ipleiria.pt<\/a><\/p>\n","protected":false},"excerpt":{"rendered":"<p>Comiss\u00e3o Organizadora Comiss\u00e3o Cient\u00edfica do Mestrado em Interven\u00e7\u00e3o e Anima\u00e7\u00e3o Art\u00edsticas (MIAA): L\u00facia Magueta; Jenny Sousa; Sandrina Milhano Professores intervenientes no Projeto IAA Maio Criativo 2022: Jos\u00e9 Vicente, Filipa Rodrigues, Ana Carreira, Paulo Sanches, Clara Le\u00e3o, William Cant\u00fa, S\u00edlvia Barros Pinto, Maria Kowalski, Leonel Brites e Eva Navarro Martinez (Universidade de Valladolid, Espanha) Estudantes do &hellip; <\/p>\n<p class=\"link-more\"><a href=\"https:\/\/sites.ipleiria.pt\/maiocriativo2022\/organizacao-e-contactos\/\" class=\"more-link\">Continuar a ler <span class=\"screen-reader-text\">&#8220;Organiza\u00e7\u00e3o e Contactos&#8221;<\/span><\/a><\/p>\n","protected":false},"author":831,"featured_media":0,"parent":0,"menu_order":0,"comment_status":"closed","ping_status":"closed","template":"","meta":{"footnotes":""},"class_list":["post-1503","page","type-page","status-publish","hentry"],"_links":{"self":[{"href":"https:\/\/sites.ipleiria.pt\/maiocriativo2022\/wp-json\/wp\/v2\/pages\/1503","targetHints":{"allow":["GET"]}}],"collection":[{"href":"https:\/\/sites.ipleiria.pt\/maiocriativo2022\/wp-json\/wp\/v2\/pages"}],"about":[{"href":"https:\/\/sites.ipleiria.pt\/maiocriativo2022\/wp-json\/wp\/v2\/types\/page"}],"author":[{"embeddable":true,"href":"https:\/\/sites.ipleiria.pt\/maiocriativo2022\/wp-json\/wp\/v2\/users\/831"}],"replies":[{"embeddable":true,"href":"https:\/\/sites.ipleiria.pt\/maiocriativo2022\/wp-json\/wp\/v2\/comments?post=1503"}],"version-history":[{"count":10,"href":"https:\/\/sites.ipleiria.pt\/maiocriativo2022\/wp-json\/wp\/v2\/pages\/1503\/revisions"}],"predecessor-version":[{"id":2029,"href":"https:\/\/sites.ipleiria.pt\/maiocriativo2022\/wp-json\/wp\/v2\/pages\/1503\/revisions\/2029"}],"wp:attachment":[{"href":"https:\/\/sites.ipleiria.pt\/maiocriativo2022\/wp-json\/wp\/v2\/media?parent=1503"}],"curies":[{"name":"wp","href":"https:\/\/api.w.org\/{rel}","templated":true}]}}