{"id":1490,"date":"2022-04-02T08:52:20","date_gmt":"2022-04-02T08:52:20","guid":{"rendered":"https:\/\/sites.ipleiria.pt\/maiocriativo2022\/?page_id=1490"},"modified":"2023-05-01T15:52:05","modified_gmt":"2023-05-01T15:52:05","slug":"apresentacao","status":"publish","type":"page","link":"https:\/\/sites.ipleiria.pt\/maiocriativo2023\/","title":{"rendered":"O que \u00e9 o \u00abMaio Criativo\u00bb?"},"content":{"rendered":"\n<div class=\"wp-block-columns is-layout-flex wp-container-core-columns-is-layout-1 wp-block-columns-is-layout-flex\">\n<div class=\"wp-block-column is-layout-flow wp-block-column-is-layout-flow\" style=\"flex-basis:66.66%\">\n<p>O Projeto de Interven\u00e7\u00e3o e Anima\u00e7\u00e3o Art\u00edsticas Maio Criativo concretiza a sua quinta edi\u00e7\u00e3o em 2023 e \u00e9 uma iniciativa dos estudantes, dos professores e da Comiss\u00e3o Cient\u00edfica do Curso de Mestrado em Interven\u00e7\u00e3o e Anima\u00e7\u00e3o Art\u00edsticas da Escola Superior de Educa\u00e7\u00e3o e Ci\u00eancias Sociais do Polit\u00e9cnico de Leiria. <\/p>\n\n\n\n<p>Assume-se como um projeto de inova\u00e7\u00e3o pedag\u00f3gica que possibilita a viv\u00eancia de experi\u00eancias pr\u00e1ticas de interven\u00e7\u00e3o, tendo as linguagens art\u00edsticas como ferramentas. Para tal, visa proporcionar experi\u00eancias art\u00edsticas a estudantes da ESECS e a outros intervenientes e refletir sobre a sua import\u00e2ncia e transferibilidade para os espa\u00e7os de interven\u00e7\u00e3o educativa, social e cultural.<\/p>\n\n\n\n<p>Esta edi\u00e7\u00e3o tem os seguintes objetivos:<\/p>\n\n\n\n<p>&#8211; Promover experi\u00eancias art\u00edsticas em diferentes espa\u00e7os da comunidade; <\/p>\n\n\n\n<p>&#8211; Promover a partilha de conhecimento te\u00f3rico e pr\u00e1tico sobre interven\u00e7\u00e3o e anima\u00e7\u00e3o art\u00edsticas; <\/p>\n\n\n\n<p>&#8211; Divulgar trabalhos de express\u00e3o art\u00edstica realizados por estudantes da ESECS que tenham forma\u00e7\u00e3o art\u00edstica nos seus planos de estudos.<\/p>\n\n\n\n<p>A programa\u00e7\u00e3o do Maio Criativo 2023 inclui:  <\/p>\n\n\n\n<ul class=\"wp-block-list\"><li>Ateli\u00eas &#8211; m\u00fasica, dan\u00e7a, fotografia, express\u00e3o pl\u00e1stica, teatro e express\u00f5es integradas; <\/li><li>Semin\u00e1rios \/ jornadas;<\/li><li>Aulas abertas (presenciais e <em>online<\/em>);  <\/li><li>Concertos; <\/li><li>Lan\u00e7amento de livros;  <\/li><li>Exposi\u00e7\u00f5es<\/li><\/ul>\n<\/div>\n\n\n\n<div class=\"wp-block-column is-layout-flow wp-block-column-is-layout-flow\" style=\"flex-basis:33.33%\">\n<p> <strong>Organiza\u00e7\u00e3o:  <\/strong><\/p>\n\n\n\n<div class=\"wp-block-image\"><figure class=\"alignleft size-large is-resized\"><a href=\"https:\/\/www.facebook.com\/MIAAESECS\"><img loading=\"lazy\" decoding=\"async\" src=\"https:\/\/sites.ipleiria.pt\/maiocriativo2021\/files\/2021\/04\/MIAA-COLOR.jpg\" alt=\"\" class=\"wp-image-55\" width=\"237\" height=\"150\" \/><\/a><\/figure><\/div>\n\n\n\n<p><strong>  <\/strong>  <\/p>\n\n\n\n<figure class=\"wp-block-image size-large is-resized\"><img loading=\"lazy\" decoding=\"async\" src=\"https:\/\/sites.ipleiria.pt\/maiocriativo2021\/files\/2021\/04\/esecs_h-01-1.png\" alt=\"\" class=\"wp-image-57\" width=\"237\" height=\"44\" \/><\/figure>\n\n\n\n<p><strong>Colabora\u00e7\u00e3o:<\/strong><\/p>\n\n\n\n<figure class=\"wp-block-image size-large is-resized\"><img loading=\"lazy\" decoding=\"async\" src=\"https:\/\/sites.ipleiria.pt\/maiocriativo2021\/files\/2021\/04\/cropped-cidei_H60.png\" alt=\"\" class=\"wp-image-112\" width=\"172\" height=\"59\" \/><\/figure>\n\n\n\n<figure class=\"wp-block-image size-large is-resized\"><img loading=\"lazy\" decoding=\"async\" src=\"https:\/\/sites.ipleiria.pt\/maiocriativo2021\/files\/2021\/04\/jj.png\" alt=\"\" class=\"wp-image-162\" width=\"218\" height=\"98\" \/><\/figure>\n\n\n\n<figure class=\"wp-block-image size-large is-resized\"><img loading=\"lazy\" decoding=\"async\" src=\"https:\/\/sites.ipleiria.pt\/maiocriativo2023\/files\/2023\/04\/PNA-4-1-991x1024.png\" alt=\"\" class=\"wp-image-2243\" width=\"186\" height=\"192\" srcset=\"https:\/\/sites.ipleiria.pt\/maiocriativo2023\/files\/2023\/04\/PNA-4-1-991x1024.png 991w, https:\/\/sites.ipleiria.pt\/maiocriativo2023\/files\/2023\/04\/PNA-4-1-290x300.png 290w, https:\/\/sites.ipleiria.pt\/maiocriativo2023\/files\/2023\/04\/PNA-4-1-768x794.png 768w, https:\/\/sites.ipleiria.pt\/maiocriativo2023\/files\/2023\/04\/PNA-4-1.png 1045w\" sizes=\"auto, (max-width: 186px) 100vw, 186px\" \/><\/figure>\n\n\n\n<figure class=\"wp-block-image size-large is-resized\"><img loading=\"lazy\" decoding=\"async\" src=\"https:\/\/sites.ipleiria.pt\/maiocriativo2023\/files\/2023\/04\/logo-inst_Atlas-pos_vm01-874x1024.jpg\" alt=\"\" class=\"wp-image-2245\" width=\"159\" height=\"186\" srcset=\"https:\/\/sites.ipleiria.pt\/maiocriativo2023\/files\/2023\/04\/logo-inst_Atlas-pos_vm01-874x1024.jpg 874w, https:\/\/sites.ipleiria.pt\/maiocriativo2023\/files\/2023\/04\/logo-inst_Atlas-pos_vm01-256x300.jpg 256w, https:\/\/sites.ipleiria.pt\/maiocriativo2023\/files\/2023\/04\/logo-inst_Atlas-pos_vm01-768x900.jpg 768w, https:\/\/sites.ipleiria.pt\/maiocriativo2023\/files\/2023\/04\/logo-inst_Atlas-pos_vm01-1310x1536.jpg 1310w, https:\/\/sites.ipleiria.pt\/maiocriativo2023\/files\/2023\/04\/logo-inst_Atlas-pos_vm01.jpg 1422w\" sizes=\"auto, (max-width: 159px) 100vw, 159px\" \/><\/figure>\n<\/div>\n<\/div>\n\n\n\n<p style=\"font-size:16px\"><a rel=\"noreferrer noopener\" href=\"https:\/\/sites.ipleiria.pt\/maiocriativo\/\" target=\"_blank\">Conhe\u00e7a as edi\u00e7\u00f5es de 2018, 2019<\/a>, <a href=\"https:\/\/sites.ipleiria.pt\/maiocriativo2021\/\">2021<\/a> e <a href=\"https:\/\/sites.ipleiria.pt\/maiocriativo2022\/\">2022<\/a><br><strong>Maio ser\u00e1 (outra vez) Criativo!!!<\/strong><\/p>\n","protected":false},"excerpt":{"rendered":"<p>O Projeto de Interven\u00e7\u00e3o e Anima\u00e7\u00e3o Art\u00edsticas Maio Criativo concretiza a sua quinta edi\u00e7\u00e3o em 2023 e \u00e9 uma iniciativa dos estudantes, dos professores e da Comiss\u00e3o Cient\u00edfica do Curso de Mestrado em Interven\u00e7\u00e3o e Anima\u00e7\u00e3o Art\u00edsticas da Escola Superior de Educa\u00e7\u00e3o e Ci\u00eancias Sociais do Polit\u00e9cnico de Leiria. Assume-se como um projeto de inova\u00e7\u00e3o &hellip; <\/p>\n<p class=\"link-more\"><a href=\"https:\/\/sites.ipleiria.pt\/maiocriativo2023\/\" class=\"more-link\">Continuar a ler <span class=\"screen-reader-text\">&#8220;O que \u00e9 o \u00abMaio Criativo\u00bb?&#8221;<\/span><\/a><\/p>\n","protected":false},"author":102,"featured_media":0,"parent":0,"menu_order":1,"comment_status":"closed","ping_status":"closed","template":"","meta":{"footnotes":""},"class_list":["post-1490","page","type-page","status-publish","hentry"],"_links":{"self":[{"href":"https:\/\/sites.ipleiria.pt\/maiocriativo2023\/wp-json\/wp\/v2\/pages\/1490","targetHints":{"allow":["GET"]}}],"collection":[{"href":"https:\/\/sites.ipleiria.pt\/maiocriativo2023\/wp-json\/wp\/v2\/pages"}],"about":[{"href":"https:\/\/sites.ipleiria.pt\/maiocriativo2023\/wp-json\/wp\/v2\/types\/page"}],"author":[{"embeddable":true,"href":"https:\/\/sites.ipleiria.pt\/maiocriativo2023\/wp-json\/wp\/v2\/users\/102"}],"replies":[{"embeddable":true,"href":"https:\/\/sites.ipleiria.pt\/maiocriativo2023\/wp-json\/wp\/v2\/comments?post=1490"}],"version-history":[{"count":11,"href":"https:\/\/sites.ipleiria.pt\/maiocriativo2023\/wp-json\/wp\/v2\/pages\/1490\/revisions"}],"predecessor-version":[{"id":2257,"href":"https:\/\/sites.ipleiria.pt\/maiocriativo2023\/wp-json\/wp\/v2\/pages\/1490\/revisions\/2257"}],"wp:attachment":[{"href":"https:\/\/sites.ipleiria.pt\/maiocriativo2023\/wp-json\/wp\/v2\/media?parent=1490"}],"curies":[{"name":"wp","href":"https:\/\/api.w.org\/{rel}","templated":true}]}}