{"id":1493,"date":"2022-04-02T08:53:32","date_gmt":"2022-04-02T08:53:32","guid":{"rendered":"https:\/\/sites.ipleiria.pt\/maiocriativo2022\/?page_id=1493"},"modified":"2023-06-03T18:35:07","modified_gmt":"2023-06-03T18:35:07","slug":"programa","status":"publish","type":"page","link":"https:\/\/sites.ipleiria.pt\/maiocriativo2023\/programa\/","title":{"rendered":"Programa"},"content":{"rendered":"\n<div class=\"wp-block-columns is-layout-flex wp-container-core-columns-is-layout-1 wp-block-columns-is-layout-flex\">\n<div class=\"wp-block-column is-layout-flow wp-block-column-is-layout-flow\" style=\"flex-basis:100%\">\n<figure class=\"wp-block-table is-style-regular\"><table><thead><tr><th>Dia<\/th><th>Hora <\/th><th>Atividade<\/th><\/tr><\/thead><tbody><tr><td><strong>20 abril<\/strong><br>quinta<\/td><td>10h30<br>Audit\u00f3rio 1<br>Espa\u00e7os de exposi\u00e7\u00f5es da ESECS<\/td><td><strong>In\u00edcio do Projeto de Interven\u00e7\u00e3o e Anima\u00e7\u00e3o Art\u00edsticas Maio Criativo 2023<\/strong><br>Inaugura\u00e7\u00e3o da Exposi\u00e7\u00e3o &nbsp;\u00abArquimedes da Silva Santos, onde vai minha voz?\u00bb<\/td><\/tr><tr><td><strong>2 <\/strong><br>ter\u00e7a<\/td><td><br><\/td><td><\/td><\/tr><tr><td><strong>3<\/strong><br>quarta<\/td><td>9h00\/ 12h00<\/td><td><strong>Evento:<\/strong> Express\u00e3o emocional &#8211; a mem\u00f3ria das emo\u00e7\u00f5es e as emo\u00e7\u00f5es e eu<br><strong>Destinat\u00e1rios: <\/strong>Crian\u00e7as<br><strong>Dinamiza\u00e7\u00e3o:<\/strong> Marta Navas, Gustavo Rodriguez e Anna Greoles<br><strong>Local:<\/strong> Jardim Escola Jo\u00e3o de Deus<\/td><\/tr><tr><td><strong>4<\/strong><br>quinta<\/td><td>9h00\/ 12h00<\/td><td><strong>Evento:<\/strong> Express\u00e3o emocional &#8211; a mem\u00f3ria das emo\u00e7\u00f5es e as emo\u00e7\u00f5es e eu<br><strong>Destinat\u00e1rios: <\/strong>Crian\u00e7as<br><strong>Dinamiza\u00e7\u00e3o:<\/strong> Marta Navas, Gustavo Rodriguez e Anna Greoles<br><strong>Local:<\/strong> Jardim Escola Jo\u00e3o de Deus<\/td><\/tr><tr><td><strong>5<\/strong> &nbsp;<br>sexta<\/td><td><\/td><td><\/td><\/tr><tr><td><strong>8<\/strong> &nbsp;<br>segunda<\/td><td>14h00\/ 15h30<\/td><td><strong>Evento:<\/strong> Viajar com Criatividade<br><strong>Dinamiza\u00e7\u00e3o: <\/strong> Helena Ascen\u00e7\u00e3o, Mariana Ventura, Andreia Ferreira e Beatriz Ramos<br><strong>Destinat\u00e1rios:<\/strong> P\u00fablico em geral<br><strong>Local:<\/strong> Centro Hospitalar de Leiria &#8211; Hospital de Dia<\/td><\/tr><tr><td><strong>9 &nbsp;<\/strong><br>ter\u00e7a<\/td><td><br><\/td><td><\/td><\/tr><tr><td><strong>10 <\/strong><br>quarta<\/td><td><br><br>9h00\/ 11h00<br><br><br><br>12h15\/ 13h00<br><br><\/td><td><strong>Evento:<\/strong> Performance \u00abM\u00e3e, conheci o Principezinho\u00bb<br><strong>Dinamiza\u00e7\u00e3o: <\/strong> Larissa Pimenta e Andreia Fernandes<br><strong>Destinat\u00e1rios:<\/strong> P\u00fablico em geral<br><strong>Local:<\/strong> Audit\u00f3rio 1<br><br><strong>Evento:<\/strong> Uma hist\u00f3ria para alegrar<br><strong>Dinamiza\u00e7\u00e3o: <\/strong> Joana Estevinho e Neuza Gomes<br><strong>Destinat\u00e1rios:<\/strong> Crian\u00e7as<br><strong>Local:<\/strong> Centro Hospitalar de Leiria &#8211; Servi\u00e7o de Pediatria<\/td><\/tr><tr><td><strong>11<\/strong> <br>quinta<\/td><td>16h30<br><\/td><td><strong>Evento:<\/strong> Workshop \u00abQueridos Mudei a Aula\u00bb<br><strong>Dinamiza\u00e7\u00e3o: <\/strong> Larissa Pimenta<br><strong>Destinat\u00e1rios:<\/strong> Profissionais que usem o Teatro na sua \u00e1rea de interven\u00e7\u00e3o<br><strong>Local:<\/strong> Sala B.0.33 (Laborat\u00f3rio de Teatro)<\/td><\/tr><tr><td><strong>12<\/strong> <br>sexta<\/td><td>10h00\/ 11h00<\/td><td><strong>Evento:<\/strong> Contos de vida<br><strong>Dinamiza\u00e7\u00e3o: <\/strong> Carina Pinheiro, Isaura Francisco e Ricardo Henriques<br><strong>Destinat\u00e1rios:<\/strong> P\u00fablico em geral<br><strong>Local:<\/strong> Centro Hospitalar de Leiria &#8211; Hospital de Dia<\/td><\/tr><tr><td><strong>15<\/strong> &nbsp;<br>segunda<\/td><td>10h00\/ 12h00<br><br><br><br><br><br>14h00\/ 16h00<br><br><br><br><br><br><br>Todo o dia<\/td><td><strong>Evento:<\/strong>  Aprende a ser saud\u00e1vel \u2013 A roda dos alimentos<br><strong>Dinamiza\u00e7\u00e3o: <\/strong> Luana Santos, M\u00e1rcia Agostinho, Maria Zacarias e M\u00f3nica Fernando<br><strong><strong>Destinat\u00e1rios:<\/strong> <\/strong>Crian\u00e7as<strong><br><strong><strong>Local:<\/strong> <\/strong><\/strong>Jardim Escola Jo\u00e3o de Deus<br><br><br><strong>Evento:<\/strong>  \u00abM\u00fasica para os meus ouvidos cansados\u00bb<br><strong>Dinamiza\u00e7\u00e3o: <\/strong> Avelino Ramos e Joel Rodrigues<br><strong><strong>Destinat\u00e1rios:<\/strong> <\/strong>Utentes<strong><br><strong><strong>Local:<\/strong> <\/strong><\/strong>AMITEI<br><br><br><strong>Evento:<\/strong> Dia da Fam\u00edlia (Ateli\u00ea e Festa das Crian\u00e7as)<br><strong>Dinamiza\u00e7\u00e3o: <\/strong>Comiss\u00e3o de Humaniza\u00e7\u00e3o do CHL e estudantes de Educa\u00e7\u00e3o Social e do TeSP de Interven\u00e7\u00e3o Sociocultural e Desportiva &#8211; Helena Ascen\u00e7\u00e3o, Mariana Ventura, Andreia Ferreira, Beatriz Ramos, Carina Silva, Jos\u00e9 Napole\u00e3o e Julieta Zina<br><strong>Local:<\/strong> Centro Hospitalar de Leiria<\/td><\/tr><tr><td><strong>16 <\/strong>&nbsp;<br>ter\u00e7a<\/td><td>14h00\/ 16h30<br><br><br><br><br>15h00\/<br>18h00<br><br><br><br><br>17h30\/ 18h30<br><\/td><td><strong>Evento:<\/strong> Workshop de escrita criativa \u00abViagem ao centro de mim\u00bb<br><strong>Dinamiza\u00e7\u00e3o: <\/strong> S\u00f3nia Ferreira<br><strong>Destinat\u00e1rios:<\/strong> dos 12 aos 120 anos<br><strong>Local:<\/strong> Biblioteca Municipal<br><br><strong>Evento: <\/strong>Password: Educa\u00e7\u00e3o B\u00e1sica<br>Semin\u00e1rio #1 Contextos educativos e pr\u00e1ticas de promo\u00e7\u00e3o das artes e da cultura<br><strong>Local:<\/strong> Audit\u00f3rio 1<br><mark style=\"background-color:#8ed1fc\" class=\"has-inline-color\"><mark style=\"background-color:#8ed1fc\" class=\"has-inline-color\">(<strong><a href=\"https:\/\/sites.ipleiria.pt\/maiocriativo2023\/password-educacao-basica\/\">saber mais<\/a><\/strong>)<\/mark><\/mark><br><br><strong>Evento:<\/strong> &#8220;Babebibobu!\u201d Workshop para pessoas criativas, din\u00e2micas e muito interventivas &#8211; jogos, conversa e partilha de experi\u00eancias!<br><strong>Dinamiza\u00e7\u00e3o: <\/strong> Artur Rosa<br><strong>Destinat\u00e1rios:<\/strong> Estudantes de Educa\u00e7\u00e3o Social<br><strong>Local:<\/strong> ESECS<\/td><\/tr><tr><td><strong>17<\/strong> <br>quarta<\/td><td><\/td><td><\/td><\/tr><tr><td><strong>18 <\/strong>&nbsp;<br>quinta<\/td><td>10h00\/ 12h00<br><\/td><td><strong>Evento:<\/strong> Concerto de Palmo e Meio<br><strong>Dinamiza\u00e7\u00e3o: <\/strong> Lu\u00eds Vieira e Banda Sinf\u00f3nica da PSP<br><strong>Destinat\u00e1rios:<\/strong> Crian\u00e7as <br><strong>Local:<\/strong> Jardim Escola Jo\u00e3o de Deus<\/td><\/tr><tr><td><strong>19<\/strong> &nbsp;<br>sexta<\/td><td>11h00\/ 12h30<br><br><br><br><br><br>10h00\/ 11h00<br><br><br><br><br>Todo o dia<br><\/td><td><strong>Evento:<\/strong> Adivinha e Pinta<br><strong>Dinamiza\u00e7\u00e3o: <\/strong> Carina Silva, Jos\u00e9 Napole\u00e3o e Julieta Zina<br><strong>Destinat\u00e1rios:<\/strong> Crian\u00e7as<br><strong>Local:<\/strong> Centro Hospitalar de Leiria &#8211; Consulta Externa de Pediatria<br><br><strong>Evento:<\/strong> Carta Feliz<br><strong>Dinamiza\u00e7\u00e3o: <\/strong> Carina Pinheiro, Isaura Francisco e Ricardo Henriques<br><strong>Destinat\u00e1rios:<\/strong> Publico em geral<br><strong>Local:<\/strong> Centro Hospitalar de Leiria &#8211; Hospital de Dia<br><br><strong>Evento:<\/strong> II Trends &amp; Culture Colloquium &#8211; Responsive Education (online)<br><mark style=\"background-color:#8ed1fc\" class=\"has-inline-color\">(<strong><a href=\"http:\/\/www.trendscolloquium.pt\/\">saber mais<\/a><\/strong>)<\/mark><\/td><\/tr><tr><td><strong>20<\/strong><br>s\u00e1bado<\/td><td>Todo o dia<\/td><td><strong>Evento:<\/strong> II Trends &amp; Culture Colloquium &#8211; Responsive Education (presencial)<br><mark style=\"background-color:#8ed1fc\" class=\"has-inline-color\">(<strong><a href=\"http:\/\/www.trendscolloquium.pt\/\">saber mais<\/a><\/strong>)<\/mark><\/td><\/tr><tr><td><strong>23<\/strong> <br>ter\u00e7a<\/td><td>9h30\/ 12h30<br><br><br><br><br><br><br>Todo o dia<br><br><br><br>18h30<\/td><td><strong>Evento:<\/strong> Esper&#8217;Arte<br><strong>Dinamiza\u00e7\u00e3o: <\/strong> Maria Feliciano, Adriana Reis, J\u00e9ssica Almeida e In\u00eas Nunes<br><strong>Destinat\u00e1rios:<\/strong> Crian\u00e7as<br><strong>Local:<\/strong> Centro Hospitalar de Leiria &#8211; Consulta Externa de Pediatria<br><br><strong>Evento: <\/strong>Jornadas de Interven\u00e7\u00e3o e Educa\u00e7\u00e3o Art\u00edstica &#8211; percursos e desafios<br><mark class=\"has-inline-color\"><a href=\"https:\/\/sites.ipleiria.pt\/maiocriativo2023\/jornadas-de-intervencao-e-educacao-artistica-percursos-e-desafios\/\">(<strong>saber mais<\/strong><\/a><\/mark> e <mark style=\"background-color:#8ed1fc\" class=\"has-inline-color\"><mark style=\"background-color:#8ed1fc\" class=\"has-inline-color\"><strong><a href=\"https:\/\/docs.google.com\/forms\/d\/e\/1FAIpQLSfZd4LIPiNLy8Fnv_H0-h45bBo9oh_470EZxDNenXelA7FYFA\/viewform\">inscri\u00e7\u00f5es<\/a><\/strong>)<\/mark><\/mark><br><br><strong>Evento: <\/strong>Encontro Intergeracional e Intercultural \u201cEntre n\u00f3s e os outros. Mundos em festa\u201d<br><strong>Local: <\/strong>\u00c1trio da ESECS<\/td><\/tr><tr><td><strong>24<\/strong> <br>quarta<\/td><td>16h00\/ 17h30<\/td><td><strong>Evento:<\/strong> Workshop de escrita criativa \u00abViagem ao centro de mim\u00bb<br><strong>Dinamiza\u00e7\u00e3o: <\/strong> S\u00f3nia Ferreira<br><strong>Destinat\u00e1rios:<\/strong> Estudantes do TeSP de Interven\u00e7\u00e3o aos Espa\u00e7os Educativos<br><strong>Local:<\/strong> N\u00facleo de Forma\u00e7\u00e3o Superior do Polit\u00e9cnico de Leiria em Torres Vedras<\/td><\/tr><tr><td><strong>25<\/strong> &nbsp;<br>quinta<\/td><td>21h00<\/td><td><strong>Evento: <\/strong>Encontro ao Ser\u00e3o, com profissionais do Servi\u00e7o de Cuidados Paliativos do Centro Hospitalar de Leiria, ATLAS \u2013 People Like Us e Umberto Giancarli, do projeto Aqui Contigo, da SAMP.<br><strong>Dinamiza\u00e7\u00e3o:<\/strong> Beatriz Freitas, In\u00eas Gomes, Pedro Correia e Savana Santos<br><strong>Local:<\/strong> Sala B.0.33 (Laborat\u00f3rio de Teatro)<\/td><\/tr><tr><td><strong>26<\/strong> <br>sexta<\/td><td>&nbsp;<br><\/td><td><\/td><\/tr><tr><td><strong>29<\/strong> <br>segunda<\/td><td>18h00<\/td><td><strong>Evento:<\/strong> Inaugura\u00e7\u00e3o da Exposi\u00e7\u00e3o \u00abLinguagens em Movimento\u00bb<br><strong>Local:<\/strong> <a rel=\"noreferrer noopener\" href=\"https:\/\/videoconf-colibri.zoom.us\/j\/99190406765\" target=\"_blank\">https:\/\/videoconf-colibri.zoom.us\/j\/99190406765<\/a>) e imers\u00e3o na galeria digital dispon\u00edvel em:&nbsp;<a rel=\"noreferrer noopener\" href=\"https:\/\/www.spatial.io\/s\/Exposicao-Linguagens-em-Movimento-6371506f5e104c0001a82df8?share=8555214049206556504\" target=\"_blank\">https:\/\/www.spatial.io\/s\/Exposicao-Linguagens-em-Movimento-6371506f5e104c0001a82df8?share=8555214049206556504<\/a><\/td><\/tr><tr><td><strong>31<\/strong><br>ter\u00e7a<\/td><td>14h30\/ 17h30<br><br><br><br><br><br><br>16h30<br><br><br><br><br><br><br><br>17h00<\/td><td><strong>Evento:<\/strong> (sem t\u00edtulo)<br><strong>Dinamiza\u00e7\u00e3o:<\/strong> Elisabete Silva e Dina Soares (Plano Nacional das Artes)<br><strong><strong>Destinat\u00e1rios:<\/strong> <\/strong>Estudantes do TeSP de Interven\u00e7\u00e3o em Espa\u00e7os Educativos<strong><br><strong>Local:<\/strong> <\/strong>Casa-Museu Centro Cultural Jo\u00e3o Soares<br><br><strong>Evento:<\/strong> Conversas de Fim de Tarde \u201cO papel social das Bandas Filarm\u00f3nicas de Norte a Sul do Pa\u00eds &#8211; Uma partilha de experi\u00eancias\u201d.<br><strong>Dinamiza\u00e7\u00e3o:<\/strong> Albano Neto, Jos\u00e9 Leit\u00e3o, Jos\u00e9 Maria e Pedro Carvalho<br><strong><strong>Destinat\u00e1rios:<\/strong> <\/strong>Estudantes do Programa 60+<strong><br><strong>Local:<\/strong> <\/strong>Sala A.O.18 e aqui: <a rel=\"noreferrer noopener\" href=\"https:\/\/videoconf-colibri.zoom.us\/j\/94212537478?fbclid=IwAR0Ss3bg2ZRVxqb2G-5IZ1wwiJQpEhcWdl1o1Oc3QTKfmltIsGPnPr8QZhE\" target=\"_blank\">https:\/\/videoconf-colibri.zoom.us\/j\/94212537478<\/a><br><br><strong>Evento:<\/strong> Workshop &#8220;Social Clowning &#8211; alegria no contexto social&#8221;<br><strong>Dinamiza\u00e7\u00e3o:<\/strong> Enne Marx<br><strong><strong>Destinat\u00e1rios:<\/strong> <\/strong>Estudantes de Educa\u00e7\u00e3o Social<strong><br><strong>Local:<\/strong> <\/strong>ESECS<\/td><\/tr><tr><td><strong>6 de junho<\/strong><br>ter\u00e7a<\/td><td>(hor\u00e1rio a definir)<\/td><td><strong>Evento:<\/strong> Workshop \u00abBrinquedos \u00f3ticos &#8211; viajar no tempo\u00bb <br><strong>Dinamiza\u00e7\u00e3o:<\/strong> Filipa Rodrigues e estudantes<br><strong><strong>Destinat\u00e1rios:<\/strong> <\/strong>(a divulgar)<strong><br><strong>Local:<\/strong> <\/strong>(a divulgar)<\/td><\/tr><tr><td><strong>7 de junho<\/strong><br>quarta<\/td><td>11h00<\/td><td><strong>Evento:<\/strong> Inaugura\u00e7\u00e3o da Exposi\u00e7\u00e3o \u00abBRINQUEDOS \u00d3TICOS &#8211; ENTRE CI\u00caNCIA, ARTE E EDUCA\u00c7\u00c3O\u00bb<br><strong><strong>Local:<\/strong> <\/strong>ESECS (espa\u00e7o de exposi\u00e7\u00f5es)<br>Mais informa\u00e7\u00f5es: <a rel=\"noreferrer noopener\" href=\"https:\/\/www.ipleiria.pt\/...\/exposicao-brinquedos-oticos...\/?fbclid=IwAR10sFMxbEizsdHlNaTMmP9p1ApyjVOaIq4BaEjbgqRE0fqC_CHLknj_mqI\" target=\"_blank\">https:\/\/www.ipleiria.pt\/&#8230;\/exposicao-brinquedos-oticos&#8230;\/<\/a><\/td><\/tr><tr><td><strong>13 de junho<\/strong><br>ter\u00e7a<\/td><td>(hor\u00e1rio a definir)<\/td><td><strong>Encerramento do Maio Criativo 23<\/strong><br><strong>Concerto <\/strong>&#8211; PG Dire\u00e7\u00e3o de Bandas e Ensemble de Sopros<br><strong><strong>Local:<\/strong> <\/strong>Teatro Jos\u00e9 L\u00facio da Silva<\/td><\/tr><\/tbody><\/table><figcaption>O Projeto de Interven\u00e7\u00e3o e Anima\u00e7\u00e3o Art\u00edsticas est\u00e1 em evolu\u00e7\u00e3o, por isso, o programa sofrer\u00e1 altera\u00e7\u00f5es ao longo do seu desenvolvimento e ir\u00e1 CRESCER!<\/figcaption><\/figure>\n\n\n\n<p><\/p>\n\n\n\n<p><\/p>\n\n\n\n<p><\/p>\n<\/div>\n<\/div>\n\n\n\n<p><\/p>\n","protected":false},"excerpt":{"rendered":"<p>Dia Hora Atividade 20 abrilquinta 10h30Audit\u00f3rio 1Espa\u00e7os de exposi\u00e7\u00f5es da ESECS In\u00edcio do Projeto de Interven\u00e7\u00e3o e Anima\u00e7\u00e3o Art\u00edsticas Maio Criativo 2023Inaugura\u00e7\u00e3o da Exposi\u00e7\u00e3o &nbsp;\u00abArquimedes da Silva Santos, onde vai minha voz?\u00bb 2 ter\u00e7a 3quarta 9h00\/ 12h00 Evento: Express\u00e3o emocional &#8211; a mem\u00f3ria das emo\u00e7\u00f5es e as emo\u00e7\u00f5es e euDestinat\u00e1rios: Crian\u00e7asDinamiza\u00e7\u00e3o: Marta Navas, Gustavo Rodriguez &hellip; <\/p>\n<p class=\"link-more\"><a href=\"https:\/\/sites.ipleiria.pt\/maiocriativo2023\/programa\/\" class=\"more-link\">Continuar a ler <span class=\"screen-reader-text\">&#8220;Programa&#8221;<\/span><\/a><\/p>\n","protected":false},"author":102,"featured_media":0,"parent":0,"menu_order":0,"comment_status":"closed","ping_status":"closed","template":"","meta":{"footnotes":""},"class_list":["post-1493","page","type-page","status-publish","hentry"],"_links":{"self":[{"href":"https:\/\/sites.ipleiria.pt\/maiocriativo2023\/wp-json\/wp\/v2\/pages\/1493","targetHints":{"allow":["GET"]}}],"collection":[{"href":"https:\/\/sites.ipleiria.pt\/maiocriativo2023\/wp-json\/wp\/v2\/pages"}],"about":[{"href":"https:\/\/sites.ipleiria.pt\/maiocriativo2023\/wp-json\/wp\/v2\/types\/page"}],"author":[{"embeddable":true,"href":"https:\/\/sites.ipleiria.pt\/maiocriativo2023\/wp-json\/wp\/v2\/users\/102"}],"replies":[{"embeddable":true,"href":"https:\/\/sites.ipleiria.pt\/maiocriativo2023\/wp-json\/wp\/v2\/comments?post=1493"}],"version-history":[{"count":81,"href":"https:\/\/sites.ipleiria.pt\/maiocriativo2023\/wp-json\/wp\/v2\/pages\/1493\/revisions"}],"predecessor-version":[{"id":2509,"href":"https:\/\/sites.ipleiria.pt\/maiocriativo2023\/wp-json\/wp\/v2\/pages\/1493\/revisions\/2509"}],"wp:attachment":[{"href":"https:\/\/sites.ipleiria.pt\/maiocriativo2023\/wp-json\/wp\/v2\/media?parent=1493"}],"curies":[{"name":"wp","href":"https:\/\/api.w.org\/{rel}","templated":true}]}}