{"id":1503,"date":"2022-04-02T09:05:01","date_gmt":"2022-04-02T09:05:01","guid":{"rendered":"https:\/\/sites.ipleiria.pt\/maiocriativo2022\/?page_id=1503"},"modified":"2023-05-27T09:41:08","modified_gmt":"2023-05-27T09:41:08","slug":"organizacao-e-contactos","status":"publish","type":"page","link":"https:\/\/sites.ipleiria.pt\/maiocriativo2023\/organizacao-e-contactos\/","title":{"rendered":"Organiza\u00e7\u00e3o e Contactos"},"content":{"rendered":"\n<p><strong>Comiss\u00e3o Organizadora<\/strong><\/p>\n\n\n\n<ul class=\"wp-block-list\"><li>Comiss\u00e3o Cient\u00edfica do Mestrado em Interven\u00e7\u00e3o e Anima\u00e7\u00e3o Art\u00edsticas (MIAA): Sandrina Milhano; Jenny Sousa; L\u00facia Magueta<\/li><li>Professores do MIAA <\/li><li>Estudantes do 1.\u00ba ano do MIAA<\/li><li>Estudantes do 2.\u00ba ano do MIAA<\/li><li>Estudantes do 2.\u00ba ano do curso de Educa\u00e7\u00e3o Social<\/li><li>Estudantes da P\u00f3s-Gradua\u00e7\u00e3o em Dire\u00e7\u00e3o de Bandas e Ensemble de Sopros<\/li><\/ul>\n\n\n\n<p style=\"line-height:0.5\"><\/p>\n\n\n\n<p><strong>Colaboradores na Organiza\u00e7\u00e3o<\/strong><\/p>\n\n\n\n<p style=\"line-height:0.5\">Adelaide Ferreira (GRPCI da ESECS)<\/p>\n\n\n\n<p>Centro de Recursos Multim\u00e9dia (ESECS)<\/p>\n\n\n\n<p>Ana Fontes (ESECS)<\/p>\n\n\n\n<p>Ana Paula Proen\u00e7a (ESECS)<\/p>\n\n\n\n<p style=\"line-height:0.5\">Sara Peseiro (autora do log\u00f3tipo)<\/p>\n\n\n\n<p>Comiss\u00e3o de Humaniza\u00e7\u00e3o do Centro Hospitalar de Leiria<\/p>\n\n\n\n<p><strong>Contactos<\/strong><\/p>\n\n\n\n<p>Sandrina Milhano&nbsp;\u2013 sandrina.milhano@ipleiria.pt<\/p>\n\n\n\n<p>Jenny Sousa&nbsp;\u2013 jenny.sousa@ipleiria.pt<\/p>\n\n\n\n<p>L\u00facia Magueta&nbsp;\u2013 lucia.magueta@ipleiria.pt<\/p>\n\n\n\n<p style=\"line-height:0.5\"><strong>Mestrado em Interven\u00e7\u00e3o e Anima\u00e7\u00e3o Art\u00edsticas:<\/strong><\/p>\n\n\n\n<p><a href=\"https:\/\/www.ipleiria.pt\/curso\/mestrado-em-intervencao-e-animacao-artisticas-2\/\">https:\/\/www.ipleiria.pt\/curso\/mestrado-em-intervencao-e-animacao-artisticas-2\/<\/a><\/p>\n\n\n\n<p><a href=\"https:\/\/www.facebook.com\/MIAAESECS\">https:\/\/www.facebook.com\/MIAAESECS<\/a><\/p>\n\n\n\n<p><strong>Escola Superior de Educa\u00e7\u00e3o e Ci\u00eancias Sociais (Leiria)<\/strong><br>Campus 1 \u2014 Instituto Polit\u00e9cnico de Leiria<br>Rua Dr. Jo\u00e3o Soares<br>Apartado 4045<br>2411-901 Leiria \u2013 Portugal<br>Tel: (+351) 244 829400 \u2022 Fax:(+351) 244 829499<br>E-mail:&nbsp;<a href=\"mailto:esecs@ipleiria.pt\">esecs@ipleiria.pt<\/a><\/p>\n","protected":false},"excerpt":{"rendered":"<p>Comiss\u00e3o Organizadora Comiss\u00e3o Cient\u00edfica do Mestrado em Interven\u00e7\u00e3o e Anima\u00e7\u00e3o Art\u00edsticas (MIAA): Sandrina Milhano; Jenny Sousa; L\u00facia Magueta Professores do MIAA Estudantes do 1.\u00ba ano do MIAA Estudantes do 2.\u00ba ano do MIAA Estudantes do 2.\u00ba ano do curso de Educa\u00e7\u00e3o Social Estudantes da P\u00f3s-Gradua\u00e7\u00e3o em Dire\u00e7\u00e3o de Bandas e Ensemble de Sopros Colaboradores na &hellip; <\/p>\n<p class=\"link-more\"><a href=\"https:\/\/sites.ipleiria.pt\/maiocriativo2023\/organizacao-e-contactos\/\" class=\"more-link\">Continuar a ler <span class=\"screen-reader-text\">&#8220;Organiza\u00e7\u00e3o e Contactos&#8221;<\/span><\/a><\/p>\n","protected":false},"author":102,"featured_media":0,"parent":0,"menu_order":0,"comment_status":"closed","ping_status":"closed","template":"","meta":{"footnotes":""},"class_list":["post-1503","page","type-page","status-publish","hentry"],"_links":{"self":[{"href":"https:\/\/sites.ipleiria.pt\/maiocriativo2023\/wp-json\/wp\/v2\/pages\/1503","targetHints":{"allow":["GET"]}}],"collection":[{"href":"https:\/\/sites.ipleiria.pt\/maiocriativo2023\/wp-json\/wp\/v2\/pages"}],"about":[{"href":"https:\/\/sites.ipleiria.pt\/maiocriativo2023\/wp-json\/wp\/v2\/types\/page"}],"author":[{"embeddable":true,"href":"https:\/\/sites.ipleiria.pt\/maiocriativo2023\/wp-json\/wp\/v2\/users\/102"}],"replies":[{"embeddable":true,"href":"https:\/\/sites.ipleiria.pt\/maiocriativo2023\/wp-json\/wp\/v2\/comments?post=1503"}],"version-history":[{"count":5,"href":"https:\/\/sites.ipleiria.pt\/maiocriativo2023\/wp-json\/wp\/v2\/pages\/1503\/revisions"}],"predecessor-version":[{"id":2482,"href":"https:\/\/sites.ipleiria.pt\/maiocriativo2023\/wp-json\/wp\/v2\/pages\/1503\/revisions\/2482"}],"wp:attachment":[{"href":"https:\/\/sites.ipleiria.pt\/maiocriativo2023\/wp-json\/wp\/v2\/media?parent=1503"}],"curies":[{"name":"wp","href":"https:\/\/api.w.org\/{rel}","templated":true}]}}