{"id":2197,"date":"2023-04-21T08:40:04","date_gmt":"2023-04-21T08:40:04","guid":{"rendered":"https:\/\/sites.ipleiria.pt\/maiocriativo2023\/?page_id=2197"},"modified":"2023-05-01T16:16:08","modified_gmt":"2023-05-01T16:16:08","slug":"jornadas-de-intervencao-e-educacao-artistica-percursos-e-desafios","status":"publish","type":"page","link":"https:\/\/sites.ipleiria.pt\/maiocriativo2023\/jornadas-de-intervencao-e-educacao-artistica-percursos-e-desafios\/","title":{"rendered":"Jornadas de Interven\u00e7\u00e3o e Educa\u00e7\u00e3o Art\u00edstica: percursos e desafios"},"content":{"rendered":"\n<figure class=\"wp-block-image size-large\"><img loading=\"lazy\" decoding=\"async\" width=\"1024\" height=\"593\" src=\"http:\/\/sites.ipleiria.pt\/maiocriativo2023\/files\/2023\/04\/Jornadas-artisiticas_BANNER-1024x593.png\" alt=\"\" class=\"wp-image-2206\" srcset=\"https:\/\/sites.ipleiria.pt\/maiocriativo2023\/files\/2023\/04\/Jornadas-artisiticas_BANNER-1024x593.png 1024w, https:\/\/sites.ipleiria.pt\/maiocriativo2023\/files\/2023\/04\/Jornadas-artisiticas_BANNER-300x174.png 300w, https:\/\/sites.ipleiria.pt\/maiocriativo2023\/files\/2023\/04\/Jornadas-artisiticas_BANNER-768x445.png 768w, https:\/\/sites.ipleiria.pt\/maiocriativo2023\/files\/2023\/04\/Jornadas-artisiticas_BANNER-1536x890.png 1536w, https:\/\/sites.ipleiria.pt\/maiocriativo2023\/files\/2023\/04\/Jornadas-artisiticas_BANNER-2048x1187.png 2048w\" sizes=\"auto, (max-width: 767px) 89vw, (max-width: 1000px) 54vw, (max-width: 1071px) 543px, 580px\" \/><\/figure>\n\n\n\n<p class=\"has-white-color has-text-color has-background\" style=\"background-color:#f7941d\">As Jornadas encontram-se acreditadas como a\u00e7\u00e3o de curta dura\u00e7\u00e3o de 6 horas para efeitos da progress\u00e3o na carreira de educadores de inf\u00e2ncia e professores do 1.\u00ba e 2.\u00ba Ciclos do Ensino B\u00e1sico (Art. 8.\u00ba do RJFC).<br><strong>Calend\u00e1rio:<\/strong> 23 maio de 2023, das 9h00 \u00e0s 19h00,\u00a0 na ESECS.<br><strong>Inscri\u00e7\u00f5es:<\/strong> at\u00e9 17 de maio.<\/p>\n\n\n\n<figure class=\"wp-block-image size-large\"><a href=\"https:\/\/forms.gle\/iix2FGYPgeUPErUW9\"><img loading=\"lazy\" decoding=\"async\" width=\"1024\" height=\"81\" src=\"http:\/\/sites.ipleiria.pt\/maiocriativo2023\/files\/2023\/04\/Jornadas-artisiticas-1024x81.png\" alt=\"\" class=\"wp-image-2208\" srcset=\"https:\/\/sites.ipleiria.pt\/maiocriativo2023\/files\/2023\/04\/Jornadas-artisiticas-1024x81.png 1024w, https:\/\/sites.ipleiria.pt\/maiocriativo2023\/files\/2023\/04\/Jornadas-artisiticas-300x24.png 300w, https:\/\/sites.ipleiria.pt\/maiocriativo2023\/files\/2023\/04\/Jornadas-artisiticas-768x61.png 768w, https:\/\/sites.ipleiria.pt\/maiocriativo2023\/files\/2023\/04\/Jornadas-artisiticas-1536x122.png 1536w, https:\/\/sites.ipleiria.pt\/maiocriativo2023\/files\/2023\/04\/Jornadas-artisiticas.png 1873w\" sizes=\"auto, (max-width: 767px) 89vw, (max-width: 1000px) 54vw, (max-width: 1071px) 543px, 580px\" \/><\/a><\/figure>\n\n\n\n<p>Caso existam dificuldades em preencher o formul\u00e1rio, por favor entre em contato atrav\u00e9s do e-mail:&nbsp;<a href=\"mailto:formacao.continua.esecs@ipleiria.pt\">formacao.continua.esecs<\/a>@ipleiria.pt<\/p>\n\n\n\n<p class=\"has-black-color has-black-background-color has-text-color has-background\">vvd<\/p>\n\n\n\n<p class=\"has-white-color has-text-color has-background\" style=\"background-color:#f7941d\"><strong>Sinopses dos workshops em simult\u00e2neo<\/strong><\/p>\n\n\n\n<p><strong>Workshop 1\u00a0&#8211; O<\/strong>\u00a0<strong>Museu port\u00e1til: casa de partida para o colecionismo<\/strong><br><strong>Sinopse:\u00a0<\/strong>Uma viagem pelo colecionismo promotora de partilhas que conduzir\u00e3o \u00e0 cria\u00e7\u00e3o do \u201cmeu\u201d museu port\u00e1til- significados para a crian\u00e7a.\u00a0<\/p>\n\n\n\n<p><em><strong>Dinamizadores<\/strong>: Ana Barros e Jackas &#8211; Museu do Brincar<\/em><\/p>\n\n\n\n<p class=\"has-white-color has-text-color has-background\" style=\"background-color:#f7941d\"><strong>Workshop 2 &#8211; Teatro e Comunidade: Felicidade, sim, obrigado!<\/strong><br><strong>Sinopse:\u00a0<\/strong>Pesquisa dramat\u00fargica da nova cria\u00e7\u00e3o do Teatro Umano: Coralidade em teatro e cria\u00e7\u00e3o de partituras de dramaturgia corporal a partir da tem\u00e1tica da felicidade. Abordagens participativas de constru\u00e7\u00e3o de uma pedagogia art\u00edstica e educa\u00e7\u00e3o c\u00edvica.<br><br><em><strong>Dinamizadores<\/strong>: Rita Wengorovius, Duarte Soares, Vicenzo Frau, Salmo Faria, Daniela Mota &#8211; Teatro Umano<\/em><\/p>\n\n\n\n<p><strong>Workshop 3 &#8211; M\u00e1scaras mitos e met\u00e1foras: do corpo \u00e0 palavra<\/strong><br><strong>Sinopse:\u00a0<\/strong>O corpo que pensa sente e age. O desejo de express\u00e3o atrav\u00e9s da m\u00e1scara e da met\u00e1fora<strong>.<\/strong> Percursos de explora\u00e7\u00e3o do coro grego que conduz \u00e0 escrita criativa transformada em gesto, ritmo e movimento.<\/p>\n\n\n\n<p><em><strong>Dinamizadores<\/strong>:\u00a0\u00a0Luc\u00edlia Valente, Maria Jo\u00e3o Lopes, Adelina Peixoto &#8211; Universidade de \u00c9vora<\/em><\/p>\n\n\n\n<p class=\"has-white-color has-text-color has-background\" style=\"background-color:#f7941d\"><strong>Workshop 4 &#8211; Express\u00e3o dram\u00e1tica &#8211; contributos para a harmonia na sala de aula<\/strong> <strong>no 1.\u00ba CEB<\/strong><br><strong>Sinopse:\u00a0<\/strong>Jogos teatrais, dan\u00e7as de roda e can\u00e7\u00f5es s\u00e3o formas de constru\u00e7\u00e3o de rela\u00e7\u00f5es harmoniosas, promotores de coletivos diversos e tolerantes construtores de um espa\u00e7o din\u00e2mico, vivo e alegre, onde se pode crescer e aprender em harmonia.<br><br><em><strong>Dinamizadores<\/strong>: Alexandra Espiridi\u00e3o &#8211; Trupe Chapit\u00f4<\/em><\/p>\n\n\n\n<hr class=\"wp-block-separator\" \/>\n\n\n\n<p class=\"has-black-color has-black-background-color has-text-color has-background\">   <\/p>\n\n\n\n<h2 class=\"wp-block-heading\"><strong>Programa<\/strong> <\/h2>\n\n\n\n<p>09h00 \u2013 Rece\u00e7\u00e3o dos participantes\u00a0<\/p>\n\n\n\n<p>09h20 &#8211; Sess\u00e3o de abertura  |\u00a0Audit\u00f3rio 2<\/p>\n\n\n\n<p class=\"has-white-color has-text-color has-background\" style=\"background-color:#f7941d\">10h00 &#8211; Visita \u00e0 Exposi\u00e7\u00e3o&nbsp; \u201cArquimedes da Silva Santos &#8211; vida e Obra&#8221;. &#8220;Onde vai a minha voz\u201d [Miguel Falc\u00e3o&nbsp;&nbsp;e Isabel Aleixo]<\/p>\n\n\n\n<p>10h30 &#8211;&nbsp;Din\u00e2mica Criativa em grande grupo| Anfiteatro exterior&nbsp;<\/p>\n\n\n\n<p class=\"has-white-color has-text-color has-background\" style=\"background-color:#f7941d\">11h15 &#8211; Pausa para caf\u00e9&nbsp;<\/p>\n\n\n\n<p>11h30 \u2013 Grupos tem\u00e1ticos\u00a0em simult\u00e2neo | Sess\u00f5es paralelas.<br><strong>Grupo 1 &#8211; Educa\u00e7\u00e3o art\u00edstica e desafios da forma\u00e7\u00e3o<\/strong><br><strong>Grupo 2 &#8211; Percursos de educa\u00e7\u00e3o art\u00edstica na comunidade\u00a0<\/strong><br><strong>Grupo 3 &#8211; Educa\u00e7\u00e3o art\u00edstica e desafios da globaliza\u00e7\u00e3o.<\/strong><br><strong>Grupo 4 &#8211; Educa\u00e7\u00e3o art\u00edstica e percursos de inclus\u00e3o<\/strong><\/p>\n\n\n\n<p class=\"has-white-color has-text-color has-background\" style=\"background-color:#f7941d\">13h00- Almo\u00e7o<\/p>\n\n\n\n<p>14h00 &#8211; Performance Art\u00edstica: \u201cO que fazem os sentimentos quando ningu\u00e9m est\u00e1 a ver?\u201d Turma do 7.\u00ba ano da Escola Guilherme Stephens.<\/p>\n\n\n\n<p class=\"has-white-color has-text-color has-background\" style=\"background-color:#f7941d\">14h30 &#8211;\u00a0\u00a0Workshops em simult\u00e2neo | v\u00e1rias salas.<br>Workshop 1 &#8211;\u00a0<em>O Museu Port\u00e1til: casa e partida para o colecionismo<\/em><br>Workshop 2 &#8211;\u00a0<em><em>Teatro e comunidade: Felicidade, sim, Obrigado!<\/em><\/em><br>Workshop 3 &#8211;\u00a0<em>M\u00e1scaras, mitos e met\u00e1foras: do corpo \u00e0 palavra<\/em>.<br>Workshop 4 &#8211;\u00a0<em>Express\u00e3o Dram\u00e1tica: Contributos para a harmonia na sala de aula no 1.\u00ba CEB<\/em><\/p>\n\n\n\n<p>\u00a016h30 &#8211; Pausa para caf\u00e9<\/p>\n\n\n\n<p class=\"has-white-color has-text-color has-background\" style=\"background-color:#f7941d\">17h00 &#8211; Sess\u00e3o Plen\u00e1ria com apresenta\u00e7\u00e3o dos trabalhos dos grupos das sess\u00f5es paralelas.<\/p>\n\n\n\n<p>18h30- Performance pelo grupo Mil Ra\u00edzes:&nbsp;<em>Mil palavras de Sophia-Poesia, m\u00fasica e dan\u00e7a.<\/em><\/p>\n","protected":false},"excerpt":{"rendered":"<p>As Jornadas encontram-se acreditadas como a\u00e7\u00e3o de curta dura\u00e7\u00e3o de 6 horas para efeitos da progress\u00e3o na carreira de educadores de inf\u00e2ncia e professores do 1.\u00ba e 2.\u00ba Ciclos do Ensino B\u00e1sico (Art. 8.\u00ba do RJFC).Calend\u00e1rio: 23 maio de 2023, das 9h00 \u00e0s 19h00,\u00a0 na ESECS.Inscri\u00e7\u00f5es: at\u00e9 17 de maio. Caso existam dificuldades em preencher &hellip; <\/p>\n<p class=\"link-more\"><a href=\"https:\/\/sites.ipleiria.pt\/maiocriativo2023\/jornadas-de-intervencao-e-educacao-artistica-percursos-e-desafios\/\" class=\"more-link\">Continuar a ler <span class=\"screen-reader-text\">&#8220;Jornadas de Interven\u00e7\u00e3o e Educa\u00e7\u00e3o Art\u00edstica: percursos e desafios&#8221;<\/span><\/a><\/p>\n","protected":false},"author":102,"featured_media":0,"parent":0,"menu_order":0,"comment_status":"closed","ping_status":"closed","template":"","meta":{"footnotes":""},"class_list":["post-2197","page","type-page","status-publish","hentry"],"_links":{"self":[{"href":"https:\/\/sites.ipleiria.pt\/maiocriativo2023\/wp-json\/wp\/v2\/pages\/2197","targetHints":{"allow":["GET"]}}],"collection":[{"href":"https:\/\/sites.ipleiria.pt\/maiocriativo2023\/wp-json\/wp\/v2\/pages"}],"about":[{"href":"https:\/\/sites.ipleiria.pt\/maiocriativo2023\/wp-json\/wp\/v2\/types\/page"}],"author":[{"embeddable":true,"href":"https:\/\/sites.ipleiria.pt\/maiocriativo2023\/wp-json\/wp\/v2\/users\/102"}],"replies":[{"embeddable":true,"href":"https:\/\/sites.ipleiria.pt\/maiocriativo2023\/wp-json\/wp\/v2\/comments?post=2197"}],"version-history":[{"count":25,"href":"https:\/\/sites.ipleiria.pt\/maiocriativo2023\/wp-json\/wp\/v2\/pages\/2197\/revisions"}],"predecessor-version":[{"id":2263,"href":"https:\/\/sites.ipleiria.pt\/maiocriativo2023\/wp-json\/wp\/v2\/pages\/2197\/revisions\/2263"}],"wp:attachment":[{"href":"https:\/\/sites.ipleiria.pt\/maiocriativo2023\/wp-json\/wp\/v2\/media?parent=2197"}],"curies":[{"name":"wp","href":"https:\/\/api.w.org\/{rel}","templated":true}]}}