{"id":2264,"date":"2023-05-01T16:30:41","date_gmt":"2023-05-01T16:30:41","guid":{"rendered":"https:\/\/sites.ipleiria.pt\/maiocriativo2023\/?page_id=2264"},"modified":"2023-05-26T15:05:38","modified_gmt":"2023-05-26T15:05:38","slug":"password-educacao-basica","status":"publish","type":"page","link":"https:\/\/sites.ipleiria.pt\/maiocriativo2023\/password-educacao-basica\/","title":{"rendered":"Password: Educa\u00e7\u00e3o B\u00e1sica"},"content":{"rendered":"\n<figure class=\"wp-block-image size-large is-resized\"><img loading=\"lazy\" decoding=\"async\" src=\"https:\/\/sites.ipleiria.pt\/maiocriativo2023\/files\/2023\/05\/Semina\u0301rio-Password_Instagram-1024x1024.png\" alt=\"\" class=\"wp-image-2348\" width=\"436\" height=\"436\" srcset=\"https:\/\/sites.ipleiria.pt\/maiocriativo2023\/files\/2023\/05\/Semina\u0301rio-Password_Instagram-1024x1024.png 1024w, https:\/\/sites.ipleiria.pt\/maiocriativo2023\/files\/2023\/05\/Semina\u0301rio-Password_Instagram-300x300.png 300w, https:\/\/sites.ipleiria.pt\/maiocriativo2023\/files\/2023\/05\/Semina\u0301rio-Password_Instagram-150x150.png 150w, https:\/\/sites.ipleiria.pt\/maiocriativo2023\/files\/2023\/05\/Semina\u0301rio-Password_Instagram-768x768.png 768w, https:\/\/sites.ipleiria.pt\/maiocriativo2023\/files\/2023\/05\/Semina\u0301rio-Password_Instagram-1536x1536.png 1536w, https:\/\/sites.ipleiria.pt\/maiocriativo2023\/files\/2023\/05\/Semina\u0301rio-Password_Instagram-2048x2048.png 2048w, https:\/\/sites.ipleiria.pt\/maiocriativo2023\/files\/2023\/05\/Semina\u0301rio-Password_Instagram-100x100.png 100w\" sizes=\"auto, (max-width: 436px) 100vw, 436px\" \/><\/figure>\n\n\n\n<p class=\"has-pale-cyan-blue-background-color has-background\"><strong>Semin\u00e1rio #1<\/strong> &#8211; <strong>Contextos educativos e pr\u00e1ticas de promo\u00e7\u00e3o das artes e da cultura<\/strong><\/p>\n\n\n\n<p>Evento organizado pelo curso de licenciatura em Educa\u00e7\u00e3o B\u00e1sica que visa a divulga\u00e7\u00e3o de pr\u00e1ticas de promo\u00e7\u00e3o das artes e da cultura em contextos de educa\u00e7\u00e3o formal e n\u00e3o formal e o contacto com artistas, educadores e outros intervenientes que desenvolvem projetos na \u00e1rea da educa\u00e7\u00e3o art\u00edstica.<\/p>\n\n\n\n<p class=\"has-pale-cyan-blue-background-color has-background\"><strong>16 de maio de 2023  |  Audit\u00f3rio 1  |  15h00 &#8211; 18h00<\/strong><\/p>\n\n\n\n<p><strong>Programa<\/strong><\/p>\n\n\n\n<p>15h00 &#8211; Abertura do Semin\u00e1rio<\/p>\n\n\n\n<p>15h10 &#8211;<strong> <\/strong>Apresenta\u00e7\u00e3o do Plano Nacional das Artes e de Projetos Culturais de Escola &#8211; Sara Brighenti (Subcomiss\u00e1ria do PNA), Patr\u00edcia Martins (Agrupamento de Escolas de Marrazes &#8211; Leiria),&nbsp;Cec\u00edlia Correia (Agrupamento de Escolas Rafael Bordalo Pinheiro &#8211; Caldas da Rainha) e Am\u00e1bile Bezinelli (Artista Residente).<\/p>\n\n\n\n<p>16h00 &#8211; Curta-metragem de anima\u00e7\u00e3o a partir do conto \u00abO C\u00e1gado\u00bb de Jos\u00e9 de Almada Negreiros &#8211;&nbsp;Vit\u00f3ria Conde\u00e7o, Paulo Sim\u00f5es e In\u00eas Conde\u00e7o.<\/p>\n\n\n\n<p>16h30 &#8211; Apresenta\u00e7\u00e3o de projetos desenvolvidos em Vagos &#8211; Artur Rosa<\/p>\n\n\n\n<p>17h00 &#8211; Apresenta\u00e7\u00e3o da curta metragem \u00abInvent\u00e1rio dos pequenos futuristas\u00bb&nbsp;&#8211; Igor Amin   (participa\u00e7\u00e3o <em>online<\/em>).<\/p>\n\n\n\n<p>17h40 &#8211; Final dos trabalhos <strong>&#8211;&nbsp;<\/strong>resumo\/ reflex\u00e3o com interven\u00e7\u00f5es dos estudantes e dinamiza\u00e7\u00e3o pelos professores da UC de Pr\u00e1tica Pedag\u00f3gica III.<\/p>\n\n\n\n<p class=\"has-small-font-size\"><em>Entrada livre<\/em><\/p>\n\n\n\n<figure class=\"wp-block-gallery has-nested-images columns-default is-cropped wp-block-gallery-1 is-layout-flex wp-block-gallery-is-layout-flex\">\n<figure class=\"wp-block-image size-large\"><img loading=\"lazy\" decoding=\"async\" width=\"1024\" height=\"683\" data-id=\"2323\" src=\"https:\/\/sites.ipleiria.pt\/maiocriativo2023\/files\/2023\/05\/IMG_0006-1024x683.jpg\" alt=\"\" class=\"wp-image-2323\" srcset=\"https:\/\/sites.ipleiria.pt\/maiocriativo2023\/files\/2023\/05\/IMG_0006-1024x683.jpg 1024w, https:\/\/sites.ipleiria.pt\/maiocriativo2023\/files\/2023\/05\/IMG_0006-300x200.jpg 300w, https:\/\/sites.ipleiria.pt\/maiocriativo2023\/files\/2023\/05\/IMG_0006-768x512.jpg 768w, https:\/\/sites.ipleiria.pt\/maiocriativo2023\/files\/2023\/05\/IMG_0006-1536x1024.jpg 1536w, https:\/\/sites.ipleiria.pt\/maiocriativo2023\/files\/2023\/05\/IMG_0006-2048x1365.jpg 2048w\" sizes=\"auto, (max-width: 767px) 89vw, (max-width: 1000px) 54vw, (max-width: 1071px) 543px, 580px\" \/><figcaption>Pedro Morou\u00e7o, Diretor da ESECS<\/figcaption><\/figure>\n\n\n\n<figure class=\"wp-block-image size-large\"><img loading=\"lazy\" decoding=\"async\" width=\"1024\" height=\"683\" data-id=\"2324\" src=\"https:\/\/sites.ipleiria.pt\/maiocriativo2023\/files\/2023\/05\/IMG_0008-1024x683.jpg\" alt=\"\" class=\"wp-image-2324\" srcset=\"https:\/\/sites.ipleiria.pt\/maiocriativo2023\/files\/2023\/05\/IMG_0008-1024x683.jpg 1024w, https:\/\/sites.ipleiria.pt\/maiocriativo2023\/files\/2023\/05\/IMG_0008-300x200.jpg 300w, https:\/\/sites.ipleiria.pt\/maiocriativo2023\/files\/2023\/05\/IMG_0008-768x512.jpg 768w, https:\/\/sites.ipleiria.pt\/maiocriativo2023\/files\/2023\/05\/IMG_0008-1536x1024.jpg 1536w, https:\/\/sites.ipleiria.pt\/maiocriativo2023\/files\/2023\/05\/IMG_0008-2048x1365.jpg 2048w\" sizes=\"auto, (max-width: 767px) 89vw, (max-width: 1000px) 54vw, (max-width: 1071px) 543px, 580px\" \/><\/figure>\n<\/figure>\n\n\n\n<figure class=\"wp-block-gallery has-nested-images columns-default is-cropped wp-block-gallery-2 is-layout-flex wp-block-gallery-is-layout-flex\">\n<figure class=\"wp-block-image size-large\"><img loading=\"lazy\" decoding=\"async\" width=\"683\" height=\"1024\" data-id=\"2338\" src=\"https:\/\/sites.ipleiria.pt\/maiocriativo2023\/files\/2023\/05\/IMG_0093-1-683x1024.jpg\" alt=\"\" class=\"wp-image-2338\" srcset=\"https:\/\/sites.ipleiria.pt\/maiocriativo2023\/files\/2023\/05\/IMG_0093-1-683x1024.jpg 683w, https:\/\/sites.ipleiria.pt\/maiocriativo2023\/files\/2023\/05\/IMG_0093-1-200x300.jpg 200w, https:\/\/sites.ipleiria.pt\/maiocriativo2023\/files\/2023\/05\/IMG_0093-1-768x1152.jpg 768w, https:\/\/sites.ipleiria.pt\/maiocriativo2023\/files\/2023\/05\/IMG_0093-1-1024x1536.jpg 1024w, https:\/\/sites.ipleiria.pt\/maiocriativo2023\/files\/2023\/05\/IMG_0093-1-1365x2048.jpg 1365w, https:\/\/sites.ipleiria.pt\/maiocriativo2023\/files\/2023\/05\/IMG_0093-1-scaled.jpg 1706w\" sizes=\"auto, (max-width: 683px) 100vw, 683px\" \/><figcaption>Sara Brighenti, Subcomiss\u00e1ria do Plano Nacional das Artes<\/figcaption><\/figure>\n\n\n\n<figure class=\"wp-block-image size-large\"><img loading=\"lazy\" decoding=\"async\" width=\"683\" height=\"1024\" data-id=\"2341\" src=\"https:\/\/sites.ipleiria.pt\/maiocriativo2023\/files\/2023\/05\/IMG_0050-1-683x1024.jpg\" alt=\"\" class=\"wp-image-2341\" srcset=\"https:\/\/sites.ipleiria.pt\/maiocriativo2023\/files\/2023\/05\/IMG_0050-1-683x1024.jpg 683w, https:\/\/sites.ipleiria.pt\/maiocriativo2023\/files\/2023\/05\/IMG_0050-1-200x300.jpg 200w, https:\/\/sites.ipleiria.pt\/maiocriativo2023\/files\/2023\/05\/IMG_0050-1-768x1152.jpg 768w, https:\/\/sites.ipleiria.pt\/maiocriativo2023\/files\/2023\/05\/IMG_0050-1-1024x1536.jpg 1024w, https:\/\/sites.ipleiria.pt\/maiocriativo2023\/files\/2023\/05\/IMG_0050-1-1365x2048.jpg 1365w, https:\/\/sites.ipleiria.pt\/maiocriativo2023\/files\/2023\/05\/IMG_0050-1-scaled.jpg 1706w\" sizes=\"auto, (max-width: 683px) 100vw, 683px\" \/><figcaption>Cec\u00edlia Correira, Coordenadora de PCE <\/figcaption><\/figure>\n<\/figure>\n\n\n\n<figure class=\"wp-block-gallery has-nested-images columns-default is-cropped wp-block-gallery-3 is-layout-flex wp-block-gallery-is-layout-flex\">\n<figure class=\"wp-block-image size-large\"><img loading=\"lazy\" decoding=\"async\" width=\"1024\" height=\"683\" data-id=\"2326\" src=\"https:\/\/sites.ipleiria.pt\/maiocriativo2023\/files\/2023\/05\/IMG_0068-2-1024x683.jpg\" alt=\"\" class=\"wp-image-2326\" srcset=\"https:\/\/sites.ipleiria.pt\/maiocriativo2023\/files\/2023\/05\/IMG_0068-2-1024x683.jpg 1024w, https:\/\/sites.ipleiria.pt\/maiocriativo2023\/files\/2023\/05\/IMG_0068-2-300x200.jpg 300w, https:\/\/sites.ipleiria.pt\/maiocriativo2023\/files\/2023\/05\/IMG_0068-2-768x512.jpg 768w, https:\/\/sites.ipleiria.pt\/maiocriativo2023\/files\/2023\/05\/IMG_0068-2-1536x1024.jpg 1536w, https:\/\/sites.ipleiria.pt\/maiocriativo2023\/files\/2023\/05\/IMG_0068-2-2048x1365.jpg 2048w\" sizes=\"auto, (max-width: 767px) 89vw, (max-width: 1000px) 54vw, (max-width: 1071px) 543px, 580px\" \/><figcaption>Trabalhos do 2.\u00ba ano de Educa\u00e7\u00e3o B\u00e1sica<\/figcaption><\/figure>\n\n\n\n<figure class=\"wp-block-image size-large\"><img loading=\"lazy\" decoding=\"async\" width=\"1024\" height=\"683\" data-id=\"2327\" src=\"https:\/\/sites.ipleiria.pt\/maiocriativo2023\/files\/2023\/05\/IMG_0027-1024x683.jpg\" alt=\"\" class=\"wp-image-2327\" srcset=\"https:\/\/sites.ipleiria.pt\/maiocriativo2023\/files\/2023\/05\/IMG_0027-1024x683.jpg 1024w, https:\/\/sites.ipleiria.pt\/maiocriativo2023\/files\/2023\/05\/IMG_0027-300x200.jpg 300w, https:\/\/sites.ipleiria.pt\/maiocriativo2023\/files\/2023\/05\/IMG_0027-768x512.jpg 768w, https:\/\/sites.ipleiria.pt\/maiocriativo2023\/files\/2023\/05\/IMG_0027-1536x1024.jpg 1536w, https:\/\/sites.ipleiria.pt\/maiocriativo2023\/files\/2023\/05\/IMG_0027-2048x1365.jpg 2048w\" sizes=\"auto, (max-width: 767px) 89vw, (max-width: 1000px) 54vw, (max-width: 1071px) 543px, 580px\" \/><figcaption>Patr\u00edcia Martins, Sandrina Abreu e alunos do Agrupamento de Escolas de Marrazes<\/figcaption><\/figure>\n<\/figure>\n\n\n\n<figure class=\"wp-block-gallery has-nested-images columns-default is-cropped wp-block-gallery-4 is-layout-flex wp-block-gallery-is-layout-flex\">\n<figure class=\"wp-block-image size-large\"><img loading=\"lazy\" decoding=\"async\" width=\"1024\" height=\"682\" data-id=\"2329\" src=\"https:\/\/sites.ipleiria.pt\/maiocriativo2023\/files\/2023\/05\/IMG_0130-1024x682.jpg\" alt=\"\" class=\"wp-image-2329\" srcset=\"https:\/\/sites.ipleiria.pt\/maiocriativo2023\/files\/2023\/05\/IMG_0130-1024x682.jpg 1024w, https:\/\/sites.ipleiria.pt\/maiocriativo2023\/files\/2023\/05\/IMG_0130-300x200.jpg 300w, https:\/\/sites.ipleiria.pt\/maiocriativo2023\/files\/2023\/05\/IMG_0130-768x512.jpg 768w, https:\/\/sites.ipleiria.pt\/maiocriativo2023\/files\/2023\/05\/IMG_0130-1536x1024.jpg 1536w, https:\/\/sites.ipleiria.pt\/maiocriativo2023\/files\/2023\/05\/IMG_0130-2048x1365.jpg 2048w\" sizes=\"auto, (max-width: 767px) 89vw, (max-width: 1000px) 54vw, (max-width: 1071px) 543px, 580px\" \/><figcaption>Paulo Sim\u00f5es<\/figcaption><\/figure>\n\n\n\n<figure class=\"wp-block-image size-large\"><img loading=\"lazy\" decoding=\"async\" width=\"1024\" height=\"682\" data-id=\"2328\" src=\"https:\/\/sites.ipleiria.pt\/maiocriativo2023\/files\/2023\/05\/IMG_0064-1024x682.jpg\" alt=\"\" class=\"wp-image-2328\" srcset=\"https:\/\/sites.ipleiria.pt\/maiocriativo2023\/files\/2023\/05\/IMG_0064-1024x682.jpg 1024w, https:\/\/sites.ipleiria.pt\/maiocriativo2023\/files\/2023\/05\/IMG_0064-300x200.jpg 300w, https:\/\/sites.ipleiria.pt\/maiocriativo2023\/files\/2023\/05\/IMG_0064-768x512.jpg 768w, https:\/\/sites.ipleiria.pt\/maiocriativo2023\/files\/2023\/05\/IMG_0064-1536x1024.jpg 1536w, https:\/\/sites.ipleiria.pt\/maiocriativo2023\/files\/2023\/05\/IMG_0064-2048x1365.jpg 2048w\" sizes=\"auto, (max-width: 767px) 89vw, (max-width: 1000px) 54vw, (max-width: 1071px) 543px, 580px\" \/><figcaption>Cec\u00edlia Correia<\/figcaption><\/figure>\n<\/figure>\n\n\n\n<figure class=\"wp-block-gallery has-nested-images columns-default is-cropped wp-block-gallery-5 is-layout-flex wp-block-gallery-is-layout-flex\">\n<figure class=\"wp-block-image size-large\"><img loading=\"lazy\" decoding=\"async\" width=\"1024\" height=\"683\" data-id=\"2330\" src=\"https:\/\/sites.ipleiria.pt\/maiocriativo2023\/files\/2023\/05\/IMG_0110-1024x683.jpg\" alt=\"\" class=\"wp-image-2330\" srcset=\"https:\/\/sites.ipleiria.pt\/maiocriativo2023\/files\/2023\/05\/IMG_0110-1024x683.jpg 1024w, https:\/\/sites.ipleiria.pt\/maiocriativo2023\/files\/2023\/05\/IMG_0110-300x200.jpg 300w, https:\/\/sites.ipleiria.pt\/maiocriativo2023\/files\/2023\/05\/IMG_0110-768x512.jpg 768w, https:\/\/sites.ipleiria.pt\/maiocriativo2023\/files\/2023\/05\/IMG_0110-1536x1024.jpg 1536w, https:\/\/sites.ipleiria.pt\/maiocriativo2023\/files\/2023\/05\/IMG_0110-2048x1365.jpg 2048w\" sizes=\"auto, (max-width: 767px) 89vw, (max-width: 1000px) 54vw, (max-width: 1071px) 543px, 580px\" \/><figcaption>Am\u00e1bile Bezinelli<\/figcaption><\/figure>\n\n\n\n<figure class=\"wp-block-image size-large\"><img loading=\"lazy\" decoding=\"async\" width=\"1024\" height=\"683\" data-id=\"2339\" src=\"https:\/\/sites.ipleiria.pt\/maiocriativo2023\/files\/2023\/05\/IMG_0080-1-1024x683.jpg\" alt=\"\" class=\"wp-image-2339\" srcset=\"https:\/\/sites.ipleiria.pt\/maiocriativo2023\/files\/2023\/05\/IMG_0080-1-1024x683.jpg 1024w, https:\/\/sites.ipleiria.pt\/maiocriativo2023\/files\/2023\/05\/IMG_0080-1-300x200.jpg 300w, https:\/\/sites.ipleiria.pt\/maiocriativo2023\/files\/2023\/05\/IMG_0080-1-768x512.jpg 768w, https:\/\/sites.ipleiria.pt\/maiocriativo2023\/files\/2023\/05\/IMG_0080-1-1536x1024.jpg 1536w, https:\/\/sites.ipleiria.pt\/maiocriativo2023\/files\/2023\/05\/IMG_0080-1-2048x1365.jpg 2048w\" sizes=\"auto, (max-width: 767px) 89vw, (max-width: 1000px) 54vw, (max-width: 1071px) 543px, 580px\" \/><figcaption>Trabalhos do 2.\u00ba ano de Educa\u00e7\u00e3o B\u00e1sica<\/figcaption><\/figure>\n<\/figure>\n\n\n\n<figure class=\"wp-block-gallery has-nested-images columns-default is-cropped wp-block-gallery-6 is-layout-flex wp-block-gallery-is-layout-flex\">\n<figure class=\"wp-block-image size-large\"><img loading=\"lazy\" decoding=\"async\" width=\"1024\" height=\"683\" data-id=\"2340\" src=\"https:\/\/sites.ipleiria.pt\/maiocriativo2023\/files\/2023\/05\/IMG_0141-1024x683.jpg\" alt=\"\" class=\"wp-image-2340\" srcset=\"https:\/\/sites.ipleiria.pt\/maiocriativo2023\/files\/2023\/05\/IMG_0141-1024x683.jpg 1024w, https:\/\/sites.ipleiria.pt\/maiocriativo2023\/files\/2023\/05\/IMG_0141-300x200.jpg 300w, https:\/\/sites.ipleiria.pt\/maiocriativo2023\/files\/2023\/05\/IMG_0141-768x512.jpg 768w, https:\/\/sites.ipleiria.pt\/maiocriativo2023\/files\/2023\/05\/IMG_0141-1536x1024.jpg 1536w, https:\/\/sites.ipleiria.pt\/maiocriativo2023\/files\/2023\/05\/IMG_0141-2048x1365.jpg 2048w\" sizes=\"auto, (max-width: 767px) 89vw, (max-width: 1000px) 54vw, (max-width: 1071px) 543px, 580px\" \/><\/figure>\n\n\n\n<figure class=\"wp-block-image size-large\"><img loading=\"lazy\" decoding=\"async\" width=\"1024\" height=\"683\" data-id=\"2342\" src=\"https:\/\/sites.ipleiria.pt\/maiocriativo2023\/files\/2023\/05\/IMG_0083-1024x683.jpg\" alt=\"\" class=\"wp-image-2342\" srcset=\"https:\/\/sites.ipleiria.pt\/maiocriativo2023\/files\/2023\/05\/IMG_0083-1024x683.jpg 1024w, https:\/\/sites.ipleiria.pt\/maiocriativo2023\/files\/2023\/05\/IMG_0083-300x200.jpg 300w, https:\/\/sites.ipleiria.pt\/maiocriativo2023\/files\/2023\/05\/IMG_0083-768x512.jpg 768w, https:\/\/sites.ipleiria.pt\/maiocriativo2023\/files\/2023\/05\/IMG_0083-1536x1024.jpg 1536w, https:\/\/sites.ipleiria.pt\/maiocriativo2023\/files\/2023\/05\/IMG_0083-2048x1365.jpg 2048w\" sizes=\"auto, (max-width: 767px) 89vw, (max-width: 1000px) 54vw, (max-width: 1071px) 543px, 580px\" \/><\/figure>\n<\/figure>\n\n\n\n<figure class=\"wp-block-gallery has-nested-images columns-default is-cropped wp-block-gallery-7 is-layout-flex wp-block-gallery-is-layout-flex\">\n<figure class=\"wp-block-image size-large\"><img loading=\"lazy\" decoding=\"async\" width=\"1024\" height=\"683\" data-id=\"2343\" src=\"https:\/\/sites.ipleiria.pt\/maiocriativo2023\/files\/2023\/05\/IMG_0173-1-1024x683.jpg\" alt=\"\" class=\"wp-image-2343\" srcset=\"https:\/\/sites.ipleiria.pt\/maiocriativo2023\/files\/2023\/05\/IMG_0173-1-1024x683.jpg 1024w, https:\/\/sites.ipleiria.pt\/maiocriativo2023\/files\/2023\/05\/IMG_0173-1-300x200.jpg 300w, https:\/\/sites.ipleiria.pt\/maiocriativo2023\/files\/2023\/05\/IMG_0173-1-768x512.jpg 768w, https:\/\/sites.ipleiria.pt\/maiocriativo2023\/files\/2023\/05\/IMG_0173-1-1536x1024.jpg 1536w, https:\/\/sites.ipleiria.pt\/maiocriativo2023\/files\/2023\/05\/IMG_0173-1-2048x1365.jpg 2048w\" sizes=\"auto, (max-width: 767px) 89vw, (max-width: 1000px) 54vw, (max-width: 1071px) 543px, 580px\" \/><figcaption>Artur Rosa<\/figcaption><\/figure>\n\n\n\n<figure class=\"wp-block-image size-large\"><img loading=\"lazy\" decoding=\"async\" width=\"1024\" height=\"683\" data-id=\"2344\" src=\"https:\/\/sites.ipleiria.pt\/maiocriativo2023\/files\/2023\/05\/IMG_0203-1-1024x683.jpg\" alt=\"\" class=\"wp-image-2344\" srcset=\"https:\/\/sites.ipleiria.pt\/maiocriativo2023\/files\/2023\/05\/IMG_0203-1-1024x683.jpg 1024w, https:\/\/sites.ipleiria.pt\/maiocriativo2023\/files\/2023\/05\/IMG_0203-1-300x200.jpg 300w, https:\/\/sites.ipleiria.pt\/maiocriativo2023\/files\/2023\/05\/IMG_0203-1-768x512.jpg 768w, https:\/\/sites.ipleiria.pt\/maiocriativo2023\/files\/2023\/05\/IMG_0203-1-1536x1024.jpg 1536w, https:\/\/sites.ipleiria.pt\/maiocriativo2023\/files\/2023\/05\/IMG_0203-1-2048x1365.jpg 2048w\" sizes=\"auto, (max-width: 767px) 89vw, (max-width: 1000px) 54vw, (max-width: 1071px) 543px, 580px\" \/><figcaption>Igor Amin<\/figcaption><\/figure>\n<\/figure>\n","protected":false},"excerpt":{"rendered":"<p>Semin\u00e1rio #1 &#8211; Contextos educativos e pr\u00e1ticas de promo\u00e7\u00e3o das artes e da cultura Evento organizado pelo curso de licenciatura em Educa\u00e7\u00e3o B\u00e1sica que visa a divulga\u00e7\u00e3o de pr\u00e1ticas de promo\u00e7\u00e3o das artes e da cultura em contextos de educa\u00e7\u00e3o formal e n\u00e3o formal e o contacto com artistas, educadores e outros intervenientes que desenvolvem &hellip; <\/p>\n<p class=\"link-more\"><a href=\"https:\/\/sites.ipleiria.pt\/maiocriativo2023\/password-educacao-basica\/\" class=\"more-link\">Continuar a ler <span class=\"screen-reader-text\">&#8220;Password: Educa\u00e7\u00e3o B\u00e1sica&#8221;<\/span><\/a><\/p>\n","protected":false},"author":831,"featured_media":0,"parent":0,"menu_order":0,"comment_status":"closed","ping_status":"closed","template":"","meta":{"footnotes":""},"class_list":["post-2264","page","type-page","status-publish","hentry"],"_links":{"self":[{"href":"https:\/\/sites.ipleiria.pt\/maiocriativo2023\/wp-json\/wp\/v2\/pages\/2264","targetHints":{"allow":["GET"]}}],"collection":[{"href":"https:\/\/sites.ipleiria.pt\/maiocriativo2023\/wp-json\/wp\/v2\/pages"}],"about":[{"href":"https:\/\/sites.ipleiria.pt\/maiocriativo2023\/wp-json\/wp\/v2\/types\/page"}],"author":[{"embeddable":true,"href":"https:\/\/sites.ipleiria.pt\/maiocriativo2023\/wp-json\/wp\/v2\/users\/831"}],"replies":[{"embeddable":true,"href":"https:\/\/sites.ipleiria.pt\/maiocriativo2023\/wp-json\/wp\/v2\/comments?post=2264"}],"version-history":[{"count":13,"href":"https:\/\/sites.ipleiria.pt\/maiocriativo2023\/wp-json\/wp\/v2\/pages\/2264\/revisions"}],"predecessor-version":[{"id":2350,"href":"https:\/\/sites.ipleiria.pt\/maiocriativo2023\/wp-json\/wp\/v2\/pages\/2264\/revisions\/2350"}],"wp:attachment":[{"href":"https:\/\/sites.ipleiria.pt\/maiocriativo2023\/wp-json\/wp\/v2\/media?parent=2264"}],"curies":[{"name":"wp","href":"https:\/\/api.w.org\/{rel}","templated":true}]}}