{"id":1490,"date":"2022-04-02T08:52:20","date_gmt":"2022-04-02T08:52:20","guid":{"rendered":"https:\/\/sites.ipleiria.pt\/maiocriativo2022\/?page_id=1490"},"modified":"2024-05-01T07:26:47","modified_gmt":"2024-05-01T07:26:47","slug":"apresentacao","status":"publish","type":"page","link":"https:\/\/sites.ipleiria.pt\/maiocriativo2024\/","title":{"rendered":"O que \u00e9 o \u00abMaio Criativo\u00bb?"},"content":{"rendered":"\n<div class=\"wp-block-columns is-layout-flex wp-container-core-columns-is-layout-1 wp-block-columns-is-layout-flex\">\n<div class=\"wp-block-column is-layout-flow wp-block-column-is-layout-flow\" style=\"flex-basis:66.66%\">\n<p>O Projeto de Interven\u00e7\u00e3o e Anima\u00e7\u00e3o Art\u00edsticas Maio Criativo concretiza a sua sexta edi\u00e7\u00e3o em 2024 e \u00e9 uma iniciativa dos estudantes, dos professores e da Comiss\u00e3o Cient\u00edfica do Curso de Mestrado em Interven\u00e7\u00e3o e Anima\u00e7\u00e3o Art\u00edsticas da Escola Superior de Educa\u00e7\u00e3o e Ci\u00eancias Sociais do Polit\u00e9cnico de Leiria. <\/p>\n\n\n\n<p>Assume-se como um projeto de inova\u00e7\u00e3o pedag\u00f3gica que possibilita a viv\u00eancia de experi\u00eancias pr\u00e1ticas de interven\u00e7\u00e3o, tendo as linguagens art\u00edsticas como ferramentas. Para tal, visa proporcionar experi\u00eancias art\u00edsticas a estudantes da ESECS e a outros intervenientes e refletir sobre a sua import\u00e2ncia e transferibilidade para os espa\u00e7os de interven\u00e7\u00e3o educativa, social e cultural.<\/p>\n\n\n\n<p>Mais uma vez, esta edi\u00e7\u00e3o tem os seguintes objetivos:<\/p>\n\n\n\n<p>&#8211; Promover experi\u00eancias art\u00edsticas em diferentes espa\u00e7os da comunidade; <\/p>\n\n\n\n<p>&#8211; Promover a partilha de conhecimento te\u00f3rico e pr\u00e1tico sobre interven\u00e7\u00e3o e anima\u00e7\u00e3o art\u00edsticas; <\/p>\n\n\n\n<p>&#8211; Divulgar trabalhos de express\u00e3o art\u00edstica realizados por estudantes da ESECS que tenham forma\u00e7\u00e3o art\u00edstica nos seus planos de estudos.<\/p>\n\n\n\n<p>A programa\u00e7\u00e3o do Maio Criativo 2024 inclui:  <\/p>\n\n\n\n<ul class=\"wp-block-list\">\n<li>Ateli\u00eas &#8211; m\u00fasica, dan\u00e7a, fotografia, express\u00e3o pl\u00e1stica, teatro e express\u00f5es integradas<\/li>\n\n\n\n<li>Semin\u00e1rios \/ encontros<\/li>\n\n\n\n<li>Aulas abertas<\/li>\n\n\n\n<li>Espet\u00e1culos<\/li>\n\n\n\n<li>Exposi\u00e7\u00f5es<\/li>\n<\/ul>\n<\/div>\n\n\n\n<div class=\"wp-block-column is-layout-flow wp-block-column-is-layout-flow\" style=\"flex-basis:33.33%\">\n<p> <strong>Organiza\u00e7\u00e3o:  <\/strong><\/p>\n\n\n<div class=\"wp-block-image is-resized\">\n<figure class=\"alignleft size-large\"><a href=\"https:\/\/www.facebook.com\/MIAAESECS\"><img decoding=\"async\" src=\"https:\/\/sites.ipleiria.pt\/maiocriativo2021\/files\/2021\/04\/MIAA-COLOR.jpg\" alt=\"\" class=\"wp-image-55\" \/><\/a><\/figure><\/div>\n\n\n<p><strong>  <\/strong>  <\/p>\n\n\n\n<p><strong>Colabora\u00e7\u00e3o:<\/strong><\/p>\n\n\n\n<figure class=\"wp-block-image size-large is-resized\"><img decoding=\"async\" src=\"https:\/\/sites.ipleiria.pt\/maiocriativo2021\/files\/2021\/04\/esecs_h-01-1.png\" alt=\"\" class=\"wp-image-57\" style=\"width:237px;height:44px\" \/><\/figure>\n\n\n\n<div class=\"wp-block-group\"><div class=\"wp-block-group__inner-container is-layout-constrained wp-block-group-is-layout-constrained\">\n<figure class=\"wp-block-image size-large\"><img decoding=\"async\" src=\"https:\/\/sites.ipleiria.pt\/maiocriativo2021\/files\/2021\/04\/cropped-cidei_H60.png\" alt=\"\" class=\"wp-image-112\" \/><\/figure>\n<\/div><\/div>\n\n\n\n<figure class=\"wp-block-image size-large is-resized\"><img decoding=\"async\" src=\"https:\/\/sites.ipleiria.pt\/maiocriativo2021\/files\/2021\/04\/jj.png\" alt=\"\" class=\"wp-image-162\" style=\"width:218px;height:98px\" \/><\/figure>\n\n\n\n<figure class=\"wp-block-image size-large\"><img loading=\"lazy\" decoding=\"async\" width=\"1024\" height=\"766\" src=\"https:\/\/sites.ipleiria.pt\/maiocriativo2024\/files\/2024\/04\/Artboard-14@7x-1024x766.png\" alt=\"\" class=\"wp-image-2583\" srcset=\"https:\/\/sites.ipleiria.pt\/maiocriativo2024\/files\/2024\/04\/Artboard-14@7x-1024x766.png 1024w, https:\/\/sites.ipleiria.pt\/maiocriativo2024\/files\/2024\/04\/Artboard-14@7x-300x225.png 300w, https:\/\/sites.ipleiria.pt\/maiocriativo2024\/files\/2024\/04\/Artboard-14@7x-768x575.png 768w, https:\/\/sites.ipleiria.pt\/maiocriativo2024\/files\/2024\/04\/Artboard-14@7x.png 1280w\" sizes=\"auto, (max-width: 706px) 89vw, (max-width: 767px) 82vw, 740px\" \/><\/figure>\n<\/div>\n<\/div>\n\n\n\n<p style=\"font-size:16px\"><a href=\"https:\/\/sites.ipleiria.pt\/maiocriativo\/\" target=\"_blank\" rel=\"noreferrer noopener\">Conhe\u00e7a as edi\u00e7\u00f5es de 2018, 2019<\/a>, <a href=\"https:\/\/sites.ipleiria.pt\/maiocriativo2021\/\">2021<\/a>, <a href=\"https:\/\/sites.ipleiria.pt\/maiocriativo2022\/\">2022<\/a> e <a href=\"https:\/\/sites.ipleiria.pt\/maiocriativo2023\/\">2023<\/a><br><strong>Maio ser\u00e1 (mais uma vez) Criativo!!!<\/strong><\/p>\n","protected":false},"excerpt":{"rendered":"<p>O Projeto de Interven\u00e7\u00e3o e Anima\u00e7\u00e3o Art\u00edsticas Maio Criativo concretiza a sua sexta edi\u00e7\u00e3o em 2024 e \u00e9 uma iniciativa dos estudantes, dos professores e da Comiss\u00e3o Cient\u00edfica do Curso de Mestrado em Interven\u00e7\u00e3o e Anima\u00e7\u00e3o Art\u00edsticas da Escola Superior de Educa\u00e7\u00e3o e Ci\u00eancias Sociais do Polit\u00e9cnico de Leiria. Assume-se como um projeto de inova\u00e7\u00e3o &hellip; <\/p>\n<p class=\"link-more\"><a href=\"https:\/\/sites.ipleiria.pt\/maiocriativo2024\/\" class=\"more-link\">Continuar a ler <span class=\"screen-reader-text\">&#8220;O que \u00e9 o \u00abMaio Criativo\u00bb?&#8221;<\/span><\/a><\/p>\n","protected":false},"author":102,"featured_media":0,"parent":0,"menu_order":1,"comment_status":"closed","ping_status":"closed","template":"","meta":{"footnotes":""},"class_list":["post-1490","page","type-page","status-publish","hentry"],"_links":{"self":[{"href":"https:\/\/sites.ipleiria.pt\/maiocriativo2024\/wp-json\/wp\/v2\/pages\/1490","targetHints":{"allow":["GET"]}}],"collection":[{"href":"https:\/\/sites.ipleiria.pt\/maiocriativo2024\/wp-json\/wp\/v2\/pages"}],"about":[{"href":"https:\/\/sites.ipleiria.pt\/maiocriativo2024\/wp-json\/wp\/v2\/types\/page"}],"author":[{"embeddable":true,"href":"https:\/\/sites.ipleiria.pt\/maiocriativo2024\/wp-json\/wp\/v2\/users\/102"}],"replies":[{"embeddable":true,"href":"https:\/\/sites.ipleiria.pt\/maiocriativo2024\/wp-json\/wp\/v2\/comments?post=1490"}],"version-history":[{"count":5,"href":"https:\/\/sites.ipleiria.pt\/maiocriativo2024\/wp-json\/wp\/v2\/pages\/1490\/revisions"}],"predecessor-version":[{"id":2630,"href":"https:\/\/sites.ipleiria.pt\/maiocriativo2024\/wp-json\/wp\/v2\/pages\/1490\/revisions\/2630"}],"wp:attachment":[{"href":"https:\/\/sites.ipleiria.pt\/maiocriativo2024\/wp-json\/wp\/v2\/media?parent=1490"}],"curies":[{"name":"wp","href":"https:\/\/api.w.org\/{rel}","templated":true}]}}