{"id":1493,"date":"2022-04-02T08:53:32","date_gmt":"2022-04-02T08:53:32","guid":{"rendered":"https:\/\/sites.ipleiria.pt\/maiocriativo2022\/?page_id=1493"},"modified":"2024-06-02T14:20:02","modified_gmt":"2024-06-02T14:20:02","slug":"programa","status":"publish","type":"page","link":"https:\/\/sites.ipleiria.pt\/maiocriativo2024\/programa\/","title":{"rendered":"Programa"},"content":{"rendered":"\n<div class=\"wp-block-columns is-layout-flex wp-container-core-columns-is-layout-1 wp-block-columns-is-layout-flex\">\n<div class=\"wp-block-column is-layout-flow wp-block-column-is-layout-flow\" style=\"flex-basis:100%\">\n<figure class=\"wp-block-table is-style-regular\"><table><thead><tr><th>Dia<\/th><th>Hora <\/th><th>Atividade<\/th><\/tr><\/thead><tbody><tr><td><strong>2 <\/strong><br>quinta<\/td><td><br><\/td><td><strong>In\u00edcio do Projeto de Interven\u00e7\u00e3o e Anima\u00e7\u00e3o Art\u00edsticas Maio Criativo 2024<\/strong><\/td><\/tr><tr><td><strong>3<\/strong><br>sexta<\/td><td><\/td><td>In\u00edcio das exposi\u00e7\u00f5es no <em>iboard<\/em> do \u00e1trio da ESECS<\/td><\/tr><tr><td><strong>6<\/strong><br>segunda<\/td><td>14h00<br><br><br><br><\/td><td><strong>Evento:<\/strong> Workshop de Criatividade Art\u00edstica<br><strong>Dinamiza\u00e7\u00e3o: <\/strong> Estudantes do TeSP de Interven\u00e7\u00e3o Sociocultural e Desportiva \/ Ana Judite Medeiros \/ Docentes da ESECS<br><strong>Local:<\/strong> EB1 Amarela<br><br><br><strong>Evento:<\/strong> &#8220;Can\u00e7\u00f5es de c\u00e1 e de l\u00e1&#8221; com Ana Judite Medeiros (piano) e Ana Carreira (voz)<br><strong>Local:<\/strong> A.0.4 &#8211; Laborat\u00f3rio de M\u00fasica<\/td><\/tr><tr><td><strong>7<\/strong> &nbsp;<br>ter\u00e7a<\/td><td>10h00\/ 11h30<br><br><br><br><br><br>15h00<\/td><td><strong>Atividade<\/strong> \u00abSorrisos que curam\u00bb<br><strong>Local:<\/strong> Unidade Local de Sa\u00fade da Regi\u00e3o de Leiria <br><strong>Destinat\u00e1rios: <\/strong>p\u00fablico da Sala de Biol\u00f3gicos<br><strong>Dinamizadoras: <\/strong>Diana Oliveira e Margarida Moura<br><br><strong>Evento: <\/strong>Encerramento da Exposi\u00e7\u00e3o \u00abAsas de Abril &#8211; Voando com as palavras e as cores\u00bb<br><strong>Dinamiza\u00e7\u00e3o: <\/strong>SessenTuna e Grupo de Jograis do 60+<br><strong>Local: <\/strong>\u00c1trio do Edif\u00edcio A<\/td><\/tr><tr><td><strong>8<\/strong> &nbsp;<br>quarta<\/td><td>14h00<\/td><td><strong>Espet\u00e1culo \u00abEm busca da identidade perdida\u00bb<\/strong>, texto e apresenta\u00e7\u00e3o de Davide Jorge<br><strong>Local: <\/strong>Audit\u00f3rio 1<\/td><\/tr><tr><td><strong>9 &nbsp;<\/strong><br>quinta<\/td><td>14h00\/15h30<br><\/td><td><strong>Atividade<\/strong> \u00ab Cria(corpos) e relaxa(mentes)\u00bb<br><strong>Local:<\/strong> Unidade Local de Sa\u00fade da Regi\u00e3o de Leiria <br><strong>Destinat\u00e1rios:<\/strong> p\u00fablico do Hospital de Dia Polivalente<br><strong>Dinamizadores:<\/strong> Ana Cunha, Ana Ferreira, Diana Lavos, Sofia Neves, Telma Lopes<\/td><\/tr><tr><td><strong>10 <\/strong><br>sexta<\/td><td>18h30\/ 19h30<\/td><td><strong>Evento: <\/strong>Aula aberta \/ <em>online meeeting<\/em> \u00abA m\u00fasica d\u00e1 trabalho\u00bb, com Vasco Silva, Omnichord<br><strong>Online:<\/strong> <a href=\"https:\/\/videoconf-colibri.zoom.us\/j\/95346196144?fbclid=IwZXh0bgNhZW0CMTAAAR2LFXjtyT3wfz1JZnUm2iYfuCaMaeFcw3xkcgl-xMfXik06Qb5z8Nd-IZI_aem_AfqC3Y9Muly7Yr_Nfevji83pmo9ajSPeuxItttn7_Mdbyi2a0l9XTqq3p6ofu0xIlY82zY7WtwlmDn1GP3px6Zun\" target=\"_blank\" rel=\"noreferrer noopener\">https:\/\/videoconf-colibri.zoom.us\/j\/95346196144<\/a><\/td><\/tr><tr><td><strong>13<\/strong> <br>segunda<\/td><td><\/td><td>In\u00edcio da exposi\u00e7\u00e3o \u00abFenda\u00bb, mostra de fotografias realizadas por estudantes do Mestrado em Interven\u00e7\u00e3o e Anima\u00e7\u00e3o Art\u00edsticas &#8211; espa\u00e7o junto \u00e0 Biblioteca da ESECS.<\/td><\/tr><tr><td><strong>14<\/strong> <br>ter\u00e7a<\/td><td>9h00\/ 11h00<br><br><br><br><br>10h00\/ 11h30<\/td><td><strong>Atividade<\/strong> \u00ab Cria(corpos) e relaxa(mentes)\u00bb<br><strong>Local:<\/strong> Unidade Local de Sa\u00fade da Regi\u00e3o de Leiria <br><strong>Destinat\u00e1rios:<\/strong> p\u00fablico do Hospital de Dia Polivalente<br><strong>Dinamizadores:<\/strong> Ana Cunha, Ana Ferreira, Diana Lavos, Sofia Neves, Telma Lopes<br><br><strong>Atividade<\/strong> \u00abSorrisos que curam\u00bb<br><strong>Local:<\/strong> Unidade Local de Sa\u00fade da Regi\u00e3o de Leiria <br><strong>Destinat\u00e1rios: <\/strong>p\u00fablico da Sala de Biol\u00f3gicos<br><strong>Dinamizadoras: <\/strong>Diana Oliveira e Margarida Moura<\/td><\/tr><tr><td><strong>15<\/strong> &nbsp;<br>quarta<\/td><td>10h00<\/td><td><strong>Atividade<\/strong>: &#8220;Comboio dos Dinossauros&#8221;, Atividade de Express\u00e3o Pl\u00e1stica<br><strong>Local<\/strong>: Centro Social Paroquial dos Pousos &#8211; Centro Infantil<br><strong>Destinat\u00e1rios<\/strong>: Crian\u00e7as&nbsp;<br><strong>Dinamizadoras<\/strong>: Carolina Vicente, Luisa Lobo, Sofia Cardoso<\/td><\/tr><tr><td><strong>16 <\/strong>&nbsp;<br>quinta<\/td><td>10h00<br><\/td><td><strong>Atividade:<\/strong> V(\u00f3z) da Igual(idade): O viver do meu par<br><strong>Local<\/strong>: Centro Escolar de Cova da Iria<br><strong>Destinat\u00e1rios<\/strong>: crian\u00e7as e pessoas idosas<br><strong>Dinamizadoras<\/strong>: Eva Almeida, Henrique Pazos, Raquel Carvalho e Sofia Carvalho<\/td><\/tr><tr><td><strong>17<\/strong> <br>sexta<\/td><td>10h00<\/td><td><strong>Atividade<\/strong>: &#8220;A Letra do meu Nome&#8221;, Atividade de Express\u00e3o Pl\u00e1stica (Corte, Recorte e Colagem)<br><strong>Local<\/strong>: Centro Social Paroquial dos Pousos &#8211; Centro Infantil<br><strong>Destinat\u00e1rios<\/strong>: Crian\u00e7as&nbsp;<br><strong>Dinamizadores: <\/strong>Carolina Vicente, Luisa Lobo, Sofia Cardoso<\/td><\/tr><tr><td><strong>20 <\/strong>&nbsp;<br>segunda<\/td><td>11h00 \/ 13h00<br><\/td><td><strong>Evento:<\/strong> F\u00f3rum \u00abAs Bandas Filarm\u00f3nicas &#8211; da interven\u00e7\u00e3o na comunidade \u00e0 forma\u00e7\u00e3o\u00bb<br><strong>Dinamiza\u00e7\u00e3o: <\/strong> Estudantes da PG de Dire\u00e7\u00e3o de Bandas e Ensemble de Sopros<br><strong>Destinat\u00e1rios:<\/strong> Participa\u00e7\u00e3o livre<br><strong>Local:<\/strong> Online (link a disponibilizar)<\/td><\/tr><tr><td><strong>21<\/strong> &nbsp;<br>ter\u00e7a<\/td><td>9h30\/ 10h30<br><br><br><br><br><br>10h00 \/ 11h30<\/td><td><strong>Workshop<\/strong> \u00abDepois do stress vem a dan\u00e7a\u00bb <br><strong>Destinat\u00e1rios:<\/strong> Profissionais de Unidade Local de Sa\u00fade da Regi\u00e3o de Leiria<br><strong>Dinamizadores:<\/strong> Ana Cunha, Ana Ferreira, Diana Lavos, Sofia Neves, Telma Lopes<br><br><strong>Atividade<\/strong> \u00abSorrisos que curam\u00bb<br><strong>Local:<\/strong> Unidade Local de Sa\u00fade da Regi\u00e3o de Leiria <br><strong>Destinat\u00e1rios: <\/strong>p\u00fablico da Sala de Biol\u00f3gicos<br><strong>Dinamizadoras: <\/strong>Diana Oliveira e Margarida Moura<br><mark style=\"background-color:#8ed1fc\" class=\"has-inline-color\"><\/mark><\/td><\/tr><tr><td><strong>22<\/strong><br>quarta<\/td><td><\/td><td>&#8212; feriado municipal &#8212;<\/td><\/tr><tr><td><strong>23<\/strong> <br>quinta<\/td><td>18h00<\/td><td><strong>Espet\u00e1culo \u00abUma tarde com humor &#8211; Stand-Up Comedy com Max Coliban e Miguel Vieira\u00bb<\/strong><br><strong>Local:<\/strong> Audit\u00f3rio 1<br>Entrada livre<\/td><\/tr><tr><td><strong>24<\/strong> <br>sexta<\/td><td>10h00<br><br><br><br><br>10h00<br><br><br><br><br><br><br>15h30<br><\/td><td><strong>Atividade<\/strong>: V(\u00f3z) da Igual(idade): Vamos criar juntos<br><strong>Local<\/strong>: ESECS (Escola Superior de Educa\u00e7\u00e3o e Ci\u00eancias Sociais)<br><strong>Destinat\u00e1rios<\/strong>: crian\u00e7as e pessoas idosas<br><strong>Dinamizadoras<\/strong>: Eva Almeida, Henrique Pazos, Raquel Carvalho e Sofia Carvalho<br><br><strong>Atividade<\/strong>: &#8220;\u00c0 Descoberta dos Alimentos&#8221;, Atividade de identifica\u00e7\u00e3o e associa\u00e7\u00e3o de conceitos.<br><strong>Local<\/strong>: Centro Social Paroquial dos Pousos &#8211; Centro Infantil<br><strong>Destinat\u00e1rios<\/strong>: Crian\u00e7as&nbsp;<br><strong>Dinamizadores:&nbsp;<\/strong>Carolina Vicente, Luisa Lobo, Sofia Cardoso<br><br><strong>Atividade<\/strong>: Workshop \u00abO&nbsp;<em>storytelling<\/em>&nbsp;visual como recurso de comunica\u00e7\u00e3o\u00bb<br><strong>Local:<\/strong> N\u00facleo de Forma\u00e7\u00e3o de Torres Vedras &#8211;<br><strong>Destinat\u00e1rios<\/strong>: Estudantes do TeSP de Interven\u00e7\u00e3o em Espa\u00e7os Educativos<br><strong>Dinamizadora<\/strong>: Professora S\u00edlvia Pinto<\/td><\/tr><tr><td><strong>27<\/strong> &nbsp;<br>segunda<\/td><td>14h30\/15h30<\/td><td><strong>Evento: <\/strong>Aula Aberta \u00abViola Beiroa &#8211; Uma perspectiva pedag\u00f3gica\u00bb, com o Professor Doutor Miguel Carvalhinho, professor da Escola Superior de Artes Aplicadas do Instituto Polit\u00e9cnico de Castelo Branco<br><strong>Local:<\/strong> Audit\u00f3rio 1<br><strong>Entrada livre<\/strong><\/td><\/tr><tr><td><strong>28<\/strong> <br>ter\u00e7a<\/td><td>&nbsp;10h00\/ 16h00<br><\/td><td>Visita de alunos do 2.\u00ba CEB \u00e0 ESECS para participar em ateli\u00eas de Express\u00e3o Dram\u00e1tica; Dan\u00e7a; Express\u00e3o Pl\u00e1stica; R\u00e1dio Criativa; Legos; entre muitas outras experi\u00eancias criativas proporcionadas por professores da ESECS e por estudantes de Educa\u00e7\u00e3o B\u00e1sica e Educa\u00e7\u00e3o Social.<\/td><\/tr><tr><td><strong>29<\/strong> <br>quarta<\/td><td>10h30<br><br><br><br><br><br><br>15h00<br><br><br><br><br><br><br>18h30<\/td><td><strong>Evento:<\/strong> Aula Aberta \u00abIn\u00eas Conde\u00e7o: processo criativo\u00bb<br><strong>Destinat\u00e1rios:<\/strong> Estudantes do TeSP de M\u00fasica Digital + entrada livre<br><strong>Local:<\/strong> Sala A.0.4. (Laborat\u00f3rio de M\u00fasica)<br><br><br><br><strong>Espet\u00e1culo \u00abF\u00e9rias para que vos quero\u00bb<\/strong> com Trupe S\u00e9nior Chapit\u00f4<br><strong>Local:<\/strong> Audit\u00f3rio 2<br><br><br><strong>Evento:<\/strong> Interven\u00e7\u00e3o e Anima\u00e7\u00e3o Art\u00edsticas &#8211; <em>Rewind and Forward <\/em> &#8211; Network meeting com mestres, estudantes e interessados em IAA &#8211; integra Mini-espet\u00e1culo \u00abUma tarde com humor \u2013 Stand-Up Comedy com Max Coliban e Miguel Vieira\u00bb<br><strong>Local:<\/strong> Laborat\u00f3rio de Teatro<br>(<a href=\"https:\/\/sites.ipleiria.pt\/maiocriativo2024\/jornadas-de-intervencao-e-educacao-artistica-percursos-e-desafios\/\">mais info<\/a>)<\/td><\/tr><tr><td><strong>31<\/strong><br>sexta<\/td><td>9h30\/10h30<\/td><td><strong>Ateli\u00ea:<\/strong> \u00abBingo dos Bichos\u00bb<br><strong>Destinat\u00e1rios:<\/strong> Crian\u00e7as da institui\u00e7\u00e3o Vida Plena<br><strong>Dinamizadoras:<\/strong> Catarina Monteiro, Noelma Baptista, Jessica Campenhe, Joana Duque\u00a0e\u00a0Joana\u00a0Serrano<\/td><\/tr><tr><td><strong>2 de junho<\/strong><\/td><td>18h00<\/td><td><strong>Encerramento do Maio Criativo 24<\/strong><br><strong>Concerto Final \u201cPatrim\u00f3nios Renovados\u201d<\/strong> &#8211; pela PG Dire\u00e7\u00e3o de Bandas e Ensemble de Sopros e Banda Sinf\u00f3nica da AFCL &#8211; Associa\u00e7\u00e3o das Filarm\u00f3nicas do Concelho de Leiria<br><strong><strong>Local:<\/strong> <\/strong>Teatro Jos\u00e9 L\u00facio da Silva<br><strong>Entrada livre<\/strong>, mediante inscri\u00e7\u00e3o (mais info em breve)<\/td><\/tr><\/tbody><\/table><figcaption class=\"wp-element-caption\">O Projeto de Interven\u00e7\u00e3o e Anima\u00e7\u00e3o Art\u00edsticas est\u00e1 em evolu\u00e7\u00e3o, por isso, o programa sofrer\u00e1 altera\u00e7\u00f5es ao longo do seu desenvolvimento e ir\u00e1 CRESCER!<\/figcaption><\/figure>\n\n\n\n<p><\/p>\n\n\n\n<p><\/p>\n\n\n\n<p><\/p>\n<\/div>\n<\/div>\n\n\n\n<p><\/p>\n","protected":false},"excerpt":{"rendered":"<p>Dia Hora Atividade 2 quinta In\u00edcio do Projeto de Interven\u00e7\u00e3o e Anima\u00e7\u00e3o Art\u00edsticas Maio Criativo 2024 3sexta In\u00edcio das exposi\u00e7\u00f5es no iboard do \u00e1trio da ESECS 6segunda 14h00 Evento: Workshop de Criatividade Art\u00edsticaDinamiza\u00e7\u00e3o: Estudantes do TeSP de Interven\u00e7\u00e3o Sociocultural e Desportiva \/ Ana Judite Medeiros \/ Docentes da ESECSLocal: EB1 Amarela Evento: &#8220;Can\u00e7\u00f5es de c\u00e1 &hellip; <\/p>\n<p class=\"link-more\"><a href=\"https:\/\/sites.ipleiria.pt\/maiocriativo2024\/programa\/\" class=\"more-link\">Continuar a ler <span class=\"screen-reader-text\">&#8220;Programa&#8221;<\/span><\/a><\/p>\n","protected":false},"author":102,"featured_media":0,"parent":0,"menu_order":0,"comment_status":"closed","ping_status":"closed","template":"","meta":{"footnotes":""},"class_list":["post-1493","page","type-page","status-publish","hentry"],"_links":{"self":[{"href":"https:\/\/sites.ipleiria.pt\/maiocriativo2024\/wp-json\/wp\/v2\/pages\/1493","targetHints":{"allow":["GET"]}}],"collection":[{"href":"https:\/\/sites.ipleiria.pt\/maiocriativo2024\/wp-json\/wp\/v2\/pages"}],"about":[{"href":"https:\/\/sites.ipleiria.pt\/maiocriativo2024\/wp-json\/wp\/v2\/types\/page"}],"author":[{"embeddable":true,"href":"https:\/\/sites.ipleiria.pt\/maiocriativo2024\/wp-json\/wp\/v2\/users\/102"}],"replies":[{"embeddable":true,"href":"https:\/\/sites.ipleiria.pt\/maiocriativo2024\/wp-json\/wp\/v2\/comments?post=1493"}],"version-history":[{"count":66,"href":"https:\/\/sites.ipleiria.pt\/maiocriativo2024\/wp-json\/wp\/v2\/pages\/1493\/revisions"}],"predecessor-version":[{"id":2831,"href":"https:\/\/sites.ipleiria.pt\/maiocriativo2024\/wp-json\/wp\/v2\/pages\/1493\/revisions\/2831"}],"wp:attachment":[{"href":"https:\/\/sites.ipleiria.pt\/maiocriativo2024\/wp-json\/wp\/v2\/media?parent=1493"}],"curies":[{"name":"wp","href":"https:\/\/api.w.org\/{rel}","templated":true}]}}