{"id":1495,"date":"2022-04-02T09:02:58","date_gmt":"2022-04-02T09:02:58","guid":{"rendered":"https:\/\/sites.ipleiria.pt\/maiocriativo2022\/?page_id=1495"},"modified":"2024-05-25T11:05:21","modified_gmt":"2024-05-25T11:05:21","slug":"atelies","status":"publish","type":"page","link":"https:\/\/sites.ipleiria.pt\/maiocriativo2024\/atelies\/","title":{"rendered":"Eventos"},"content":{"rendered":"\n<p class=\"has-medium-font-size\"><strong>&gt; Aula Aberta \u00abIn\u00eas Conde\u00e7o: processo criativo\u00bb<\/strong><\/p>\n\n\n\n<div class=\"wp-block-columns is-layout-flex wp-container-core-columns-is-layout-1 wp-block-columns-is-layout-flex\">\n<div class=\"wp-block-column is-layout-flow wp-block-column-is-layout-flow\" style=\"flex-basis:33.33%\">\n<figure class=\"wp-block-image size-large is-resized\"><img loading=\"lazy\" decoding=\"async\" width=\"683\" height=\"1024\" src=\"https:\/\/sites.ipleiria.pt\/maiocriativo2024\/files\/2024\/05\/cred_VeraMarmelo-1-683x1024.jpg\" alt=\"\" class=\"wp-image-2671\" style=\"width:295px;height:auto\" srcset=\"https:\/\/sites.ipleiria.pt\/maiocriativo2024\/files\/2024\/05\/cred_VeraMarmelo-1-683x1024.jpg 683w, https:\/\/sites.ipleiria.pt\/maiocriativo2024\/files\/2024\/05\/cred_VeraMarmelo-1-200x300.jpg 200w, https:\/\/sites.ipleiria.pt\/maiocriativo2024\/files\/2024\/05\/cred_VeraMarmelo-1-768x1152.jpg 768w, https:\/\/sites.ipleiria.pt\/maiocriativo2024\/files\/2024\/05\/cred_VeraMarmelo-1-1024x1536.jpg 1024w, https:\/\/sites.ipleiria.pt\/maiocriativo2024\/files\/2024\/05\/cred_VeraMarmelo-1-1365x2048.jpg 1365w, https:\/\/sites.ipleiria.pt\/maiocriativo2024\/files\/2024\/05\/cred_VeraMarmelo-1-scaled.jpg 1707w\" sizes=\"auto, (max-width: 683px) 100vw, 683px\" \/><\/figure>\n<\/div>\n\n\n\n<div class=\"wp-block-column is-layout-flow wp-block-column-is-layout-flow\" style=\"flex-basis:66.66%\">\n<p>Nesta aula aberta In\u00eas Conde\u00e7o ir\u00e1 demonstrar o trabalho que tem vindo a realizar nos \u00faltimos meses com o seu projeto a solo. Ir\u00e1 falar sobre o seu percurso, inspira\u00e7\u00f5es, processo de cria\u00e7\u00e3o e composi\u00e7\u00e3o, assim como ir\u00e1 mostrar as ferramentas digitais e instrumentos que utiliza, mais especificamente na cria\u00e7\u00e3o do seu primeiro \u00e1lbum. Esta aula tem como objetivo incentivar a troca de ideias e partilha de experi\u00eancias entre todos os<br>interessados e curiosos. <\/p>\n\n\n\n<p class=\"has-small-font-size\">(Foto: Vera Marmelo)<\/p>\n<\/div>\n<\/div>\n\n\n\n<p class=\"has-small-font-size\">In\u00eas Conde\u00e7o iniciou os seus estudos musicais (piano) em Leiria, no Orfe\u00e3o de Leiria, licenciou-se em M\u00fasica (Piano &#8211; M\u00fasica Cl\u00e1ssica) na Universidade de \u00c9vora sob a orienta\u00e7\u00e3o da Professora e Pianista Ana Telles e concluiu a P\u00f3s-Gradua\u00e7\u00e3o em Arte Sonora: Processos Experimentais na Faculdade de Belas-Artes da Universidade de Lisboa em 2023. Durante o seu percurso tem vindo a participar em v\u00e1rios projetos multidisciplinares e composto m\u00fasica para performance, teatro e filme. A solo, In\u00eas Conde\u00e7o, no \u00faltimo ano tem vindo a desenvolver o seu projeto como artista independente, explorando sonoridades e ambientes pr\u00f3prios. No in\u00edcio de 2024 lan\u00e7ou o seu primeiro \u00e1lbum Lacuna e \u00e9 aqui que apresenta a sua pr\u00f3pria identidade e linguagem. O \u00e1lbum Lacuna assume-se como um \u00e1lbum dentro da m\u00fasica electr\u00f3nica, ambiente experimental, utilizando como instrumentos centrais o piano, a voz e os sintetizadores. A sonoridade da sua m\u00fasica explora atmosferas que deambulam numa viagem pelas mem\u00f3rias e emo\u00e7\u00f5es da artista.<\/p>\n\n\n\n<p class=\"has-medium-font-size\"><strong>&gt; Aula Aberta \u00abProjeto A M\u00fasica d\u00e1 Trabalho\u00bb<\/strong><\/p>\n\n\n\n<p>Com Vasco Silva, Omnichord &#8211; &#8220;Quem faz o qu\u00ea antes da m\u00fasica te chegar aos ouvidos? O projeto <a href=\"https:\/\/www.facebook.com\/amusicadatrabalho?__cft__[0]=AZWfKrUq7hVCRgpbrnCkEnqhbrrEModukggnHwm-HhEPVUntthes_E3cdlTPiVm8dGdRjHLrLOG_BIOs_Ck4pfSefikYlY6QMPbwwjnly7gp9QwiUdtVcYHLmhjhkNNVMA9Y545sS9Lj4sVeTKt_au4b5lpoTNr-hGHoeOSCTuLv2ZvbyFOrPsIUxVIckT3S93Y302_2_Cwl6N3ZXDZVeU1U&amp;__tn__=-]K-R\">A M\u00fasica D\u00e1 Trabalho<\/a> pretende, atrav\u00e9s de showcases nas escolas, familiarizar o p\u00fablico escolar com todo o processo que envolve um espet\u00e1culo musical, desde a chegada do material \u00e0 desmontagem, passando pelo teste de som e pelo concerto.&#8221;<\/p>\n\n\n\n<p class=\"has-medium-font-size\"><strong>&gt; Aula Aberta \u00abViola Beiroa &#8211; Uma perspectiva pedag\u00f3gica<\/strong>\u00bb<\/p>\n\n\n\n<figure class=\"wp-block-image size-full is-resized\"><img loading=\"lazy\" decoding=\"async\" width=\"940\" height=\"788\" src=\"https:\/\/sites.ipleiria.pt\/maiocriativo2024\/files\/2024\/05\/Viola-Beiroa-Uma-Perspectiva-Pedagogica.png\" alt=\"\" class=\"wp-image-2759\" style=\"width:519px;height:auto\" srcset=\"https:\/\/sites.ipleiria.pt\/maiocriativo2024\/files\/2024\/05\/Viola-Beiroa-Uma-Perspectiva-Pedagogica.png 940w, https:\/\/sites.ipleiria.pt\/maiocriativo2024\/files\/2024\/05\/Viola-Beiroa-Uma-Perspectiva-Pedagogica-300x251.png 300w, https:\/\/sites.ipleiria.pt\/maiocriativo2024\/files\/2024\/05\/Viola-Beiroa-Uma-Perspectiva-Pedagogica-768x644.png 768w\" sizes=\"auto, (max-width: 706px) 89vw, (max-width: 767px) 82vw, 740px\" \/><\/figure>\n\n\n\n<p class=\"has-medium-font-size\"><strong>&gt;<\/strong> <strong>Workshop \u00abCreative Coding\u00bb<\/strong><\/p>\n\n\n\n<p>O \u201cCreative coding\u201d \u00e9 uma abordagem ao n\u00edvel da programa\u00e7\u00e3o que se centra na cria\u00e7\u00e3o de elementos art\u00edsticos, que combinam efeitos visuais, som, v\u00eddeo e interatividade atrav\u00e9s da utiliza\u00e7\u00e3o de c\u00f3digo. Com S\u00edlvia Pinto, docente da ESECS.<\/p>\n\n\n\n<p class=\"has-medium-font-size\"><strong>&gt;<\/strong> <strong>Workshop \u00abO <em>storytelling<\/em> visual como recurso de comunica\u00e7\u00e3o\u00bb<\/strong><\/p>\n\n\n\n<p>O \u201cstorytelling\u201d visual corresponde a uma ferramenta que pode potenciar a comunica\u00e7\u00e3o de mensagens de forma mais eficaz e significante. Esta ferramenta combina diferentes elementos visuais que potenciam a visualiza\u00e7\u00e3o e compreens\u00e3o de conceitos e narrativas. Com S\u00edlvia Pinto, docente da ESECS.<\/p>\n\n\n\n<p class=\"has-medium-font-size\"><strong>&gt; Ciclo de confer\u00eancias sobre Ind\u00fastria Musical<\/strong><\/p>\n\n\n\n<p>Este ciclo de conferencias tem como objetivo principal promover a m\u00fasica como express\u00e3o art\u00edstica e cultural, explorando a sua diversidade e impacto na sociedade contempor\u00e2nea. Por meio de confer\u00eancias e workshops, ser\u00e3o abordados v\u00e1rios aspetos da ind\u00fastria musical, como produ\u00e7\u00e3o, distribui\u00e7\u00e3o, marketing e impacto cultural, al\u00e9m de proporcionar oportunidades para os participantes explorarem diferentes g\u00eaneros musicais. O projeto tamb\u00e9m procura fomentar di\u00e1logos entre profissionais, acad\u00e9micos, estudantes e a comunidade, facilitando a troca de ideias sobre tend\u00eancias do mercado, novas tecnologias e desafios enfrentados pela ind\u00fastria. Al\u00e9m disso, visa explorar a relev\u00e2ncia cultural e art\u00edstica das diferentes realidades musicais na sociedade contempor\u00e2nea, analisando o seu papel em quest\u00f5es sociais, pol\u00edticas e culturais. Estas iniciativas procuram promover a cultura e a arte, estimular o pensamento cr\u00edtico e integrar academia e ind\u00fastria musical para o avan\u00e7o e inova\u00e7\u00e3o neste campo em Portugal. Mais informa\u00e7\u00e3o <strong><a href=\"https:\/\/sites.ipleiria.pt\/industriascriativas\/\">aqui<\/a><\/strong>.<\/p>\n\n\n\n<p class=\"has-medium-font-size\"><strong>&gt; V(\u00f3z) da Igual(idade): Vamos criar juntos<\/strong><\/p>\n\n\n\n<p><strong>Sinopse<\/strong>: Projeto intergeracional que visa promover intera\u00e7\u00f5es e trocas de experi\u00eancias entre diferentes gera\u00e7\u00f5es, principalmente entre crian\u00e7as e pessoas idosas. Este projeto consubstancia-se em diversas atividades, que acontecer\u00e3o em diversos dias, procurando construir e fortalecer la\u00e7os sociais entre as diferentes faixas et\u00e1rias, ao mesmo tempo que se trocam conhecimentos.<\/p>\n\n\n\n<figure class=\"wp-block-gallery has-nested-images columns-default is-cropped wp-block-gallery-1 is-layout-flex wp-block-gallery-is-layout-flex\"><\/figure>\n\n\n\n<p><\/p>\n","protected":false},"excerpt":{"rendered":"<p>&gt; Aula Aberta \u00abIn\u00eas Conde\u00e7o: processo criativo\u00bb Nesta aula aberta In\u00eas Conde\u00e7o ir\u00e1 demonstrar o trabalho que tem vindo a realizar nos \u00faltimos meses com o seu projeto a solo. Ir\u00e1 falar sobre o seu percurso, inspira\u00e7\u00f5es, processo de cria\u00e7\u00e3o e composi\u00e7\u00e3o, assim como ir\u00e1 mostrar as ferramentas digitais e instrumentos que utiliza, mais especificamente &hellip; <\/p>\n<p class=\"link-more\"><a href=\"https:\/\/sites.ipleiria.pt\/maiocriativo2024\/atelies\/\" class=\"more-link\">Continuar a ler <span class=\"screen-reader-text\">&#8220;Eventos&#8221;<\/span><\/a><\/p>\n","protected":false},"author":102,"featured_media":0,"parent":0,"menu_order":0,"comment_status":"closed","ping_status":"closed","template":"","meta":{"footnotes":""},"class_list":["post-1495","page","type-page","status-publish","hentry"],"_links":{"self":[{"href":"https:\/\/sites.ipleiria.pt\/maiocriativo2024\/wp-json\/wp\/v2\/pages\/1495","targetHints":{"allow":["GET"]}}],"collection":[{"href":"https:\/\/sites.ipleiria.pt\/maiocriativo2024\/wp-json\/wp\/v2\/pages"}],"about":[{"href":"https:\/\/sites.ipleiria.pt\/maiocriativo2024\/wp-json\/wp\/v2\/types\/page"}],"author":[{"embeddable":true,"href":"https:\/\/sites.ipleiria.pt\/maiocriativo2024\/wp-json\/wp\/v2\/users\/102"}],"replies":[{"embeddable":true,"href":"https:\/\/sites.ipleiria.pt\/maiocriativo2024\/wp-json\/wp\/v2\/comments?post=1495"}],"version-history":[{"count":23,"href":"https:\/\/sites.ipleiria.pt\/maiocriativo2024\/wp-json\/wp\/v2\/pages\/1495\/revisions"}],"predecessor-version":[{"id":2800,"href":"https:\/\/sites.ipleiria.pt\/maiocriativo2024\/wp-json\/wp\/v2\/pages\/1495\/revisions\/2800"}],"wp:attachment":[{"href":"https:\/\/sites.ipleiria.pt\/maiocriativo2024\/wp-json\/wp\/v2\/media?parent=1495"}],"curies":[{"name":"wp","href":"https:\/\/api.w.org\/{rel}","templated":true}]}}