{"id":1505,"date":"2022-04-02T09:05:53","date_gmt":"2022-04-02T09:05:53","guid":{"rendered":"https:\/\/sites.ipleiria.pt\/maiocriativo2022\/?page_id=1505"},"modified":"2024-04-27T09:04:37","modified_gmt":"2024-04-27T09:04:37","slug":"avaliacao","status":"publish","type":"page","link":"https:\/\/sites.ipleiria.pt\/maiocriativo2024\/avaliacao\/","title":{"rendered":"Avalia\u00e7\u00e3o"},"content":{"rendered":"\n<p>Recolha de dados para avalia\u00e7\u00e3o do Projeto de Interven\u00e7\u00e3o e Anima\u00e7\u00e3o Art\u00edsticas Maio Criativo 2024.<\/p>\n\n\n\n<p>Os dados recolhidos ir\u00e3o ajudar-nos a refletir sobre as iniciativas deste projeto, a investigar e a avaliar para melhorar.<br>A Comiss\u00e3o Organizadora agradece o contributo de todos os participantes.<\/p>\n\n\n\n<p><strong><mark class=\"has-inline-color has-vivid-cyan-blue-color\">Quero participar na recolha de dados!<\/mark><\/strong><\/p>\n","protected":false},"excerpt":{"rendered":"<p>Recolha de dados para avalia\u00e7\u00e3o do Projeto de Interven\u00e7\u00e3o e Anima\u00e7\u00e3o Art\u00edsticas Maio Criativo 2024. Os dados recolhidos ir\u00e3o ajudar-nos a refletir sobre as iniciativas deste projeto, a investigar e a avaliar para melhorar.A Comiss\u00e3o Organizadora agradece o contributo de todos os participantes. Quero participar na recolha de dados!<\/p>\n","protected":false},"author":102,"featured_media":0,"parent":0,"menu_order":0,"comment_status":"closed","ping_status":"closed","template":"","meta":{"footnotes":""},"class_list":["post-1505","page","type-page","status-publish","hentry"],"_links":{"self":[{"href":"https:\/\/sites.ipleiria.pt\/maiocriativo2024\/wp-json\/wp\/v2\/pages\/1505","targetHints":{"allow":["GET"]}}],"collection":[{"href":"https:\/\/sites.ipleiria.pt\/maiocriativo2024\/wp-json\/wp\/v2\/pages"}],"about":[{"href":"https:\/\/sites.ipleiria.pt\/maiocriativo2024\/wp-json\/wp\/v2\/types\/page"}],"author":[{"embeddable":true,"href":"https:\/\/sites.ipleiria.pt\/maiocriativo2024\/wp-json\/wp\/v2\/users\/102"}],"replies":[{"embeddable":true,"href":"https:\/\/sites.ipleiria.pt\/maiocriativo2024\/wp-json\/wp\/v2\/comments?post=1505"}],"version-history":[{"count":1,"href":"https:\/\/sites.ipleiria.pt\/maiocriativo2024\/wp-json\/wp\/v2\/pages\/1505\/revisions"}],"predecessor-version":[{"id":2578,"href":"https:\/\/sites.ipleiria.pt\/maiocriativo2024\/wp-json\/wp\/v2\/pages\/1505\/revisions\/2578"}],"wp:attachment":[{"href":"https:\/\/sites.ipleiria.pt\/maiocriativo2024\/wp-json\/wp\/v2\/media?parent=1505"}],"curies":[{"name":"wp","href":"https:\/\/api.w.org\/{rel}","templated":true}]}}