{"id":2197,"date":"2023-04-21T08:40:04","date_gmt":"2023-04-21T08:40:04","guid":{"rendered":"https:\/\/sites.ipleiria.pt\/maiocriativo2023\/?page_id=2197"},"modified":"2024-05-27T16:35:49","modified_gmt":"2024-05-27T16:35:49","slug":"intervencao-e-animacao-artisticas-rewind-amp-forward","status":"publish","type":"page","link":"https:\/\/sites.ipleiria.pt\/maiocriativo2024\/intervencao-e-animacao-artisticas-rewind-amp-forward\/","title":{"rendered":"Interven\u00e7\u00e3o e Anima\u00e7\u00e3o Art\u00edsticas &#8211; Rewind &amp; Forward"},"content":{"rendered":"\n<figure class=\"wp-block-image size-full\"><img loading=\"lazy\" decoding=\"async\" width=\"1024\" height=\"600\" src=\"https:\/\/sites.ipleiria.pt\/maiocriativo2024\/files\/2024\/04\/rf.jpg\" alt=\"\" class=\"wp-image-2566\" srcset=\"https:\/\/sites.ipleiria.pt\/maiocriativo2024\/files\/2024\/04\/rf.jpg 1024w, https:\/\/sites.ipleiria.pt\/maiocriativo2024\/files\/2024\/04\/rf-300x176.jpg 300w, https:\/\/sites.ipleiria.pt\/maiocriativo2024\/files\/2024\/04\/rf-768x450.jpg 768w\" sizes=\"auto, (max-width: 706px) 89vw, (max-width: 767px) 82vw, 740px\" \/><\/figure>\n\n\n\n<p><em><strong>Rewind &amp; Forward<\/strong><\/em> ser\u00e1 uma reuni\u00e3o&nbsp;entre estudantes, mestres e interessados em&nbsp;Interven\u00e7\u00e3o e Anima\u00e7\u00e3o Art\u00edsticas.<\/p>\n\n\n\n<p>Iniciar\u00e1 com um <strong>mini-espet\u00e1culo de Stand Up Comedy, com Max Coliban e Miguel Vieira <\/strong>e prosseguir\u00e1 com uma reflex\u00e3o aberta em torno de v\u00e1rios temas:<\/p>\n\n\n\n<ul class=\"wp-block-list\">\n<li>Pr\u00e1ticas colaborativas e comunit\u00e1rias em projetos art\u00edsticos;<\/li>\n\n\n\n<li>Desafios e oportunidades na \u00e1rea de IAA;<\/li>\n\n\n\n<li>Arte como ferramenta de transforma\u00e7\u00e3o social;<\/li>\n\n\n\n<li>O papel da arte na promo\u00e7\u00e3o da sa\u00fade mental e bem-estar;<\/li>\n\n\n\n<li>Novas fronteiras criativas para a explora\u00e7\u00e3o das artes em rela\u00e7\u00e3o com as tecnologias;<\/li>\n\n\n\n<li>Percursos de investiga\u00e7\u00e3o em IAA;<\/li>\n\n\n\n<li>Entre outros que configurem perspetivas para o futuro da IAA.<\/li>\n<\/ul>\n\n\n\n<p>Ser\u00e1 uma oportunidade para networking e intera\u00e7\u00e3o entre participantes que partilham o interesse pelo impacto das atividades art\u00edsticas em contextos educativos, sociais e culturais.<\/p>\n\n\n\n<p>A edi\u00e7\u00e3o de 2024-2026 do Mestrado em Interven\u00e7\u00e3o e Anima\u00e7\u00e3o Art\u00edsticas aceita candidaturas de&nbsp;11 de junho a 13 de julho 2024. Mais informa\u00e7\u00f5es&nbsp;<a href=\"https:\/\/www.ipleiria.pt\/curso\/mestrado-em-intervencao-e-animacao-artisticas-2\/\">aqui<\/a>&nbsp;&#8230;e <a href=\"https:\/\/www.facebook.com\/MIAAESECS\">segue o MIAA<\/a><\/p>\n\n\n\n<div class=\"wp-block-columns is-layout-flex wp-container-core-columns-is-layout-1 wp-block-columns-is-layout-flex\">\n<div class=\"wp-block-column is-vertically-aligned-stretch is-layout-flow wp-block-column-is-layout-flow\" style=\"flex-basis:100%\">\n<figure class=\"wp-block-image size-full is-resized\"><img loading=\"lazy\" decoding=\"async\" width=\"230\" height=\"238\" src=\"https:\/\/sites.ipleiria.pt\/maiocriativo2024\/files\/2024\/04\/3.png\" alt=\"\" class=\"wp-image-2618\" style=\"width:118px;height:auto\" \/><\/figure>\n<\/div>\n<\/div>\n","protected":false},"excerpt":{"rendered":"<p>Rewind &amp; Forward ser\u00e1 uma reuni\u00e3o&nbsp;entre estudantes, mestres e interessados em&nbsp;Interven\u00e7\u00e3o e Anima\u00e7\u00e3o Art\u00edsticas. Iniciar\u00e1 com um mini-espet\u00e1culo de Stand Up Comedy, com Max Coliban e Miguel Vieira e prosseguir\u00e1 com uma reflex\u00e3o aberta em torno de v\u00e1rios temas: Ser\u00e1 uma oportunidade para networking e intera\u00e7\u00e3o entre participantes que partilham o interesse pelo impacto das &hellip; <\/p>\n<p class=\"link-more\"><a href=\"https:\/\/sites.ipleiria.pt\/maiocriativo2024\/intervencao-e-animacao-artisticas-rewind-amp-forward\/\" class=\"more-link\">Continuar a ler <span class=\"screen-reader-text\">&#8220;Interven\u00e7\u00e3o e Anima\u00e7\u00e3o Art\u00edsticas &#8211; Rewind &amp; Forward&#8221;<\/span><\/a><\/p>\n","protected":false},"author":102,"featured_media":0,"parent":0,"menu_order":0,"comment_status":"closed","ping_status":"closed","template":"","meta":{"footnotes":""},"class_list":["post-2197","page","type-page","status-publish","hentry"],"_links":{"self":[{"href":"https:\/\/sites.ipleiria.pt\/maiocriativo2024\/wp-json\/wp\/v2\/pages\/2197","targetHints":{"allow":["GET"]}}],"collection":[{"href":"https:\/\/sites.ipleiria.pt\/maiocriativo2024\/wp-json\/wp\/v2\/pages"}],"about":[{"href":"https:\/\/sites.ipleiria.pt\/maiocriativo2024\/wp-json\/wp\/v2\/types\/page"}],"author":[{"embeddable":true,"href":"https:\/\/sites.ipleiria.pt\/maiocriativo2024\/wp-json\/wp\/v2\/users\/102"}],"replies":[{"embeddable":true,"href":"https:\/\/sites.ipleiria.pt\/maiocriativo2024\/wp-json\/wp\/v2\/comments?post=2197"}],"version-history":[{"count":5,"href":"https:\/\/sites.ipleiria.pt\/maiocriativo2024\/wp-json\/wp\/v2\/pages\/2197\/revisions"}],"predecessor-version":[{"id":2829,"href":"https:\/\/sites.ipleiria.pt\/maiocriativo2024\/wp-json\/wp\/v2\/pages\/2197\/revisions\/2829"}],"wp:attachment":[{"href":"https:\/\/sites.ipleiria.pt\/maiocriativo2024\/wp-json\/wp\/v2\/media?parent=2197"}],"curies":[{"name":"wp","href":"https:\/\/api.w.org\/{rel}","templated":true}]}}