{"id":2264,"date":"2023-05-01T16:30:41","date_gmt":"2023-05-01T16:30:41","guid":{"rendered":"https:\/\/sites.ipleiria.pt\/maiocriativo2023\/?page_id=2264"},"modified":"2024-05-27T09:41:12","modified_gmt":"2024-05-27T09:41:12","slug":"espetaculos","status":"publish","type":"page","link":"https:\/\/sites.ipleiria.pt\/maiocriativo2024\/espetaculos\/","title":{"rendered":"Espet\u00e1culos"},"content":{"rendered":"\n<p class=\"has-medium-font-size\"><strong>&gt; \u00abEm busca da identidade perdida\u00bb | Davide Jorge<\/strong><\/p>\n\n\n\n<div class=\"wp-block-columns is-layout-flex wp-container-core-columns-is-layout-1 wp-block-columns-is-layout-flex\">\n<div class=\"wp-block-column is-layout-flow wp-block-column-is-layout-flow\">\n<figure class=\"wp-block-image size-large\"><img loading=\"lazy\" decoding=\"async\" width=\"728\" height=\"1024\" src=\"https:\/\/sites.ipleiria.pt\/maiocriativo2024\/files\/2024\/05\/cartaz-ESECS-1-728x1024.jpg\" alt=\"\" class=\"wp-image-2689\" srcset=\"https:\/\/sites.ipleiria.pt\/maiocriativo2024\/files\/2024\/05\/cartaz-ESECS-1-728x1024.jpg 728w, https:\/\/sites.ipleiria.pt\/maiocriativo2024\/files\/2024\/05\/cartaz-ESECS-1-213x300.jpg 213w, https:\/\/sites.ipleiria.pt\/maiocriativo2024\/files\/2024\/05\/cartaz-ESECS-1-768x1080.jpg 768w, https:\/\/sites.ipleiria.pt\/maiocriativo2024\/files\/2024\/05\/cartaz-ESECS-1-1092x1536.jpg 1092w, https:\/\/sites.ipleiria.pt\/maiocriativo2024\/files\/2024\/05\/cartaz-ESECS-1-1456x2048.jpg 1456w, https:\/\/sites.ipleiria.pt\/maiocriativo2024\/files\/2024\/05\/cartaz-ESECS-1-scaled.jpg 1820w\" sizes=\"auto, (max-width: 728px) 100vw, 728px\" \/><\/figure>\n<\/div>\n\n\n\n<div class=\"wp-block-column is-layout-flow wp-block-column-is-layout-flow\">\n<p>O estudante do Programa 60+, Davide Jorge, representar\u00e1, na ESECS, um mon\u00f3logo da sua autoria.<\/p>\n<\/div>\n<\/div>\n\n\n\n<p class=\"has-medium-font-size\"><strong>&gt; \u00abF\u00e9rias para que vos quero\u00bb | Trupe S\u00e9nior Chapit\u00f4<\/strong><\/p>\n\n\n\n<figure class=\"wp-block-image size-full is-resized\"><img loading=\"lazy\" decoding=\"async\" width=\"2481\" height=\"3508\" src=\"https:\/\/sites.ipleiria.pt\/maiocriativo2024\/files\/2024\/05\/Ferias-para-que-vos-quero-01.png\" alt=\"\" class=\"wp-image-2824\" style=\"width:322px;height:auto\" srcset=\"https:\/\/sites.ipleiria.pt\/maiocriativo2024\/files\/2024\/05\/Ferias-para-que-vos-quero-01.png 2481w, https:\/\/sites.ipleiria.pt\/maiocriativo2024\/files\/2024\/05\/Ferias-para-que-vos-quero-01-212x300.png 212w, https:\/\/sites.ipleiria.pt\/maiocriativo2024\/files\/2024\/05\/Ferias-para-que-vos-quero-01-724x1024.png 724w, https:\/\/sites.ipleiria.pt\/maiocriativo2024\/files\/2024\/05\/Ferias-para-que-vos-quero-01-768x1086.png 768w, https:\/\/sites.ipleiria.pt\/maiocriativo2024\/files\/2024\/05\/Ferias-para-que-vos-quero-01-1086x1536.png 1086w, https:\/\/sites.ipleiria.pt\/maiocriativo2024\/files\/2024\/05\/Ferias-para-que-vos-quero-01-1448x2048.png 1448w\" sizes=\"auto, (max-width: 706px) 89vw, (max-width: 767px) 82vw, 740px\" \/><\/figure>\n\n\n\n<p>A Trupe S\u00e9nior \u00e9 um projecto intergeracional de forma\u00e7\u00e3o e anima\u00e7\u00e3o art\u00edstica, criado pelo Chapit\u00f4 para a promo\u00e7\u00e3o da participa\u00e7\u00e3o da pessoa s\u00e9nior nos espa\u00e7os p\u00fablicos e performativos.\u00a0Far\u00e1 uma apresenta\u00e7\u00e3o que combina circo, teatro, m\u00fasica e dan\u00e7a, no dia 29, no Audit\u00f3rio 2 , \u00e0s 15h00.<\/p>\n\n\n\n<p class=\"has-medium-font-size\">&gt; <strong>Espet\u00e1culo \u00abUma tarde com humor &#8211; <em>Stand-Up Comedy<\/em> com Max Coliban e Miguel Vieira\u00bb<\/strong><\/p>\n\n\n\n<figure class=\"wp-block-image size-large is-resized\"><img loading=\"lazy\" decoding=\"async\" width=\"1024\" height=\"1024\" src=\"https:\/\/sites.ipleiria.pt\/maiocriativo2024\/files\/2024\/05\/Imagem-WhatsApp-2024-05-11-as-15.51.12_40dfc8a6-1024x1024.jpg\" alt=\"\" class=\"wp-image-2752\" style=\"width:324px;height:auto\" srcset=\"https:\/\/sites.ipleiria.pt\/maiocriativo2024\/files\/2024\/05\/Imagem-WhatsApp-2024-05-11-as-15.51.12_40dfc8a6-1024x1024.jpg 1024w, https:\/\/sites.ipleiria.pt\/maiocriativo2024\/files\/2024\/05\/Imagem-WhatsApp-2024-05-11-as-15.51.12_40dfc8a6-300x300.jpg 300w, https:\/\/sites.ipleiria.pt\/maiocriativo2024\/files\/2024\/05\/Imagem-WhatsApp-2024-05-11-as-15.51.12_40dfc8a6-150x150.jpg 150w, https:\/\/sites.ipleiria.pt\/maiocriativo2024\/files\/2024\/05\/Imagem-WhatsApp-2024-05-11-as-15.51.12_40dfc8a6-768x768.jpg 768w, https:\/\/sites.ipleiria.pt\/maiocriativo2024\/files\/2024\/05\/Imagem-WhatsApp-2024-05-11-as-15.51.12_40dfc8a6-100x100.jpg 100w, https:\/\/sites.ipleiria.pt\/maiocriativo2024\/files\/2024\/05\/Imagem-WhatsApp-2024-05-11-as-15.51.12_40dfc8a6.jpg 1080w\" sizes=\"auto, (max-width: 706px) 89vw, (max-width: 767px) 82vw, 740px\" \/><\/figure>\n","protected":false},"excerpt":{"rendered":"<p>&gt; \u00abEm busca da identidade perdida\u00bb | Davide Jorge O estudante do Programa 60+, Davide Jorge, representar\u00e1, na ESECS, um mon\u00f3logo da sua autoria. &gt; \u00abF\u00e9rias para que vos quero\u00bb | Trupe S\u00e9nior Chapit\u00f4 A Trupe S\u00e9nior \u00e9 um projecto intergeracional de forma\u00e7\u00e3o e anima\u00e7\u00e3o art\u00edstica, criado pelo Chapit\u00f4 para a promo\u00e7\u00e3o da participa\u00e7\u00e3o da &hellip; <\/p>\n<p class=\"link-more\"><a href=\"https:\/\/sites.ipleiria.pt\/maiocriativo2024\/espetaculos\/\" class=\"more-link\">Continuar a ler <span class=\"screen-reader-text\">&#8220;Espet\u00e1culos&#8221;<\/span><\/a><\/p>\n","protected":false},"author":102,"featured_media":0,"parent":0,"menu_order":0,"comment_status":"closed","ping_status":"closed","template":"","meta":{"footnotes":""},"class_list":["post-2264","page","type-page","status-publish","hentry"],"_links":{"self":[{"href":"https:\/\/sites.ipleiria.pt\/maiocriativo2024\/wp-json\/wp\/v2\/pages\/2264","targetHints":{"allow":["GET"]}}],"collection":[{"href":"https:\/\/sites.ipleiria.pt\/maiocriativo2024\/wp-json\/wp\/v2\/pages"}],"about":[{"href":"https:\/\/sites.ipleiria.pt\/maiocriativo2024\/wp-json\/wp\/v2\/types\/page"}],"author":[{"embeddable":true,"href":"https:\/\/sites.ipleiria.pt\/maiocriativo2024\/wp-json\/wp\/v2\/users\/102"}],"replies":[{"embeddable":true,"href":"https:\/\/sites.ipleiria.pt\/maiocriativo2024\/wp-json\/wp\/v2\/comments?post=2264"}],"version-history":[{"count":13,"href":"https:\/\/sites.ipleiria.pt\/maiocriativo2024\/wp-json\/wp\/v2\/pages\/2264\/revisions"}],"predecessor-version":[{"id":2825,"href":"https:\/\/sites.ipleiria.pt\/maiocriativo2024\/wp-json\/wp\/v2\/pages\/2264\/revisions\/2825"}],"wp:attachment":[{"href":"https:\/\/sites.ipleiria.pt\/maiocriativo2024\/wp-json\/wp\/v2\/media?parent=2264"}],"curies":[{"name":"wp","href":"https:\/\/api.w.org\/{rel}","templated":true}]}}