{"id":2291,"date":"2023-05-01T19:02:50","date_gmt":"2023-05-01T19:02:50","guid":{"rendered":"https:\/\/sites.ipleiria.pt\/maiocriativo2023\/?page_id=2291"},"modified":"2024-05-25T14:21:28","modified_gmt":"2024-05-25T14:21:28","slug":"exposicao-linguagens-em-movimento","status":"publish","type":"page","link":"https:\/\/sites.ipleiria.pt\/maiocriativo2024\/exposicao-linguagens-em-movimento\/","title":{"rendered":"Exposi\u00e7\u00f5es de trabalhos"},"content":{"rendered":"\n<p class=\"has-medium-font-size\"><strong>&gt;<\/strong> <strong>\u00abAsas de Abril &#8211; Voando com as palavras e as cores\u00bb<\/strong> | Espa\u00e7o junto \u00e0 Biblioteca da ESECS<\/p>\n\n\n\n<figure class=\"wp-block-image size-large is-resized\"><img loading=\"lazy\" decoding=\"async\" width=\"724\" height=\"1024\" src=\"https:\/\/sites.ipleiria.pt\/maiocriativo2024\/files\/2024\/04\/f4faf12c-cc0b-4ced-8aa2-ae4c8454c110-724x1024.jpg\" alt=\"\" class=\"wp-image-2612\" style=\"width:391px;height:auto\" srcset=\"https:\/\/sites.ipleiria.pt\/maiocriativo2024\/files\/2024\/04\/f4faf12c-cc0b-4ced-8aa2-ae4c8454c110-724x1024.jpg 724w, https:\/\/sites.ipleiria.pt\/maiocriativo2024\/files\/2024\/04\/f4faf12c-cc0b-4ced-8aa2-ae4c8454c110-212x300.jpg 212w, https:\/\/sites.ipleiria.pt\/maiocriativo2024\/files\/2024\/04\/f4faf12c-cc0b-4ced-8aa2-ae4c8454c110-768x1086.jpg 768w, https:\/\/sites.ipleiria.pt\/maiocriativo2024\/files\/2024\/04\/f4faf12c-cc0b-4ced-8aa2-ae4c8454c110-1086x1536.jpg 1086w, https:\/\/sites.ipleiria.pt\/maiocriativo2024\/files\/2024\/04\/f4faf12c-cc0b-4ced-8aa2-ae4c8454c110.jpg 1131w\" sizes=\"auto, (max-width: 724px) 100vw, 724px\" \/><\/figure>\n\n\n\n<p>O&nbsp;Programa 60+ associou-se \u00e0s comemora\u00e7\u00f5es do 50.\u00ba anivers\u00e1rio do 25 de Abril, atrav\u00e9s da dinamiza\u00e7\u00e3o de diversas iniciativas. A exposi\u00e7\u00e3o&nbsp;<strong>\u201cAsas de Abril. Voando com as cores e as palavras\u201d<\/strong>&nbsp;\u00e9 uma delas e tem por base a apresenta\u00e7\u00e3o de telas pintadas pelos estudantes seniores,&nbsp;no \u00e2mbito da Oficina de Artes Pl\u00e1sticas,&nbsp;e de poemas inspirados pelas mesmas.&nbsp;Estar\u00e1 patente no corredor da Biblioteca da ESECS. A&nbsp;inaugura\u00e7\u00e3o da exposi\u00e7\u00e3o aconteceu&nbsp;no dia 24 de abril, pelas 14h30, no \u00e1trio do edif\u00edcio A, onde todos&nbsp;foram&nbsp;convidados a cantar \u201cGr\u00e2ndola Vila Morena\u201d, sob a orienta\u00e7\u00e3o da SessenTuna. O encerramento est\u00e1 previsto para o dia&nbsp;7&nbsp;de maio, pelas 15h00, tamb\u00e9m no \u00e1trio do edif\u00edcio A, com atua\u00e7\u00f5es da SessenTuna e do Grupo de Jograis do 60+. Pretende-se que a exposi\u00e7\u00e3o seja interativa, convidando os visitantes a deixarem a sua opini\u00e3o atrav\u00e9s de uma palavra, que afixar\u00e3o num painel, junto \u00e0 exposi\u00e7\u00e3o.<\/p>\n\n\n\n<p class=\"has-medium-font-size\"><strong>&gt; Experi\u00eancias de cria\u00e7\u00e3o pl\u00e1stica<\/strong> | <em>Iboard<\/em> do \u00e1trio do Edif\u00edcio A<\/p>\n\n\n\n<figure class=\"wp-block-gallery has-nested-images columns-default is-cropped wp-block-gallery-1 is-layout-flex wp-block-gallery-is-layout-flex\">\n<figure class=\"wp-block-image size-large\"><img loading=\"lazy\" decoding=\"async\" width=\"721\" height=\"802\" data-id=\"2561\" src=\"https:\/\/sites.ipleiria.pt\/maiocriativo2024\/files\/2024\/04\/394406920_830623118859071_3594765087755554319_n-1.jpg\" alt=\"\" class=\"wp-image-2561\" srcset=\"https:\/\/sites.ipleiria.pt\/maiocriativo2024\/files\/2024\/04\/394406920_830623118859071_3594765087755554319_n-1.jpg 721w, https:\/\/sites.ipleiria.pt\/maiocriativo2024\/files\/2024\/04\/394406920_830623118859071_3594765087755554319_n-1-270x300.jpg 270w\" sizes=\"auto, (max-width: 721px) 100vw, 721px\" \/><\/figure>\n\n\n\n<figure class=\"wp-block-image size-large\"><img loading=\"lazy\" decoding=\"async\" width=\"768\" height=\"1024\" data-id=\"2562\" src=\"https:\/\/sites.ipleiria.pt\/maiocriativo2024\/files\/2024\/04\/Imagem-WhatsApp-2024-04-27-as-09.29.45_42983f35-768x1024.jpg\" alt=\"\" class=\"wp-image-2562\" srcset=\"https:\/\/sites.ipleiria.pt\/maiocriativo2024\/files\/2024\/04\/Imagem-WhatsApp-2024-04-27-as-09.29.45_42983f35-768x1024.jpg 768w, https:\/\/sites.ipleiria.pt\/maiocriativo2024\/files\/2024\/04\/Imagem-WhatsApp-2024-04-27-as-09.29.45_42983f35-225x300.jpg 225w, https:\/\/sites.ipleiria.pt\/maiocriativo2024\/files\/2024\/04\/Imagem-WhatsApp-2024-04-27-as-09.29.45_42983f35-1152x1536.jpg 1152w, https:\/\/sites.ipleiria.pt\/maiocriativo2024\/files\/2024\/04\/Imagem-WhatsApp-2024-04-27-as-09.29.45_42983f35.jpg 1200w\" sizes=\"auto, (max-width: 706px) 89vw, (max-width: 767px) 82vw, 740px\" \/><\/figure>\n<\/figure>\n\n\n\n<p>Apresentam-se momentos e trabalhos realizados pelos estudantes dos cursos TeSP de Interven\u00e7\u00e3o em Espa\u00e7os Educativos e Interven\u00e7\u00e3o Social e Comunit\u00e1ria do N\u00facleo de Forma\u00e7\u00e3o de Torres Vedras em sess\u00f5es realizadas com artistas do Coletivo Brasil na Porta 5 \/ Pa\u00e7os &#8211; Galeria Municipal. Nestas experi\u00eancias foram vividos momentos de coopera\u00e7\u00e3o e partilha de saberes art\u00edsticos em torno de experi\u00eancias de monotipia, desenho, pintura e bordado em papel. Esta exposi\u00e7\u00e3o digital estar\u00e1 em permanente apresenta\u00e7\u00e3o no <em>iboard<\/em> do \u00e1trio principal da ESECS.<\/p>\n\n\n\n<p class=\"has-medium-font-size\"><strong>&gt; Caderno digital<\/strong> | <em>Iboard<\/em> do \u00e1trio do Edif\u00edcio A<\/p>\n\n\n\n<p><em>Collage<\/em> anal\u00f3gica, uma t\u00e9cnica art\u00edstica de experimenta\u00e7\u00e3o criativa, com trabalhos desenvolvidos por estudantes do Mestrado em Interven\u00e7\u00e3o e Anima\u00e7\u00e3o Art\u00edsticas (MIAA), para o desenvolvimento da literacia visual (Laborat\u00f3rio de Fotografia e V\u00eddeo)<\/p>\n\n\n\n<p class=\"has-medium-font-size\"><strong>&gt; Light Painting<\/strong> | <em>Iboard<\/em> do \u00e1trio do Edif\u00edcio A<\/p>\n\n\n\n<p>T\u00e9cnica de fotografia digital realizada pelos estudantes do MIAA, sob a orienta\u00e7\u00e3o do artista pl\u00e1stico Ant\u00f3nio Palmeira \u2013 IPDJ de Leiria (Laborat\u00f3rio de Fotografia e V\u00eddeo).<\/p>\n\n\n\n<p class=\"has-medium-font-size\"><strong>&gt; \u00abUma \u00faltima Fotografia<\/strong>\u00bb  | <em>Iboard<\/em> do \u00e1trio do Edif\u00edcio A<\/p>\n\n\n\n<p>Se s\u00f3 pudesses captar uma \u00faltima fotografia, qual seria? Trabalhos de fotografia realizados por estudantes do MIAA (Laborat\u00f3rio de Fotografia e V\u00eddeo).<\/p>\n\n\n\n<p class=\"has-medium-font-size\"><strong>&gt; \u00abReflexos do Olhar<\/strong>\u00bb  | <em>Iboard<\/em> do \u00e1trio do Edif\u00edcio A<\/p>\n\n\n\n<p>\u201cSomos t\u00e3o incapazes de impedir uma emo\u00e7\u00e3o quanto de impedir um espirro.\u201d Ant\u00f3nio Dam\u00e1sio, O Mist\u00e9rio da Consci\u00eancia. Uma interpreta\u00e7\u00e3o visual de emo\u00e7\u00f5es desenvolvida pelos estudantes do MIAA (Laborat\u00f3rio de Fotografia e V\u00eddeo)<\/p>\n\n\n\n<p class=\"has-medium-font-size\"><strong>&gt; \u00abA arte do sil\u00eancio\u00bb <\/strong>| <em>Iboard<\/em> do \u00e1trio do Edif\u00edcio A<\/p>\n\n\n\n<p>\u201cTalvez precisemos voltar a essa arte t\u00e3o humana que \u00e9 a lentid\u00e3o. Passamos pelas coisas sem as habitar, falamos com os outros sem os ouvir, juntamos informa\u00e7\u00e3o que nunca chegamos a aprofundar. Tudo transita num galope ruidoso,veem ente e ef\u00e9mero. Na verdade, a velocidade com que vivemos impede-nos de viver. Uma alternativa, ser\u00e1 resgatar a nossa rela\u00e7\u00e3o com o tempo.\u201d A Arte da Lentid\u00e3o, in \u201cQue coisas s\u00e3o as nuvens\u201d, Jos\u00e9 Tolentino Mendon\u00e7a<\/p>\n\n\n\n<p>As vozes visuais de estudantes do MIAA comp\u00f5em uma exposi\u00e7\u00e3o de fotografia que reflete, numa interpreta\u00e7\u00e3o visual do texto de Jos\u00e9 Tolentino Mendon\u00e7a \u201cA Arte da Lentid\u00e3o\u201d, sobre uma no\u00e7\u00e3o de tempo e lugar revelado durante o primeiro confinamento de 2020, numa narrativa cat\u00e1rtica da vida e da sua circunst\u00e2ncia atual.<\/p>\n\n\n\n<p class=\"has-medium-font-size\"><strong>&gt; \u00abReflexos do tempo<\/strong>\u00bb | <em>Iboard<\/em> do \u00e1trio do Edif\u00edcio A<\/p>\n\n\n\n<p>Uma reflex\u00e3o visual sobre o tempo, por interpreta\u00e7\u00f5es e representa\u00e7\u00f5es fotogr\u00e1ficas do passado, presente e futuro. Trabalhos de estudantes do MIAA (Laborat\u00f3rio de Fotografia e V\u00eddeo).<\/p>\n\n\n\n<p class=\"has-medium-font-size\"><strong>&gt; \u00abFenda<\/strong>\u00bb | Espa\u00e7o junto \u00e0 Biblioteca da ESECS<\/p>\n\n\n\n<p>Exposi\u00e7\u00e3o fotogr\u00e1fica coletiva de estudantes do MIAA que procura recriar vidas imaginadas de espa\u00e7os devolutos, a partir dos conceitos de abandono e mem\u00f3ria.<\/p>\n\n\n\n<figure class=\"wp-block-image size-full is-resized\"><img loading=\"lazy\" decoding=\"async\" width=\"635\" height=\"900\" src=\"https:\/\/sites.ipleiria.pt\/maiocriativo2024\/files\/2024\/05\/cartaz-1.png\" alt=\"\" class=\"wp-image-2821\" style=\"width:364px;height:auto\" srcset=\"https:\/\/sites.ipleiria.pt\/maiocriativo2024\/files\/2024\/05\/cartaz-1.png 635w, https:\/\/sites.ipleiria.pt\/maiocriativo2024\/files\/2024\/05\/cartaz-1-212x300.png 212w\" sizes=\"auto, (max-width: 635px) 100vw, 635px\" \/><\/figure>\n\n\n\n<figure class=\"wp-block-gallery has-nested-images columns-default is-cropped wp-block-gallery-2 is-layout-flex wp-block-gallery-is-layout-flex\"><\/figure>\n","protected":false},"excerpt":{"rendered":"<p>&gt; \u00abAsas de Abril &#8211; Voando com as palavras e as cores\u00bb | Espa\u00e7o junto \u00e0 Biblioteca da ESECS O&nbsp;Programa 60+ associou-se \u00e0s comemora\u00e7\u00f5es do 50.\u00ba anivers\u00e1rio do 25 de Abril, atrav\u00e9s da dinamiza\u00e7\u00e3o de diversas iniciativas. A exposi\u00e7\u00e3o&nbsp;\u201cAsas de Abril. Voando com as cores e as palavras\u201d&nbsp;\u00e9 uma delas e tem por base a &hellip; <\/p>\n<p class=\"link-more\"><a href=\"https:\/\/sites.ipleiria.pt\/maiocriativo2024\/exposicao-linguagens-em-movimento\/\" class=\"more-link\">Continuar a ler <span class=\"screen-reader-text\">&#8220;Exposi\u00e7\u00f5es de trabalhos&#8221;<\/span><\/a><\/p>\n","protected":false},"author":102,"featured_media":0,"parent":0,"menu_order":0,"comment_status":"closed","ping_status":"closed","template":"","meta":{"footnotes":""},"class_list":["post-2291","page","type-page","status-publish","hentry"],"_links":{"self":[{"href":"https:\/\/sites.ipleiria.pt\/maiocriativo2024\/wp-json\/wp\/v2\/pages\/2291","targetHints":{"allow":["GET"]}}],"collection":[{"href":"https:\/\/sites.ipleiria.pt\/maiocriativo2024\/wp-json\/wp\/v2\/pages"}],"about":[{"href":"https:\/\/sites.ipleiria.pt\/maiocriativo2024\/wp-json\/wp\/v2\/types\/page"}],"author":[{"embeddable":true,"href":"https:\/\/sites.ipleiria.pt\/maiocriativo2024\/wp-json\/wp\/v2\/users\/102"}],"replies":[{"embeddable":true,"href":"https:\/\/sites.ipleiria.pt\/maiocriativo2024\/wp-json\/wp\/v2\/comments?post=2291"}],"version-history":[{"count":25,"href":"https:\/\/sites.ipleiria.pt\/maiocriativo2024\/wp-json\/wp\/v2\/pages\/2291\/revisions"}],"predecessor-version":[{"id":2822,"href":"https:\/\/sites.ipleiria.pt\/maiocriativo2024\/wp-json\/wp\/v2\/pages\/2291\/revisions\/2822"}],"wp:attachment":[{"href":"https:\/\/sites.ipleiria.pt\/maiocriativo2024\/wp-json\/wp\/v2\/media?parent=2291"}],"curies":[{"name":"wp","href":"https:\/\/api.w.org\/{rel}","templated":true}]}}