{"id":166,"date":"2017-09-12T22:47:44","date_gmt":"2017-09-12T22:47:44","guid":{"rendered":"http:\/\/sites.ipleiria.pt\/matematicaporleiria\/?page_id=166"},"modified":"2017-09-22T16:44:18","modified_gmt":"2017-09-22T16:44:18","slug":"castelo-pagina","status":"publish","type":"page","link":"https:\/\/sites.ipleiria.pt\/matematicaporleiria\/castelo-pagina\/","title":{"rendered":"Castelo"},"content":{"rendered":"<p><img loading=\"lazy\" decoding=\"async\" class=\"alignleft size-full wp-image-553\" src=\"http:\/\/sites.ipleiria.pt\/matematicaporleiria\/files\/2017\/09\/castelo.jpg\" alt=\"\" width=\"713\" height=\"290\" srcset=\"https:\/\/sites.ipleiria.pt\/matematicaporleiria\/files\/2017\/09\/castelo.jpg 713w, https:\/\/sites.ipleiria.pt\/matematicaporleiria\/files\/2017\/09\/castelo-300x122.jpg 300w\" sizes=\"auto, (max-width: 713px) 100vw, 713px\" \/><\/p>\n<p>&nbsp;<\/p>\n<p style=\"text-align: justify\"><span style=\"font-size: 18pt\"><b>A constru\u00e7\u00e3o do Castelo<\/b><\/span><\/p>\n<p style=\"text-align: justify\">No s\u00e9culo XII, em 1135, foi mandado construir de raiz por D. Afonso Henriques, entre Coimbra e Santar\u00e9m, um castelo como estrat\u00e9gia de defesa da fronteira sul do Condado Portucalense. Surgiu ent\u00e3o o imponente Castelo Medieval de Leiria, no alto de uma eleva\u00e7\u00e3o rochosa, um pouco ao sul da conflu\u00eancia do rio Lis com o rio Lena. A constru\u00e7\u00e3o dos castelos em locais de cota superior \u00e0 das povoa\u00e7\u00f5es permitia:<br \/>\n&#8211; maior facilidade em visualizar o que se passava nas redondezas;<br \/>\n&#8211; mais tempo para prepara\u00e7\u00e3o da defesa em situa\u00e7\u00e3o de ataque;<br \/>\n&#8211; o arremesso de pedras e outras armas contra os advers\u00e1rios;<br \/>\n&#8211; vantagem psicol\u00f3gica.<\/p>\n<p><img loading=\"lazy\" decoding=\"async\" class=\"size-full wp-image-182 aligncenter\" src=\"http:\/\/sites.ipleiria.pt\/matematicaporleiria\/files\/2017\/09\/Imagem-Ponto-Castelo-1.png\" alt=\"\" width=\"704\" height=\"446\" srcset=\"https:\/\/sites.ipleiria.pt\/matematicaporleiria\/files\/2017\/09\/Imagem-Ponto-Castelo-1.png 704w, https:\/\/sites.ipleiria.pt\/matematicaporleiria\/files\/2017\/09\/Imagem-Ponto-Castelo-1-300x190.png 300w\" sizes=\"auto, (max-width: 704px) 100vw, 704px\" \/><\/p>\n<p style=\"text-align: justify\">Fazendo um mapa topogr\u00e1fico da regi\u00e3o do Castelo de Leiria e tra\u00e7ando as <strong>curvas de n\u00edvel <a href=\"#_ftn1\" name=\"_ftnref1\">[1]<\/a><\/strong>, verifica-se que o Castelo encontra-se no ponto mais alto do Centro da Cidade com uma altitude que ronda os 86 metros.<\/p>\n<p style=\"text-align: justify\">A torre de Menagem do Castelo foi mandada construir por D. Dinis e s\u00f3 foi finalizada no reinado de D. Afonso IV, de acordo com inscri\u00e7\u00e3o existente numa pedra no exterior da torre. Tal como as restantes muralhas do Castelo, foi finalizada com merl\u00f5es <strong>quadrangulares<\/strong>. Esta torre tem cota aproximadamente de 127 m e tem 17 m de altura.<\/p>\n<p style=\"text-align: justify\">H\u00e1 quem diga que o castelo apresenta planta poligonal irregular, embora na verdade as muralhas tenham um aspeto oval. Os castelos eram constru\u00eddos em <strong>estruturas predominantemente circulares<\/strong> exatamente para facilitarem as suas fun\u00e7\u00f5es declaradamente defensivas. Para al\u00e9m de se evitarem os recantos que dificultariam a defesa, sabe-se que, de entre as curvas fechadas do plano com o mesmo comprimento, a que delimita a regi\u00e3o de maior \u00e1rea \u00e9 a circunfer\u00eancia, sendo por isso o c\u00edrculo o conjunto de \u00e1rea m\u00e1xima (<strong>Problema de Dido <a href=\"#_ftn2\" name=\"_ftnref2\">[2]<\/a><\/strong>).<\/p>\n<p style=\"text-align: justify\"><img loading=\"lazy\" decoding=\"async\" class=\"alignleft wp-image-555\" src=\"http:\/\/sites.ipleiria.pt\/matematicaporleiria\/files\/2017\/09\/IMG_1217-e1506098201839.jpg\" alt=\"\" width=\"187\" height=\"281\" srcset=\"https:\/\/sites.ipleiria.pt\/matematicaporleiria\/files\/2017\/09\/IMG_1217-e1506098201839.jpg 3168w, https:\/\/sites.ipleiria.pt\/matematicaporleiria\/files\/2017\/09\/IMG_1217-e1506098201839-200x300.jpg 200w, https:\/\/sites.ipleiria.pt\/matematicaporleiria\/files\/2017\/09\/IMG_1217-e1506098201839-768x1152.jpg 768w, https:\/\/sites.ipleiria.pt\/matematicaporleiria\/files\/2017\/09\/IMG_1217-e1506098201839-683x1024.jpg 683w\" sizes=\"auto, (max-width: 187px) 100vw, 187px\" \/>O Castelo de Leiria foi das primeiras fortifica\u00e7\u00f5es a erguer o pend\u00e3o de Portugal. O Bras\u00e3o na porta norte tem dois escudos na <strong>horizonta<\/strong>l, o que indica que foi colocado em \u00e9poca anterior a D. Jo\u00e3o II, pois este rei ordenou que os escudos do bras\u00e3o de Portugal estivessem todos na <strong>vertical<\/strong>.<\/p>\n<p>\u00a0 \u00a0 \u00a0 \u00a0 \u00a0 \u00a0 \u00a0 \u00a0 \u00a0 \u00a0 \u00a0 \u00a0 \u00a0\u00a0<img loading=\"lazy\" decoding=\"async\" class=\"wp-image-183 alignnone\" src=\"http:\/\/sites.ipleiria.pt\/matematicaporleiria\/files\/2017\/09\/Imagem-Ponto-Castelo-2.png\" alt=\"\" width=\"182\" height=\"92\" srcset=\"https:\/\/sites.ipleiria.pt\/matematicaporleiria\/files\/2017\/09\/Imagem-Ponto-Castelo-2.png 419w, https:\/\/sites.ipleiria.pt\/matematicaporleiria\/files\/2017\/09\/Imagem-Ponto-Castelo-2-300x152.png 300w\" sizes=\"auto, (max-width: 182px) 100vw, 182px\" \/><\/p>\n<p style=\"text-align: justify\">No in\u00edcio do s\u00e9culo XIX, em consequ\u00eancia da Guerra Peninsular, as tropas francesas provocaram extensos danos \u00e0 cidade e aos seus monumentos, nomeadamente na S\u00e9 e no Castelo. O Castelo ficou em ru\u00ednas, perdendo assim o seu valor militar, tendo sido posteriormente abandonado. J\u00e1 no final do s\u00e9culo XIX, por iniciativa da Liga dos Amigos do Castelo, o arquiteto Ernesto Korrodi elaborou um projeto de restauro das ru\u00ednas do Castelo.<\/p>\n<p style=\"text-align: justify\">Na base das torres da porta da Albacara, porta de entrada de madeira para o castelo, encontram-se algumas l\u00e1pides com inscri\u00e7\u00f5es romanas, oriundas da antiga civiliza\u00e7\u00e3o de Colipo, que existiu perto dos Andreus (S\u00e3o Sebasti\u00e3o do Freixo).<\/p>\n<p style=\"text-align: justify\">No Largo de S\u00e3o Pedro encontra-se a Capela de S\u00e3o Pedro, constru\u00edda no s\u00e9culo XII com arquitetura religiosa, rom\u00e2nica e barroca. A porta de entrada cont\u00e9m v\u00e1rios <strong>arcos de volta perfeita<\/strong> <a href=\"#_ftn3\" name=\"_ftnref3\">[3]<\/a>. Esta capela funcionou como S\u00e9 at\u00e9 1573, a \u00a0seguir \u00e0 igreja de Nossa Senhora da Pena, e constituiu tamb\u00e9m o primeiro teatro da cidade de Leiria.<\/p>\n<p style=\"text-align: justify\"><span style=\"font-size: 18pt\"><strong>A Torre Sineira<\/strong><\/span><\/p>\n<p style=\"text-align: justify\"><img loading=\"lazy\" decoding=\"async\" class=\"alignleft  wp-image-559\" src=\"http:\/\/sites.ipleiria.pt\/matematicaporleiria\/files\/2017\/09\/IMG_0500-e1506098612866.jpg\" alt=\"\" width=\"163\" height=\"245\" srcset=\"https:\/\/sites.ipleiria.pt\/matematicaporleiria\/files\/2017\/09\/IMG_0500-e1506098612866.jpg 3168w, https:\/\/sites.ipleiria.pt\/matematicaporleiria\/files\/2017\/09\/IMG_0500-e1506098612866-200x300.jpg 200w, https:\/\/sites.ipleiria.pt\/matematicaporleiria\/files\/2017\/09\/IMG_0500-e1506098612866-768x1152.jpg 768w, https:\/\/sites.ipleiria.pt\/matematicaporleiria\/files\/2017\/09\/IMG_0500-e1506098612866-683x1024.jpg 683w\" sizes=\"auto, (max-width: 163px) 100vw, 163px\" \/>Constru\u00edda em 1770, ergue-se sobre uma das antigas torres medievais da Porta do Sol do Castelo a Torre Sineira da S\u00e9, em estilo barroco. \u00c9 <strong>quadrangular<\/strong> e no topo \u00e9 constitu\u00edda por uma <strong>pir\u00e2mide<\/strong>, tendo no topo um anjo como cata-vento.<\/p>\n<p style=\"text-align: justify\">Em tempos funcionou como pris\u00e3o. Ainda h\u00e1 quem use em Leiria a express\u00e3o \u201cVais ouvir os sinos da S\u00e9\u201d que significa \u201cVais para a pris\u00e3o\u201d.<\/p>\n<p style=\"text-align: justify\">A constru\u00e7\u00e3o da Torre Sineira foi projetada para um local mais alto do que o edif\u00edcio da S\u00e9 para que a popula\u00e7\u00e3o do Arrabalde da Ponte tamb\u00e9m conseguisse ouvir os sinos e, consequentemente, o <strong>bater das horas<\/strong>.<\/p>\n<p style=\"text-align: justify\">Recentemente, em 2014, foram efetuadas interven\u00e7\u00f5es arqueol\u00f3gicas com vista \u00e0 reabilita\u00e7\u00e3o da torre sineira. Nas escava\u00e7\u00f5es realizadas foi encontrado um <strong>rel\u00f3gio\u00a0<\/strong>no pavimento da zona de acesso \u00e0 casa do sineiro. Os rel\u00f3gios encontrados junto a torres sineiras era usados pelos sineiros para tocar os sinos \u00e0s horas certas.<\/p>\n<p><img loading=\"lazy\" decoding=\"async\" class=\"size-full wp-image-383 aligncenter\" src=\"http:\/\/sites.ipleiria.pt\/matematicaporleiria\/files\/2017\/09\/rel\u00f3gio-de-sol.png\" alt=\"\" width=\"451\" height=\"244\" srcset=\"https:\/\/sites.ipleiria.pt\/matematicaporleiria\/files\/2017\/09\/rel\u00f3gio-de-sol.png 451w, https:\/\/sites.ipleiria.pt\/matematicaporleiria\/files\/2017\/09\/rel\u00f3gio-de-sol-300x162.png 300w\" sizes=\"auto, (max-width: 451px) 100vw, 451px\" \/><\/p>\n<p style=\"text-align: justify\">Os sinos chamavam a popula\u00e7\u00e3o para festas, funerais, catequese e outros atos religiosos. Os sinos da torre sineira alertavam ainda para inc\u00eandios. Na Igreja do Esp\u00edrito Santo existia uma <strong>tabela<\/strong> de toques para que a popula\u00e7\u00e3o soubesse se o som tocado pelos sinos traduzia a exist\u00eancia de fogo na cidade ou nas redondezas.<\/p>\n<p style=\"text-align: center\">_____________________________________<\/p>\n<p style=\"text-align: justify\"><strong>Refer\u00eancias:<\/strong><\/p>\n<p style=\"text-align: justify\">Bas\u00edlio, L\u00edlia. 2014. Interven\u00e7\u00e3o de Arqueologia Preventiva. Reabilita\u00e7\u00e3o da torre sineira da S\u00e9 de Leiria, Relat\u00f3rio final de trabalhos arqueol\u00f3gicos.<\/p>\n<p style=\"text-align: justify\">Cabral, J. 1993. Anais do Munic\u00edpio de Leiria, Volume 1, 2.\u00aa Edi\u00e7\u00e3o da C\u00e2mara Municipal de Leiria.<\/p>\n<p style=\"text-align: justify\">Patrim\u00f3nio Classificado e em vias de Classifica\u00e7\u00e3o<br \/>\n<a href=\"http:\/\/www.cm-leiria.pt\/uploads\/document\/file\/801\/44298.pdf\">http:\/\/www.cm-leiria.pt\/uploads\/document\/file\/801\/44298.pdf<\/a><\/p>\n<p>Artigo do jornal \u201cRegi\u00e3o de Leiria\u201d, 23 de dezembro de 2011, <a href=\"https:\/\/www.regiaodeleiria.pt\/2011\/12\/torre-da-se-os-sinos-de-leiria-tem-historias-para-contar-fotogaleria\/\">https:\/\/www.regiaodeleiria.pt\/2011\/12\/torre-da-se-os-sinos-de-leiria-tem-historias-para-contar-fotogaleria\/<\/a><\/p>\n<p style=\"text-align: justify\">Pinheiro, Cristina Santos. 2010. <a href=\"https:\/\/digitalis.uc.pt\/pt-pt\/livro\/o_percurso_de_dido_rainha_de_cartago_na_literatura_latina\">O percurso de Dido, rainha de Cartago, na literatura latina<\/a>. Coimbra: [s.n.]. ISBN\u00a0978-989-8281-35-7.<\/p>\n<p style=\"text-align: justify\">Pinto, L., F. 2013. Funcionamento e Tra\u00e7ado do Rel\u00f3gio de Sol, Reposit\u00f3rio da Universidade Lus\u00edada<\/p>\n<p style=\"text-align: center\">_____________________________________<\/p>\n<p style=\"text-align: justify\"><a href=\"#_ftnref1\" name=\"_ftn1\">[1]<\/a> Linhas que unem pontos de igual altitude; a sua representa\u00e7\u00e3o \u00e9 efetuada no plano.<\/p>\n<p style=\"text-align: justify\"><a href=\"#_ftnref2\" name=\"_ftn2\">[2]<\/a> O problema de Dido consiste em saber, a partir de uma curva de comprimento finito, qual \u00e9 a forma que esta curva deve ter de modo que a \u00e1rea limitada por si seja m\u00e1xima.<\/p>\n<p style=\"text-align: justify\">A princesa fen\u00edcia Dido \u00e9 a primeira personagem na literatura que apresenta solu\u00e7\u00e3o para este problema quando, segundo a lenda, negoceia ficar com toda a terra que conseguir abranger usando apenas a pele de um \u00fanico boi. Para isso, mandou cortar a pele em tiras estreitas e com essas tiras formou uma linha que usou para cercar uma grande \u00e1rea circular de onde nasceu a cidade de Cartago.<\/p>\n<p style=\"text-align: justify\"><a href=\"#_ftnref3\" name=\"_ftn3\">[3]<\/a> Arcos que formam um semic\u00edrculo perfeito na parte superior.<\/p>\n<p><\/p>","protected":false},"excerpt":{"rendered":"<p>&nbsp; A constru\u00e7\u00e3o do Castelo No s\u00e9culo XII, em 1135, foi mandado construir de raiz por D. Afonso Henriques, entre Coimbra e Santar\u00e9m, um castelo como estrat\u00e9gia de defesa da fronteira sul do Condado Portucalense. Surgiu ent\u00e3o o imponente Castelo Medieval de Leiria, no alto de uma eleva\u00e7\u00e3o rochosa, um pouco ao sul da conflu\u00eancia &hellip; <a href=\"https:\/\/sites.ipleiria.pt\/matematicaporleiria\/castelo-pagina\/\" class=\"more-link\">Continuar a ler <span class=\"screen-reader-text\">Castelo<\/span><\/a><\/p>\n","protected":false},"author":2147,"featured_media":0,"parent":0,"menu_order":0,"comment_status":"closed","ping_status":"closed","template":"","meta":{"footnotes":""},"class_list":["post-166","page","type-page","status-publish","hentry"],"_links":{"self":[{"href":"https:\/\/sites.ipleiria.pt\/matematicaporleiria\/wp-json\/wp\/v2\/pages\/166","targetHints":{"allow":["GET"]}}],"collection":[{"href":"https:\/\/sites.ipleiria.pt\/matematicaporleiria\/wp-json\/wp\/v2\/pages"}],"about":[{"href":"https:\/\/sites.ipleiria.pt\/matematicaporleiria\/wp-json\/wp\/v2\/types\/page"}],"author":[{"embeddable":true,"href":"https:\/\/sites.ipleiria.pt\/matematicaporleiria\/wp-json\/wp\/v2\/users\/2147"}],"replies":[{"embeddable":true,"href":"https:\/\/sites.ipleiria.pt\/matematicaporleiria\/wp-json\/wp\/v2\/comments?post=166"}],"version-history":[{"count":45,"href":"https:\/\/sites.ipleiria.pt\/matematicaporleiria\/wp-json\/wp\/v2\/pages\/166\/revisions"}],"predecessor-version":[{"id":560,"href":"https:\/\/sites.ipleiria.pt\/matematicaporleiria\/wp-json\/wp\/v2\/pages\/166\/revisions\/560"}],"wp:attachment":[{"href":"https:\/\/sites.ipleiria.pt\/matematicaporleiria\/wp-json\/wp\/v2\/media?parent=166"}],"curies":[{"name":"wp","href":"https:\/\/api.w.org\/{rel}","templated":true}]}}