{"id":5,"date":"2017-09-11T09:37:04","date_gmt":"2017-09-11T09:37:04","guid":{"rendered":"http:\/\/sites.ipleiria.pt\/matematicaporleiria\/?page_id=5"},"modified":"2017-09-20T16:15:01","modified_gmt":"2017-09-20T16:15:01","slug":"inicio","status":"publish","type":"page","link":"https:\/\/sites.ipleiria.pt\/matematicaporleiria\/","title":{"rendered":"In\u00edcio"},"content":{"rendered":"<p><\/p>\n<p style=\"text-align: justify\">Criado no \u00e2mbito das celebra\u00e7\u00f5es do Ano Internacional do Turismo Sustent\u00e1vel para o Desenvolvimento, este roteiro convida a <strong>redescobrir a cidade de Leiria<\/strong> de uma <strong>perspetiva matem\u00e1tica<\/strong> e de valoriza\u00e7\u00e3o do patrim\u00f3nio natural e cultural.<\/p>\n<p>&nbsp;<\/p>","protected":false},"excerpt":{"rendered":"<p>Criado no \u00e2mbito das celebra\u00e7\u00f5es do Ano Internacional do Turismo Sustent\u00e1vel para o Desenvolvimento, este roteiro convida a redescobrir a cidade de Leiria de uma perspetiva matem\u00e1tica e de valoriza\u00e7\u00e3o do patrim\u00f3nio natural e cultural. &nbsp;<\/p>\n","protected":false},"author":66,"featured_media":112,"parent":0,"menu_order":0,"comment_status":"closed","ping_status":"closed","template":"","meta":{"footnotes":""},"class_list":["post-5","page","type-page","status-publish","has-post-thumbnail","hentry"],"_links":{"self":[{"href":"https:\/\/sites.ipleiria.pt\/matematicaporleiria\/wp-json\/wp\/v2\/pages\/5","targetHints":{"allow":["GET"]}}],"collection":[{"href":"https:\/\/sites.ipleiria.pt\/matematicaporleiria\/wp-json\/wp\/v2\/pages"}],"about":[{"href":"https:\/\/sites.ipleiria.pt\/matematicaporleiria\/wp-json\/wp\/v2\/types\/page"}],"author":[{"embeddable":true,"href":"https:\/\/sites.ipleiria.pt\/matematicaporleiria\/wp-json\/wp\/v2\/users\/66"}],"replies":[{"embeddable":true,"href":"https:\/\/sites.ipleiria.pt\/matematicaporleiria\/wp-json\/wp\/v2\/comments?post=5"}],"version-history":[{"count":8,"href":"https:\/\/sites.ipleiria.pt\/matematicaporleiria\/wp-json\/wp\/v2\/pages\/5\/revisions"}],"predecessor-version":[{"id":492,"href":"https:\/\/sites.ipleiria.pt\/matematicaporleiria\/wp-json\/wp\/v2\/pages\/5\/revisions\/492"}],"wp:featuredmedia":[{"embeddable":true,"href":"https:\/\/sites.ipleiria.pt\/matematicaporleiria\/wp-json\/wp\/v2\/media\/112"}],"wp:attachment":[{"href":"https:\/\/sites.ipleiria.pt\/matematicaporleiria\/wp-json\/wp\/v2\/media?parent=5"}],"curies":[{"name":"wp","href":"https:\/\/api.w.org\/{rel}","templated":true}]}}