{"id":57,"date":"2017-09-12T14:22:24","date_gmt":"2017-09-12T14:22:24","guid":{"rendered":"http:\/\/sites.ipleiria.pt\/matematicaporleiria\/?page_id=57"},"modified":"2019-09-26T13:48:58","modified_gmt":"2019-09-26T13:48:58","slug":"roteiro","status":"publish","type":"page","link":"https:\/\/sites.ipleiria.pt\/matematicaporleiria\/roteiro\/","title":{"rendered":"Roteiro"},"content":{"rendered":"<p><\/p>\n<p style=\"text-align: justify\"><img loading=\"lazy\" decoding=\"async\" class=\"alignleft size-full wp-image-332\" src=\"http:\/\/sites.ipleiria.pt\/matematicaporleiria\/files\/2017\/09\/Mapa_3.png\" alt=\"\" width=\"954\" height=\"615\" srcset=\"https:\/\/sites.ipleiria.pt\/matematicaporleiria\/files\/2017\/09\/Mapa_3.png 954w, https:\/\/sites.ipleiria.pt\/matematicaporleiria\/files\/2017\/09\/Mapa_3-300x193.png 300w, https:\/\/sites.ipleiria.pt\/matematicaporleiria\/files\/2017\/09\/Mapa_3-768x495.png 768w\" sizes=\"auto, (max-width: 954px) 100vw, 954px\" \/><\/p>\n<p style=\"text-align: justify\">Linha reta pelo que \u00e9 torto at\u00e9 \u00e0 S\u00e9 fragmentada, por ruas e ruelas entendemos a cal\u00e7ada. Somos guiados at\u00e9 ao Lobo, o da Pra\u00e7a animada, que no meio ou na esquina nos envolve num quadrado, relaxado, onde pombos e crian\u00e7as se misturam com o padr\u00e3o que reflete do ch\u00e3o. \u00a0Para refrescar, pelas fontes devemos passar. Primeiro, o cruzamento entre o Lena e o Lis, mas depois v\u00eam os tr\u00eas que \u00e9 uma conta mais feliz! E de frente l\u00e1 est\u00e1 ele, a espreitar por entre as pontes que sobre si se elevaram, com arcadas, madeira, metal ou aspeto sinusoidal. E l\u00e1 no alto, noutro n\u00edvel, numa curva superior, as muralhas do Castelo espreitam.<\/p>\n<p style=\"text-align: justify\">Vimos tudo? Matem\u00e1tica, onde te escondes em Leiria? As arcadas do sal\u00e3o piscam o olho \u00e0 Nossa Senhora de Encarna\u00e7\u00e3o. H\u00e1 f\u00f4lego, h\u00e1 coragem para subir a escadaria? Tu pela esquerda, eu pela direita, no cimo te encontraria\u2026 e poder\u00edamos descobrir que no ch\u00e3o ou nas paredes o padr\u00e3o prosseguiria.<\/p>\n<p><\/p>","protected":false},"excerpt":{"rendered":"<p>Linha reta pelo que \u00e9 torto at\u00e9 \u00e0 S\u00e9 fragmentada, por ruas e ruelas entendemos a cal\u00e7ada. Somos guiados at\u00e9 ao Lobo, o da Pra\u00e7a animada, que no meio ou na esquina nos envolve num quadrado, relaxado, onde pombos e crian\u00e7as se misturam com o padr\u00e3o que reflete do ch\u00e3o. \u00a0Para refrescar, pelas fontes devemos &hellip; <a href=\"https:\/\/sites.ipleiria.pt\/matematicaporleiria\/roteiro\/\" class=\"more-link\">Continuar a ler <span class=\"screen-reader-text\">Roteiro<\/span><\/a><\/p>\n","protected":false},"author":2147,"featured_media":0,"parent":0,"menu_order":0,"comment_status":"closed","ping_status":"closed","template":"","meta":{"footnotes":""},"class_list":["post-57","page","type-page","status-publish","hentry"],"_links":{"self":[{"href":"https:\/\/sites.ipleiria.pt\/matematicaporleiria\/wp-json\/wp\/v2\/pages\/57","targetHints":{"allow":["GET"]}}],"collection":[{"href":"https:\/\/sites.ipleiria.pt\/matematicaporleiria\/wp-json\/wp\/v2\/pages"}],"about":[{"href":"https:\/\/sites.ipleiria.pt\/matematicaporleiria\/wp-json\/wp\/v2\/types\/page"}],"author":[{"embeddable":true,"href":"https:\/\/sites.ipleiria.pt\/matematicaporleiria\/wp-json\/wp\/v2\/users\/2147"}],"replies":[{"embeddable":true,"href":"https:\/\/sites.ipleiria.pt\/matematicaporleiria\/wp-json\/wp\/v2\/comments?post=57"}],"version-history":[{"count":17,"href":"https:\/\/sites.ipleiria.pt\/matematicaporleiria\/wp-json\/wp\/v2\/pages\/57\/revisions"}],"predecessor-version":[{"id":628,"href":"https:\/\/sites.ipleiria.pt\/matematicaporleiria\/wp-json\/wp\/v2\/pages\/57\/revisions\/628"}],"wp:attachment":[{"href":"https:\/\/sites.ipleiria.pt\/matematicaporleiria\/wp-json\/wp\/v2\/media?parent=57"}],"curies":[{"name":"wp","href":"https:\/\/api.w.org\/{rel}","templated":true}]}}