{"id":9,"date":"2017-09-11T09:38:50","date_gmt":"2017-09-11T09:38:50","guid":{"rendered":"http:\/\/sites.ipleiria.pt\/matematicaporleiria\/?page_id=9"},"modified":"2025-03-26T14:06:13","modified_gmt":"2025-03-26T14:06:13","slug":"contactos","status":"publish","type":"page","link":"https:\/\/sites.ipleiria.pt\/matematicaporleiria\/contactos\/","title":{"rendered":"Contactos"},"content":{"rendered":"<p><a href=\"mailto:roteirodmat@ipleiria.pt\"><img loading=\"lazy\" decoding=\"async\" class=\"size-medium wp-image-328 alignright\" src=\"http:\/\/sites.ipleiria.pt\/matematicaporleiria\/files\/2017\/09\/IMG_0508-2-185x300.jpg\" alt=\"\" width=\"185\" height=\"300\" srcset=\"https:\/\/sites.ipleiria.pt\/matematicaporleiria\/files\/2017\/09\/IMG_0508-2-185x300.jpg 185w, https:\/\/sites.ipleiria.pt\/matematicaporleiria\/files\/2017\/09\/IMG_0508-2-768x1248.jpg 768w, https:\/\/sites.ipleiria.pt\/matematicaporleiria\/files\/2017\/09\/IMG_0508-2-630x1024.jpg 630w\" sizes=\"auto, (max-width: 185px) 100vw, 185px\" \/><\/a><\/p>\n<p>Poder\u00e1 contactar a equipa respons\u00e1vel pela elabora\u00e7\u00e3o do percurso atrav\u00e9s do seguinte email:<\/p>\n<p style=\"text-align: center\">\u00a0<a href=\"mailto:roteirodmat@ipleiria.pt\">roteirodmat@ipleiria.pt<\/a><\/p>\n<p><\/p>","protected":false},"excerpt":{"rendered":"<p>Poder\u00e1 contactar a equipa respons\u00e1vel pela elabora\u00e7\u00e3o do percurso atrav\u00e9s do seguinte email: \u00a0roteirodmat@ipleiria.pt<\/p>\n","protected":false},"author":66,"featured_media":0,"parent":0,"menu_order":0,"comment_status":"closed","ping_status":"closed","template":"","meta":{"footnotes":""},"class_list":["post-9","page","type-page","status-publish","hentry"],"_links":{"self":[{"href":"https:\/\/sites.ipleiria.pt\/matematicaporleiria\/wp-json\/wp\/v2\/pages\/9","targetHints":{"allow":["GET"]}}],"collection":[{"href":"https:\/\/sites.ipleiria.pt\/matematicaporleiria\/wp-json\/wp\/v2\/pages"}],"about":[{"href":"https:\/\/sites.ipleiria.pt\/matematicaporleiria\/wp-json\/wp\/v2\/types\/page"}],"author":[{"embeddable":true,"href":"https:\/\/sites.ipleiria.pt\/matematicaporleiria\/wp-json\/wp\/v2\/users\/66"}],"replies":[{"embeddable":true,"href":"https:\/\/sites.ipleiria.pt\/matematicaporleiria\/wp-json\/wp\/v2\/comments?post=9"}],"version-history":[{"count":12,"href":"https:\/\/sites.ipleiria.pt\/matematicaporleiria\/wp-json\/wp\/v2\/pages\/9\/revisions"}],"predecessor-version":[{"id":638,"href":"https:\/\/sites.ipleiria.pt\/matematicaporleiria\/wp-json\/wp\/v2\/pages\/9\/revisions\/638"}],"wp:attachment":[{"href":"https:\/\/sites.ipleiria.pt\/matematicaporleiria\/wp-json\/wp\/v2\/media?parent=9"}],"curies":[{"name":"wp","href":"https:\/\/api.w.org\/{rel}","templated":true}]}}