{"id":362,"date":"2013-08-28T18:35:32","date_gmt":"2013-08-28T18:35:32","guid":{"rendered":"http:\/\/www.matoestedmat.ipleiria.pt\/?page_id=362"},"modified":"2018-05-14T11:46:25","modified_gmt":"2018-05-14T11:46:25","slug":"como-chegar","status":"publish","type":"page","link":"https:\/\/sites.ipleiria.pt\/matoeste\/como-chegar\/","title":{"rendered":"Como Chegar"},"content":{"rendered":"<p><span style=\"font-family: verdana, geneva; font-size: small; color: #808080;\">A\u00a0<b><a style=\"color: #808080;\" href=\"http:\/\/www.estg.ipleiria.pt\/\" target=\"_blank\" rel=\"noopener\">Escola Superior de Tecnologia e Gest\u00e3o (ESTG)<\/a><\/b>\u00a0localiza-se na periferia da cidade de Leiria, por detr\u00e1s do LeiriaShopping, e tem as seguintes\u00a0<b>coordenadas GPS<\/b>:<b>\u00a0+39\u00b0 44&#8242; 3.24&#8221;<\/b>,\u00a0<b>-8\u00b0 49&#8242; 18.09&#8221;<\/b>.\u00a0<\/span><\/p>\n<p style=\"font-weight: inherit;\"><span style=\"color: #808080;\"><strong><span style=\"font-weight: inherit; font-style: inherit;\">As a\u00e7\u00f5es de forma\u00e7\u00e3o realizam-se no Edif\u00edcio D da ESTG.<\/span><\/strong><\/span><\/p>\n<p style=\"font-weight: inherit;\"><span style=\"color: #808080;\"><strong><span style=\"font-weight: inherit; font-style: inherit;\">Pode aceder\u00a0aqui ao\u00a0<a style=\"font-weight: inherit; font-style: inherit; color: #808080;\" title=\"Street View\" href=\"https:\/\/www.google.pt\/maps\/@39.73455,-8.821218,3a,90y,111.93h,94.49t\/data=!3m4!1e1!3m2!1sEtdnNrt8eQzlt3lv_NaA6w!2e0!6m1!1e1\" target=\"_blank\" rel=\"noopener\">Street view<\/a>\u00a0ou\u00a0<\/span>ao<\/strong>\u00a0<b><a style=\"color: #808080;\" title=\"ESTG - IPLeiria\" href=\"https:\/\/goo.gl\/maps\/yJVX8\" target=\"_blank\" rel=\"noopener\">Googlemaps<\/a>.<\/b><\/span><\/p>\n<ul>\n<li><span style=\"font-family: verdana, geneva; font-size: small; color: #808080;\"><b>Para quem vem da Auto-estrada A1:<\/b><\/span>\n<ol>\n<li><span style=\"color: #808080; font-family: verdana, geneva; font-size: small;\">Sair na A1, sa\u00edda n\u00ba 9, dire\u00e7\u00e3o Leiria\/Marinha Grande (2.8 km).<\/span><\/li>\n<li><span style=\"color: #808080; font-family: verdana, geneva; font-size: small;\">Manter-se \u00e0 direita (0.8 km).<\/span><\/li>\n<li><span style=\"color: #808080; font-family: verdana, geneva; font-size: small;\">Sair em Leiria Este (2.1 km).<\/span><\/li>\n<li><span style=\"color: #808080; font-family: verdana, geneva; font-size: small;\">Na rotunda do Hospital sair na 3\u00aa \u00e0 direita e entrar na Circular Interna de Leiria.<\/span><\/li>\n<li><span style=\"color: #808080; font-family: verdana, geneva; font-size: small;\">Na rotunda do McDonalds (Pra\u00e7a Rot\u00e1ria) sair na 2\u00aa \u00e0 direita.<\/span><\/li>\n<li><span style=\"color: #808080; font-family: verdana, geneva; font-size: small;\">Continuar cerca de 1 km pela Av. da Comunidade Europeia.<\/span><\/li>\n<li><span style=\"color: #808080; font-family: verdana, geneva; font-size: small;\">Na rotunda do D. Dinis sair na 3\u00aa \u00e0 direita, dire\u00e7\u00e3o Lisboa\/A8, e manter-se \u00e0 direita (0.8 km).<\/span><\/li>\n<li><span style=\"color: #808080; font-family: verdana, geneva; font-size: small;\">Na rotunda seguinte sair na 2\u00aa \u00e0 direita, dire\u00e7\u00e3o zona comercial, e andar cerca de 250 metros.<\/span><\/li>\n<li><span style=\"color: #808080; font-family: verdana, geneva; font-size: small;\">Na pr\u00f3xima rotunda sair na 2\u00aa \u00e0 direita e entrar no campus da ESTG.<\/span><\/li>\n<\/ol>\n<\/li>\n<\/ul>\n<ul>\n<li><span style=\"font-family: verdana, geneva; font-size: small; color: #808080;\"><b>Para quem vem da Auto-estrada A8 ou da Auto-estrada A17:<\/b><\/span>\n<ol>\n<li><span style=\"font-family: verdana, geneva; font-size: small; color: #808080;\">Sair em Leiria Sul (A8 e A17), tomar o sentido de Leiria e sair logo na 1\u00aa \u00e0 direita, como se fosse para o LeiriaShopping.<\/span><\/li>\n<li><span style=\"font-family: verdana, geneva; font-size: small; color: #808080;\">Na rotunda, sair na 1\u00aa \u00e0 direita.<\/span><\/li>\n<li><span style=\"font-family: verdana, geneva; font-size: small; color: #808080;\">Andar cerca de 250 metros.<\/span><\/li>\n<li><span style=\"font-family: verdana, geneva; font-size: small; color: #808080;\">Na pr\u00f3xima rotunda sair na 2\u00aa \u00e0 direita e entrar no campus da ESTG.<\/span><\/li>\n<\/ol>\n<\/li>\n<\/ul>\n<p style=\"color: #313131;\"><span style=\"color: #808080;\">Para ir do centro da cidade ou dos seus hot\u00e9is at\u00e9 ao local do evento\u00a0na\u00a0ESTG pode optar por um dos meios de transporte descritos\u00a0de seguida:<\/span><\/p>\n<ul>\n<li><span style=\"color: #808080;\"><strong>Ir a p\u00e9:<\/strong> Cerca de 30 minutos no m\u00e1ximo.<\/span><\/li>\n<li><span style=\"color: #808080;\"><strong>De carro:<\/strong>\u00a0Cerca de 5 minutos.<\/span><\/li>\n<li><span style=\"color: #808080;\"><strong>De Mobilis:<\/strong> Leiria possui um sistema de transporte urbano p\u00fablico, designado por Mobilis, com autocarros que circulam pela cidade e periferia num percurso circular. <a style=\"color: #808080;\" title=\"Mobilis-Leiria\" href=\"http:\/\/sites.ipleiria.pt\/matoeste\/files\/2014\/07\/Mobilis_LEIRIA.pdf\" target=\"_blank\" rel=\"noopener\">Veja aqui os hor\u00e1rios\/tarif\u00e1rios e percursos.<\/a><\/span><\/li>\n<\/ul>\n","protected":false},"excerpt":{"rendered":"<p>A\u00a0Escola Superior de Tecnologia e Gest\u00e3o (ESTG)\u00a0localiza-se na periferia da cidade de Leiria, por detr\u00e1s do LeiriaShopping, e tem as seguintes\u00a0coordenadas GPS:\u00a0+39\u00b0 44&#8242; 3.24&#8221;,\u00a0-8\u00b0 49&#8242; 18.09&#8221;.\u00a0 As a\u00e7\u00f5es de forma\u00e7\u00e3o<\/p>\n","protected":false},"author":1676,"featured_media":0,"parent":0,"menu_order":0,"comment_status":"open","ping_status":"open","template":"","meta":{"footnotes":""},"class_list":["post-362","page","type-page","status-publish","hentry"],"_links":{"self":[{"href":"https:\/\/sites.ipleiria.pt\/matoeste\/wp-json\/wp\/v2\/pages\/362","targetHints":{"allow":["GET"]}}],"collection":[{"href":"https:\/\/sites.ipleiria.pt\/matoeste\/wp-json\/wp\/v2\/pages"}],"about":[{"href":"https:\/\/sites.ipleiria.pt\/matoeste\/wp-json\/wp\/v2\/types\/page"}],"author":[{"embeddable":true,"href":"https:\/\/sites.ipleiria.pt\/matoeste\/wp-json\/wp\/v2\/users\/1676"}],"replies":[{"embeddable":true,"href":"https:\/\/sites.ipleiria.pt\/matoeste\/wp-json\/wp\/v2\/comments?post=362"}],"version-history":[{"count":29,"href":"https:\/\/sites.ipleiria.pt\/matoeste\/wp-json\/wp\/v2\/pages\/362\/revisions"}],"predecessor-version":[{"id":1559,"href":"https:\/\/sites.ipleiria.pt\/matoeste\/wp-json\/wp\/v2\/pages\/362\/revisions\/1559"}],"wp:attachment":[{"href":"https:\/\/sites.ipleiria.pt\/matoeste\/wp-json\/wp\/v2\/media?parent=362"}],"curies":[{"name":"wp","href":"https:\/\/api.w.org\/{rel}","templated":true}]}}