{"id":364,"date":"2013-08-28T18:35:47","date_gmt":"2013-08-28T18:35:47","guid":{"rendered":"http:\/\/www.matoestedmat.ipleiria.pt\/?page_id=364"},"modified":"2017-06-28T10:45:54","modified_gmt":"2017-06-28T10:45:54","slug":"inscricao","status":"publish","type":"page","link":"https:\/\/sites.ipleiria.pt\/matoeste\/inscricao\/","title":{"rendered":"Inscri\u00e7\u00e3o"},"content":{"rendered":"<p><span style=\"font-family: verdana, geneva;color: #808080\">As inscri\u00e7\u00f5es gratuitas para participar no\u00a0<b>Mat-Oeste 2017<\/b>\u00a0j\u00e1 se encontram abertas no site da Escola de Ver\u00e3o da Sociedade Portuguesa de Matem\u00e1tica &amp; Mat-Oeste 2017 (<a href=\"http:\/\/evspm2017.ipleiria.pt\" target=\"_blank\" rel=\"noopener\">http:\/\/evspm2017.ipleiria.pt<\/a><\/span><span style=\"font-family: verdana, geneva;color: #808080\">) em <a href=\"http:\/\/evspm2017.ipleiria.pt\/inscricoes-do-evento\" target=\"_blank\" rel=\"noopener\">http:\/\/evspm2017.ipleiria.pt\/inscricoes-do-evento<\/a>.<\/span><span style=\"font-family: verdana, geneva;color: #808080\"><span style=\"color: #808080\">\u00a0<\/span><\/span><\/p>\n<p><span style=\"font-family: verdana, geneva;color: #808080\">N\u00e3o hesite em contatar a organiza\u00e7\u00e3o em caso de d\u00favida.<\/span><\/p>\n","protected":false},"excerpt":{"rendered":"<p>As inscri\u00e7\u00f5es gratuitas para participar no\u00a0Mat-Oeste 2017\u00a0j\u00e1 se encontram abertas no site da Escola de Ver\u00e3o da Sociedade Portuguesa de Matem\u00e1tica &amp; Mat-Oeste 2017 (http:\/\/evspm2017.ipleiria.pt) em http:\/\/evspm2017.ipleiria.pt\/inscricoes-do-evento.\u00a0 N\u00e3o hesite em<\/p>\n","protected":false},"author":1676,"featured_media":0,"parent":0,"menu_order":0,"comment_status":"open","ping_status":"open","template":"","meta":{"footnotes":""},"class_list":["post-364","page","type-page","status-publish","hentry"],"_links":{"self":[{"href":"https:\/\/sites.ipleiria.pt\/matoeste\/wp-json\/wp\/v2\/pages\/364","targetHints":{"allow":["GET"]}}],"collection":[{"href":"https:\/\/sites.ipleiria.pt\/matoeste\/wp-json\/wp\/v2\/pages"}],"about":[{"href":"https:\/\/sites.ipleiria.pt\/matoeste\/wp-json\/wp\/v2\/types\/page"}],"author":[{"embeddable":true,"href":"https:\/\/sites.ipleiria.pt\/matoeste\/wp-json\/wp\/v2\/users\/1676"}],"replies":[{"embeddable":true,"href":"https:\/\/sites.ipleiria.pt\/matoeste\/wp-json\/wp\/v2\/comments?post=364"}],"version-history":[{"count":51,"href":"https:\/\/sites.ipleiria.pt\/matoeste\/wp-json\/wp\/v2\/pages\/364\/revisions"}],"predecessor-version":[{"id":1544,"href":"https:\/\/sites.ipleiria.pt\/matoeste\/wp-json\/wp\/v2\/pages\/364\/revisions\/1544"}],"wp:attachment":[{"href":"https:\/\/sites.ipleiria.pt\/matoeste\/wp-json\/wp\/v2\/media?parent=364"}],"curies":[{"name":"wp","href":"https:\/\/api.w.org\/{rel}","templated":true}]}}