{"id":763,"date":"2014-06-25T01:37:28","date_gmt":"2014-06-25T01:37:28","guid":{"rendered":"http:\/\/www.matoestedmat.ipleiria.pt\/?page_id=763"},"modified":"2017-02-18T19:04:13","modified_gmt":"2017-02-18T19:04:13","slug":"alojamento","status":"publish","type":"page","link":"https:\/\/sites.ipleiria.pt\/matoeste\/alojamento\/","title":{"rendered":"Alojamento"},"content":{"rendered":"<p><span style=\"color: #333399\"><strong>RESID\u00caNCIA do IPLeiria:<\/strong><\/span><\/p>\n<p><span style=\"color: #808080\">Os\u00a0participantes (alunos\/professores) no Mat-Oeste 2017, que manifestem interesse, podem solicitar alojamento na resid\u00eancia do IPLeiria, mediante disponibilidade existente e mencionando que s\u00e3o participantes nesse evento.<\/span><\/p>\n<ul>\n<li><span style=\"color: #808080\"><span style=\"color: #333399\"><a id=\"mp-1516-3fae9506b3fb724c-cms-main-links\" style=\"color: #333399\" title=\"Pousadinha do IPLeiria\" href=\"http:\/\/www.ipleiria.pt\/sas\/pousadinha-jose-saramago\" target=\"_blank\">Pousadinha Jos\u00e9 Saramago<\/a><\/span>\u00a0<\/span><\/li>\n<\/ul>\n<p style=\"color: #313131\"><span style=\"color: #808080\">(perto da ESTG, cerca de 10 minutos a p\u00e9)<\/span><\/p>\n<p><span style=\"color: #808080\">Tel: 244 830 640 \/ 964\u00a0315 003\u00a0\u00a0\u00a0| \u00a0 \u00a0Email: sas@ipleiria.pt<\/span><\/p>\n<p><span style=\"color: #808080\">Rua General Norton de Matos, 2401-901 Leiria<\/span><\/p>\n<hr \/>\n<p>&nbsp;<\/p>\n<p><span style=\"color: #808080\">Outros\u00a0locais de alojamento em Leiria:<\/span><\/p>\n<p><span style=\"color: #808080\"><span style=\"color: #333399\">\u00a0<\/span><\/span><\/p>\n<ul>\n<li><span style=\"color: #333399\"><a style=\"color: #333399\" href=\"http:\/\/www.casulo.pt\" target=\"_blank\"><u>O Casulo<\/u><\/a><\/span><span style=\"color: #808080\"> &#8211; Tel. 244 882 330 \u00a0 | \u00a0 Email: geral@casulo.PT<\/span><\/li>\n<\/ul>\n<p>&nbsp;<\/p>\n<ul>\n<li><span style=\"color: #808080\"><span style=\"color: #333399\"><a style=\"color: #333399\" title=\"Hostel Leiria\" href=\"https:\/\/www.facebook.com\/atlashostelleiria\" target=\"_blank\">Hostel\u00a0Atlas<\/a> <span style=\"color: #808080\">&#8211; Tel.\u00a0917 460 810<\/span><\/span><\/span><\/li>\n<\/ul>\n<p>&nbsp;<\/p>\n<ul>\n<li><span style=\"color: #808080\"><span style=\"color: #333399\"><a style=\"color: #333399\" title=\"Hostel Leiria\" href=\"http:\/\/www.booking.com\/hotel\/pt\/residencial-ramalhete.html?aid=312990\" target=\"_blank\">Hostel\u00a0Leiria<\/a><\/span> &#8211; Tel. 244 812 802 \u00a0 | \u00a0 Email: hostelleiria@gmail.com<\/span><\/li>\n<\/ul>\n<p>&nbsp;<\/p>\n<ul>\n<li><span style=\"color: #808080\"><span style=\"color: #333399\"><a style=\"color: #333399\" title=\"Hotel D. Dinis\" href=\"http:\/\/www.hotelddinis.pt\/\" target=\"_blank\">Hotel D. Dinis<\/a><\/span>\u00a0&#8211; Tel. 244 815 342 \u00a0 | \u00a0 Email: info@hotelddinis.pt<\/span><\/li>\n<\/ul>\n<p>&nbsp;<\/p>\n<ul>\n<li><span style=\"color: #808080\"><span style=\"color: #333399\"><a style=\"color: #333399\" title=\"Hotel Eurosol Leiria &amp; Jardim\" href=\"http:\/\/www.eurosol.pt\/hoteis\/hotel-eurosol-leiria-jardim\/\" target=\"_blank\">Hotel Eurosol Leiria &amp; Jardim<\/a><\/span> &#8211; Tel. 244 849 849 \u00a0 | \u00a0 Email: leiria@eurosol.pt<\/span><\/li>\n<\/ul>\n<p>&nbsp;<\/p>\n<ul>\n<li><span style=\"color: #808080\"><span style=\"color: #333399\"><a style=\"color: #333399\" title=\"Eurosol Residence Hotel Apartamento\" href=\"http:\/\/www.eurosol.pt\/hoteis\/hotel-eurosol-residence\/\" target=\"_blank\">Hotel Eurosol Residence<\/a><\/span> &#8211; Tel. 244 860 460 \u00a0 | \u00a0 Email: residence@eurosol.pt<\/span><\/li>\n<\/ul>\n<p>&nbsp;<\/p>\n<ul>\n<li><span style=\"color: #808080\"><span style=\"color: #333399\"><a style=\"color: #333399\" title=\"Hotel Ibis Leiria\" href=\"http:\/\/www.ibis.com\/pt\/hotel-3340-ibis-leiria\/index.shtml\" target=\"_blank\">Hotel Ibis Leiria<\/a><\/span> &#8211; Tel. 244 816 700 \u00a0 | \u00a0 Email: h3340@accor.com<\/span><\/li>\n<\/ul>\n<p>&nbsp;<\/p>\n<ul>\n<li><span style=\"color: #808080\"><span style=\"color: #333399\"><a style=\"color: #333399\" title=\"Hotel Leiriense\" href=\"http:\/\/www.hotelleiriense.com\/\" target=\"_blank\">Hotel Leiriense<\/a><\/span> &#8211; Tel. 244 823054 \u00a0 | \u00a0 Email: info@hotelleiriense.com<\/span><\/li>\n<\/ul>\n<p>&nbsp;<\/p>\n<ul>\n<li><span style=\"color: #808080\"><span style=\"color: #333399\"><a style=\"color: #333399\" title=\"Hotel Lisotel\" href=\"http:\/\/www.lisotel.com\/\" target=\"_blank\">Hotel Lisotel<\/a><\/span>\u00a0&#8211; Tel. 244 820 460 \u00a0 | \u00a0 Email: info@lisotel.com<\/span><\/li>\n<\/ul>\n<p>&nbsp;<\/p>\n<ul>\n<li><span style=\"color: #808080\"><span style=\"color: #333399\"><a style=\"color: #333399\" title=\"Hotel S\u00e3o Francisco\" href=\"http:\/\/www.hotelsfrancisco.net\/\" target=\"_blank\">Hotel S\u00e3o Francisco<\/a><\/span> &#8211; Tel. 244 823 110<\/span><\/li>\n<\/ul>\n<p>&nbsp;<\/p>\n<ul>\n<li><span style=\"color: #808080\"><span style=\"color: #333399\"><a style=\"color: #333399\" title=\"Hotel S\u00e3o Lu\u00eds\" href=\"http:\/\/www.saoluishotel.com\/\" target=\"_blank\">Hotel S\u00e3o Lu\u00eds<\/a><\/span>\u00a0&#8211; Tel. 244 848 370 \u00a0 | \u00a0 Email: hotelsluis@gmail.com<\/span><\/li>\n<\/ul>\n<p><span style=\"color: #808080\">\u00a0<\/span><\/p>\n<ul>\n<li><span style=\"color: #808080\"><span style=\"color: #333399\"><a style=\"color: #333399\" href=\"http:\/\/www.melia.com\/pt\/hoteis\/portugal\/leiria\/tryp-leiria-hotel\/index.html\" target=\"_blank\">Hotel TRYP Leiria<\/a><\/span> &#8211; Tel.\u00a0800\u00a0834 038<span style=\"color: #808080\">\u00a0\u00a0 | \u00a0 Email: tryp.leiria@meliaportugal.com<\/span><\/span><\/li>\n<\/ul>\n","protected":false},"excerpt":{"rendered":"<p>RESID\u00caNCIA do IPLeiria: Os\u00a0participantes (alunos\/professores) no Mat-Oeste 2017, que manifestem interesse, podem solicitar alojamento na resid\u00eancia do IPLeiria, mediante disponibilidade existente e mencionando que s\u00e3o participantes nesse evento. Pousadinha Jos\u00e9<\/p>\n","protected":false},"author":1676,"featured_media":0,"parent":0,"menu_order":0,"comment_status":"open","ping_status":"open","template":"","meta":{"footnotes":""},"class_list":["post-763","page","type-page","status-publish","hentry"],"_links":{"self":[{"href":"https:\/\/sites.ipleiria.pt\/matoeste\/wp-json\/wp\/v2\/pages\/763","targetHints":{"allow":["GET"]}}],"collection":[{"href":"https:\/\/sites.ipleiria.pt\/matoeste\/wp-json\/wp\/v2\/pages"}],"about":[{"href":"https:\/\/sites.ipleiria.pt\/matoeste\/wp-json\/wp\/v2\/types\/page"}],"author":[{"embeddable":true,"href":"https:\/\/sites.ipleiria.pt\/matoeste\/wp-json\/wp\/v2\/users\/1676"}],"replies":[{"embeddable":true,"href":"https:\/\/sites.ipleiria.pt\/matoeste\/wp-json\/wp\/v2\/comments?post=763"}],"version-history":[{"count":66,"href":"https:\/\/sites.ipleiria.pt\/matoeste\/wp-json\/wp\/v2\/pages\/763\/revisions"}],"predecessor-version":[{"id":1505,"href":"https:\/\/sites.ipleiria.pt\/matoeste\/wp-json\/wp\/v2\/pages\/763\/revisions\/1505"}],"wp:attachment":[{"href":"https:\/\/sites.ipleiria.pt\/matoeste\/wp-json\/wp\/v2\/media?parent=763"}],"curies":[{"name":"wp","href":"https:\/\/api.w.org\/{rel}","templated":true}]}}