{"id":837,"date":"2014-09-10T23:10:19","date_gmt":"2014-09-10T23:10:19","guid":{"rendered":"http:\/\/www.matoestedmat.ipleiria.pt\/?page_id=837"},"modified":"2018-05-14T11:40:58","modified_gmt":"2018-05-14T11:40:58","slug":"apresentacao-em-atualizacao","status":"publish","type":"page","link":"https:\/\/sites.ipleiria.pt\/matoeste\/","title":{"rendered":"Apresenta\u00e7\u00e3o"},"content":{"rendered":"<p><span style=\"font-size: 14pt;\"><strong>Bem vindo ao Mat-Oeste 2017: Matem\u00e1tica na Regi\u00e3o Oeste &#8211; 10.\u00aa Edi\u00e7\u00e3o!<\/strong><\/span><\/p>\n<p><strong>Este ano o evento decorrer\u00e1 em simult\u00e2neo com a Escola de Ver\u00e3o da SPM<a href=\"http:\/\/evspm2017.ipleiria.pt\/\" target=\"_blank\" rel=\"attachment wp-att-1526 noopener\"><img loading=\"lazy\" decoding=\"async\" class=\"alignright wp-image-1526\" src=\"http:\/\/www.matoestedmat.ipleiria.pt\/files\/2017\/03\/Cartaz-Escola-Verao-SPM-Mat-Oeste-2017-Vers\u00e3o-Final-212x300.jpg\" alt=\"\" width=\"200\" height=\"283\" srcset=\"https:\/\/sites.ipleiria.pt\/matoeste\/files\/2017\/03\/Cartaz-Escola-Verao-SPM-Mat-Oeste-2017-Vers\u00e3o-Final-212x300.jpg 212w, https:\/\/sites.ipleiria.pt\/matoeste\/files\/2017\/03\/Cartaz-Escola-Verao-SPM-Mat-Oeste-2017-Vers\u00e3o-Final-768x1086.jpg 768w, https:\/\/sites.ipleiria.pt\/matoeste\/files\/2017\/03\/Cartaz-Escola-Verao-SPM-Mat-Oeste-2017-Vers\u00e3o-Final-724x1024.jpg 724w\" sizes=\"auto, (max-width: 200px) 100vw, 200px\" \/><\/a><br \/>\n(<a href=\"http:\/\/evspm2017.ipleiria.pt\/\">evspm2017.ipleiria.pt<\/a>) a realizar de\u00a013 a 15 de julho.<br \/>\n<\/strong><\/p>\n<hr \/>\n<p><strong>Data:<\/strong>\u00a013 de julho de 2017.<\/p>\n<p><strong>Inscri\u00e7\u00e3o:<\/strong> at\u00e9 10 de julho de 2017.<\/p>\n<p><strong>Local:<\/strong> <a href=\"http:\/\/www.estg.ipleiria.pt\/Paginas\/default.aspx\" target=\"_blank\" rel=\"noopener\">Escola Superior de Tecnologia e Gest\u00e3o do IPLeiria<\/a>.<\/p>\n<p><strong>Tema:<\/strong> Matem\u00e1tica do Mar.<\/p>\n<p><strong>Organiza\u00e7\u00e3o:<\/strong> Encontro promovido anualmente pelo <a href=\"http:\/\/www.ipleiria.pt\/estg\/dmat\/\" target=\"_blank\" rel=\"noopener\">Departamento de Matem\u00e1tica<\/a> da Escola Superior de Tecnologia e Gest\u00e3o do <a href=\"http:\/\/www.ipleiria.pt\/\" target=\"_blank\" rel=\"noopener\">Instituto Polit\u00e9cnico de Leiria<\/a>.<\/p>\n<p><strong>P\u00fablico Alvo:<\/strong> Professores de todos os n\u00edveis de ensino e p\u00fablico em geral.<\/p>\n<p><strong>Objetivo:<\/strong> Pretende ser um encontro de divulga\u00e7\u00e3o, discuss\u00e3o, partilha de experi\u00eancias e compet\u00eancias, nas mais diferentes vertentes da Matem\u00e1tica, procurando promov\u00ea-la na regi\u00e3o oeste.<\/p>\n<p><strong>Informa\u00e7\u00f5es Adicionais<\/strong><\/p>\n<ul>\n<li><strong>A\u00e7\u00f5es de Forma\u00e7\u00e3o:<\/strong>\u00a0Os participantes poder\u00e3o frequentar a\u00e7\u00f5es de forma\u00e7\u00e3o acreditadas para professores dos Ensinos B\u00e1sico e Secund\u00e1rio associadas ao Mat-Oeste 2017, cuja informa\u00e7\u00e3o dever\u00e1 ser obtida no site das\u00a0<a href=\"http:\/\/www.formacoesdmat.ipleiria.pt\/\" target=\"_blank\" rel=\"noopener\"><span style=\"color: #0066cc;\">Forma\u00e7\u00f5es DMAT<\/span><\/a>.<\/li>\n<li><strong><strong>Pr\u00e9mio Pedro Matos 2017: <\/strong><\/strong>No Encontro ir\u00e1 decorrer a entrega dos pr\u00e9mios da 9.\u00aa edi\u00e7\u00e3o do\u00a0<a href=\"http:\/\/www.premiopedromatos.ipleiria.pt\/\" target=\"_blank\" rel=\"noopener\"><span style=\"color: #0066cc;\">Pr\u00e9mio Pedro Matos<\/span><\/a>, promovido anualmente pelo Instituto Polit\u00e9cnico de Leiria e destinado a alunos do ensino secund\u00e1rio, cujo objetivo \u00e9 fomentar a criatividade e o interesse pela Matem\u00e1tica e suas aplica\u00e7\u00f5es, bem como despontar novos jovens talentos.<\/li>\n<\/ul>\n<p>&nbsp;<\/p>\n<p><strong>Apoios:<\/strong><\/p>\n<table>\n<tbody>\n<tr>\n<td>\u00a0<span style=\"font-size: 14pt;\"><strong>\u00a0<a href=\"http:\/\/sites.ipleiria.pt\/matoeste\/apresentacao-em-atualizacao\/logo_spm\/\" rel=\"attachment wp-att-434\"><img loading=\"lazy\" decoding=\"async\" class=\"wp-image-434 alignnone\" src=\"http:\/\/sites.ipleiria.pt\/matoeste\/files\/2013\/08\/logo_SPM-300x148.png\" alt=\"\" width=\"231\" height=\"114\" \/><\/a> <\/strong><\/span><\/td>\n<td>\u00a0 \u00a0<a href=\"http:\/\/sites.ipleiria.pt\/matoeste\/files\/2013\/12\/LOGO_Ac\u00e7\u00e3o-social-fundo-transparente-letras-cores.png\" rel=\"attachment wp-att-572\"><img loading=\"lazy\" decoding=\"async\" class=\"alignnone wp-image-572\" src=\"http:\/\/sites.ipleiria.pt\/matoeste\/files\/2013\/12\/LOGO_Ac\u00e7\u00e3o-social-fundo-transparente-letras-cores.png\" alt=\"LOGO_Ac\u00e7\u00e3o social fundo transparente letras cores\" width=\"249\" height=\"80\" srcset=\"https:\/\/sites.ipleiria.pt\/matoeste\/files\/2013\/12\/LOGO_Ac\u00e7\u00e3o-social-fundo-transparente-letras-cores.png 1087w, https:\/\/sites.ipleiria.pt\/matoeste\/files\/2013\/12\/LOGO_Ac\u00e7\u00e3o-social-fundo-transparente-letras-cores-300x96.png 300w, https:\/\/sites.ipleiria.pt\/matoeste\/files\/2013\/12\/LOGO_Ac\u00e7\u00e3o-social-fundo-transparente-letras-cores-1024x328.png 1024w\" sizes=\"auto, (max-width: 249px) 100vw, 249px\" \/><\/a><\/td>\n<td><\/td>\n<\/tr>\n<tr>\n<td style=\"text-align: left;\">\u00a0<a href=\"http:\/\/sites.ipleiria.pt\/matoeste\/files\/2013\/09\/Jornal_Leiria.jpg\" rel=\"attachment wp-att-523\"><img loading=\"lazy\" decoding=\"async\" class=\"wp-image-523 alignnone\" src=\"http:\/\/sites.ipleiria.pt\/matoeste\/files\/2013\/09\/Jornal_Leiria.jpg\" alt=\"Jornal_Leiria\" width=\"155\" height=\"52\" \/><\/a><\/td>\n<td><span style=\"font-size: 14pt;\"><strong><a href=\"http:\/\/sites.ipleiria.pt\/matoeste\/logo_estg_opt_png\/\"><img loading=\"lazy\" decoding=\"async\" class=\"wp-image-5 alignnone\" src=\"http:\/\/sites.ipleiria.pt\/matoeste\/files\/2013\/04\/logo_estg_opt_png.png\" alt=\"\" width=\"247\" height=\"79\" \/><\/a><\/strong><\/span><\/td>\n<td><\/td>\n<\/tr>\n<\/tbody>\n<\/table>\n","protected":false},"excerpt":{"rendered":"<p>Bem vindo ao Mat-Oeste 2017: Matem\u00e1tica na Regi\u00e3o Oeste &#8211; 10.\u00aa Edi\u00e7\u00e3o! Este ano o evento decorrer\u00e1 em simult\u00e2neo com a Escola de Ver\u00e3o da SPM (evspm2017.ipleiria.pt) a realizar de\u00a013<\/p>\n","protected":false},"author":1676,"featured_media":572,"parent":0,"menu_order":0,"comment_status":"closed","ping_status":"closed","template":"","meta":{"footnotes":""},"class_list":["post-837","page","type-page","status-publish","has-post-thumbnail","hentry"],"_links":{"self":[{"href":"https:\/\/sites.ipleiria.pt\/matoeste\/wp-json\/wp\/v2\/pages\/837","targetHints":{"allow":["GET"]}}],"collection":[{"href":"https:\/\/sites.ipleiria.pt\/matoeste\/wp-json\/wp\/v2\/pages"}],"about":[{"href":"https:\/\/sites.ipleiria.pt\/matoeste\/wp-json\/wp\/v2\/types\/page"}],"author":[{"embeddable":true,"href":"https:\/\/sites.ipleiria.pt\/matoeste\/wp-json\/wp\/v2\/users\/1676"}],"replies":[{"embeddable":true,"href":"https:\/\/sites.ipleiria.pt\/matoeste\/wp-json\/wp\/v2\/comments?post=837"}],"version-history":[{"count":184,"href":"https:\/\/sites.ipleiria.pt\/matoeste\/wp-json\/wp\/v2\/pages\/837\/revisions"}],"predecessor-version":[{"id":1556,"href":"https:\/\/sites.ipleiria.pt\/matoeste\/wp-json\/wp\/v2\/pages\/837\/revisions\/1556"}],"wp:featuredmedia":[{"embeddable":true,"href":"https:\/\/sites.ipleiria.pt\/matoeste\/wp-json\/wp\/v2\/media\/572"}],"wp:attachment":[{"href":"https:\/\/sites.ipleiria.pt\/matoeste\/wp-json\/wp\/v2\/media?parent=837"}],"curies":[{"name":"wp","href":"https:\/\/api.w.org\/{rel}","templated":true}]}}