{"id":100,"date":"2017-06-26T12:19:03","date_gmt":"2017-06-26T12:19:03","guid":{"rendered":"http:\/\/sites.ipleiria.pt\/miaa\/?page_id=100"},"modified":"2019-01-30T16:44:25","modified_gmt":"2019-01-30T16:44:25","slug":"conferencia-museus-animacao-e-educacao-desafios-contemporaneos","status":"publish","type":"page","link":"https:\/\/sites.ipleiria.pt\/miaa\/conferencia-museus-animacao-e-educacao-desafios-contemporaneos\/","title":{"rendered":"Confer\u00eancia \u00abMuseus, Anima\u00e7\u00e3o e Educa\u00e7\u00e3o: desafios contempor\u00e2neos\u00bb"},"content":{"rendered":"<p><img loading=\"lazy\" decoding=\"async\" class=\"alignleft size-full wp-image-155\" src=\"http:\/\/sites.ipleiria.pt\/miaa\/files\/2017\/06\/Untitled.png\" alt=\"\" width=\"660\" height=\"496\" srcset=\"https:\/\/sites.ipleiria.pt\/miaa\/files\/2017\/06\/Untitled.png 660w, https:\/\/sites.ipleiria.pt\/miaa\/files\/2017\/06\/Untitled-300x225.png 300w\" sizes=\"auto, (max-width: 660px) 100vw, 660px\" \/><\/p>\n<p>Realizada a 04 de dezembro de 2014, na ESECS. Uma das estudantes do curso de mestrado participou enquanto oradora convidada, apresentando os projetos do servi\u00e7o educativo do Museu da Comunidade Concelhia da Batalha, dos quais \u00e9 respons\u00e1vel.<\/p>\n<p>&nbsp;<\/p>\n","protected":false},"excerpt":{"rendered":"<p>Realizada a 04 de dezembro de 2014, na ESECS. Uma das estudantes do curso de mestrado participou enquanto oradora convidada, apresentando os projetos do servi\u00e7o educativo do Museu da Comunidade&#8230;<\/p>\n","protected":false},"author":2694,"featured_media":0,"parent":0,"menu_order":0,"comment_status":"closed","ping_status":"closed","template":"templates\/full-width.php","meta":{"footnotes":""},"class_list":["post-100","page","type-page","status-publish","hentry"],"_links":{"self":[{"href":"https:\/\/sites.ipleiria.pt\/miaa\/wp-json\/wp\/v2\/pages\/100","targetHints":{"allow":["GET"]}}],"collection":[{"href":"https:\/\/sites.ipleiria.pt\/miaa\/wp-json\/wp\/v2\/pages"}],"about":[{"href":"https:\/\/sites.ipleiria.pt\/miaa\/wp-json\/wp\/v2\/types\/page"}],"author":[{"embeddable":true,"href":"https:\/\/sites.ipleiria.pt\/miaa\/wp-json\/wp\/v2\/users\/2694"}],"replies":[{"embeddable":true,"href":"https:\/\/sites.ipleiria.pt\/miaa\/wp-json\/wp\/v2\/comments?post=100"}],"version-history":[{"count":3,"href":"https:\/\/sites.ipleiria.pt\/miaa\/wp-json\/wp\/v2\/pages\/100\/revisions"}],"predecessor-version":[{"id":614,"href":"https:\/\/sites.ipleiria.pt\/miaa\/wp-json\/wp\/v2\/pages\/100\/revisions\/614"}],"wp:attachment":[{"href":"https:\/\/sites.ipleiria.pt\/miaa\/wp-json\/wp\/v2\/media?parent=100"}],"curies":[{"name":"wp","href":"https:\/\/api.w.org\/{rel}","templated":true}]}}