{"id":103,"date":"2017-06-26T12:19:56","date_gmt":"2017-06-26T12:19:56","guid":{"rendered":"http:\/\/sites.ipleiria.pt\/miaa\/?page_id=103"},"modified":"2019-01-30T16:45:25","modified_gmt":"2019-01-30T16:45:25","slug":"visita-de-estudo-exposicao-mudjer-de-clotilde-fava","status":"publish","type":"page","link":"https:\/\/sites.ipleiria.pt\/miaa\/visita-de-estudo-exposicao-mudjer-de-clotilde-fava\/","title":{"rendered":"Visita de Estudo: Exposi\u00e7\u00e3o \u00abMudjer\u00bb de Clotilde Fava"},"content":{"rendered":"<p><img loading=\"lazy\" decoding=\"async\" class=\"alignleft size-full wp-image-157\" src=\"http:\/\/sites.ipleiria.pt\/miaa\/files\/2017\/06\/Untitledd.png\" alt=\"\" width=\"682\" height=\"512\" srcset=\"https:\/\/sites.ipleiria.pt\/miaa\/files\/2017\/06\/Untitledd.png 682w, https:\/\/sites.ipleiria.pt\/miaa\/files\/2017\/06\/Untitledd-300x225.png 300w\" sizes=\"auto, (max-width: 682px) 100vw, 682px\" \/><\/p>\n<p>Na Biblioteca Jos\u00e9 Saramago.<\/p>\n<p>Esta visita realizou-se no contexto das atividades da UC de Laborat\u00f3rio de Artes Pl\u00e1sticas, tendo a observa\u00e7\u00e3o e a aprecia\u00e7\u00e3o das obras expostas contextualizado alguns conte\u00fados program\u00e1ticos, nomeadamente o tema \u00ababordagem \u00e0 obra de arte em contextos de interven\u00e7\u00e3o e anima\u00e7\u00e3o\u00bb.<\/p>\n","protected":false},"excerpt":{"rendered":"<p>Na Biblioteca Jos\u00e9 Saramago. Esta visita realizou-se no contexto das atividades da UC de Laborat\u00f3rio de Artes Pl\u00e1sticas, tendo a observa\u00e7\u00e3o e a aprecia\u00e7\u00e3o das obras expostas contextualizado alguns conte\u00fados&#8230;<\/p>\n","protected":false},"author":2694,"featured_media":0,"parent":0,"menu_order":0,"comment_status":"closed","ping_status":"closed","template":"templates\/full-width.php","meta":{"footnotes":""},"class_list":["post-103","page","type-page","status-publish","hentry"],"_links":{"self":[{"href":"https:\/\/sites.ipleiria.pt\/miaa\/wp-json\/wp\/v2\/pages\/103","targetHints":{"allow":["GET"]}}],"collection":[{"href":"https:\/\/sites.ipleiria.pt\/miaa\/wp-json\/wp\/v2\/pages"}],"about":[{"href":"https:\/\/sites.ipleiria.pt\/miaa\/wp-json\/wp\/v2\/types\/page"}],"author":[{"embeddable":true,"href":"https:\/\/sites.ipleiria.pt\/miaa\/wp-json\/wp\/v2\/users\/2694"}],"replies":[{"embeddable":true,"href":"https:\/\/sites.ipleiria.pt\/miaa\/wp-json\/wp\/v2\/comments?post=103"}],"version-history":[{"count":3,"href":"https:\/\/sites.ipleiria.pt\/miaa\/wp-json\/wp\/v2\/pages\/103\/revisions"}],"predecessor-version":[{"id":617,"href":"https:\/\/sites.ipleiria.pt\/miaa\/wp-json\/wp\/v2\/pages\/103\/revisions\/617"}],"wp:attachment":[{"href":"https:\/\/sites.ipleiria.pt\/miaa\/wp-json\/wp\/v2\/media?parent=103"}],"curies":[{"name":"wp","href":"https:\/\/api.w.org\/{rel}","templated":true}]}}